{"id":52712,"date":"2026-02-28T16:59:43","date_gmt":"2026-02-28T15:59:43","guid":{"rendered":"https:\/\/www.mathematicus.it\/?post_type=product&#038;p=52712"},"modified":"2026-03-07T08:25:25","modified_gmt":"2026-03-07T07:25:25","slug":"tellurio-levenhuk-labzz","status":"publish","type":"product","link":"https:\/\/www.mathematicus.it\/en\/prodotto\/tellurio-levenhuk-labzz\/","title":{"rendered":"Tellurio Levenhuk LabZZ"},"content":{"rendered":"<div class=\"mb-48 pb-md-48\">\n<div id=\"product-description\" class=\"anchors__section row\">\n<div class=\"col-12 col-lg-8\">\n<div class=\"mb-48 pb-md-48\">\n<div id=\"product-description\" class=\"anchors__section row\">\n<div class=\"col-12 col-lg-8\">\n<div class=\"mb-48 pb-md-48\">\n<div id=\"product-description\" class=\"anchors__section row\">\n<div class=\"col-12 col-lg-8\">\n<div class=\"h5 fs-24 fs-md-50 mb-16\">\n<h1 class=\"h3 mb-0 col-12 col-lg-8\">Tellurio Levenhuk LabZZ<\/h1>\n<\/div>\n<\/div>\n<div class=\"wysiwyg wysiwyg_init\">\n<div class=\"mb-48 pb-md-48\">\n<div class=\"mb-48 pb-md-48\">\n<div id=\"product-description\" class=\"anchors__section row\">\n<div class=\"wysiwyg wysiwyg_init\">\n<p>Il tellurio Levenhuk LabZZ \u00e8 un modello per la visione della rotazione della Terra e della Luna intorno al Sole. Questo semplice dispositivo aiuter\u00e0 i bambini a capire rapidamente cosa causa il giorno e la notte, e le stagioni e perch\u00e9 un anno \u00e8 composto da dodici mesi. Il tellurio sar\u00e0 di grande aiuto nell\u2019insegnamento di lezioni di astronomia e geografia, o per le riunioni di club di astronomia. Un modello da tavolo mostra le stagioni e i cambi di fasi lunari, cos\u00ec come la natura delle eclissi solari.<\/p>\n<p>Prima di lavorare con il tellurio, posizionarlo su una superficie piana stabile. Il tellurio \u00e8 fissato su un supporto con una vite speciale. Girare il globo terrestre intorno al Sole in senso antiorario ruotando una piccola manovella. Il meccanismo inizier\u00e0 a ruotare e la Luna inizier\u00e0 ad orbitare velocemente intorno alla Terra. Mentre la Terra orbita attorno al Sole una volta, la Luna orbita attorno alla Terra 12 volte, corrispondenti ai 12 mesi dell\u2019anno.<\/p>\n<p>Il modello del Sole \u00e8 dotato di illuminazione interna. La lampada solare si accende con un pulsante situato sotto la sua base.<\/p>\n<p>Lo strumento \u00e8 in plastica resistente e sicura. Il diametro del modello del Sole \u00e8 di 100 mm, il diametro della Terra \u00e8 di 85 mm e il diametro della Luna \u00e8 di 18 mm.<\/p>\n<p><strong>Nota:<\/strong>\u00a0il tellurio contiene piccole parti! Non permettere ai bambini piccoli di giocare con il tellurio senza la supervisione di un adulto.<\/p>\n<h2><strong>Caratteristiche:<\/strong><\/h2>\n<ul>\n<li>Un modello meccanico della rotazione della Terra e della Luna intorno al Sole<\/li>\n<li>Un modello di visione astronomica facile da usare<\/li>\n<li>Il tellurio \u00e8 azionato manualmente<\/li>\n<li>Il modello del Sole \u00e8 dotato di illuminazione<\/li>\n<li>Visualizza le fasi lunari e la natura delle eclissi solari<\/li>\n<\/ul>\n<h2><strong>Il kit comprende:<\/strong><\/h2>\n<ul>\n<li>Tellurio Levenhuk LabZZ<\/li>\n<li>Supporto con vite<\/li>\n<li>Manuale dell\u2019utente e scheda della garanzia<\/li>\n<\/ul>\n<p><strong><a href=\"https:\/\/www.mathematicus.it\/come-pagare-con-carta-docente-sul-sito-mathematicus\/\"><img data-recalc-dims=\"1\" decoding=\"async\" class=\"lazyload alignnone wp-image-2886\" src=\"https:\/\/i0.wp.com\/www.mathematicus.it\/wp-content\/uploads\/2024\/11\/Carta-del-docente-2.webp?resize=81%2C54&#038;ssl=1\" data-orig-src=\"https:\/\/www.mathematicus.it\/wp-content\/uploads\/2024\/11\/Carta-del-docente-2-300x200.webp\" alt=\"\" width=\"81\" height=\"54\" srcset=\"data:image\/svg+xml,%3Csvg%20xmlns%3D%27http%3A%2F%2Fwww.w3.org%2F2000%2Fsvg%27%20width%3D%2781%27%20height%3D%2754%27%20viewBox%3D%270%200%2081%2054%27%3E%3Crect%20width%3D%2781%27%20height%3D%2754%27%20fill-opacity%3D%220%22%2F%3E%3C%2Fsvg%3E\" data-srcset=\"https:\/\/i0.wp.com\/www.mathematicus.it\/wp-content\/uploads\/2024\/11\/Carta-del-docente-2.webp?resize=200%2C133&amp;ssl=1 200w, https:\/\/i0.wp.com\/www.mathematicus.it\/wp-content\/uploads\/2024\/11\/Carta-del-docente-2.webp?resize=300%2C200&amp;ssl=1 300w, https:\/\/i0.wp.com\/www.mathematicus.it\/wp-content\/uploads\/2024\/11\/Carta-del-docente-2.webp?resize=400%2C267&amp;ssl=1 400w, https:\/\/i0.wp.com\/www.mathematicus.it\/wp-content\/uploads\/2024\/11\/Carta-del-docente-2.webp?resize=500%2C333&amp;ssl=1 500w, https:\/\/i0.wp.com\/www.mathematicus.it\/wp-content\/uploads\/2024\/11\/Carta-del-docente-2.webp?resize=600%2C400&amp;ssl=1 600w, https:\/\/i0.wp.com\/www.mathematicus.it\/wp-content\/uploads\/2024\/11\/Carta-del-docente-2.webp?resize=700%2C467&amp;ssl=1 700w, https:\/\/i0.wp.com\/www.mathematicus.it\/wp-content\/uploads\/2024\/11\/Carta-del-docente-2.webp?resize=768%2C512&amp;ssl=1 768w, https:\/\/i0.wp.com\/www.mathematicus.it\/wp-content\/uploads\/2024\/11\/Carta-del-docente-2.webp?resize=800%2C533&amp;ssl=1 800w, https:\/\/i0.wp.com\/www.mathematicus.it\/wp-content\/uploads\/2024\/11\/Carta-del-docente-2.webp?resize=1024%2C683&amp;ssl=1 1024w, https:\/\/i0.wp.com\/www.mathematicus.it\/wp-content\/uploads\/2024\/11\/Carta-del-docente-2.webp?w=1200&amp;ssl=1 1200w\" data-sizes=\"auto\" data-orig-sizes=\"(max-width: 81px) 100vw, 81px\" \/><\/a><br \/>\nScopri come acquistare con la <a href=\"https:\/\/www.mathematicus.it\/acquista-giochi-didattici-e-strumenti-con-la-carta-del-docente\/\" target=\"_blank\" rel=\"noopener\">Carta del Docente<\/a><\/strong><\/p>\n<h2>Specifiche<\/h2>\n<p>ID prodotto: 77455<br \/>\nMarchio: Levenhuk Inc., USA<br \/>\nGaranzia: 2 anni<br \/>\nEAN: 5905555011462<br \/>\nDimensione confezione (LxPxH): 26x22x22 cm<br \/>\nPeso spedizione: 1.036 kg<br \/>\nMateriale: plastica<br \/>\nDiametro del modello del Sole, mm: 100<br \/>\nDiametro del modello della Terra, mm: 85<br \/>\nDiametro del modello della Luna, mm: 18<\/p>\n<\/div>\n<\/div>\n<\/div>\n<\/div>\n<\/div>\n<\/div>\n<\/div>\n<\/div>\n<\/div>\n<\/div>\n<\/div>\n<\/div>\n<\/div>\n","protected":false},"excerpt":{"rendered":"<p>Il tellurio Levenhuk LabZZ \u00e8 un modello meccanico da tavolo che riproduce la rotazione della Terra e della Luna intorno al Sole. Con azionamento manuale a manovella, illuminazione solare interna e visualizzazione delle fasi lunari ed eclissi, rende immediatamente comprensibili concetti come il giorno e la notte, le stagioni e i mesi dell&#8217;anno. Strumento ideale per lezioni di astronomia e geografia alle scuole primarie e secondarie. Acquistabile con il Buono Docente.<\/p>\n","protected":false},"featured_media":52713,"comment_status":"open","ping_status":"closed","template":"","meta":[],"product_brand":[],"product_cat":[660,751,801],"product_tag":[669,434,55,806,805,807,803,812,322,811,804,809,810,808,802],"berocket_brand":[676],"class_list":{"0":"post-52712","1":"product","2":"type-product","3":"status-publish","4":"has-post-thumbnail","6":"product_cat-levenhuk","7":"product_cat-monoculare","8":"product_cat-tellurio","9":"product_tag-astronomia-scuola-primaria","10":"product_tag-buono-docente","11":"product_tag-carta-del-docente","12":"product_tag-eclissi-solare-modello","13":"product_tag-fasi-lunari-scuola","14":"product_tag-geografia-astronomica","15":"product_tag-levenhuk-labzz-tellurio","16":"product_tag-lezioni-astronomia-bambini","17":"product_tag-materiale-didattico","18":"product_tag-modello-meccanico-astronomia","19":"product_tag-modello-terra-luna-sole","20":"product_tag-planetario-da-tavolo","21":"product_tag-stagioni-e-mesi-didattica","22":"product_tag-strumenti-didattici-scienze","23":"product_tag-tellurio-didattico","24":"berocket_brand-levenhuk","26":"first","27":"instock","28":"taxable","29":"shipping-taxable","30":"purchasable","31":"product-type-simple"},"yoast_head":"<!-- This site is optimized with the Yoast SEO Premium plugin v27.3 (Yoast SEO v27.3) - https:\/\/yoast.com\/product\/yoast-seo-premium-wordpress\/ -->\n<title>Tellurio Levenhuk LabZZ - Mathematicus<\/title>\n<meta name=\"description\" content=\"Levenhuk LabZZ Tellurio: modello meccanico Terra-Luna-Sole con illuminazione. Perfetto per lezioni di astronomia e geografia. Acquistalo con il Buono Docente!\" \/>\n<meta name=\"robots\" content=\"index, follow, max-snippet:-1, max-image-preview:large, max-video-preview:-1\" \/>\n<link rel=\"canonical\" href=\"https:\/\/www.mathematicus.it\/en\/prodotto\/tellurio-levenhuk-labzz\/\" \/>\n<meta property=\"og:locale\" content=\"en_US\" \/>\n<meta property=\"og:type\" content=\"article\" \/>\n<meta property=\"og:title\" content=\"Tellurio Levenhuk LabZZ\" \/>\n<meta property=\"og:description\" content=\"Levenhuk LabZZ Tellurio: modello meccanico Terra-Luna-Sole con illuminazione. Perfetto per lezioni di astronomia e geografia. Acquistalo con il Buono Docente!\" \/>\n<meta property=\"og:url\" content=\"https:\/\/www.mathematicus.it\/en\/prodotto\/tellurio-levenhuk-labzz\/\" \/>\n<meta property=\"og:site_name\" content=\"Mathematicus\" \/>\n<meta property=\"article:publisher\" content=\"https:\/\/www.facebook.com\/mathematicusilgiocodellamatematica\" \/>\n<meta property=\"article:modified_time\" content=\"2026-03-07T07:25:25+00:00\" \/>\n<meta property=\"og:image\" content=\"https:\/\/www.mathematicus.it\/wp-content\/uploads\/2026\/02\/77455_levenhuk-tellurion-labzz-00_500_30005cf9b75453a43fbc5f933a8eed5eaa20.webp\" \/>\n\t<meta property=\"og:image:width\" content=\"500\" \/>\n\t<meta property=\"og:image:height\" content=\"362\" \/>\n\t<meta property=\"og:image:type\" content=\"image\/webp\" \/>\n<meta name=\"twitter:card\" content=\"summary_large_image\" \/>\n<meta name=\"twitter:label1\" content=\"Price\" \/>\n\t<meta name=\"twitter:data1\" content=\"&euro;73.00\" \/>\n\t<meta name=\"twitter:label2\" content=\"Availability\" \/>\n\t<meta name=\"twitter:data2\" content=\"In stock\" \/>\n<script type=\"application\/ld+json\" class=\"yoast-schema-graph\">{\"@context\":\"https:\\\/\\\/schema.org\",\"@graph\":[{\"@type\":\"WebPage\",\"@id\":\"https:\\\/\\\/www.mathematicus.it\\\/en\\\/prodotto\\\/tellurio-levenhuk-labzz\\\/\",\"url\":\"https:\\\/\\\/www.mathematicus.it\\\/en\\\/prodotto\\\/tellurio-levenhuk-labzz\\\/\",\"name\":\"Tellurio Levenhuk LabZZ - Mathematicus\",\"isPartOf\":{\"@id\":\"https:\\\/\\\/www.mathematicus.it\\\/en\\\/#website\"},\"primaryImageOfPage\":{\"@id\":\"https:\\\/\\\/www.mathematicus.it\\\/en\\\/prodotto\\\/tellurio-levenhuk-labzz\\\/#primaryimage\"},\"image\":{\"@id\":\"https:\\\/\\\/www.mathematicus.it\\\/en\\\/prodotto\\\/tellurio-levenhuk-labzz\\\/#primaryimage\"},\"thumbnailUrl\":\"https:\\\/\\\/i0.wp.com\\\/www.mathematicus.it\\\/wp-content\\\/uploads\\\/2026\\\/02\\\/77455_levenhuk-tellurion-labzz-00_500_30005cf9b75453a43fbc5f933a8eed5eaa20.webp?fit=500%2C362&ssl=1\",\"datePublished\":\"2026-02-28T15:59:43+00:00\",\"dateModified\":\"2026-03-07T07:25:25+00:00\",\"description\":\"Levenhuk LabZZ Tellurio: modello meccanico Terra-Luna-Sole con illuminazione. Perfetto per lezioni di astronomia e geografia. Acquistalo con il Buono Docente!\",\"breadcrumb\":{\"@id\":\"https:\\\/\\\/www.mathematicus.it\\\/en\\\/prodotto\\\/tellurio-levenhuk-labzz\\\/#breadcrumb\"},\"inLanguage\":\"en-US\",\"potentialAction\":[{\"@type\":\"ReadAction\",\"target\":[\"https:\\\/\\\/www.mathematicus.it\\\/en\\\/prodotto\\\/tellurio-levenhuk-labzz\\\/\"]}]},{\"@type\":\"ImageObject\",\"inLanguage\":\"en-US\",\"@id\":\"https:\\\/\\\/www.mathematicus.it\\\/en\\\/prodotto\\\/tellurio-levenhuk-labzz\\\/#primaryimage\",\"url\":\"https:\\\/\\\/i0.wp.com\\\/www.mathematicus.it\\\/wp-content\\\/uploads\\\/2026\\\/02\\\/77455_levenhuk-tellurion-labzz-00_500_30005cf9b75453a43fbc5f933a8eed5eaa20.webp?fit=500%2C362&ssl=1\",\"contentUrl\":\"https:\\\/\\\/i0.wp.com\\\/www.mathematicus.it\\\/wp-content\\\/uploads\\\/2026\\\/02\\\/77455_levenhuk-tellurion-labzz-00_500_30005cf9b75453a43fbc5f933a8eed5eaa20.webp?fit=500%2C362&ssl=1\",\"width\":500,\"height\":362},{\"@type\":\"BreadcrumbList\",\"@id\":\"https:\\\/\\\/www.mathematicus.it\\\/en\\\/prodotto\\\/tellurio-levenhuk-labzz\\\/#breadcrumb\",\"itemListElement\":[{\"@type\":\"ListItem\",\"position\":1,\"name\":\"Home\",\"item\":\"https:\\\/\\\/www.mathematicus.it\\\/en\\\/\"},{\"@type\":\"ListItem\",\"position\":2,\"name\":\"Shop\",\"item\":\"https:\\\/\\\/www.mathematicus.it\\\/negozio\\\/\"},{\"@type\":\"ListItem\",\"position\":3,\"name\":\"Tellurio Levenhuk LabZZ\"}]},{\"@type\":\"WebSite\",\"@id\":\"https:\\\/\\\/www.mathematicus.it\\\/en\\\/#website\",\"url\":\"https:\\\/\\\/www.mathematicus.it\\\/en\\\/\",\"name\":\"Mathematicus\",\"description\":\"Il gioco della Matematica\",\"publisher\":{\"@id\":\"https:\\\/\\\/www.mathematicus.it\\\/en\\\/#organization\"},\"potentialAction\":[{\"@type\":\"SearchAction\",\"target\":{\"@type\":\"EntryPoint\",\"urlTemplate\":\"https:\\\/\\\/www.mathematicus.it\\\/en\\\/?s={search_term_string}\"},\"query-input\":{\"@type\":\"PropertyValueSpecification\",\"valueRequired\":true,\"valueName\":\"search_term_string\"}}],\"inLanguage\":\"en-US\"},{\"@type\":\"Organization\",\"@id\":\"https:\\\/\\\/www.mathematicus.it\\\/en\\\/#organization\",\"name\":\"Mathematicus\",\"url\":\"https:\\\/\\\/www.mathematicus.it\\\/en\\\/\",\"logo\":{\"@type\":\"ImageObject\",\"inLanguage\":\"en-US\",\"@id\":\"https:\\\/\\\/www.mathematicus.it\\\/en\\\/#\\\/schema\\\/logo\\\/image\\\/\",\"url\":\"https:\\\/\\\/i0.wp.com\\\/www.mathematicus.it\\\/wp-content\\\/uploads\\\/2020\\\/11\\\/logo.png?fit=500%2C49&ssl=1\",\"contentUrl\":\"https:\\\/\\\/i0.wp.com\\\/www.mathematicus.it\\\/wp-content\\\/uploads\\\/2020\\\/11\\\/logo.png?fit=500%2C49&ssl=1\",\"width\":500,\"height\":49,\"caption\":\"Mathematicus\"},\"image\":{\"@id\":\"https:\\\/\\\/www.mathematicus.it\\\/en\\\/#\\\/schema\\\/logo\\\/image\\\/\"},\"sameAs\":[\"https:\\\/\\\/www.facebook.com\\\/mathematicusilgiocodellamatematica\",\"https:\\\/\\\/www.instagram.com\\\/mathematicusgiocomatematica\\\/\",\"https:\\\/\\\/www.linkedin.com\\\/company\\\/94868880\",\"https:\\\/\\\/www.pinterest.it\\\/tomasobaj\\\/giochi-matematici\\\/\"]}]}<\/script>\n<meta property=\"product:brand\" content=\"Levenhuk\" \/>\n<meta property=\"product:price:amount\" content=\"73.00\" \/>\n<meta property=\"product:price:currency\" content=\"EUR\" \/>\n<meta property=\"og:availability\" content=\"instock\" \/>\n<meta property=\"product:availability\" content=\"instock\" \/>\n<meta property=\"product:retailer_item_id\" content=\"77455\" \/>\n<meta property=\"product:condition\" content=\"new\" \/>\n<!-- \/ Yoast SEO Premium plugin. -->","yoast_head_json":{"title":"Tellurio Levenhuk LabZZ - Mathematicus","description":"Levenhuk LabZZ Tellurio: modello meccanico Terra-Luna-Sole con illuminazione. Perfetto per lezioni di astronomia e geografia. Acquistalo con il Buono Docente!","robots":{"index":"index","follow":"follow","max-snippet":"max-snippet:-1","max-image-preview":"max-image-preview:large","max-video-preview":"max-video-preview:-1"},"canonical":"https:\/\/www.mathematicus.it\/en\/prodotto\/tellurio-levenhuk-labzz\/","og_locale":"en_US","og_type":"article","og_title":"Tellurio Levenhuk LabZZ","og_description":"Levenhuk LabZZ Tellurio: modello meccanico Terra-Luna-Sole con illuminazione. Perfetto per lezioni di astronomia e geografia. Acquistalo con il Buono Docente!","og_url":"https:\/\/www.mathematicus.it\/en\/prodotto\/tellurio-levenhuk-labzz\/","og_site_name":"Mathematicus","article_publisher":"https:\/\/www.facebook.com\/mathematicusilgiocodellamatematica","article_modified_time":"2026-03-07T07:25:25+00:00","og_image":[{"width":500,"height":362,"url":"https:\/\/www.mathematicus.it\/wp-content\/uploads\/2026\/02\/77455_levenhuk-tellurion-labzz-00_500_30005cf9b75453a43fbc5f933a8eed5eaa20.webp","type":"image\/webp"}],"twitter_card":"summary_large_image","twitter_misc":{"Price":"&euro;73.00","Availability":"In stock"},"schema":{"@context":"https:\/\/schema.org","@graph":[{"@type":"WebPage","@id":"https:\/\/www.mathematicus.it\/en\/prodotto\/tellurio-levenhuk-labzz\/","url":"https:\/\/www.mathematicus.it\/en\/prodotto\/tellurio-levenhuk-labzz\/","name":"Tellurio Levenhuk LabZZ - Mathematicus","isPartOf":{"@id":"https:\/\/www.mathematicus.it\/en\/#website"},"primaryImageOfPage":{"@id":"https:\/\/www.mathematicus.it\/en\/prodotto\/tellurio-levenhuk-labzz\/#primaryimage"},"image":{"@id":"https:\/\/www.mathematicus.it\/en\/prodotto\/tellurio-levenhuk-labzz\/#primaryimage"},"thumbnailUrl":"https:\/\/i0.wp.com\/www.mathematicus.it\/wp-content\/uploads\/2026\/02\/77455_levenhuk-tellurion-labzz-00_500_30005cf9b75453a43fbc5f933a8eed5eaa20.webp?fit=500%2C362&ssl=1","datePublished":"2026-02-28T15:59:43+00:00","dateModified":"2026-03-07T07:25:25+00:00","description":"Levenhuk LabZZ Tellurio: modello meccanico Terra-Luna-Sole con illuminazione. Perfetto per lezioni di astronomia e geografia. Acquistalo con il Buono Docente!","breadcrumb":{"@id":"https:\/\/www.mathematicus.it\/en\/prodotto\/tellurio-levenhuk-labzz\/#breadcrumb"},"inLanguage":"en-US","potentialAction":[{"@type":"ReadAction","target":["https:\/\/www.mathematicus.it\/en\/prodotto\/tellurio-levenhuk-labzz\/"]}]},{"@type":"ImageObject","inLanguage":"en-US","@id":"https:\/\/www.mathematicus.it\/en\/prodotto\/tellurio-levenhuk-labzz\/#primaryimage","url":"https:\/\/i0.wp.com\/www.mathematicus.it\/wp-content\/uploads\/2026\/02\/77455_levenhuk-tellurion-labzz-00_500_30005cf9b75453a43fbc5f933a8eed5eaa20.webp?fit=500%2C362&ssl=1","contentUrl":"https:\/\/i0.wp.com\/www.mathematicus.it\/wp-content\/uploads\/2026\/02\/77455_levenhuk-tellurion-labzz-00_500_30005cf9b75453a43fbc5f933a8eed5eaa20.webp?fit=500%2C362&ssl=1","width":500,"height":362},{"@type":"BreadcrumbList","@id":"https:\/\/www.mathematicus.it\/en\/prodotto\/tellurio-levenhuk-labzz\/#breadcrumb","itemListElement":[{"@type":"ListItem","position":1,"name":"Home","item":"https:\/\/www.mathematicus.it\/en\/"},{"@type":"ListItem","position":2,"name":"Shop","item":"https:\/\/www.mathematicus.it\/negozio\/"},{"@type":"ListItem","position":3,"name":"Tellurio Levenhuk LabZZ"}]},{"@type":"WebSite","@id":"https:\/\/www.mathematicus.it\/en\/#website","url":"https:\/\/www.mathematicus.it\/en\/","name":"Mathematicus","description":"Il gioco della Matematica","publisher":{"@id":"https:\/\/www.mathematicus.it\/en\/#organization"},"potentialAction":[{"@type":"SearchAction","target":{"@type":"EntryPoint","urlTemplate":"https:\/\/www.mathematicus.it\/en\/?s={search_term_string}"},"query-input":{"@type":"PropertyValueSpecification","valueRequired":true,"valueName":"search_term_string"}}],"inLanguage":"en-US"},{"@type":"Organization","@id":"https:\/\/www.mathematicus.it\/en\/#organization","name":"Mathematicus","url":"https:\/\/www.mathematicus.it\/en\/","logo":{"@type":"ImageObject","inLanguage":"en-US","@id":"https:\/\/www.mathematicus.it\/en\/#\/schema\/logo\/image\/","url":"https:\/\/i0.wp.com\/www.mathematicus.it\/wp-content\/uploads\/2020\/11\/logo.png?fit=500%2C49&ssl=1","contentUrl":"https:\/\/i0.wp.com\/www.mathematicus.it\/wp-content\/uploads\/2020\/11\/logo.png?fit=500%2C49&ssl=1","width":500,"height":49,"caption":"Mathematicus"},"image":{"@id":"https:\/\/www.mathematicus.it\/en\/#\/schema\/logo\/image\/"},"sameAs":["https:\/\/www.facebook.com\/mathematicusilgiocodellamatematica","https:\/\/www.instagram.com\/mathematicusgiocomatematica\/","https:\/\/www.linkedin.com\/company\/94868880","https:\/\/www.pinterest.it\/tomasobaj\/giochi-matematici\/"]}]},"product_brand":"Levenhuk","product_price_amount":"73.00","product_price_currency":"EUR","og_availability":"instock","product_availability":"instock","product_retailer_item_id":"77455","product_condition":"new"},"jetpack_sharing_enabled":true,"_links":{"self":[{"href":"https:\/\/www.mathematicus.it\/en\/wp-json\/wp\/v2\/product\/52712","targetHints":{"allow":["GET"]}}],"collection":[{"href":"https:\/\/www.mathematicus.it\/en\/wp-json\/wp\/v2\/product"}],"about":[{"href":"https:\/\/www.mathematicus.it\/en\/wp-json\/wp\/v2\/types\/product"}],"replies":[{"embeddable":true,"href":"https:\/\/www.mathematicus.it\/en\/wp-json\/wp\/v2\/comments?post=52712"}],"wp:featuredmedia":[{"embeddable":true,"href":"https:\/\/www.mathematicus.it\/en\/wp-json\/wp\/v2\/media\/52713"}],"wp:attachment":[{"href":"https:\/\/www.mathematicus.it\/en\/wp-json\/wp\/v2\/media?parent=52712"}],"wp:term":[{"taxonomy":"product_brand","embeddable":true,"href":"https:\/\/www.mathematicus.it\/en\/wp-json\/wp\/v2\/product_brand?post=52712"},{"taxonomy":"product_cat","embeddable":true,"href":"https:\/\/www.mathematicus.it\/en\/wp-json\/wp\/v2\/product_cat?post=52712"},{"taxonomy":"product_tag","embeddable":true,"href":"https:\/\/www.mathematicus.it\/en\/wp-json\/wp\/v2\/product_tag?post=52712"},{"taxonomy":"berocket_brand","embeddable":true,"href":"https:\/\/www.mathematicus.it\/en\/wp-json\/wp\/v2\/berocket_brand?post=52712"}],"curies":[{"name":"wp","href":"https:\/\/api.w.org\/{rel}","templated":true}]}}