{"id":52686,"date":"2026-02-26T21:23:05","date_gmt":"2026-02-26T20:23:05","guid":{"rendered":"https:\/\/www.mathematicus.it\/?post_type=product&#038;p=52686"},"modified":"2026-02-27T19:25:08","modified_gmt":"2026-02-27T18:25:08","slug":"lente-dingrandimento-levenhuk-zeno-desk-d0","status":"publish","type":"product","link":"https:\/\/www.mathematicus.it\/en\/prodotto\/lente-dingrandimento-levenhuk-zeno-desk-d0\/","title":{"rendered":"Lente d\u2019ingrandimento Levenhuk Zeno Desk D0"},"content":{"rendered":"<div class=\"mb-48 pb-md-48\">\n<div id=\"product-description\" class=\"anchors__section row\">\n<div class=\"col-12 col-lg-8\">\n<div class=\"mb-48 pb-md-48\">\n<div id=\"product-description\" class=\"anchors__section row\">\n<div class=\"col-12 col-lg-8\">\n<div class=\"mb-48 pb-md-48\">\n<div id=\"product-description\" class=\"anchors__section row\">\n<div class=\"col-12 col-lg-8\">\n<div class=\"h5 fs-24 fs-md-50 mb-16\">\n<h1 class=\"h3 mb-0 col-12 col-lg-8\">Lente d\u2019ingrandimento Levenhuk Zeno Desk D0<\/h1>\n<\/div>\n<\/div>\n<div class=\"wysiwyg wysiwyg_init\">\n<div class=\"mb-48 pb-md-48\">\n<div id=\"product-description\" class=\"anchors__section row\">\n<div class=\"wysiwyg wysiwyg_init\">\n<div class=\"mb-48 pb-md-48\">\n<div id=\"product-description\" class=\"anchors__section row\">\n<div class=\"wysiwyg wysiwyg_init\"><\/div>\n<\/div>\n<\/div>\n<\/div>\n<\/div>\n<\/div>\n<div class=\"mb-48 pb-md-48\">\n<div class=\"mb-48 pb-md-48\">\n<div id=\"product-description\" class=\"anchors__section row\">\n<div class=\"wysiwyg wysiwyg_init\">\n<p>La lente Levenhuk Zeno Desk D0 \u00e8 un dispositivo di ingrandimento per lavoro di alta precisione. Questo modello \u00e8 stato progettato specificamente come lente di ingrandimento tessile, ma \u00e8 comodo anche per riparare oggetti, gioielleria, cucito, lavori di cucito e per modellare. Grazie alla scala di misurazione alla sua base, puoi facilmente determinare le dimensioni degli oggetti. La scala \u00e8 marcata in pollici e centimetri.<\/p>\n<p>La lente \u00e8 fatta in vetro ottico ed \u00e8 fissata in sicurezza su una montatura. L\u2019inclinazione regolabile dell\u2019angolo consente di usare la lente comodamente con oggetti di differenti dimensioni o forme. Il diametro della lente \u00e8 di 30 mm, che la rende comoda da usare anche con oggetti ampliati. L\u2019ingrandimento di 6x consente di osservare anche i pi\u00f9 piccoli dettagli. La montatura in metallo \u00e8 stabile e affidabile \u2013 e lenti sono saldamente fissate su di essa. Nella montatura sono installati due LED \u2013 potrete lavorare con questa lente d\u2019ingrandimento anche al buoi. I LED funzionano con 2 batterie CR927 e hanno intensit\u00e0 regolabile.<\/p>\n<p>La lente d\u2019ingrandimento Levenhuk Zeno Desk D0 \u00e8 un\u2019ottima scelta per un uso hobbistico o professionale.<\/p>\n<p><strong><a href=\"https:\/\/www.mathematicus.it\/come-pagare-con-carta-docente-sul-sito-mathematicus\/\"><img data-recalc-dims=\"1\" decoding=\"async\" class=\"lazyload alignnone wp-image-2886\" src=\"https:\/\/i0.wp.com\/www.mathematicus.it\/wp-content\/uploads\/2024\/11\/Carta-del-docente-2.webp?resize=81%2C54&#038;ssl=1\" data-orig-src=\"https:\/\/www.mathematicus.it\/wp-content\/uploads\/2024\/11\/Carta-del-docente-2-300x200.webp\" alt=\"\" width=\"81\" height=\"54\" srcset=\"data:image\/svg+xml,%3Csvg%20xmlns%3D%27http%3A%2F%2Fwww.w3.org%2F2000%2Fsvg%27%20width%3D%2781%27%20height%3D%2754%27%20viewBox%3D%270%200%2081%2054%27%3E%3Crect%20width%3D%2781%27%20height%3D%2754%27%20fill-opacity%3D%220%22%2F%3E%3C%2Fsvg%3E\" data-srcset=\"https:\/\/i0.wp.com\/www.mathematicus.it\/wp-content\/uploads\/2024\/11\/Carta-del-docente-2.webp?resize=200%2C133&amp;ssl=1 200w, https:\/\/i0.wp.com\/www.mathematicus.it\/wp-content\/uploads\/2024\/11\/Carta-del-docente-2.webp?resize=300%2C200&amp;ssl=1 300w, https:\/\/i0.wp.com\/www.mathematicus.it\/wp-content\/uploads\/2024\/11\/Carta-del-docente-2.webp?resize=400%2C267&amp;ssl=1 400w, https:\/\/i0.wp.com\/www.mathematicus.it\/wp-content\/uploads\/2024\/11\/Carta-del-docente-2.webp?resize=500%2C333&amp;ssl=1 500w, https:\/\/i0.wp.com\/www.mathematicus.it\/wp-content\/uploads\/2024\/11\/Carta-del-docente-2.webp?resize=600%2C400&amp;ssl=1 600w, https:\/\/i0.wp.com\/www.mathematicus.it\/wp-content\/uploads\/2024\/11\/Carta-del-docente-2.webp?resize=700%2C467&amp;ssl=1 700w, https:\/\/i0.wp.com\/www.mathematicus.it\/wp-content\/uploads\/2024\/11\/Carta-del-docente-2.webp?resize=768%2C512&amp;ssl=1 768w, https:\/\/i0.wp.com\/www.mathematicus.it\/wp-content\/uploads\/2024\/11\/Carta-del-docente-2.webp?resize=800%2C533&amp;ssl=1 800w, https:\/\/i0.wp.com\/www.mathematicus.it\/wp-content\/uploads\/2024\/11\/Carta-del-docente-2.webp?resize=1024%2C683&amp;ssl=1 1024w, https:\/\/i0.wp.com\/www.mathematicus.it\/wp-content\/uploads\/2024\/11\/Carta-del-docente-2.webp?w=1200&amp;ssl=1 1200w\" data-sizes=\"auto\" data-orig-sizes=\"(max-width: 81px) 100vw, 81px\" \/><\/a><br \/>\nScopri come acquistare con la <a href=\"https:\/\/www.mathematicus.it\/acquista-giochi-didattici-e-strumenti-con-la-carta-del-docente\/\" target=\"_blank\" rel=\"noopener\">Carta del Docente<\/a><\/strong><\/p>\n<\/div>\n<\/div>\n<\/div>\n<div class=\"mb-48 pb-md-48\">\n<div id=\"product-specification\" class=\"anchors__section\">\n<h2 class=\"h5 fs-24 fs-md-50 mb-16 mb-md-32 pb-md-8\">Specifiche<\/h2>\n<p>ID prodotto: 71205<br \/>\nMarchio: Levenhuk Inc., USA<br \/>\nGaranzia: a vita<br \/>\nEAN: 5905555005775<br \/>\nDimensione confezione (LxPxH): 8x7x3 cm<br \/>\nPeso spedizione: 0.12 kg<br \/>\nMateriale delle ottiche: vetro ottico<br \/>\nDiametro lente (dimensioni), mm: 30<br \/>\nIngrandimento, x: 6<br \/>\nCorpo: metallo<br \/>\nMateriale manopole: metallo<br \/>\nDisponibile con illuminazione: \u2713<br \/>\nIlluminazione: LED<br \/>\nAlimentazione: due batterie CR927 (non incluse)<br \/>\nApplicazione: riparazione orologi\/gioielleria, cucito\/tessuto<br \/>\nDesign: piano di appoggio\/su treppiede<br \/>\nSet con astuccio\/custodia\/borsa: astuccio<br \/>\nElementi extra: 2 LED, regolazione della luminosit\u00e0, scala di misura in centimetri e pollici<\/p>\n<\/div>\n<\/div>\n<\/div>\n<\/div>\n<\/div>\n<\/div>\n<\/div>\n<\/div>\n<\/div>\n<\/div>\n<\/div>\n<\/div>\n","protected":false},"excerpt":{"rendered":"<p><strong>La lente Levenhuk Zeno Desk D0<\/strong> \u00e8 una lente d&#8217;ingrandimento da banco in vetro ottico con ingrandimento 6x, diametro 30 mm e montatura in metallo stabile. Dotata di 2 LED a luminosit\u00e0 regolabile e scala di misura in centimetri e pollici, \u00e8 progettata per lavori di alta precisione come gioielleria, cucito, modellismo e analisi di tessuti. L&#8217;angolo di inclinazione \u00e8 regolabile. Perfetta per laboratori scolastici di tecnologia e scienze. <strong>Acquistabile con il Buono Docente.<\/strong><\/p>\n","protected":false},"featured_media":52687,"comment_status":"open","ping_status":"closed","template":"","meta":[],"product_brand":[],"product_cat":[45,660,751],"product_tag":[434,55,792,793,790,799,796,794,708,800,795,797,791,322,798],"berocket_brand":[676],"class_list":{"0":"post-52686","1":"product","2":"type-product","3":"status-publish","4":"has-post-thumbnail","6":"product_cat-lenti-ingrandimento","7":"product_cat-levenhuk","8":"product_cat-monoculare","9":"product_tag-buono-docente","10":"product_tag-carta-del-docente","11":"product_tag-lente-6x-led","12":"product_tag-lente-con-scala-di-misura","13":"product_tag-lente-dingrandimento-da-banco","14":"product_tag-lente-ingrandimento-regolabile","15":"product_tag-lente-laboratorio-scuola","16":"product_tag-lente-per-cucito","17":"product_tag-lente-per-gioielleria","18":"product_tag-lente-per-modellismo","19":"product_tag-lente-per-tessuti","20":"product_tag-lente-precisione-metallo","21":"product_tag-levenhuk-zeno-desk-d0","22":"product_tag-materiale-didattico","23":"product_tag-strumenti-didattici-tecnologia","24":"berocket_brand-levenhuk","26":"first","27":"instock","28":"taxable","29":"shipping-taxable","30":"purchasable","31":"product-type-simple"},"yoast_head":"<!-- This site is optimized with the Yoast SEO Premium plugin v27.3 (Yoast SEO v27.3) - https:\/\/yoast.com\/product\/yoast-seo-premium-wordpress\/ -->\n<title>Lente d\u2019ingrandimento Levenhuk Zeno Desk D0 - Mathematicus<\/title>\n<meta name=\"description\" content=\"Levenhuk Zeno Desk D0: lente 6x in vetro ottico, LED regolabile e scala cm\/pollici. Ideale per laboratori di precisione a scuola. Acquistala con il Buono Docente!\" \/>\n<meta name=\"robots\" content=\"index, follow, max-snippet:-1, max-image-preview:large, max-video-preview:-1\" \/>\n<link rel=\"canonical\" href=\"https:\/\/www.mathematicus.it\/en\/prodotto\/lente-dingrandimento-levenhuk-zeno-desk-d0\/\" \/>\n<meta property=\"og:locale\" content=\"en_US\" \/>\n<meta property=\"og:type\" content=\"article\" \/>\n<meta property=\"og:title\" content=\"Lente d\u2019ingrandimento Levenhuk Zeno Desk D0\" \/>\n<meta property=\"og:description\" content=\"Levenhuk Zeno Desk D0: lente 6x in vetro ottico, LED regolabile e scala cm\/pollici. Ideale per laboratori di precisione a scuola. Acquistala con il Buono Docente!\" \/>\n<meta property=\"og:url\" content=\"https:\/\/www.mathematicus.it\/en\/prodotto\/lente-dingrandimento-levenhuk-zeno-desk-d0\/\" \/>\n<meta property=\"og:site_name\" content=\"Mathematicus\" \/>\n<meta property=\"article:publisher\" content=\"https:\/\/www.facebook.com\/mathematicusilgiocodellamatematica\" \/>\n<meta property=\"article:modified_time\" content=\"2026-02-27T18:25:08+00:00\" \/>\n<meta property=\"og:image\" content=\"https:\/\/www.mathematicus.it\/wp-content\/uploads\/2026\/02\/71205_LVH_Zeno_Desk_D0_008_copy-scaled.webp\" \/>\n\t<meta property=\"og:image:width\" content=\"2560\" \/>\n\t<meta property=\"og:image:height\" content=\"2560\" \/>\n\t<meta property=\"og:image:type\" content=\"image\/webp\" \/>\n<meta name=\"twitter:card\" content=\"summary_large_image\" \/>\n<meta name=\"twitter:label1\" content=\"Price\" \/>\n\t<meta name=\"twitter:data1\" content=\"&euro;10.00\" \/>\n\t<meta name=\"twitter:label2\" content=\"Availability\" \/>\n\t<meta name=\"twitter:data2\" content=\"In stock\" \/>\n<script type=\"application\/ld+json\" class=\"yoast-schema-graph\">{\"@context\":\"https:\\\/\\\/schema.org\",\"@graph\":[{\"@type\":\"WebPage\",\"@id\":\"https:\\\/\\\/www.mathematicus.it\\\/en\\\/prodotto\\\/lente-dingrandimento-levenhuk-zeno-desk-d0\\\/\",\"url\":\"https:\\\/\\\/www.mathematicus.it\\\/en\\\/prodotto\\\/lente-dingrandimento-levenhuk-zeno-desk-d0\\\/\",\"name\":\"Lente d\u2019ingrandimento Levenhuk Zeno Desk D0 - Mathematicus\",\"isPartOf\":{\"@id\":\"https:\\\/\\\/www.mathematicus.it\\\/en\\\/#website\"},\"primaryImageOfPage\":{\"@id\":\"https:\\\/\\\/www.mathematicus.it\\\/en\\\/prodotto\\\/lente-dingrandimento-levenhuk-zeno-desk-d0\\\/#primaryimage\"},\"image\":{\"@id\":\"https:\\\/\\\/www.mathematicus.it\\\/en\\\/prodotto\\\/lente-dingrandimento-levenhuk-zeno-desk-d0\\\/#primaryimage\"},\"thumbnailUrl\":\"https:\\\/\\\/i0.wp.com\\\/www.mathematicus.it\\\/wp-content\\\/uploads\\\/2026\\\/02\\\/71205_LVH_Zeno_Desk_D0_008_copy-scaled.webp?fit=2560%2C2560&ssl=1\",\"datePublished\":\"2026-02-26T20:23:05+00:00\",\"dateModified\":\"2026-02-27T18:25:08+00:00\",\"description\":\"Levenhuk Zeno Desk D0: lente 6x in vetro ottico, LED regolabile e scala cm\\\/pollici. Ideale per laboratori di precisione a scuola. Acquistala con il Buono Docente!\",\"breadcrumb\":{\"@id\":\"https:\\\/\\\/www.mathematicus.it\\\/en\\\/prodotto\\\/lente-dingrandimento-levenhuk-zeno-desk-d0\\\/#breadcrumb\"},\"inLanguage\":\"en-US\",\"potentialAction\":[{\"@type\":\"ReadAction\",\"target\":[\"https:\\\/\\\/www.mathematicus.it\\\/en\\\/prodotto\\\/lente-dingrandimento-levenhuk-zeno-desk-d0\\\/\"]}]},{\"@type\":\"ImageObject\",\"inLanguage\":\"en-US\",\"@id\":\"https:\\\/\\\/www.mathematicus.it\\\/en\\\/prodotto\\\/lente-dingrandimento-levenhuk-zeno-desk-d0\\\/#primaryimage\",\"url\":\"https:\\\/\\\/i0.wp.com\\\/www.mathematicus.it\\\/wp-content\\\/uploads\\\/2026\\\/02\\\/71205_LVH_Zeno_Desk_D0_008_copy-scaled.webp?fit=2560%2C2560&ssl=1\",\"contentUrl\":\"https:\\\/\\\/i0.wp.com\\\/www.mathematicus.it\\\/wp-content\\\/uploads\\\/2026\\\/02\\\/71205_LVH_Zeno_Desk_D0_008_copy-scaled.webp?fit=2560%2C2560&ssl=1\",\"width\":2560,\"height\":2560},{\"@type\":\"BreadcrumbList\",\"@id\":\"https:\\\/\\\/www.mathematicus.it\\\/en\\\/prodotto\\\/lente-dingrandimento-levenhuk-zeno-desk-d0\\\/#breadcrumb\",\"itemListElement\":[{\"@type\":\"ListItem\",\"position\":1,\"name\":\"Home\",\"item\":\"https:\\\/\\\/www.mathematicus.it\\\/en\\\/\"},{\"@type\":\"ListItem\",\"position\":2,\"name\":\"Shop\",\"item\":\"https:\\\/\\\/www.mathematicus.it\\\/negozio\\\/\"},{\"@type\":\"ListItem\",\"position\":3,\"name\":\"Lente d\u2019ingrandimento Levenhuk Zeno Desk D0\"}]},{\"@type\":\"WebSite\",\"@id\":\"https:\\\/\\\/www.mathematicus.it\\\/en\\\/#website\",\"url\":\"https:\\\/\\\/www.mathematicus.it\\\/en\\\/\",\"name\":\"Mathematicus\",\"description\":\"Il gioco della Matematica\",\"publisher\":{\"@id\":\"https:\\\/\\\/www.mathematicus.it\\\/en\\\/#organization\"},\"potentialAction\":[{\"@type\":\"SearchAction\",\"target\":{\"@type\":\"EntryPoint\",\"urlTemplate\":\"https:\\\/\\\/www.mathematicus.it\\\/en\\\/?s={search_term_string}\"},\"query-input\":{\"@type\":\"PropertyValueSpecification\",\"valueRequired\":true,\"valueName\":\"search_term_string\"}}],\"inLanguage\":\"en-US\"},{\"@type\":\"Organization\",\"@id\":\"https:\\\/\\\/www.mathematicus.it\\\/en\\\/#organization\",\"name\":\"Mathematicus\",\"url\":\"https:\\\/\\\/www.mathematicus.it\\\/en\\\/\",\"logo\":{\"@type\":\"ImageObject\",\"inLanguage\":\"en-US\",\"@id\":\"https:\\\/\\\/www.mathematicus.it\\\/en\\\/#\\\/schema\\\/logo\\\/image\\\/\",\"url\":\"https:\\\/\\\/i0.wp.com\\\/www.mathematicus.it\\\/wp-content\\\/uploads\\\/2020\\\/11\\\/logo.png?fit=500%2C49&ssl=1\",\"contentUrl\":\"https:\\\/\\\/i0.wp.com\\\/www.mathematicus.it\\\/wp-content\\\/uploads\\\/2020\\\/11\\\/logo.png?fit=500%2C49&ssl=1\",\"width\":500,\"height\":49,\"caption\":\"Mathematicus\"},\"image\":{\"@id\":\"https:\\\/\\\/www.mathematicus.it\\\/en\\\/#\\\/schema\\\/logo\\\/image\\\/\"},\"sameAs\":[\"https:\\\/\\\/www.facebook.com\\\/mathematicusilgiocodellamatematica\",\"https:\\\/\\\/www.instagram.com\\\/mathematicusgiocomatematica\\\/\",\"https:\\\/\\\/www.linkedin.com\\\/company\\\/94868880\",\"https:\\\/\\\/www.pinterest.it\\\/tomasobaj\\\/giochi-matematici\\\/\"]}]}<\/script>\n<meta property=\"product:brand\" content=\"Levenhuk\" \/>\n<meta property=\"product:price:amount\" content=\"10.00\" \/>\n<meta property=\"product:price:currency\" content=\"EUR\" \/>\n<meta property=\"og:availability\" content=\"instock\" \/>\n<meta property=\"product:availability\" content=\"instock\" \/>\n<meta property=\"product:retailer_item_id\" content=\"71205\" \/>\n<meta property=\"product:condition\" content=\"new\" \/>\n<!-- \/ Yoast SEO Premium plugin. -->","yoast_head_json":{"title":"Lente d\u2019ingrandimento Levenhuk Zeno Desk D0 - Mathematicus","description":"Levenhuk Zeno Desk D0: lente 6x in vetro ottico, LED regolabile e scala cm\/pollici. Ideale per laboratori di precisione a scuola. Acquistala con il Buono Docente!","robots":{"index":"index","follow":"follow","max-snippet":"max-snippet:-1","max-image-preview":"max-image-preview:large","max-video-preview":"max-video-preview:-1"},"canonical":"https:\/\/www.mathematicus.it\/en\/prodotto\/lente-dingrandimento-levenhuk-zeno-desk-d0\/","og_locale":"en_US","og_type":"article","og_title":"Lente d\u2019ingrandimento Levenhuk Zeno Desk D0","og_description":"Levenhuk Zeno Desk D0: lente 6x in vetro ottico, LED regolabile e scala cm\/pollici. Ideale per laboratori di precisione a scuola. Acquistala con il Buono Docente!","og_url":"https:\/\/www.mathematicus.it\/en\/prodotto\/lente-dingrandimento-levenhuk-zeno-desk-d0\/","og_site_name":"Mathematicus","article_publisher":"https:\/\/www.facebook.com\/mathematicusilgiocodellamatematica","article_modified_time":"2026-02-27T18:25:08+00:00","og_image":[{"width":2560,"height":2560,"url":"https:\/\/www.mathematicus.it\/wp-content\/uploads\/2026\/02\/71205_LVH_Zeno_Desk_D0_008_copy-scaled.webp","type":"image\/webp"}],"twitter_card":"summary_large_image","twitter_misc":{"Price":"&euro;10.00","Availability":"In stock"},"schema":{"@context":"https:\/\/schema.org","@graph":[{"@type":"WebPage","@id":"https:\/\/www.mathematicus.it\/en\/prodotto\/lente-dingrandimento-levenhuk-zeno-desk-d0\/","url":"https:\/\/www.mathematicus.it\/en\/prodotto\/lente-dingrandimento-levenhuk-zeno-desk-d0\/","name":"Lente d\u2019ingrandimento Levenhuk Zeno Desk D0 - Mathematicus","isPartOf":{"@id":"https:\/\/www.mathematicus.it\/en\/#website"},"primaryImageOfPage":{"@id":"https:\/\/www.mathematicus.it\/en\/prodotto\/lente-dingrandimento-levenhuk-zeno-desk-d0\/#primaryimage"},"image":{"@id":"https:\/\/www.mathematicus.it\/en\/prodotto\/lente-dingrandimento-levenhuk-zeno-desk-d0\/#primaryimage"},"thumbnailUrl":"https:\/\/i0.wp.com\/www.mathematicus.it\/wp-content\/uploads\/2026\/02\/71205_LVH_Zeno_Desk_D0_008_copy-scaled.webp?fit=2560%2C2560&ssl=1","datePublished":"2026-02-26T20:23:05+00:00","dateModified":"2026-02-27T18:25:08+00:00","description":"Levenhuk Zeno Desk D0: lente 6x in vetro ottico, LED regolabile e scala cm\/pollici. Ideale per laboratori di precisione a scuola. Acquistala con il Buono Docente!","breadcrumb":{"@id":"https:\/\/www.mathematicus.it\/en\/prodotto\/lente-dingrandimento-levenhuk-zeno-desk-d0\/#breadcrumb"},"inLanguage":"en-US","potentialAction":[{"@type":"ReadAction","target":["https:\/\/www.mathematicus.it\/en\/prodotto\/lente-dingrandimento-levenhuk-zeno-desk-d0\/"]}]},{"@type":"ImageObject","inLanguage":"en-US","@id":"https:\/\/www.mathematicus.it\/en\/prodotto\/lente-dingrandimento-levenhuk-zeno-desk-d0\/#primaryimage","url":"https:\/\/i0.wp.com\/www.mathematicus.it\/wp-content\/uploads\/2026\/02\/71205_LVH_Zeno_Desk_D0_008_copy-scaled.webp?fit=2560%2C2560&ssl=1","contentUrl":"https:\/\/i0.wp.com\/www.mathematicus.it\/wp-content\/uploads\/2026\/02\/71205_LVH_Zeno_Desk_D0_008_copy-scaled.webp?fit=2560%2C2560&ssl=1","width":2560,"height":2560},{"@type":"BreadcrumbList","@id":"https:\/\/www.mathematicus.it\/en\/prodotto\/lente-dingrandimento-levenhuk-zeno-desk-d0\/#breadcrumb","itemListElement":[{"@type":"ListItem","position":1,"name":"Home","item":"https:\/\/www.mathematicus.it\/en\/"},{"@type":"ListItem","position":2,"name":"Shop","item":"https:\/\/www.mathematicus.it\/negozio\/"},{"@type":"ListItem","position":3,"name":"Lente d\u2019ingrandimento Levenhuk Zeno Desk D0"}]},{"@type":"WebSite","@id":"https:\/\/www.mathematicus.it\/en\/#website","url":"https:\/\/www.mathematicus.it\/en\/","name":"Mathematicus","description":"Il gioco della Matematica","publisher":{"@id":"https:\/\/www.mathematicus.it\/en\/#organization"},"potentialAction":[{"@type":"SearchAction","target":{"@type":"EntryPoint","urlTemplate":"https:\/\/www.mathematicus.it\/en\/?s={search_term_string}"},"query-input":{"@type":"PropertyValueSpecification","valueRequired":true,"valueName":"search_term_string"}}],"inLanguage":"en-US"},{"@type":"Organization","@id":"https:\/\/www.mathematicus.it\/en\/#organization","name":"Mathematicus","url":"https:\/\/www.mathematicus.it\/en\/","logo":{"@type":"ImageObject","inLanguage":"en-US","@id":"https:\/\/www.mathematicus.it\/en\/#\/schema\/logo\/image\/","url":"https:\/\/i0.wp.com\/www.mathematicus.it\/wp-content\/uploads\/2020\/11\/logo.png?fit=500%2C49&ssl=1","contentUrl":"https:\/\/i0.wp.com\/www.mathematicus.it\/wp-content\/uploads\/2020\/11\/logo.png?fit=500%2C49&ssl=1","width":500,"height":49,"caption":"Mathematicus"},"image":{"@id":"https:\/\/www.mathematicus.it\/en\/#\/schema\/logo\/image\/"},"sameAs":["https:\/\/www.facebook.com\/mathematicusilgiocodellamatematica","https:\/\/www.instagram.com\/mathematicusgiocomatematica\/","https:\/\/www.linkedin.com\/company\/94868880","https:\/\/www.pinterest.it\/tomasobaj\/giochi-matematici\/"]}]},"product_brand":"Levenhuk","product_price_amount":"10.00","product_price_currency":"EUR","og_availability":"instock","product_availability":"instock","product_retailer_item_id":"71205","product_condition":"new"},"jetpack_sharing_enabled":true,"_links":{"self":[{"href":"https:\/\/www.mathematicus.it\/en\/wp-json\/wp\/v2\/product\/52686","targetHints":{"allow":["GET"]}}],"collection":[{"href":"https:\/\/www.mathematicus.it\/en\/wp-json\/wp\/v2\/product"}],"about":[{"href":"https:\/\/www.mathematicus.it\/en\/wp-json\/wp\/v2\/types\/product"}],"replies":[{"embeddable":true,"href":"https:\/\/www.mathematicus.it\/en\/wp-json\/wp\/v2\/comments?post=52686"}],"wp:featuredmedia":[{"embeddable":true,"href":"https:\/\/www.mathematicus.it\/en\/wp-json\/wp\/v2\/media\/52687"}],"wp:attachment":[{"href":"https:\/\/www.mathematicus.it\/en\/wp-json\/wp\/v2\/media?parent=52686"}],"wp:term":[{"taxonomy":"product_brand","embeddable":true,"href":"https:\/\/www.mathematicus.it\/en\/wp-json\/wp\/v2\/product_brand?post=52686"},{"taxonomy":"product_cat","embeddable":true,"href":"https:\/\/www.mathematicus.it\/en\/wp-json\/wp\/v2\/product_cat?post=52686"},{"taxonomy":"product_tag","embeddable":true,"href":"https:\/\/www.mathematicus.it\/en\/wp-json\/wp\/v2\/product_tag?post=52686"},{"taxonomy":"berocket_brand","embeddable":true,"href":"https:\/\/www.mathematicus.it\/en\/wp-json\/wp\/v2\/berocket_brand?post=52686"}],"curies":[{"name":"wp","href":"https:\/\/api.w.org\/{rel}","templated":true}]}}