{"id":52672,"date":"2026-02-26T20:55:43","date_gmt":"2026-02-26T19:55:43","guid":{"rendered":"https:\/\/www.mathematicus.it\/?post_type=product&#038;p=52672"},"modified":"2026-03-07T08:25:10","modified_gmt":"2026-03-07T07:25:10","slug":"lente-dingrandimento-da-collo-levenhuk-zeno-vizor-n2","status":"publish","type":"product","link":"https:\/\/www.mathematicus.it\/en\/prodotto\/lente-dingrandimento-da-collo-levenhuk-zeno-vizor-n2\/","title":{"rendered":"Lente d\u2019ingrandimento da collo Levenhuk Zeno Vizor N2"},"content":{"rendered":"<div class=\"mb-48 pb-md-48\">\n<div id=\"product-description\" class=\"anchors__section row\">\n<div class=\"col-12 col-lg-8\">\n<div class=\"mb-48 pb-md-48\">\n<div id=\"product-description\" class=\"anchors__section row\">\n<div class=\"col-12 col-lg-8\">\n<div class=\"mb-48 pb-md-48\">\n<div id=\"product-description\" class=\"anchors__section row\">\n<div class=\"col-12 col-lg-8\">\n<div class=\"h5 fs-24 fs-md-50 mb-16\">\n<h1 class=\"h3 mb-0 col-12 col-lg-8\">Lente d\u2019ingrandimento da collo Levenhuk Zeno Vizor N2<\/h1>\n<\/div>\n<\/div>\n<div class=\"wysiwyg wysiwyg_init\">\n<div class=\"mb-48 pb-md-48\">\n<div id=\"product-description\" class=\"anchors__section row\">\n<div class=\"wysiwyg wysiwyg_init\">\n<div class=\"mb-48 pb-md-48\">\n<div id=\"product-description\" class=\"anchors__section row\">\n<div class=\"wysiwyg wysiwyg_init\">\n<p>La lente di ingrandimento da collo Levenhuk Zeno Vizor N2 \u00e8 fornita di laccio da collo e supporto da tavolo. Il grande diametro della lente principale consente di coprire una vasta area e lavorare su pi\u00f9 piccoli oggetti in contemporanea. Questa lente di ingrandimento \u00e8 uno strumento molto utile sia al lavoro che a casa. La lettura di caratteri di piccole dimensioni, il ricamo, l\u2019esame di piccole immagini o il lavoro con minuscoli componenti: ognuna di queste cose diventa pi\u00f9 facile e comoda grazie alla lente d\u2019ingrandimento da collo Levenhuk Zeno Vizor N2. Questa lente \u00e8 perfetta per tutti i tipi di lavoro che richiedono alti livelli di precisione e accuratezza.<\/p>\n<p>La lente principale \u00e8 caratterizzata da un fattori di ingrandimento di 2,5x, mentre la lente interna offre un ingrandimento di 5x. La lente d\u2019ingrandimento da collo Levenhuk Zeno Vizor N2 \u00e8 dotata di illuminazione LED integrata, che consente di continuare a lavorare anche in condizioni di scarsa luce naturale o artificiale. Il supporto permette di avere entrambe le mani libere per eseguire attivit\u00e0 pi\u00f9 complesse.\u00f9<\/p>\n<\/div>\n<p>&nbsp;<\/p>\n<p>&nbsp;<\/p>\n<p><iframe class=\"video-responsive\" title=\"Levenhuk Zeno Vizor N2 Neck Magnifier \u2013 Promotional Video\" src=\"https:\/\/www.youtube.com\/embed\/rm8aiKLaS9A\" frameborder=\"0\" allowfullscreen=\"allowfullscreen\"><br \/>\n<\/iframe><\/p>\n<div class=\"wysiwyg wysiwyg_init\">\n<h2><strong>Caratteristiche:<\/strong><\/h2>\n<ul>\n<li>Lente d\u2019ingrandimento con laccio da collo e supporto da tavolo<\/li>\n<li>Lente bifocale<\/li>\n<li>Ingrandimenti 2,5x e 5x<\/li>\n<li>Illuminazione a LED<\/li>\n<\/ul>\n<h2><strong>Il kit comprende:<\/strong><\/h2>\n<ul>\n<li>Lente d\u2019ingrandimento da collo Levenhuk Zeno Vizor N2 con laccio e supporto<\/li>\n<li>Manuale utente<\/li>\n<li>Garanzia a vita<\/li>\n<\/ul>\n<p><strong><a href=\"https:\/\/www.mathematicus.it\/come-pagare-con-carta-docente-sul-sito-mathematicus\/\"><img data-recalc-dims=\"1\" decoding=\"async\" class=\"lazyload alignnone wp-image-2886\" src=\"https:\/\/i0.wp.com\/www.mathematicus.it\/wp-content\/uploads\/2024\/11\/Carta-del-docente-2.webp?resize=81%2C54&#038;ssl=1\" data-orig-src=\"https:\/\/www.mathematicus.it\/wp-content\/uploads\/2024\/11\/Carta-del-docente-2-300x200.webp\" alt=\"\" width=\"81\" height=\"54\" srcset=\"data:image\/svg+xml,%3Csvg%20xmlns%3D%27http%3A%2F%2Fwww.w3.org%2F2000%2Fsvg%27%20width%3D%2781%27%20height%3D%2754%27%20viewBox%3D%270%200%2081%2054%27%3E%3Crect%20width%3D%2781%27%20height%3D%2754%27%20fill-opacity%3D%220%22%2F%3E%3C%2Fsvg%3E\" data-srcset=\"https:\/\/i0.wp.com\/www.mathematicus.it\/wp-content\/uploads\/2024\/11\/Carta-del-docente-2.webp?resize=200%2C133&amp;ssl=1 200w, https:\/\/i0.wp.com\/www.mathematicus.it\/wp-content\/uploads\/2024\/11\/Carta-del-docente-2.webp?resize=300%2C200&amp;ssl=1 300w, https:\/\/i0.wp.com\/www.mathematicus.it\/wp-content\/uploads\/2024\/11\/Carta-del-docente-2.webp?resize=400%2C267&amp;ssl=1 400w, https:\/\/i0.wp.com\/www.mathematicus.it\/wp-content\/uploads\/2024\/11\/Carta-del-docente-2.webp?resize=500%2C333&amp;ssl=1 500w, https:\/\/i0.wp.com\/www.mathematicus.it\/wp-content\/uploads\/2024\/11\/Carta-del-docente-2.webp?resize=600%2C400&amp;ssl=1 600w, https:\/\/i0.wp.com\/www.mathematicus.it\/wp-content\/uploads\/2024\/11\/Carta-del-docente-2.webp?resize=700%2C467&amp;ssl=1 700w, https:\/\/i0.wp.com\/www.mathematicus.it\/wp-content\/uploads\/2024\/11\/Carta-del-docente-2.webp?resize=768%2C512&amp;ssl=1 768w, https:\/\/i0.wp.com\/www.mathematicus.it\/wp-content\/uploads\/2024\/11\/Carta-del-docente-2.webp?resize=800%2C533&amp;ssl=1 800w, https:\/\/i0.wp.com\/www.mathematicus.it\/wp-content\/uploads\/2024\/11\/Carta-del-docente-2.webp?resize=1024%2C683&amp;ssl=1 1024w, https:\/\/i0.wp.com\/www.mathematicus.it\/wp-content\/uploads\/2024\/11\/Carta-del-docente-2.webp?w=1200&amp;ssl=1 1200w\" data-sizes=\"auto\" data-orig-sizes=\"(max-width: 81px) 100vw, 81px\" \/><\/a><br \/>\nScopri come acquistare con la <a href=\"https:\/\/www.mathematicus.it\/acquista-giochi-didattici-e-strumenti-con-la-carta-del-docente\/\" target=\"_blank\" rel=\"noopener\">Carta del Docente<\/a><\/strong><\/p>\n<\/div>\n<\/div>\n<\/div>\n<div class=\"mb-48 pb-md-48\">\n<div id=\"product-specification\" class=\"anchors__section\">\n<h2 class=\"h5 fs-24 fs-md-50 mb-16 mb-md-32 pb-md-8\">Specifiche<\/h2>\n<\/div>\n<\/div>\n<\/div>\n<\/div>\n<\/div>\n<div class=\"mb-48 pb-md-48\">ID prodotto: 69675<br \/>\nMarchio: Levenhuk Inc., USA<br \/>\nGaranzia: a vita<br \/>\nEAN: 5905555005546<br \/>\nDimensione confezione (LxPxH): 24x14x2 cm<br \/>\nPeso spedizione: 0.226 kg<br \/>\nTipo di lente: bifocale<br \/>\nMateriale delle ottiche: vetro polimero ottico<br \/>\nDiametro lente (dimensioni), mm: 100<br \/>\nDiametro lente aggiuntiva, mm: 25<br \/>\nIngrandimento, x: 2.5<br \/>\nIngrandimento lente aggiuntiva, x: 5<br \/>\nCorpo: plastica<br \/>\nMateriale manopole: plastica<br \/>\nDisponibile con illuminazione: \u2713<br \/>\nIlluminazione: LED<br \/>\nAlimentazione: 3 batterie AAA (non incluse)<br \/>\nApplicazione: lettura\/osservazione<br \/>\nDesign: piano di appoggio\/su treppiede<br \/>\nElementi extra: 2 LED<\/div>\n<\/div>\n<\/div>\n<\/div>\n<\/div>\n<\/div>\n<\/div>\n<\/div>\n<\/div>\n<\/div>\n","protected":false},"excerpt":{"rendered":"<p><strong>La lente d&#8217;ingrandimento da collo Levenhuk Zeno Vizor N2<\/strong> \u00e8 uno strumento bifocale versatile con lente principale 2,5x (100 mm) e lente interna 5x (25 mm), illuminazione LED integrata e doppio supporto: laccio da collo e base da tavolo. Lascia le mani completamente libere per lettura, ricamo, lavori di precisione e attivit\u00e0 laboratoriali. Compatta e leggerissima, \u00e8 ideale per l&#8217;uso in classe e a casa.<strong> Acquistabile con il Buono Docente.<\/strong><\/p>\n","protected":false},"featured_media":52700,"comment_status":"open","ping_status":"closed","template":"","meta":[],"product_brand":[],"product_cat":[45,660,751],"product_tag":[789,434,55,783,784,781,788,787,744,785,786,707,782,322,706],"berocket_brand":[676],"class_list":{"0":"post-52672","1":"product","2":"type-product","3":"status-publish","4":"has-post-thumbnail","6":"product_cat-lenti-ingrandimento","7":"product_cat-levenhuk","8":"product_cat-monoculare","9":"product_tag-ausilio-visivo-lettura","10":"product_tag-buono-docente","11":"product_tag-carta-del-docente","12":"product_tag-lente-bifocale","13":"product_tag-lente-con-supporto-da-tavolo","14":"product_tag-lente-dingrandimento-da-collo","15":"product_tag-lente-da-collo-con-laccio","16":"product_tag-lente-ingrandimento-5x","17":"product_tag-lente-led-mani-libere","18":"product_tag-lente-per-lettura","19":"product_tag-lente-per-precisione","20":"product_tag-lente-per-ricamo","21":"product_tag-levenhuk-zeno-vizor-n2","22":"product_tag-materiale-didattico","23":"product_tag-strumenti-laboratorio-scuola","24":"berocket_brand-levenhuk","26":"first","27":"instock","28":"taxable","29":"shipping-taxable","30":"purchasable","31":"product-type-simple"},"yoast_head":"<!-- This site is optimized with the Yoast SEO Premium plugin v27.3 (Yoast SEO v27.4) - https:\/\/yoast.com\/product\/yoast-seo-premium-wordpress\/ -->\n<title>Lente d\u2019ingrandimento da collo Levenhuk Zeno Vizor N2 - Mathematicus<\/title>\n<meta name=\"description\" content=\"Levenhuk Zeno Vizor N2: lente da collo bifocale 2,5x\/5x con LED e supporto da tavolo. Mani libere per lettura e precisione. Acquistala con il Buono Docente!\" \/>\n<meta name=\"robots\" content=\"index, follow, max-snippet:-1, max-image-preview:large, max-video-preview:-1\" \/>\n<link rel=\"canonical\" href=\"https:\/\/www.mathematicus.it\/en\/prodotto\/lente-dingrandimento-da-collo-levenhuk-zeno-vizor-n2\/\" \/>\n<meta property=\"og:locale\" content=\"en_US\" \/>\n<meta property=\"og:type\" content=\"article\" \/>\n<meta property=\"og:title\" content=\"Lente d\u2019ingrandimento da collo Levenhuk Zeno Vizor N2\" \/>\n<meta property=\"og:description\" content=\"Levenhuk Zeno Vizor N2: lente da collo bifocale 2,5x\/5x con LED e supporto da tavolo. Mani libere per lettura e precisione. Acquistala con il Buono Docente!\" \/>\n<meta property=\"og:url\" content=\"https:\/\/www.mathematicus.it\/en\/prodotto\/lente-dingrandimento-da-collo-levenhuk-zeno-vizor-n2\/\" \/>\n<meta property=\"og:site_name\" content=\"Mathematicus\" \/>\n<meta property=\"article:publisher\" content=\"https:\/\/www.facebook.com\/mathematicusilgiocodellamatematica\" \/>\n<meta property=\"article:modified_time\" content=\"2026-03-07T07:25:10+00:00\" \/>\n<meta property=\"og:image\" content=\"https:\/\/www.mathematicus.it\/wp-content\/uploads\/2026\/02\/Lente-dingrandimento-da-collo-Levenhuk-Zeno-Vizor-N2_copy-1-scaled.webp\" \/>\n\t<meta property=\"og:image:width\" content=\"2560\" \/>\n\t<meta property=\"og:image:height\" content=\"2560\" \/>\n\t<meta property=\"og:image:type\" content=\"image\/webp\" \/>\n<meta name=\"twitter:card\" content=\"summary_large_image\" \/>\n<meta name=\"twitter:label1\" content=\"Price\" \/>\n\t<meta name=\"twitter:data1\" content=\"&euro;28.00\" \/>\n\t<meta name=\"twitter:label2\" content=\"Availability\" \/>\n\t<meta name=\"twitter:data2\" content=\"In stock\" \/>\n<script type=\"application\/ld+json\" class=\"yoast-schema-graph\">{\"@context\":\"https:\\\/\\\/schema.org\",\"@graph\":[{\"@type\":\"WebPage\",\"@id\":\"https:\\\/\\\/www.mathematicus.it\\\/en\\\/prodotto\\\/lente-dingrandimento-da-collo-levenhuk-zeno-vizor-n2\\\/\",\"url\":\"https:\\\/\\\/www.mathematicus.it\\\/en\\\/prodotto\\\/lente-dingrandimento-da-collo-levenhuk-zeno-vizor-n2\\\/\",\"name\":\"Lente d\u2019ingrandimento da collo Levenhuk Zeno Vizor N2 - Mathematicus\",\"isPartOf\":{\"@id\":\"https:\\\/\\\/www.mathematicus.it\\\/en\\\/#website\"},\"primaryImageOfPage\":{\"@id\":\"https:\\\/\\\/www.mathematicus.it\\\/en\\\/prodotto\\\/lente-dingrandimento-da-collo-levenhuk-zeno-vizor-n2\\\/#primaryimage\"},\"image\":{\"@id\":\"https:\\\/\\\/www.mathematicus.it\\\/en\\\/prodotto\\\/lente-dingrandimento-da-collo-levenhuk-zeno-vizor-n2\\\/#primaryimage\"},\"thumbnailUrl\":\"https:\\\/\\\/i0.wp.com\\\/www.mathematicus.it\\\/wp-content\\\/uploads\\\/2026\\\/02\\\/Lente-dingrandimento-da-collo-Levenhuk-Zeno-Vizor-N2_copy-1-scaled.webp?fit=2560%2C2560&ssl=1\",\"datePublished\":\"2026-02-26T19:55:43+00:00\",\"dateModified\":\"2026-03-07T07:25:10+00:00\",\"description\":\"Levenhuk Zeno Vizor N2: lente da collo bifocale 2,5x\\\/5x con LED e supporto da tavolo. Mani libere per lettura e precisione. Acquistala con il Buono Docente!\",\"breadcrumb\":{\"@id\":\"https:\\\/\\\/www.mathematicus.it\\\/en\\\/prodotto\\\/lente-dingrandimento-da-collo-levenhuk-zeno-vizor-n2\\\/#breadcrumb\"},\"inLanguage\":\"en-US\",\"potentialAction\":[{\"@type\":\"ReadAction\",\"target\":[\"https:\\\/\\\/www.mathematicus.it\\\/en\\\/prodotto\\\/lente-dingrandimento-da-collo-levenhuk-zeno-vizor-n2\\\/\"]}]},{\"@type\":\"ImageObject\",\"inLanguage\":\"en-US\",\"@id\":\"https:\\\/\\\/www.mathematicus.it\\\/en\\\/prodotto\\\/lente-dingrandimento-da-collo-levenhuk-zeno-vizor-n2\\\/#primaryimage\",\"url\":\"https:\\\/\\\/i0.wp.com\\\/www.mathematicus.it\\\/wp-content\\\/uploads\\\/2026\\\/02\\\/Lente-dingrandimento-da-collo-Levenhuk-Zeno-Vizor-N2_copy-1-scaled.webp?fit=2560%2C2560&ssl=1\",\"contentUrl\":\"https:\\\/\\\/i0.wp.com\\\/www.mathematicus.it\\\/wp-content\\\/uploads\\\/2026\\\/02\\\/Lente-dingrandimento-da-collo-Levenhuk-Zeno-Vizor-N2_copy-1-scaled.webp?fit=2560%2C2560&ssl=1\",\"width\":2560,\"height\":2560},{\"@type\":\"BreadcrumbList\",\"@id\":\"https:\\\/\\\/www.mathematicus.it\\\/en\\\/prodotto\\\/lente-dingrandimento-da-collo-levenhuk-zeno-vizor-n2\\\/#breadcrumb\",\"itemListElement\":[{\"@type\":\"ListItem\",\"position\":1,\"name\":\"Home\",\"item\":\"https:\\\/\\\/www.mathematicus.it\\\/en\\\/\"},{\"@type\":\"ListItem\",\"position\":2,\"name\":\"Shop\",\"item\":\"https:\\\/\\\/www.mathematicus.it\\\/negozio\\\/\"},{\"@type\":\"ListItem\",\"position\":3,\"name\":\"Lente d\u2019ingrandimento da collo Levenhuk Zeno Vizor N2\"}]},{\"@type\":\"WebSite\",\"@id\":\"https:\\\/\\\/www.mathematicus.it\\\/en\\\/#website\",\"url\":\"https:\\\/\\\/www.mathematicus.it\\\/en\\\/\",\"name\":\"Mathematicus\",\"description\":\"Il gioco della Matematica\",\"publisher\":{\"@id\":\"https:\\\/\\\/www.mathematicus.it\\\/en\\\/#organization\"},\"potentialAction\":[{\"@type\":\"SearchAction\",\"target\":{\"@type\":\"EntryPoint\",\"urlTemplate\":\"https:\\\/\\\/www.mathematicus.it\\\/en\\\/?s={search_term_string}\"},\"query-input\":{\"@type\":\"PropertyValueSpecification\",\"valueRequired\":true,\"valueName\":\"search_term_string\"}}],\"inLanguage\":\"en-US\"},{\"@type\":\"Organization\",\"@id\":\"https:\\\/\\\/www.mathematicus.it\\\/en\\\/#organization\",\"name\":\"Mathematicus\",\"url\":\"https:\\\/\\\/www.mathematicus.it\\\/en\\\/\",\"logo\":{\"@type\":\"ImageObject\",\"inLanguage\":\"en-US\",\"@id\":\"https:\\\/\\\/www.mathematicus.it\\\/en\\\/#\\\/schema\\\/logo\\\/image\\\/\",\"url\":\"https:\\\/\\\/i0.wp.com\\\/www.mathematicus.it\\\/wp-content\\\/uploads\\\/2020\\\/11\\\/logo.png?fit=500%2C49&ssl=1\",\"contentUrl\":\"https:\\\/\\\/i0.wp.com\\\/www.mathematicus.it\\\/wp-content\\\/uploads\\\/2020\\\/11\\\/logo.png?fit=500%2C49&ssl=1\",\"width\":500,\"height\":49,\"caption\":\"Mathematicus\"},\"image\":{\"@id\":\"https:\\\/\\\/www.mathematicus.it\\\/en\\\/#\\\/schema\\\/logo\\\/image\\\/\"},\"sameAs\":[\"https:\\\/\\\/www.facebook.com\\\/mathematicusilgiocodellamatematica\",\"https:\\\/\\\/www.instagram.com\\\/mathematicusgiocomatematica\\\/\",\"https:\\\/\\\/www.linkedin.com\\\/company\\\/94868880\",\"https:\\\/\\\/www.pinterest.it\\\/tomasobaj\\\/giochi-matematici\\\/\"]}]}<\/script>\n<meta property=\"product:brand\" content=\"Levenhuk\" \/>\n<meta property=\"product:price:amount\" content=\"28.00\" \/>\n<meta property=\"product:price:currency\" content=\"EUR\" \/>\n<meta property=\"og:availability\" content=\"instock\" \/>\n<meta property=\"product:availability\" content=\"instock\" \/>\n<meta property=\"product:retailer_item_id\" content=\"69675\" \/>\n<meta property=\"product:condition\" content=\"new\" \/>\n<!-- \/ Yoast SEO Premium plugin. -->","yoast_head_json":{"title":"Lente d\u2019ingrandimento da collo Levenhuk Zeno Vizor N2 - Mathematicus","description":"Levenhuk Zeno Vizor N2: lente da collo bifocale 2,5x\/5x con LED e supporto da tavolo. Mani libere per lettura e precisione. Acquistala con il Buono Docente!","robots":{"index":"index","follow":"follow","max-snippet":"max-snippet:-1","max-image-preview":"max-image-preview:large","max-video-preview":"max-video-preview:-1"},"canonical":"https:\/\/www.mathematicus.it\/en\/prodotto\/lente-dingrandimento-da-collo-levenhuk-zeno-vizor-n2\/","og_locale":"en_US","og_type":"article","og_title":"Lente d\u2019ingrandimento da collo Levenhuk Zeno Vizor N2","og_description":"Levenhuk Zeno Vizor N2: lente da collo bifocale 2,5x\/5x con LED e supporto da tavolo. Mani libere per lettura e precisione. Acquistala con il Buono Docente!","og_url":"https:\/\/www.mathematicus.it\/en\/prodotto\/lente-dingrandimento-da-collo-levenhuk-zeno-vizor-n2\/","og_site_name":"Mathematicus","article_publisher":"https:\/\/www.facebook.com\/mathematicusilgiocodellamatematica","article_modified_time":"2026-03-07T07:25:10+00:00","og_image":[{"width":2560,"height":2560,"url":"https:\/\/www.mathematicus.it\/wp-content\/uploads\/2026\/02\/Lente-dingrandimento-da-collo-Levenhuk-Zeno-Vizor-N2_copy-1-scaled.webp","type":"image\/webp"}],"twitter_card":"summary_large_image","twitter_misc":{"Price":"&euro;28.00","Availability":"In stock"},"schema":{"@context":"https:\/\/schema.org","@graph":[{"@type":"WebPage","@id":"https:\/\/www.mathematicus.it\/en\/prodotto\/lente-dingrandimento-da-collo-levenhuk-zeno-vizor-n2\/","url":"https:\/\/www.mathematicus.it\/en\/prodotto\/lente-dingrandimento-da-collo-levenhuk-zeno-vizor-n2\/","name":"Lente d\u2019ingrandimento da collo Levenhuk Zeno Vizor N2 - Mathematicus","isPartOf":{"@id":"https:\/\/www.mathematicus.it\/en\/#website"},"primaryImageOfPage":{"@id":"https:\/\/www.mathematicus.it\/en\/prodotto\/lente-dingrandimento-da-collo-levenhuk-zeno-vizor-n2\/#primaryimage"},"image":{"@id":"https:\/\/www.mathematicus.it\/en\/prodotto\/lente-dingrandimento-da-collo-levenhuk-zeno-vizor-n2\/#primaryimage"},"thumbnailUrl":"https:\/\/i0.wp.com\/www.mathematicus.it\/wp-content\/uploads\/2026\/02\/Lente-dingrandimento-da-collo-Levenhuk-Zeno-Vizor-N2_copy-1-scaled.webp?fit=2560%2C2560&ssl=1","datePublished":"2026-02-26T19:55:43+00:00","dateModified":"2026-03-07T07:25:10+00:00","description":"Levenhuk Zeno Vizor N2: lente da collo bifocale 2,5x\/5x con LED e supporto da tavolo. Mani libere per lettura e precisione. Acquistala con il Buono Docente!","breadcrumb":{"@id":"https:\/\/www.mathematicus.it\/en\/prodotto\/lente-dingrandimento-da-collo-levenhuk-zeno-vizor-n2\/#breadcrumb"},"inLanguage":"en-US","potentialAction":[{"@type":"ReadAction","target":["https:\/\/www.mathematicus.it\/en\/prodotto\/lente-dingrandimento-da-collo-levenhuk-zeno-vizor-n2\/"]}]},{"@type":"ImageObject","inLanguage":"en-US","@id":"https:\/\/www.mathematicus.it\/en\/prodotto\/lente-dingrandimento-da-collo-levenhuk-zeno-vizor-n2\/#primaryimage","url":"https:\/\/i0.wp.com\/www.mathematicus.it\/wp-content\/uploads\/2026\/02\/Lente-dingrandimento-da-collo-Levenhuk-Zeno-Vizor-N2_copy-1-scaled.webp?fit=2560%2C2560&ssl=1","contentUrl":"https:\/\/i0.wp.com\/www.mathematicus.it\/wp-content\/uploads\/2026\/02\/Lente-dingrandimento-da-collo-Levenhuk-Zeno-Vizor-N2_copy-1-scaled.webp?fit=2560%2C2560&ssl=1","width":2560,"height":2560},{"@type":"BreadcrumbList","@id":"https:\/\/www.mathematicus.it\/en\/prodotto\/lente-dingrandimento-da-collo-levenhuk-zeno-vizor-n2\/#breadcrumb","itemListElement":[{"@type":"ListItem","position":1,"name":"Home","item":"https:\/\/www.mathematicus.it\/en\/"},{"@type":"ListItem","position":2,"name":"Shop","item":"https:\/\/www.mathematicus.it\/negozio\/"},{"@type":"ListItem","position":3,"name":"Lente d\u2019ingrandimento da collo Levenhuk Zeno Vizor N2"}]},{"@type":"WebSite","@id":"https:\/\/www.mathematicus.it\/en\/#website","url":"https:\/\/www.mathematicus.it\/en\/","name":"Mathematicus","description":"Il gioco della Matematica","publisher":{"@id":"https:\/\/www.mathematicus.it\/en\/#organization"},"potentialAction":[{"@type":"SearchAction","target":{"@type":"EntryPoint","urlTemplate":"https:\/\/www.mathematicus.it\/en\/?s={search_term_string}"},"query-input":{"@type":"PropertyValueSpecification","valueRequired":true,"valueName":"search_term_string"}}],"inLanguage":"en-US"},{"@type":"Organization","@id":"https:\/\/www.mathematicus.it\/en\/#organization","name":"Mathematicus","url":"https:\/\/www.mathematicus.it\/en\/","logo":{"@type":"ImageObject","inLanguage":"en-US","@id":"https:\/\/www.mathematicus.it\/en\/#\/schema\/logo\/image\/","url":"https:\/\/i0.wp.com\/www.mathematicus.it\/wp-content\/uploads\/2020\/11\/logo.png?fit=500%2C49&ssl=1","contentUrl":"https:\/\/i0.wp.com\/www.mathematicus.it\/wp-content\/uploads\/2020\/11\/logo.png?fit=500%2C49&ssl=1","width":500,"height":49,"caption":"Mathematicus"},"image":{"@id":"https:\/\/www.mathematicus.it\/en\/#\/schema\/logo\/image\/"},"sameAs":["https:\/\/www.facebook.com\/mathematicusilgiocodellamatematica","https:\/\/www.instagram.com\/mathematicusgiocomatematica\/","https:\/\/www.linkedin.com\/company\/94868880","https:\/\/www.pinterest.it\/tomasobaj\/giochi-matematici\/"]}]},"product_brand":"Levenhuk","product_price_amount":"28.00","product_price_currency":"EUR","og_availability":"instock","product_availability":"instock","product_retailer_item_id":"69675","product_condition":"new"},"jetpack_sharing_enabled":true,"_links":{"self":[{"href":"https:\/\/www.mathematicus.it\/en\/wp-json\/wp\/v2\/product\/52672","targetHints":{"allow":["GET"]}}],"collection":[{"href":"https:\/\/www.mathematicus.it\/en\/wp-json\/wp\/v2\/product"}],"about":[{"href":"https:\/\/www.mathematicus.it\/en\/wp-json\/wp\/v2\/types\/product"}],"replies":[{"embeddable":true,"href":"https:\/\/www.mathematicus.it\/en\/wp-json\/wp\/v2\/comments?post=52672"}],"wp:featuredmedia":[{"embeddable":true,"href":"https:\/\/www.mathematicus.it\/en\/wp-json\/wp\/v2\/media\/52700"}],"wp:attachment":[{"href":"https:\/\/www.mathematicus.it\/en\/wp-json\/wp\/v2\/media?parent=52672"}],"wp:term":[{"taxonomy":"product_brand","embeddable":true,"href":"https:\/\/www.mathematicus.it\/en\/wp-json\/wp\/v2\/product_brand?post=52672"},{"taxonomy":"product_cat","embeddable":true,"href":"https:\/\/www.mathematicus.it\/en\/wp-json\/wp\/v2\/product_cat?post=52672"},{"taxonomy":"product_tag","embeddable":true,"href":"https:\/\/www.mathematicus.it\/en\/wp-json\/wp\/v2\/product_tag?post=52672"},{"taxonomy":"berocket_brand","embeddable":true,"href":"https:\/\/www.mathematicus.it\/en\/wp-json\/wp\/v2\/berocket_brand?post=52672"}],"curies":[{"name":"wp","href":"https:\/\/api.w.org\/{rel}","templated":true}]}}