{"id":52657,"date":"2026-02-25T21:39:56","date_gmt":"2026-02-25T20:39:56","guid":{"rendered":"https:\/\/www.mathematicus.it\/?post_type=product&#038;p=52657"},"modified":"2026-02-28T11:19:49","modified_gmt":"2026-02-28T10:19:49","slug":"visore-notturno-monoculare-digitale-levenhuk-halo-13x","status":"publish","type":"product","link":"https:\/\/www.mathematicus.it\/en\/prodotto\/visore-notturno-monoculare-digitale-levenhuk-halo-13x\/","title":{"rendered":"Visore notturno monoculare digitale Levenhuk Halo 13X"},"content":{"rendered":"<div class=\"mb-48 pb-md-48\">\n<div id=\"product-description\" class=\"anchors__section row\">\n<div class=\"col-12 col-lg-8\">\n<div class=\"mb-48 pb-md-48\">\n<div id=\"product-description\" class=\"anchors__section row\">\n<div class=\"col-12 col-lg-8\">\n<div class=\"mb-48 pb-md-48\">\n<div id=\"product-description\" class=\"anchors__section row\">\n<div class=\"col-12 col-lg-8\">\n<div class=\"h5 fs-24 fs-md-50 mb-16\">\n<h1 class=\"h3 mb-0 col-12 col-lg-8\">Visore notturno monoculare digitale Levenhuk Halo 13X<\/h1>\n<\/div>\n<\/div>\n<div class=\"wysiwyg wysiwyg_init\">\n<div class=\"mb-48 pb-md-48\">\n<div id=\"product-description\" class=\"anchors__section row\">\n<div class=\"wysiwyg wysiwyg_init\">\n<p>Il visore notturno monoculare digitale Levenhuk Halo 13X \u00e8 dotato di registratore integrato e pu\u00f2 quindi essere usato sia per le osservazioni visuali che per la cattura di foto e la registrazione di video. Il dispositivo funziona efficacemente in condizioni di completa oscurit\u00e0. Con la luce del giorno, pu\u00f2 anche essere usato come un normale monoculare. Il Levenhuk Halo 13X \u00e8 una scelta eccellente per la caccia notturna, l\u2019orienteering, le esercitazioni militari e il pattugliamento.<\/p>\n<p>&nbsp;<\/p>\n<p><iframe \n  class=\"video-responsive\"\n  title=\"Levenhuk Halo 13X Digital Night Vision Monocular \u2013 Promotional Video\"\n  src=\"https:\/\/www.youtube.com\/embed\/Kmri7iZR-VU\"\n  frameborder=\"0\"\n  allowfullscreen><br \/>\n<\/iframe><\/p>\n<p><strong>Range di rilevamento al buio totale: fino a 300 metri<\/strong><\/p>\n<p>Le ottiche sono realizzate in vetro con rivestimento antiriflesso al biossido di silicio. Grazie a questa caratteristica, al buio il monoculare trasmette un\u2019immagine chiara e contrastata, mentre di giorno produce immagini dettagliate e luminose. Durante il giorno, sar\u00e0 possibile studiare ogni oggetto posizionato a qualsiasi distanza. Di notte, la vista si spinge fino ai 300 metri. Si consiglia l\u2019uso dell\u2019illuminazione IR per una migliore chiarezza delle immagini in completa oscurit\u00e0. Ci sono 7 livelli di luminosit\u00e0, quindi \u00e8 possibile regolarli secondo le effettive condizioni di illuminazione. Per risparmiare sulla durata della batteria, va usato il livello minimo di luminosit\u00e0, mentre il livello massimo \u00e8 utile per avere un\u2019immagine maggiormente ricca di dettagli. Si tenga presente che lo strumento pu\u00f2 riprodurre un\u2019immagine a colori, in bianco e nero, in verde fluo o con effetto negativo. Tuttavia, l\u2019immagine a colori non \u00e8 disponibile quando \u00e8 attiva la modalit\u00e0 notte.<\/p>\n<p><strong>Registrazione di video e foto di alta qualit\u00e0<\/strong><\/p>\n<p>Grazie al registratore integrato, il dispositivo pu\u00f2 scattare foto e registrare video. I dati sono salvati su una scheda di memoria (inclusa) e il tutto pu\u00f2 essere trasferito a un computer tramite cavo USB. La massima risoluzione \u00e8 2048&#215;1536 pix per le foto e 1920&#215;1080 pix per i video. Tuttavia, se necessario, pu\u00f2 essere ridotta a 640&#215;480 pixel. I video sono registrati a 30fps, indipendentemente dalla risoluzione dell\u2019immagine, quindi sono sempre fluidi e piacevoli da vedere.<\/p>\n<p><strong>Fino a 10 ore di autonomia senza dover cambiare le batterie<\/strong><\/p>\n<p>Il monoculare \u00e8 dotato di un corpo resistente all\u2019acqua con filettatura 1\/4&#8243;. Grazie al design ergonomico, il monoculare \u00e8 comodo da impugnare. I controlli del dispositivo sono molto facili da usare. Questo visore notturno monoculare \u00e8 alimentato da batterie AA (non incluse), data la loro comodit\u00e0 quando si opera sul campo. Le batterie scariche possono essere facilmente sostituite con batterie nuove, mentre la loro ricarica sul campo sarebbe estremamente difficile. Il dispositivo ha un\u2019autonomia da 4 a 10 ore con un solo set di batterie, a seconda dell\u2019intensit\u00e0 della retroilluminazione.<\/p>\n<p><strong>Nota bene<\/strong>: durante il funzionamento, l\u2019illuminazione IR (luce infrarossa) pu\u00f2 essere rilevata da fotocamere e videocamere nonch\u00e9 da altri apparecchi elettronici simili.<\/p>\n<p><strong>Caratteristiche:<\/strong><\/p>\n<ul>\n<li>Dispositivo per visione notturna con digitalizzatore<\/li>\n<li>Range di rilevamento in totale oscurit\u00e0: 300m<\/li>\n<li>Ingrandimento: 1\u20134x digitale<\/li>\n<li>Illuminatore IR incorporato con 7 livelli di luminosit\u00e0<\/li>\n<li>Cattura foto (2048&#215;1536 pixel) e registrazione video (1920&#215;1080 pixel @ 30FPS)<\/li>\n<li>Alimentato a batteria: batterie AA; fino a 10 ore di autonomia<\/li>\n<li>Corpo resistente all\u2019acqua; adattabile a un treppiede<\/li>\n<\/ul>\n<p><strong>Il kit comprende:<\/strong><\/p>\n<ul>\n<li>Dispositivo per visione notturna<\/li>\n<li>Cavo di ricarica mini USB 2.0<\/li>\n<li>Scheda microSD da 32GB<\/li>\n<li>Lettore di schede<\/li>\n<li>Laccio per trasporto<\/li>\n<li>Manuale utente e garanzia a vita<\/li>\n<\/ul>\n<p><strong><a href=\"https:\/\/www.mathematicus.it\/come-pagare-con-carta-docente-sul-sito-mathematicus\/\"><img data-recalc-dims=\"1\" decoding=\"async\" class=\"lazyload alignnone wp-image-2886\" src=\"https:\/\/i0.wp.com\/www.mathematicus.it\/wp-content\/uploads\/2024\/11\/Carta-del-docente-2.webp?resize=81%2C54&#038;ssl=1\" data-orig-src=\"https:\/\/www.mathematicus.it\/wp-content\/uploads\/2024\/11\/Carta-del-docente-2-300x200.webp\" alt=\"\" width=\"81\" height=\"54\" srcset=\"data:image\/svg+xml,%3Csvg%20xmlns%3D%27http%3A%2F%2Fwww.w3.org%2F2000%2Fsvg%27%20width%3D%2781%27%20height%3D%2754%27%20viewBox%3D%270%200%2081%2054%27%3E%3Crect%20width%3D%2781%27%20height%3D%2754%27%20fill-opacity%3D%220%22%2F%3E%3C%2Fsvg%3E\" data-srcset=\"https:\/\/i0.wp.com\/www.mathematicus.it\/wp-content\/uploads\/2024\/11\/Carta-del-docente-2.webp?resize=200%2C133&amp;ssl=1 200w, https:\/\/i0.wp.com\/www.mathematicus.it\/wp-content\/uploads\/2024\/11\/Carta-del-docente-2.webp?resize=300%2C200&amp;ssl=1 300w, https:\/\/i0.wp.com\/www.mathematicus.it\/wp-content\/uploads\/2024\/11\/Carta-del-docente-2.webp?resize=400%2C267&amp;ssl=1 400w, https:\/\/i0.wp.com\/www.mathematicus.it\/wp-content\/uploads\/2024\/11\/Carta-del-docente-2.webp?resize=500%2C333&amp;ssl=1 500w, https:\/\/i0.wp.com\/www.mathematicus.it\/wp-content\/uploads\/2024\/11\/Carta-del-docente-2.webp?resize=600%2C400&amp;ssl=1 600w, https:\/\/i0.wp.com\/www.mathematicus.it\/wp-content\/uploads\/2024\/11\/Carta-del-docente-2.webp?resize=700%2C467&amp;ssl=1 700w, https:\/\/i0.wp.com\/www.mathematicus.it\/wp-content\/uploads\/2024\/11\/Carta-del-docente-2.webp?resize=768%2C512&amp;ssl=1 768w, https:\/\/i0.wp.com\/www.mathematicus.it\/wp-content\/uploads\/2024\/11\/Carta-del-docente-2.webp?resize=800%2C533&amp;ssl=1 800w, https:\/\/i0.wp.com\/www.mathematicus.it\/wp-content\/uploads\/2024\/11\/Carta-del-docente-2.webp?resize=1024%2C683&amp;ssl=1 1024w, https:\/\/i0.wp.com\/www.mathematicus.it\/wp-content\/uploads\/2024\/11\/Carta-del-docente-2.webp?w=1200&amp;ssl=1 1200w\" data-sizes=\"auto\" data-orig-sizes=\"(max-width: 81px) 100vw, 81px\" \/><\/a><br \/>\nScopri come acquistare con la <a href=\"https:\/\/www.mathematicus.it\/acquista-giochi-didattici-e-strumenti-con-la-carta-del-docente\/\" target=\"_blank\" rel=\"noopener\">Carta del Docente<\/a><\/strong><\/p>\n<\/div>\n<\/div>\n<\/div>\n<div class=\"mb-48 pb-md-48\">\n<div id=\"product-specification\" class=\"anchors__section\">\n<h1 class=\"h5 fs-24 fs-md-50 mb-16 mb-md-32 pb-md-8\">Specifiche<\/h1>\n<\/div>\n<p>ID prodotto: 77665<br \/>\nMarchio: Levenhuk Inc., USA<br \/>\nGaranzia: a vita<br \/>\nEAN: 5905555001951<br \/>\nDimensione confezione (LxPxH): 17x13x7 cm<br \/>\nPeso spedizione: 0.34 kg<br \/>\nTipo di dispositivo per visione notturna: monoculare<br \/>\nIngrandimento, x: 1 \u2014 4<br \/>\nIngrandimento, x: 1\u20134x digitale<br \/>\nDiametro lente obiettivo (apertura), mm: 20<br \/>\nRapporto di apertura: f\/1.2<br \/>\nCampo visivo angolare, \u00b0: 10<br \/>\nMinima distanza di messa a fuoco, m: 3<br \/>\nRange di rilevamento, m: 250\u2014300 (nel buio totale); 3~\u221e (al crepuscolo e di giorno)<br \/>\nIntensificatore di immagine: digitale<br \/>\nCCD, matrice CCIR: CMOS colore<br \/>\nRisoluzione display, px: 720\u0445240<br \/>\nDisplay: 1,5&#8221;<br \/>\nRegistratore integrato: \u2713<br \/>\nFormato video: (640x480px @ 30FPS), *.avi, 1080P (1920&#215;1080 pixel @ 30 fps), 960P (1280x960px @ 30FPS)<br \/>\nImmagine: *.jpeg, 3 MP (2048&#215;1536 pixel), 2 MP (1600&#215;1200 pixel), 1 MP (1280&#215;960 pixel), VGA (640&#215;480)<br \/>\nMemoria: classe 10, microSD fino a 32GB<br \/>\nIlluminatore IR: \u2713<br \/>\nLunghezza d\u2019onda, nm: 850<br \/>\nAlimentazione: 5 batterie AA (non incluse)<br \/>\nTempo di funzionamento sorgente luminosa (con un set di batterie), h: 4 \u2014 10<br \/>\nMateriale delle ottiche: vetro ottico<br \/>\nCorpo: plastica<br \/>\nGrado di protezione (IEC 60529): IP54<br \/>\nRange temperature di funzionamento, \u00b0C: -20&#8230;+60<br \/>\nElementi extra: cavit\u00e0 treppiede 1\/4&#8243;, funzione di spegnimento automatico, lenti fully-coated con trattamento antiriflesso al biossido di silicio, luminosit\u00e0 dell\u2019illuminazione regolabile<br \/>\nLingue software: cinese, coreano, francese, giapponese, inglese, italiano, olandese, portoghese, russo, spagnolo, tedesco<br \/>\nCon zoom: \u2713<br \/>\nInstallazione su treppiede: \u2713<\/p>\n<\/div>\n<\/div>\n<\/div>\n<\/div>\n<\/div>\n<\/div>\n<\/div>\n<\/div>\n<\/div>\n<\/div>\n","protected":false},"excerpt":{"rendered":"<p><strong>Il monoculare Levenhuk Wise PRO 10&#215;50<\/strong> \u00e8 uno strumento ottico professionale con lente obiettivo da 50 mm, ottiche BaK-4 con rivestimento multistrato e impermeabilit\u00e0 IPx7. Il corpo riempito di azoto garantisce immagini nitide e antiappannamento in qualsiasi condizione atmosferica. Con messa a fuoco minima di 2 metri, \u00e8 utilizzabile anche in ambienti chiusi. Ideale per uscite didattiche, osservazione naturalistica e birdwatching con le classi. <strong>Acquistabile con il Buono Docente.<\/strong><\/p>\n","protected":false},"featured_media":52670,"comment_status":"open","ping_status":"closed","template":"","meta":[],"product_brand":[],"product_cat":[45,660,751],"product_tag":[434,55,775,691,667,773,770,778,776,666,777,774,780,779,772],"berocket_brand":[676],"class_list":{"0":"post-52657","1":"product","2":"type-product","3":"status-publish","4":"has-post-thumbnail","6":"product_cat-lenti-ingrandimento","7":"product_cat-levenhuk","8":"product_cat-monoculare","9":"product_tag-buono-docente","10":"product_tag-carta-del-docente","11":"product_tag-illuminatore-ir","12":"product_tag-levenhuk-halo-13x","13":"product_tag-materiale-didattico-scienze","14":"product_tag-monoculare-digitale-notturno","15":"product_tag-monoculare-su-treppiede","16":"product_tag-monoculare-video-full-hd","17":"product_tag-orienteering-scolastico","18":"product_tag-strumenti-ottici-scuola","19":"product_tag-uscite-notturne-didattiche","20":"product_tag-visione-notturna-con-registratore","21":"product_tag-visore-ir-300-metri","22":"product_tag-visore-notturno-compatto","23":"product_tag-visore-notturno-monoculare","24":"berocket_brand-levenhuk","26":"first","27":"instock","28":"taxable","29":"shipping-taxable","30":"purchasable","31":"product-type-simple"},"yoast_head":"<!-- This site is optimized with the Yoast SEO Premium plugin v27.3 (Yoast SEO v27.3) - https:\/\/yoast.com\/product\/yoast-seo-premium-wordpress\/ -->\n<title>Visore notturno monoculare digitale Levenhuk Halo 13X - Mathematicus<\/title>\n<meta name=\"description\" content=\"Levenhuk Halo 13X monoculare: visione notturna fino a 300m, foto 3MP, video Full HD, 10h autonomia. Per uscite didattiche. Acquistalo con il Buono Docente!\" \/>\n<meta name=\"robots\" content=\"index, follow, max-snippet:-1, max-image-preview:large, max-video-preview:-1\" \/>\n<link rel=\"canonical\" href=\"https:\/\/www.mathematicus.it\/en\/prodotto\/visore-notturno-monoculare-digitale-levenhuk-halo-13x\/\" \/>\n<meta property=\"og:locale\" content=\"en_US\" \/>\n<meta property=\"og:type\" content=\"article\" \/>\n<meta property=\"og:title\" content=\"Visore notturno monoculare digitale Levenhuk Halo 13X\" \/>\n<meta property=\"og:description\" content=\"Levenhuk Halo 13X monoculare: visione notturna fino a 300m, foto 3MP, video Full HD, 10h autonomia. Per uscite didattiche. Acquistalo con il Buono Docente!\" \/>\n<meta property=\"og:url\" content=\"https:\/\/www.mathematicus.it\/en\/prodotto\/visore-notturno-monoculare-digitale-levenhuk-halo-13x\/\" \/>\n<meta property=\"og:site_name\" content=\"Mathematicus\" \/>\n<meta property=\"article:publisher\" content=\"https:\/\/www.facebook.com\/mathematicusilgiocodellamatematica\" \/>\n<meta property=\"article:modified_time\" content=\"2026-02-28T10:19:49+00:00\" \/>\n<meta property=\"og:image\" content=\"https:\/\/www.mathematicus.it\/wp-content\/uploads\/2026\/02\/77665_levenhuk-halo-13x-dnv-monocular_00_500_30003081e03490ba38514d9c0ee981248fd2.webp\" \/>\n\t<meta property=\"og:image:width\" content=\"520\" \/>\n\t<meta property=\"og:image:height\" content=\"520\" \/>\n\t<meta property=\"og:image:type\" content=\"image\/webp\" \/>\n<meta name=\"twitter:card\" content=\"summary_large_image\" \/>\n<meta name=\"twitter:label1\" content=\"Price\" \/>\n\t<meta name=\"twitter:data1\" content=\"&euro;199.00\" \/>\n\t<meta name=\"twitter:label2\" content=\"Availability\" \/>\n\t<meta name=\"twitter:data2\" content=\"In stock\" \/>\n<script type=\"application\/ld+json\" class=\"yoast-schema-graph\">{\"@context\":\"https:\\\/\\\/schema.org\",\"@graph\":[{\"@type\":\"WebPage\",\"@id\":\"https:\\\/\\\/www.mathematicus.it\\\/en\\\/prodotto\\\/visore-notturno-monoculare-digitale-levenhuk-halo-13x\\\/\",\"url\":\"https:\\\/\\\/www.mathematicus.it\\\/en\\\/prodotto\\\/visore-notturno-monoculare-digitale-levenhuk-halo-13x\\\/\",\"name\":\"Visore notturno monoculare digitale Levenhuk Halo 13X - Mathematicus\",\"isPartOf\":{\"@id\":\"https:\\\/\\\/www.mathematicus.it\\\/en\\\/#website\"},\"primaryImageOfPage\":{\"@id\":\"https:\\\/\\\/www.mathematicus.it\\\/en\\\/prodotto\\\/visore-notturno-monoculare-digitale-levenhuk-halo-13x\\\/#primaryimage\"},\"image\":{\"@id\":\"https:\\\/\\\/www.mathematicus.it\\\/en\\\/prodotto\\\/visore-notturno-monoculare-digitale-levenhuk-halo-13x\\\/#primaryimage\"},\"thumbnailUrl\":\"https:\\\/\\\/i0.wp.com\\\/www.mathematicus.it\\\/wp-content\\\/uploads\\\/2026\\\/02\\\/77665_levenhuk-halo-13x-dnv-monocular_00_500_30003081e03490ba38514d9c0ee981248fd2.webp?fit=520%2C520&ssl=1\",\"datePublished\":\"2026-02-25T20:39:56+00:00\",\"dateModified\":\"2026-02-28T10:19:49+00:00\",\"description\":\"Levenhuk Halo 13X monoculare: visione notturna fino a 300m, foto 3MP, video Full HD, 10h autonomia. Per uscite didattiche. Acquistalo con il Buono Docente!\",\"breadcrumb\":{\"@id\":\"https:\\\/\\\/www.mathematicus.it\\\/en\\\/prodotto\\\/visore-notturno-monoculare-digitale-levenhuk-halo-13x\\\/#breadcrumb\"},\"inLanguage\":\"en-US\",\"potentialAction\":[{\"@type\":\"ReadAction\",\"target\":[\"https:\\\/\\\/www.mathematicus.it\\\/en\\\/prodotto\\\/visore-notturno-monoculare-digitale-levenhuk-halo-13x\\\/\"]}]},{\"@type\":\"ImageObject\",\"inLanguage\":\"en-US\",\"@id\":\"https:\\\/\\\/www.mathematicus.it\\\/en\\\/prodotto\\\/visore-notturno-monoculare-digitale-levenhuk-halo-13x\\\/#primaryimage\",\"url\":\"https:\\\/\\\/i0.wp.com\\\/www.mathematicus.it\\\/wp-content\\\/uploads\\\/2026\\\/02\\\/77665_levenhuk-halo-13x-dnv-monocular_00_500_30003081e03490ba38514d9c0ee981248fd2.webp?fit=520%2C520&ssl=1\",\"contentUrl\":\"https:\\\/\\\/i0.wp.com\\\/www.mathematicus.it\\\/wp-content\\\/uploads\\\/2026\\\/02\\\/77665_levenhuk-halo-13x-dnv-monocular_00_500_30003081e03490ba38514d9c0ee981248fd2.webp?fit=520%2C520&ssl=1\",\"width\":520,\"height\":520},{\"@type\":\"BreadcrumbList\",\"@id\":\"https:\\\/\\\/www.mathematicus.it\\\/en\\\/prodotto\\\/visore-notturno-monoculare-digitale-levenhuk-halo-13x\\\/#breadcrumb\",\"itemListElement\":[{\"@type\":\"ListItem\",\"position\":1,\"name\":\"Home\",\"item\":\"https:\\\/\\\/www.mathematicus.it\\\/en\\\/\"},{\"@type\":\"ListItem\",\"position\":2,\"name\":\"Shop\",\"item\":\"https:\\\/\\\/www.mathematicus.it\\\/negozio\\\/\"},{\"@type\":\"ListItem\",\"position\":3,\"name\":\"Visore notturno monoculare digitale Levenhuk Halo 13X\"}]},{\"@type\":\"WebSite\",\"@id\":\"https:\\\/\\\/www.mathematicus.it\\\/en\\\/#website\",\"url\":\"https:\\\/\\\/www.mathematicus.it\\\/en\\\/\",\"name\":\"Mathematicus\",\"description\":\"Il gioco della Matematica\",\"publisher\":{\"@id\":\"https:\\\/\\\/www.mathematicus.it\\\/en\\\/#organization\"},\"potentialAction\":[{\"@type\":\"SearchAction\",\"target\":{\"@type\":\"EntryPoint\",\"urlTemplate\":\"https:\\\/\\\/www.mathematicus.it\\\/en\\\/?s={search_term_string}\"},\"query-input\":{\"@type\":\"PropertyValueSpecification\",\"valueRequired\":true,\"valueName\":\"search_term_string\"}}],\"inLanguage\":\"en-US\"},{\"@type\":\"Organization\",\"@id\":\"https:\\\/\\\/www.mathematicus.it\\\/en\\\/#organization\",\"name\":\"Mathematicus\",\"url\":\"https:\\\/\\\/www.mathematicus.it\\\/en\\\/\",\"logo\":{\"@type\":\"ImageObject\",\"inLanguage\":\"en-US\",\"@id\":\"https:\\\/\\\/www.mathematicus.it\\\/en\\\/#\\\/schema\\\/logo\\\/image\\\/\",\"url\":\"https:\\\/\\\/i0.wp.com\\\/www.mathematicus.it\\\/wp-content\\\/uploads\\\/2020\\\/11\\\/logo.png?fit=500%2C49&ssl=1\",\"contentUrl\":\"https:\\\/\\\/i0.wp.com\\\/www.mathematicus.it\\\/wp-content\\\/uploads\\\/2020\\\/11\\\/logo.png?fit=500%2C49&ssl=1\",\"width\":500,\"height\":49,\"caption\":\"Mathematicus\"},\"image\":{\"@id\":\"https:\\\/\\\/www.mathematicus.it\\\/en\\\/#\\\/schema\\\/logo\\\/image\\\/\"},\"sameAs\":[\"https:\\\/\\\/www.facebook.com\\\/mathematicusilgiocodellamatematica\",\"https:\\\/\\\/www.instagram.com\\\/mathematicusgiocomatematica\\\/\",\"https:\\\/\\\/www.linkedin.com\\\/company\\\/94868880\",\"https:\\\/\\\/www.pinterest.it\\\/tomasobaj\\\/giochi-matematici\\\/\"]}]}<\/script>\n<meta property=\"product:brand\" content=\"Levenhuk\" \/>\n<meta property=\"product:price:amount\" content=\"199.00\" \/>\n<meta property=\"product:price:currency\" content=\"EUR\" \/>\n<meta property=\"og:availability\" content=\"instock\" \/>\n<meta property=\"product:availability\" content=\"instock\" \/>\n<meta property=\"product:retailer_item_id\" content=\"77665\" \/>\n<meta property=\"product:condition\" content=\"new\" \/>\n<!-- \/ Yoast SEO Premium plugin. -->","yoast_head_json":{"title":"Visore notturno monoculare digitale Levenhuk Halo 13X - Mathematicus","description":"Levenhuk Halo 13X monoculare: visione notturna fino a 300m, foto 3MP, video Full HD, 10h autonomia. Per uscite didattiche. Acquistalo con il Buono Docente!","robots":{"index":"index","follow":"follow","max-snippet":"max-snippet:-1","max-image-preview":"max-image-preview:large","max-video-preview":"max-video-preview:-1"},"canonical":"https:\/\/www.mathematicus.it\/en\/prodotto\/visore-notturno-monoculare-digitale-levenhuk-halo-13x\/","og_locale":"en_US","og_type":"article","og_title":"Visore notturno monoculare digitale Levenhuk Halo 13X","og_description":"Levenhuk Halo 13X monoculare: visione notturna fino a 300m, foto 3MP, video Full HD, 10h autonomia. Per uscite didattiche. Acquistalo con il Buono Docente!","og_url":"https:\/\/www.mathematicus.it\/en\/prodotto\/visore-notturno-monoculare-digitale-levenhuk-halo-13x\/","og_site_name":"Mathematicus","article_publisher":"https:\/\/www.facebook.com\/mathematicusilgiocodellamatematica","article_modified_time":"2026-02-28T10:19:49+00:00","og_image":[{"width":520,"height":520,"url":"https:\/\/www.mathematicus.it\/wp-content\/uploads\/2026\/02\/77665_levenhuk-halo-13x-dnv-monocular_00_500_30003081e03490ba38514d9c0ee981248fd2.webp","type":"image\/webp"}],"twitter_card":"summary_large_image","twitter_misc":{"Price":"&euro;199.00","Availability":"In stock"},"schema":{"@context":"https:\/\/schema.org","@graph":[{"@type":"WebPage","@id":"https:\/\/www.mathematicus.it\/en\/prodotto\/visore-notturno-monoculare-digitale-levenhuk-halo-13x\/","url":"https:\/\/www.mathematicus.it\/en\/prodotto\/visore-notturno-monoculare-digitale-levenhuk-halo-13x\/","name":"Visore notturno monoculare digitale Levenhuk Halo 13X - Mathematicus","isPartOf":{"@id":"https:\/\/www.mathematicus.it\/en\/#website"},"primaryImageOfPage":{"@id":"https:\/\/www.mathematicus.it\/en\/prodotto\/visore-notturno-monoculare-digitale-levenhuk-halo-13x\/#primaryimage"},"image":{"@id":"https:\/\/www.mathematicus.it\/en\/prodotto\/visore-notturno-monoculare-digitale-levenhuk-halo-13x\/#primaryimage"},"thumbnailUrl":"https:\/\/i0.wp.com\/www.mathematicus.it\/wp-content\/uploads\/2026\/02\/77665_levenhuk-halo-13x-dnv-monocular_00_500_30003081e03490ba38514d9c0ee981248fd2.webp?fit=520%2C520&ssl=1","datePublished":"2026-02-25T20:39:56+00:00","dateModified":"2026-02-28T10:19:49+00:00","description":"Levenhuk Halo 13X monoculare: visione notturna fino a 300m, foto 3MP, video Full HD, 10h autonomia. Per uscite didattiche. Acquistalo con il Buono Docente!","breadcrumb":{"@id":"https:\/\/www.mathematicus.it\/en\/prodotto\/visore-notturno-monoculare-digitale-levenhuk-halo-13x\/#breadcrumb"},"inLanguage":"en-US","potentialAction":[{"@type":"ReadAction","target":["https:\/\/www.mathematicus.it\/en\/prodotto\/visore-notturno-monoculare-digitale-levenhuk-halo-13x\/"]}]},{"@type":"ImageObject","inLanguage":"en-US","@id":"https:\/\/www.mathematicus.it\/en\/prodotto\/visore-notturno-monoculare-digitale-levenhuk-halo-13x\/#primaryimage","url":"https:\/\/i0.wp.com\/www.mathematicus.it\/wp-content\/uploads\/2026\/02\/77665_levenhuk-halo-13x-dnv-monocular_00_500_30003081e03490ba38514d9c0ee981248fd2.webp?fit=520%2C520&ssl=1","contentUrl":"https:\/\/i0.wp.com\/www.mathematicus.it\/wp-content\/uploads\/2026\/02\/77665_levenhuk-halo-13x-dnv-monocular_00_500_30003081e03490ba38514d9c0ee981248fd2.webp?fit=520%2C520&ssl=1","width":520,"height":520},{"@type":"BreadcrumbList","@id":"https:\/\/www.mathematicus.it\/en\/prodotto\/visore-notturno-monoculare-digitale-levenhuk-halo-13x\/#breadcrumb","itemListElement":[{"@type":"ListItem","position":1,"name":"Home","item":"https:\/\/www.mathematicus.it\/en\/"},{"@type":"ListItem","position":2,"name":"Shop","item":"https:\/\/www.mathematicus.it\/negozio\/"},{"@type":"ListItem","position":3,"name":"Visore notturno monoculare digitale Levenhuk Halo 13X"}]},{"@type":"WebSite","@id":"https:\/\/www.mathematicus.it\/en\/#website","url":"https:\/\/www.mathematicus.it\/en\/","name":"Mathematicus","description":"Il gioco della Matematica","publisher":{"@id":"https:\/\/www.mathematicus.it\/en\/#organization"},"potentialAction":[{"@type":"SearchAction","target":{"@type":"EntryPoint","urlTemplate":"https:\/\/www.mathematicus.it\/en\/?s={search_term_string}"},"query-input":{"@type":"PropertyValueSpecification","valueRequired":true,"valueName":"search_term_string"}}],"inLanguage":"en-US"},{"@type":"Organization","@id":"https:\/\/www.mathematicus.it\/en\/#organization","name":"Mathematicus","url":"https:\/\/www.mathematicus.it\/en\/","logo":{"@type":"ImageObject","inLanguage":"en-US","@id":"https:\/\/www.mathematicus.it\/en\/#\/schema\/logo\/image\/","url":"https:\/\/i0.wp.com\/www.mathematicus.it\/wp-content\/uploads\/2020\/11\/logo.png?fit=500%2C49&ssl=1","contentUrl":"https:\/\/i0.wp.com\/www.mathematicus.it\/wp-content\/uploads\/2020\/11\/logo.png?fit=500%2C49&ssl=1","width":500,"height":49,"caption":"Mathematicus"},"image":{"@id":"https:\/\/www.mathematicus.it\/en\/#\/schema\/logo\/image\/"},"sameAs":["https:\/\/www.facebook.com\/mathematicusilgiocodellamatematica","https:\/\/www.instagram.com\/mathematicusgiocomatematica\/","https:\/\/www.linkedin.com\/company\/94868880","https:\/\/www.pinterest.it\/tomasobaj\/giochi-matematici\/"]}]},"product_brand":"Levenhuk","product_price_amount":"199.00","product_price_currency":"EUR","og_availability":"instock","product_availability":"instock","product_retailer_item_id":"77665","product_condition":"new"},"jetpack_sharing_enabled":true,"_links":{"self":[{"href":"https:\/\/www.mathematicus.it\/en\/wp-json\/wp\/v2\/product\/52657","targetHints":{"allow":["GET"]}}],"collection":[{"href":"https:\/\/www.mathematicus.it\/en\/wp-json\/wp\/v2\/product"}],"about":[{"href":"https:\/\/www.mathematicus.it\/en\/wp-json\/wp\/v2\/types\/product"}],"replies":[{"embeddable":true,"href":"https:\/\/www.mathematicus.it\/en\/wp-json\/wp\/v2\/comments?post=52657"}],"wp:featuredmedia":[{"embeddable":true,"href":"https:\/\/www.mathematicus.it\/en\/wp-json\/wp\/v2\/media\/52670"}],"wp:attachment":[{"href":"https:\/\/www.mathematicus.it\/en\/wp-json\/wp\/v2\/media?parent=52657"}],"wp:term":[{"taxonomy":"product_brand","embeddable":true,"href":"https:\/\/www.mathematicus.it\/en\/wp-json\/wp\/v2\/product_brand?post=52657"},{"taxonomy":"product_cat","embeddable":true,"href":"https:\/\/www.mathematicus.it\/en\/wp-json\/wp\/v2\/product_cat?post=52657"},{"taxonomy":"product_tag","embeddable":true,"href":"https:\/\/www.mathematicus.it\/en\/wp-json\/wp\/v2\/product_tag?post=52657"},{"taxonomy":"berocket_brand","embeddable":true,"href":"https:\/\/www.mathematicus.it\/en\/wp-json\/wp\/v2\/berocket_brand?post=52657"}],"curies":[{"name":"wp","href":"https:\/\/api.w.org\/{rel}","templated":true}]}}