{"id":52626,"date":"2026-02-25T20:57:41","date_gmt":"2026-02-25T19:57:41","guid":{"rendered":"https:\/\/www.mathematicus.it\/?post_type=product&#038;p=52626"},"modified":"2026-02-27T19:26:54","modified_gmt":"2026-02-27T18:26:54","slug":"monoculare-levenhuk-wise-plus-10x42","status":"publish","type":"product","link":"https:\/\/www.mathematicus.it\/en\/prodotto\/monoculare-levenhuk-wise-plus-10x42\/","title":{"rendered":"Monoculare Levenhuk Wise PLUS 10&#215;42"},"content":{"rendered":"<div class=\"mb-48 pb-md-48\">\n<div id=\"product-description\" class=\"anchors__section row\">\n<div class=\"col-12 col-lg-8\">\n<div class=\"mb-48 pb-md-48\">\n<div id=\"product-description\" class=\"anchors__section row\">\n<div class=\"col-12 col-lg-8\">\n<h1 class=\"h5 fs-24 fs-md-50 mb-16\">Monoculare Levenhuk Wise PLUS 10&#215;42<\/h1>\n<\/div>\n<div class=\"wysiwyg wysiwyg_init\">\n<p>Vuoi vedere di pi\u00f9? Porta il monoculare Levenhuk Wise PLUS 10&#215;42 con te! Le sue dimensioni incredibilmente compatte indicano che si entra facilmente in tasca o in una piccola borsa. La potenza di ingrandimento di 10x \u00e8 sufficiente per osservare oggetti molto distanti, e l\u2019ampio campo visivo \u00e8 perfetto per le osservazioni panoramiche sul campo. Le lenti ad alta apertura producono immagini luminose e vivide anche al crepuscolo. Il monoculare Levenhuk Wise PLUS 10&#215;42 non teme il maltempo, n\u00e9 la pioggia n\u00e9 la nebbia ostacoleranno le tue osservazioni. Se stai camminando in citt\u00e0 o facendo escursioni, kayaking, avvistamenti di uccelli, qualsiasi cosa fai, il monoculare Levenhuk Wise PLUS 10&#215;42 ti porta pi\u00f9 gioia ed eccitazione!<br \/>\nIdeale per le uscite naturalistiche e Birdwatching<\/p>\n<p>Le ottiche del monoculare Levenhuk Wise PLUS 10&#215;42 sono superiori a quelle utilizzate dalle marche di binocoli pi\u00f9 importanti al mondo. Una lente dell\u2019obiettivo da 42 millimetri consente di ottenere immagini luminose, anche in condizioni di luce bassa. Le ottiche di questo monoculare sono in vetro BaK-4 di prima qualit\u00e0. Tutti gli elementi ottici hanno subito un trattamento FMC, ecco perch\u00e9 l\u2019immagine risultante \u00e8 cos\u00ec nitida e chiara, con grande resa cromatica. L\u2019involucro \u00e8 riempito di azoto, quindi gli elementi ottici non si appannano anche in improvvisi cambiamenti di temperatura. Il monoculare Levenhuk Wise PLUS 10&#215;42 crea immagini chiare in qualsiasi condizione!<\/p>\n<p>Il design monoculare permette un elevato livello di comfort durante le osservazioni. L\u2019oculare \u00e8 dotato di paraocchi in gomma morbida ergonomica, che arresta qualsiasi abbagliamento esterno (e pu\u00f2 anche essere rimosso facilmente quando non in uso). Il monoculare \u00e8 comodo da tenere in mano, oltre ad essere piacevole al tatto. Il comodo laccetto, rimovibile, pu\u00f2 essere regolato facilmente fino a raggiungere le dimensioni della mano. Il monoculare viene fornito in un\u2019elegante confezione regalo.<\/p>\n<p>Il monoculare Levenhuk Wise PLUS 10&#215;42 offre una lunga estrazione pupillare che rende le osservazioni estremamente comode, soprattutto per chi porta gli occhiali. L\u2019eccellente monoculare ad alta potenza \u00e8 compatto e facile da usare. Anche se non hai mai usato uno strumento ottico prima d\u2019ora, scoprirai come regolarlo e iniziare ad osservare. Cerca la guida dell\u2019utente nel kit per assisterti. Il monoculare Levenhuk Wise PLUS 10&#215;42 pu\u00f2 servire anche per osservare eventi sportivi, concerti o spettacoli. Puoi stare certo che vedrai tutto nei dettagli con il migliore monoculare Levenhuk Wise PLUS 10&#215;42 di grande potenza!<\/p>\n<h2><strong>Caratteristiche:<\/strong><\/h2>\n<ul>\n<li>Ottiche in vetro di alta qualit\u00e0<\/li>\n<li>Rivestimento multistrato<\/li>\n<li>Ampio campo visivo<\/li>\n<li>Paraocchi in gomma rimovibile<\/li>\n<li>Il riempimento di azoto per proteggere le ottiche dall\u2019appannamento<\/li>\n<li>Impermeabile<\/li>\n<li>Involucro rivestito in gomma per una presa salda<\/li>\n<\/ul>\n<h2><strong>Il kit comprende:<\/strong><\/h2>\n<ul>\n<li>Monoculare Levenhuk Wise PLUS 10&#215;42<\/li>\n<li>Coperchio per lente dell\u2019obiettivo<\/li>\n<li>Panno per la pulizia<\/li>\n<li>Tracolla<\/li>\n<li>Custodia<\/li>\n<li>Manuale dell\u2019utente e garanzia a vita<\/li>\n<\/ul>\n<p><strong><a href=\"https:\/\/www.mathematicus.it\/come-pagare-con-carta-docente-sul-sito-mathematicus\/\"><img data-recalc-dims=\"1\" decoding=\"async\" class=\"lazyload alignnone wp-image-2886\" src=\"https:\/\/i0.wp.com\/www.mathematicus.it\/wp-content\/uploads\/2024\/11\/Carta-del-docente-2.webp?resize=81%2C54&#038;ssl=1\" data-orig-src=\"https:\/\/www.mathematicus.it\/wp-content\/uploads\/2024\/11\/Carta-del-docente-2-300x200.webp\" alt=\"\" width=\"81\" height=\"54\" srcset=\"data:image\/svg+xml,%3Csvg%20xmlns%3D%27http%3A%2F%2Fwww.w3.org%2F2000%2Fsvg%27%20width%3D%2781%27%20height%3D%2754%27%20viewBox%3D%270%200%2081%2054%27%3E%3Crect%20width%3D%2781%27%20height%3D%2754%27%20fill-opacity%3D%220%22%2F%3E%3C%2Fsvg%3E\" data-srcset=\"https:\/\/i0.wp.com\/www.mathematicus.it\/wp-content\/uploads\/2024\/11\/Carta-del-docente-2.webp?resize=200%2C133&amp;ssl=1 200w, https:\/\/i0.wp.com\/www.mathematicus.it\/wp-content\/uploads\/2024\/11\/Carta-del-docente-2.webp?resize=300%2C200&amp;ssl=1 300w, https:\/\/i0.wp.com\/www.mathematicus.it\/wp-content\/uploads\/2024\/11\/Carta-del-docente-2.webp?resize=400%2C267&amp;ssl=1 400w, https:\/\/i0.wp.com\/www.mathematicus.it\/wp-content\/uploads\/2024\/11\/Carta-del-docente-2.webp?resize=500%2C333&amp;ssl=1 500w, https:\/\/i0.wp.com\/www.mathematicus.it\/wp-content\/uploads\/2024\/11\/Carta-del-docente-2.webp?resize=600%2C400&amp;ssl=1 600w, https:\/\/i0.wp.com\/www.mathematicus.it\/wp-content\/uploads\/2024\/11\/Carta-del-docente-2.webp?resize=700%2C467&amp;ssl=1 700w, https:\/\/i0.wp.com\/www.mathematicus.it\/wp-content\/uploads\/2024\/11\/Carta-del-docente-2.webp?resize=768%2C512&amp;ssl=1 768w, https:\/\/i0.wp.com\/www.mathematicus.it\/wp-content\/uploads\/2024\/11\/Carta-del-docente-2.webp?resize=800%2C533&amp;ssl=1 800w, https:\/\/i0.wp.com\/www.mathematicus.it\/wp-content\/uploads\/2024\/11\/Carta-del-docente-2.webp?resize=1024%2C683&amp;ssl=1 1024w, https:\/\/i0.wp.com\/www.mathematicus.it\/wp-content\/uploads\/2024\/11\/Carta-del-docente-2.webp?w=1200&amp;ssl=1 1200w\" data-sizes=\"auto\" data-orig-sizes=\"(max-width: 81px) 100vw, 81px\" \/><\/a><br \/>\nScopri come acquistare con la <a href=\"https:\/\/www.mathematicus.it\/acquista-giochi-didattici-e-strumenti-con-la-carta-del-docente\/\" target=\"_blank\" rel=\"noopener\">Carta del Docente<\/a><\/strong><\/p>\n<\/div>\n<\/div>\n<\/div>\n<div class=\"mb-48 pb-md-48\">\n<div id=\"product-specification\" class=\"anchors__section\">\n<h2 class=\"h5 fs-24 fs-md-50 mb-16 mb-md-32 pb-md-8\">Specifiche<\/h2>\n<p>ID prodotto: 67740<br \/>\nMarchio: Levenhuk Inc., USA<br \/>\nGaranzia: a vita<br \/>\nEAN: 5905555001807<br \/>\nDimensione confezione (LxPxH): 6x19x9 cm<br \/>\nPeso spedizione: 0.48 kg<br \/>\nIngrandimento, x: 10<br \/>\nDiametro lente obiettivo (apertura), mm: 42<br \/>\nMateriale delle ottiche: BaK-4<br \/>\nTrattamento lenti: completamente multirivestite<br \/>\nDiametro pupilla di uscita, mm: 4<br \/>\nDistanza degli occhi, mm: 13.6<br \/>\nSoglia di risoluzione, arcosecondi: 7<br \/>\nCampo visivo, \u00b0: 5.8<br \/>\nCampo visivo, m\/1000 m: 101.6<br \/>\nMinima distanza di messa a fuoco, m: 4<br \/>\nRegolazione diottrica dell\u2019oculare, diottrie: \u00b14<br \/>\nConchiglia oculare: gomma, rimovibile<br \/>\nCorpo: plastica<br \/>\nMateriale di riempimento del corpo: azoto<br \/>\nInstallazione su treppiede: \u2713<br \/>\nImpermeabile: \u2713<br \/>\nResistenza all\u2019umidit\u00e0: \u2713<br \/>\nDesign a chiusura ermetica: \u2713<br \/>\nRange temperature di funzionamento, \u00b0C: -15&#8230;+60<br \/>\nAdattabile a un treppiede: s\u00ec<br \/>\nSet con astuccio\/custodia\/borsa: astuccio<\/p>\n<\/div>\n<\/div>\n<\/div>\n<\/div>\n<\/div>\n","protected":false},"excerpt":{"rendered":"<p><strong>Il monoculare Levenhuk Wise PLUS 10&#215;42<\/strong> \u00e8 uno strumento ottico compatto e impermeabile con ingrandimento 10x, ottiche in vetro BaK-4 con trattamento FMC multistrato e corpo riempito di azoto antiappannamento. Leggero e tascabile, \u00e8 ideale per escursioni didattiche, birdwatching, osservazioni naturalistiche e uscite scolastiche sul campo. Dotato di paraocchi in gomma rimovibile, comodo anche per chi porta gli occhiali. <strong>Acquistabile con il Buono Docente.<\/strong><\/p>\n","protected":false},"featured_media":52627,"comment_status":"open","ping_status":"closed","template":"","meta":[],"product_brand":[],"product_cat":[45,660,751],"product_tag":[758,434,55,667,753,762,754,755,752,757,761,697,756,760,759],"berocket_brand":[676],"class_list":{"0":"post-52626","1":"product","2":"type-product","3":"status-publish","4":"has-post-thumbnail","6":"product_cat-lenti-ingrandimento","7":"product_cat-levenhuk","8":"product_cat-monoculare","9":"product_tag-birdwatching-scuola","10":"product_tag-buono-docente","11":"product_tag-carta-del-docente","12":"product_tag-materiale-didattico-scienze","13":"product_tag-monoculare-10x42","14":"product_tag-monoculare-antiappannamento","15":"product_tag-monoculare-compatto","16":"product_tag-monoculare-impermeabile","17":"product_tag-monoculare-levenhuk-wise-plus","18":"product_tag-monoculare-per-escursioni","19":"product_tag-monoculare-tascabile","20":"product_tag-osservazione-naturalistica","21":"product_tag-ottiche-bak-4","22":"product_tag-strumenti-ottici-insegnanti","23":"product_tag-uscite-didattiche","24":"berocket_brand-levenhuk","26":"first","27":"instock","28":"taxable","29":"shipping-taxable","30":"purchasable","31":"product-type-simple"},"yoast_head":"<!-- This site is optimized with the Yoast SEO Premium plugin v27.3 (Yoast SEO v27.3) - https:\/\/yoast.com\/product\/yoast-seo-premium-wordpress\/ -->\n<title>Monoculare Levenhuk Wise PLUS 10x42 - Mathematicus<\/title>\n<meta name=\"description\" content=\"Levenhuk Zeno Vizor H2: lente frontale con fascia, LED e ingrandimento 1,5x\u20138x. Mani libere per lavori di precisione e laboratorio. Acquistala con il Buono Docente!\" \/>\n<meta name=\"robots\" content=\"index, follow, max-snippet:-1, max-image-preview:large, max-video-preview:-1\" \/>\n<link rel=\"canonical\" href=\"https:\/\/www.mathematicus.it\/en\/prodotto\/monoculare-levenhuk-wise-plus-10x42\/\" \/>\n<meta property=\"og:locale\" content=\"en_US\" \/>\n<meta property=\"og:type\" content=\"article\" \/>\n<meta property=\"og:title\" content=\"Monoculare Levenhuk Wise PLUS 10x42\" \/>\n<meta property=\"og:description\" content=\"Levenhuk Zeno Vizor H2: lente frontale con fascia, LED e ingrandimento 1,5x\u20138x. Mani libere per lavori di precisione e laboratorio. Acquistala con il Buono Docente!\" \/>\n<meta property=\"og:url\" content=\"https:\/\/www.mathematicus.it\/en\/prodotto\/monoculare-levenhuk-wise-plus-10x42\/\" \/>\n<meta property=\"og:site_name\" content=\"Mathematicus\" \/>\n<meta property=\"article:publisher\" content=\"https:\/\/www.facebook.com\/mathematicusilgiocodellamatematica\" \/>\n<meta property=\"article:modified_time\" content=\"2026-02-27T18:26:54+00:00\" \/>\n<meta property=\"og:image\" content=\"https:\/\/www.mathematicus.it\/wp-content\/uploads\/2026\/02\/monocular-levenhuk-wise-plus-10x42_EvMlBFj_500_30008313d7571456a1de695cf9033f08f587.webp\" \/>\n\t<meta property=\"og:image:width\" content=\"500\" \/>\n\t<meta property=\"og:image:height\" content=\"500\" \/>\n\t<meta property=\"og:image:type\" content=\"image\/webp\" \/>\n<meta name=\"twitter:card\" content=\"summary_large_image\" \/>\n<meta name=\"twitter:label1\" content=\"Price\" \/>\n\t<meta name=\"twitter:data1\" content=\"&euro;95.00\" \/>\n\t<meta name=\"twitter:label2\" content=\"Availability\" \/>\n\t<meta name=\"twitter:data2\" content=\"In stock\" \/>\n<script type=\"application\/ld+json\" class=\"yoast-schema-graph\">{\"@context\":\"https:\\\/\\\/schema.org\",\"@graph\":[{\"@type\":\"WebPage\",\"@id\":\"https:\\\/\\\/www.mathematicus.it\\\/en\\\/prodotto\\\/monoculare-levenhuk-wise-plus-10x42\\\/\",\"url\":\"https:\\\/\\\/www.mathematicus.it\\\/en\\\/prodotto\\\/monoculare-levenhuk-wise-plus-10x42\\\/\",\"name\":\"Monoculare Levenhuk Wise PLUS 10x42 - Mathematicus\",\"isPartOf\":{\"@id\":\"https:\\\/\\\/www.mathematicus.it\\\/en\\\/#website\"},\"primaryImageOfPage\":{\"@id\":\"https:\\\/\\\/www.mathematicus.it\\\/en\\\/prodotto\\\/monoculare-levenhuk-wise-plus-10x42\\\/#primaryimage\"},\"image\":{\"@id\":\"https:\\\/\\\/www.mathematicus.it\\\/en\\\/prodotto\\\/monoculare-levenhuk-wise-plus-10x42\\\/#primaryimage\"},\"thumbnailUrl\":\"https:\\\/\\\/i0.wp.com\\\/www.mathematicus.it\\\/wp-content\\\/uploads\\\/2026\\\/02\\\/monocular-levenhuk-wise-plus-10x42_EvMlBFj_500_30008313d7571456a1de695cf9033f08f587.webp?fit=500%2C500&ssl=1\",\"datePublished\":\"2026-02-25T19:57:41+00:00\",\"dateModified\":\"2026-02-27T18:26:54+00:00\",\"description\":\"Levenhuk Zeno Vizor H2: lente frontale con fascia, LED e ingrandimento 1,5x\u20138x. Mani libere per lavori di precisione e laboratorio. Acquistala con il Buono Docente!\",\"breadcrumb\":{\"@id\":\"https:\\\/\\\/www.mathematicus.it\\\/en\\\/prodotto\\\/monoculare-levenhuk-wise-plus-10x42\\\/#breadcrumb\"},\"inLanguage\":\"en-US\",\"potentialAction\":[{\"@type\":\"ReadAction\",\"target\":[\"https:\\\/\\\/www.mathematicus.it\\\/en\\\/prodotto\\\/monoculare-levenhuk-wise-plus-10x42\\\/\"]}]},{\"@type\":\"ImageObject\",\"inLanguage\":\"en-US\",\"@id\":\"https:\\\/\\\/www.mathematicus.it\\\/en\\\/prodotto\\\/monoculare-levenhuk-wise-plus-10x42\\\/#primaryimage\",\"url\":\"https:\\\/\\\/i0.wp.com\\\/www.mathematicus.it\\\/wp-content\\\/uploads\\\/2026\\\/02\\\/monocular-levenhuk-wise-plus-10x42_EvMlBFj_500_30008313d7571456a1de695cf9033f08f587.webp?fit=500%2C500&ssl=1\",\"contentUrl\":\"https:\\\/\\\/i0.wp.com\\\/www.mathematicus.it\\\/wp-content\\\/uploads\\\/2026\\\/02\\\/monocular-levenhuk-wise-plus-10x42_EvMlBFj_500_30008313d7571456a1de695cf9033f08f587.webp?fit=500%2C500&ssl=1\",\"width\":500,\"height\":500},{\"@type\":\"BreadcrumbList\",\"@id\":\"https:\\\/\\\/www.mathematicus.it\\\/en\\\/prodotto\\\/monoculare-levenhuk-wise-plus-10x42\\\/#breadcrumb\",\"itemListElement\":[{\"@type\":\"ListItem\",\"position\":1,\"name\":\"Home\",\"item\":\"https:\\\/\\\/www.mathematicus.it\\\/en\\\/\"},{\"@type\":\"ListItem\",\"position\":2,\"name\":\"Shop\",\"item\":\"https:\\\/\\\/www.mathematicus.it\\\/negozio\\\/\"},{\"@type\":\"ListItem\",\"position\":3,\"name\":\"Monoculare Levenhuk Wise PLUS 10&#215;42\"}]},{\"@type\":\"WebSite\",\"@id\":\"https:\\\/\\\/www.mathematicus.it\\\/en\\\/#website\",\"url\":\"https:\\\/\\\/www.mathematicus.it\\\/en\\\/\",\"name\":\"Mathematicus\",\"description\":\"Il gioco della Matematica\",\"publisher\":{\"@id\":\"https:\\\/\\\/www.mathematicus.it\\\/en\\\/#organization\"},\"potentialAction\":[{\"@type\":\"SearchAction\",\"target\":{\"@type\":\"EntryPoint\",\"urlTemplate\":\"https:\\\/\\\/www.mathematicus.it\\\/en\\\/?s={search_term_string}\"},\"query-input\":{\"@type\":\"PropertyValueSpecification\",\"valueRequired\":true,\"valueName\":\"search_term_string\"}}],\"inLanguage\":\"en-US\"},{\"@type\":\"Organization\",\"@id\":\"https:\\\/\\\/www.mathematicus.it\\\/en\\\/#organization\",\"name\":\"Mathematicus\",\"url\":\"https:\\\/\\\/www.mathematicus.it\\\/en\\\/\",\"logo\":{\"@type\":\"ImageObject\",\"inLanguage\":\"en-US\",\"@id\":\"https:\\\/\\\/www.mathematicus.it\\\/en\\\/#\\\/schema\\\/logo\\\/image\\\/\",\"url\":\"https:\\\/\\\/i0.wp.com\\\/www.mathematicus.it\\\/wp-content\\\/uploads\\\/2020\\\/11\\\/logo.png?fit=500%2C49&ssl=1\",\"contentUrl\":\"https:\\\/\\\/i0.wp.com\\\/www.mathematicus.it\\\/wp-content\\\/uploads\\\/2020\\\/11\\\/logo.png?fit=500%2C49&ssl=1\",\"width\":500,\"height\":49,\"caption\":\"Mathematicus\"},\"image\":{\"@id\":\"https:\\\/\\\/www.mathematicus.it\\\/en\\\/#\\\/schema\\\/logo\\\/image\\\/\"},\"sameAs\":[\"https:\\\/\\\/www.facebook.com\\\/mathematicusilgiocodellamatematica\",\"https:\\\/\\\/www.instagram.com\\\/mathematicusgiocomatematica\\\/\",\"https:\\\/\\\/www.linkedin.com\\\/company\\\/94868880\",\"https:\\\/\\\/www.pinterest.it\\\/tomasobaj\\\/giochi-matematici\\\/\"]}]}<\/script>\n<meta property=\"product:brand\" content=\"Levenhuk\" \/>\n<meta property=\"product:price:amount\" content=\"95.00\" \/>\n<meta property=\"product:price:currency\" content=\"EUR\" \/>\n<meta property=\"og:availability\" content=\"instock\" \/>\n<meta property=\"product:availability\" content=\"instock\" \/>\n<meta property=\"product:retailer_item_id\" content=\"67740\" \/>\n<meta property=\"product:condition\" content=\"new\" \/>\n<!-- \/ Yoast SEO Premium plugin. -->","yoast_head_json":{"title":"Monoculare Levenhuk Wise PLUS 10x42 - Mathematicus","description":"Levenhuk Zeno Vizor H2: lente frontale con fascia, LED e ingrandimento 1,5x\u20138x. Mani libere per lavori di precisione e laboratorio. Acquistala con il Buono Docente!","robots":{"index":"index","follow":"follow","max-snippet":"max-snippet:-1","max-image-preview":"max-image-preview:large","max-video-preview":"max-video-preview:-1"},"canonical":"https:\/\/www.mathematicus.it\/en\/prodotto\/monoculare-levenhuk-wise-plus-10x42\/","og_locale":"en_US","og_type":"article","og_title":"Monoculare Levenhuk Wise PLUS 10x42","og_description":"Levenhuk Zeno Vizor H2: lente frontale con fascia, LED e ingrandimento 1,5x\u20138x. Mani libere per lavori di precisione e laboratorio. Acquistala con il Buono Docente!","og_url":"https:\/\/www.mathematicus.it\/en\/prodotto\/monoculare-levenhuk-wise-plus-10x42\/","og_site_name":"Mathematicus","article_publisher":"https:\/\/www.facebook.com\/mathematicusilgiocodellamatematica","article_modified_time":"2026-02-27T18:26:54+00:00","og_image":[{"width":500,"height":500,"url":"https:\/\/www.mathematicus.it\/wp-content\/uploads\/2026\/02\/monocular-levenhuk-wise-plus-10x42_EvMlBFj_500_30008313d7571456a1de695cf9033f08f587.webp","type":"image\/webp"}],"twitter_card":"summary_large_image","twitter_misc":{"Price":"&euro;95.00","Availability":"In stock"},"schema":{"@context":"https:\/\/schema.org","@graph":[{"@type":"WebPage","@id":"https:\/\/www.mathematicus.it\/en\/prodotto\/monoculare-levenhuk-wise-plus-10x42\/","url":"https:\/\/www.mathematicus.it\/en\/prodotto\/monoculare-levenhuk-wise-plus-10x42\/","name":"Monoculare Levenhuk Wise PLUS 10x42 - Mathematicus","isPartOf":{"@id":"https:\/\/www.mathematicus.it\/en\/#website"},"primaryImageOfPage":{"@id":"https:\/\/www.mathematicus.it\/en\/prodotto\/monoculare-levenhuk-wise-plus-10x42\/#primaryimage"},"image":{"@id":"https:\/\/www.mathematicus.it\/en\/prodotto\/monoculare-levenhuk-wise-plus-10x42\/#primaryimage"},"thumbnailUrl":"https:\/\/i0.wp.com\/www.mathematicus.it\/wp-content\/uploads\/2026\/02\/monocular-levenhuk-wise-plus-10x42_EvMlBFj_500_30008313d7571456a1de695cf9033f08f587.webp?fit=500%2C500&ssl=1","datePublished":"2026-02-25T19:57:41+00:00","dateModified":"2026-02-27T18:26:54+00:00","description":"Levenhuk Zeno Vizor H2: lente frontale con fascia, LED e ingrandimento 1,5x\u20138x. Mani libere per lavori di precisione e laboratorio. Acquistala con il Buono Docente!","breadcrumb":{"@id":"https:\/\/www.mathematicus.it\/en\/prodotto\/monoculare-levenhuk-wise-plus-10x42\/#breadcrumb"},"inLanguage":"en-US","potentialAction":[{"@type":"ReadAction","target":["https:\/\/www.mathematicus.it\/en\/prodotto\/monoculare-levenhuk-wise-plus-10x42\/"]}]},{"@type":"ImageObject","inLanguage":"en-US","@id":"https:\/\/www.mathematicus.it\/en\/prodotto\/monoculare-levenhuk-wise-plus-10x42\/#primaryimage","url":"https:\/\/i0.wp.com\/www.mathematicus.it\/wp-content\/uploads\/2026\/02\/monocular-levenhuk-wise-plus-10x42_EvMlBFj_500_30008313d7571456a1de695cf9033f08f587.webp?fit=500%2C500&ssl=1","contentUrl":"https:\/\/i0.wp.com\/www.mathematicus.it\/wp-content\/uploads\/2026\/02\/monocular-levenhuk-wise-plus-10x42_EvMlBFj_500_30008313d7571456a1de695cf9033f08f587.webp?fit=500%2C500&ssl=1","width":500,"height":500},{"@type":"BreadcrumbList","@id":"https:\/\/www.mathematicus.it\/en\/prodotto\/monoculare-levenhuk-wise-plus-10x42\/#breadcrumb","itemListElement":[{"@type":"ListItem","position":1,"name":"Home","item":"https:\/\/www.mathematicus.it\/en\/"},{"@type":"ListItem","position":2,"name":"Shop","item":"https:\/\/www.mathematicus.it\/negozio\/"},{"@type":"ListItem","position":3,"name":"Monoculare Levenhuk Wise PLUS 10&#215;42"}]},{"@type":"WebSite","@id":"https:\/\/www.mathematicus.it\/en\/#website","url":"https:\/\/www.mathematicus.it\/en\/","name":"Mathematicus","description":"Il gioco della Matematica","publisher":{"@id":"https:\/\/www.mathematicus.it\/en\/#organization"},"potentialAction":[{"@type":"SearchAction","target":{"@type":"EntryPoint","urlTemplate":"https:\/\/www.mathematicus.it\/en\/?s={search_term_string}"},"query-input":{"@type":"PropertyValueSpecification","valueRequired":true,"valueName":"search_term_string"}}],"inLanguage":"en-US"},{"@type":"Organization","@id":"https:\/\/www.mathematicus.it\/en\/#organization","name":"Mathematicus","url":"https:\/\/www.mathematicus.it\/en\/","logo":{"@type":"ImageObject","inLanguage":"en-US","@id":"https:\/\/www.mathematicus.it\/en\/#\/schema\/logo\/image\/","url":"https:\/\/i0.wp.com\/www.mathematicus.it\/wp-content\/uploads\/2020\/11\/logo.png?fit=500%2C49&ssl=1","contentUrl":"https:\/\/i0.wp.com\/www.mathematicus.it\/wp-content\/uploads\/2020\/11\/logo.png?fit=500%2C49&ssl=1","width":500,"height":49,"caption":"Mathematicus"},"image":{"@id":"https:\/\/www.mathematicus.it\/en\/#\/schema\/logo\/image\/"},"sameAs":["https:\/\/www.facebook.com\/mathematicusilgiocodellamatematica","https:\/\/www.instagram.com\/mathematicusgiocomatematica\/","https:\/\/www.linkedin.com\/company\/94868880","https:\/\/www.pinterest.it\/tomasobaj\/giochi-matematici\/"]}]},"product_brand":"Levenhuk","product_price_amount":"95.00","product_price_currency":"EUR","og_availability":"instock","product_availability":"instock","product_retailer_item_id":"67740","product_condition":"new"},"jetpack_sharing_enabled":true,"_links":{"self":[{"href":"https:\/\/www.mathematicus.it\/en\/wp-json\/wp\/v2\/product\/52626","targetHints":{"allow":["GET"]}}],"collection":[{"href":"https:\/\/www.mathematicus.it\/en\/wp-json\/wp\/v2\/product"}],"about":[{"href":"https:\/\/www.mathematicus.it\/en\/wp-json\/wp\/v2\/types\/product"}],"replies":[{"embeddable":true,"href":"https:\/\/www.mathematicus.it\/en\/wp-json\/wp\/v2\/comments?post=52626"}],"wp:featuredmedia":[{"embeddable":true,"href":"https:\/\/www.mathematicus.it\/en\/wp-json\/wp\/v2\/media\/52627"}],"wp:attachment":[{"href":"https:\/\/www.mathematicus.it\/en\/wp-json\/wp\/v2\/media?parent=52626"}],"wp:term":[{"taxonomy":"product_brand","embeddable":true,"href":"https:\/\/www.mathematicus.it\/en\/wp-json\/wp\/v2\/product_brand?post=52626"},{"taxonomy":"product_cat","embeddable":true,"href":"https:\/\/www.mathematicus.it\/en\/wp-json\/wp\/v2\/product_cat?post=52626"},{"taxonomy":"product_tag","embeddable":true,"href":"https:\/\/www.mathematicus.it\/en\/wp-json\/wp\/v2\/product_tag?post=52626"},{"taxonomy":"berocket_brand","embeddable":true,"href":"https:\/\/www.mathematicus.it\/en\/wp-json\/wp\/v2\/berocket_brand?post=52626"}],"curies":[{"name":"wp","href":"https:\/\/api.w.org\/{rel}","templated":true}]}}