{"id":52560,"date":"2026-02-22T11:15:06","date_gmt":"2026-02-22T10:15:06","guid":{"rendered":"https:\/\/www.mathematicus.it\/?post_type=product&#038;p=52560"},"modified":"2026-02-27T19:48:22","modified_gmt":"2026-02-27T18:48:22","slug":"astroplanetario-levenhuk-labzz-sp20","status":"publish","type":"product","link":"https:\/\/www.mathematicus.it\/en\/prodotto\/astroplanetario-levenhuk-labzz-sp20\/","title":{"rendered":"Astroplanetario Levenhuk LabZZ SP20"},"content":{"rendered":"<div class=\"mb-48 pb-md-48\">\n<div id=\"product-description\" class=\"anchors__section row\">\n<div class=\"col-12 col-lg-8\">\n<h1 class=\"h5 fs-24 fs-md-50 mb-16\">L\u2019astroplanetario bianco Levenhuk LabZZ SP20<\/h1>\n<\/div>\n<\/div>\n<div class=\"wysiwyg wysiwyg_init\">\n<p>L\u2019astroplanetario bianco Levenhuk LabZZ SP20 \u00e8 un proiettore a controllo remoto che si riveler\u00e0 un regalo perfetto per gli appassionati dello spazio di tutte le et\u00e0. Il astroplanetario offre proiezioni LED e laser e riproduce immagini colorate di stelle e nebulose. Il suo design innovativo si abbiner\u00e0 perfettamente a qualsiasi parte dell\u2019arredamento casalingo. Questo strumento \u00e8 multifunzione ed \u00e8 quindi utile non solo a creare un\u2019atmosfera a tema cosmico nella propria camera da letto, ma anche per l\u2019uso su set fotografici o per girare video creativi alla luce del cielo stellato.<\/p>\n<p>\u00c8 possibile ottenere il massimo in termini di nitidezza e contrasto dell\u2019immagine proiettando a una distanza di 1,5\u20132 metri dal soffitto o dalla parete con tende o infissi chiusi. Si pu\u00f2 proiettare anche su pareti dai colori chiari. La luminosit\u00e0 dell\u2019immagine \u00e8 regolabile. Uno dei vantaggi del astroplanetario \u00e8 la funzione d controllo remoto, accompagnata da un telecomando alimentato a batterie (non incluse). \u00c8 presente un\u2019opzione aggiuntiva per il controllo del movimento dell\u2019immagine.<\/p>\n<\/div>\n<\/div>\n<p><iframe \n  class=\"video-responsive\"\n  title=\"Levenhuk Zeno Vizor HR6 Head Rechargeable Magnifier \u2013 Promotional Video\"\n  src=\"https:\/\/www.youtube.com\/embed\/qN-SaLfoSWc\"\n  frameborder=\"0\"\n  allowfullscreen><br \/>\n<\/iframe><\/p>\n<h3><\/h3>\n<div id=\"product-description\" class=\"anchors__section row\">\n<div class=\"wysiwyg wysiwyg_init\">\n<h3><\/h3>\n<h3><strong>Caratteristiche chiave:<\/strong><\/h3>\n<ul>\n<li>Proiettore a colori del cielo notturno: atmosfera cosmica per il relax e il divertimento<\/li>\n<li>Proiezione laser e LED di stelle e nebulose<\/li>\n<li>Controllo del movimento e della luminosit\u00e0<\/li>\n<li>Telecomando incluso<\/li>\n<\/ul>\n<h3><strong>Il kit comprende:<\/strong><\/h3>\n<ul>\n<li>Astroplanetario<\/li>\n<li>Telecomando<\/li>\n<li>Adattatore AC<\/li>\n<li>Manuale utente e certificato di garanzia<\/li>\n<\/ul>\n<\/div>\n<\/div>\n<p><strong><a href=\"https:\/\/www.mathematicus.it\/come-pagare-con-carta-docente-sul-sito-mathematicus\/\"><img data-recalc-dims=\"1\" decoding=\"async\" class=\"lazyload alignnone wp-image-2886\" src=\"https:\/\/i0.wp.com\/www.mathematicus.it\/wp-content\/uploads\/2024\/11\/Carta-del-docente-2.webp?resize=81%2C54&#038;ssl=1\" data-orig-src=\"https:\/\/www.mathematicus.it\/wp-content\/uploads\/2024\/11\/Carta-del-docente-2-300x200.webp\" alt=\"\" width=\"81\" height=\"54\" srcset=\"data:image\/svg+xml,%3Csvg%20xmlns%3D%27http%3A%2F%2Fwww.w3.org%2F2000%2Fsvg%27%20width%3D%2781%27%20height%3D%2754%27%20viewBox%3D%270%200%2081%2054%27%3E%3Crect%20width%3D%2781%27%20height%3D%2754%27%20fill-opacity%3D%220%22%2F%3E%3C%2Fsvg%3E\" data-srcset=\"https:\/\/i0.wp.com\/www.mathematicus.it\/wp-content\/uploads\/2024\/11\/Carta-del-docente-2.webp?resize=200%2C133&amp;ssl=1 200w, https:\/\/i0.wp.com\/www.mathematicus.it\/wp-content\/uploads\/2024\/11\/Carta-del-docente-2.webp?resize=300%2C200&amp;ssl=1 300w, https:\/\/i0.wp.com\/www.mathematicus.it\/wp-content\/uploads\/2024\/11\/Carta-del-docente-2.webp?resize=400%2C267&amp;ssl=1 400w, https:\/\/i0.wp.com\/www.mathematicus.it\/wp-content\/uploads\/2024\/11\/Carta-del-docente-2.webp?resize=500%2C333&amp;ssl=1 500w, https:\/\/i0.wp.com\/www.mathematicus.it\/wp-content\/uploads\/2024\/11\/Carta-del-docente-2.webp?resize=600%2C400&amp;ssl=1 600w, https:\/\/i0.wp.com\/www.mathematicus.it\/wp-content\/uploads\/2024\/11\/Carta-del-docente-2.webp?resize=700%2C467&amp;ssl=1 700w, https:\/\/i0.wp.com\/www.mathematicus.it\/wp-content\/uploads\/2024\/11\/Carta-del-docente-2.webp?resize=768%2C512&amp;ssl=1 768w, https:\/\/i0.wp.com\/www.mathematicus.it\/wp-content\/uploads\/2024\/11\/Carta-del-docente-2.webp?resize=800%2C533&amp;ssl=1 800w, https:\/\/i0.wp.com\/www.mathematicus.it\/wp-content\/uploads\/2024\/11\/Carta-del-docente-2.webp?resize=1024%2C683&amp;ssl=1 1024w, https:\/\/i0.wp.com\/www.mathematicus.it\/wp-content\/uploads\/2024\/11\/Carta-del-docente-2.webp?w=1200&amp;ssl=1 1200w\" data-sizes=\"auto\" data-orig-sizes=\"(max-width: 81px) 100vw, 81px\" \/><\/a><br \/>\nScopri come acquistare con la <a href=\"https:\/\/www.mathematicus.it\/acquista-giochi-didattici-e-strumenti-con-la-carta-del-docente\/\" target=\"_blank\" rel=\"noopener\">Carta del Docente<\/a><\/strong><\/p>\n<div class=\"mb-48 pb-md-48\">\n<div id=\"product-specification\" class=\"anchors__section\">\n<h1 class=\"h5 fs-24 fs-md-50 mb-16 mb-md-32 pb-md-8\">Specifiche<\/h1>\n<\/div>\n<\/div>\n<p>ID prodotto: 78769<br \/>\nMarchio: Levenhuk Inc., USA<br \/>\nGaranzia: a vita<br \/>\nEAN: 5905555011721<br \/>\nDimensione confezione (LxPxH): 24x17x10 cm<br \/>\nPeso spedizione: 0.86 kg<br \/>\nTipo di proiezione: statica, dinamica<br \/>\nDistanza di proiezione ottimale, m: 1.5 \u2014 2<br \/>\nArea di proiezione, mq: fino a 50<br \/>\nModalit\u00e0: cielo stellato, nebulose<br \/>\nParametri regolabili: luminosit\u00e0 e movimento della proiezione<br \/>\nTelecomando: s\u00ec, telecomando incluso<br \/>\nAlimentazione: astroplanetario: adattatore AC, 5 V, 1 A (incluso), telecomando: batterie AAA \u2013 2 pz. (non incluse)<br \/>\nTipo di sorgente luminosa: LED, laser a 523 nm<br \/>\nCorpo: plastica<\/p>\n","protected":false},"excerpt":{"rendered":"<p>L&#8217;<strong>astroplanetario Levenhuk LabZZ SP20<\/strong> \u00e8 un proiettore LED e laser del cielo notturno con telecomando, che<strong> riproduce stelle e nebulose a colori su soffitti e pareti fino a 50 m\u00b2<\/strong>. Con<strong> proiezione statica e dinamica<\/strong>, luminosit\u00e0 regolabile e design elegante, \u00e8 lo strumento ideale per avvicinare gli studenti all&#8217;astronomia in modo coinvolgente e spettacolare. <strong>Acquistabile con il Buono Docente.<\/strong><\/p>\n","protected":false},"featured_media":52569,"comment_status":"open","ping_status":"closed","template":"","meta":[],"product_brand":[],"product_cat":[714,416,660,297],"product_tag":[723,715,434,55,717,667,719,726,721,725,718,722,716,724,720],"berocket_brand":[676],"class_list":{"0":"post-52560","1":"product","2":"type-product","3":"status-publish","4":"has-post-thumbnail","6":"product_cat-astroplanetario","7":"product_cat-carta-del-docente","8":"product_cat-levenhuk","9":"product_cat-strumenti-didattici","10":"product_tag-astronomia-scuola","11":"product_tag-astroplanetario","12":"product_tag-buono-docente","13":"product_tag-carta-del-docente","14":"product_tag-levenhuk-labzz-sp20","15":"product_tag-materiale-didattico-scienze","16":"product_tag-nebulose-colorate","17":"product_tag-planetario-con-telecomando","18":"product_tag-planetario-per-bambini","19":"product_tag-proiettore-camera-da-letto","20":"product_tag-proiettore-cielo-notturno","21":"product_tag-proiettore-laser-led","22":"product_tag-proiettore-stelle","23":"product_tag-regalo-spazio","24":"product_tag-strumenti-didattici-astronomia","25":"berocket_brand-levenhuk","27":"first","28":"instock","29":"taxable","30":"shipping-taxable","31":"purchasable","32":"product-type-simple"},"yoast_head":"<!-- This site is optimized with the Yoast SEO Premium plugin v27.3 (Yoast SEO v27.3) - https:\/\/yoast.com\/product\/yoast-seo-premium-wordpress\/ -->\n<title>Astroplanetario Levenhuk LabZZ SP20 - Mathematicus<\/title>\n<meta name=\"description\" content=\"Levenhuk LabZZ SP20: proiettore stelle e nebulose LED e laser con telecomando. Ideale per la didattica astronomia. Acquistalo con il Buono Docente!\" \/>\n<meta name=\"robots\" content=\"index, follow, max-snippet:-1, max-image-preview:large, max-video-preview:-1\" \/>\n<link rel=\"canonical\" href=\"https:\/\/www.mathematicus.it\/en\/prodotto\/astroplanetario-levenhuk-labzz-sp20\/\" \/>\n<meta property=\"og:locale\" content=\"en_US\" \/>\n<meta property=\"og:type\" content=\"article\" \/>\n<meta property=\"og:title\" content=\"Astroplanetario Levenhuk LabZZ SP20\" \/>\n<meta property=\"og:description\" content=\"Levenhuk LabZZ SP20: proiettore stelle e nebulose LED e laser con telecomando. Ideale per la didattica astronomia. Acquistalo con il Buono Docente!\" \/>\n<meta property=\"og:url\" content=\"https:\/\/www.mathematicus.it\/en\/prodotto\/astroplanetario-levenhuk-labzz-sp20\/\" \/>\n<meta property=\"og:site_name\" content=\"Mathematicus\" \/>\n<meta property=\"article:publisher\" content=\"https:\/\/www.facebook.com\/mathematicusilgiocodellamatematica\" \/>\n<meta property=\"article:modified_time\" content=\"2026-02-27T18:48:22+00:00\" \/>\n<meta property=\"og:image\" content=\"https:\/\/www.mathematicus.it\/wp-content\/uploads\/2026\/02\/Astroplanetario-Levenhuk-LabZZ-SP20-78768_Cover-scaled.webp\" \/>\n\t<meta property=\"og:image:width\" content=\"2560\" \/>\n\t<meta property=\"og:image:height\" content=\"2560\" \/>\n\t<meta property=\"og:image:type\" content=\"image\/webp\" \/>\n<meta name=\"twitter:card\" content=\"summary_large_image\" \/>\n<meta name=\"twitter:label1\" content=\"Price\" \/>\n\t<meta name=\"twitter:data1\" content=\"&euro;95.00\" \/>\n\t<meta name=\"twitter:label2\" content=\"Availability\" \/>\n\t<meta name=\"twitter:data2\" content=\"In stock\" \/>\n<script type=\"application\/ld+json\" class=\"yoast-schema-graph\">{\"@context\":\"https:\\\/\\\/schema.org\",\"@graph\":[{\"@type\":\"WebPage\",\"@id\":\"https:\\\/\\\/www.mathematicus.it\\\/en\\\/prodotto\\\/astroplanetario-levenhuk-labzz-sp20\\\/\",\"url\":\"https:\\\/\\\/www.mathematicus.it\\\/en\\\/prodotto\\\/astroplanetario-levenhuk-labzz-sp20\\\/\",\"name\":\"Astroplanetario Levenhuk LabZZ SP20 - Mathematicus\",\"isPartOf\":{\"@id\":\"https:\\\/\\\/www.mathematicus.it\\\/en\\\/#website\"},\"primaryImageOfPage\":{\"@id\":\"https:\\\/\\\/www.mathematicus.it\\\/en\\\/prodotto\\\/astroplanetario-levenhuk-labzz-sp20\\\/#primaryimage\"},\"image\":{\"@id\":\"https:\\\/\\\/www.mathematicus.it\\\/en\\\/prodotto\\\/astroplanetario-levenhuk-labzz-sp20\\\/#primaryimage\"},\"thumbnailUrl\":\"https:\\\/\\\/i0.wp.com\\\/www.mathematicus.it\\\/wp-content\\\/uploads\\\/2026\\\/02\\\/Astroplanetario-Levenhuk-LabZZ-SP20-78768_Cover-scaled.webp?fit=2560%2C2560&ssl=1\",\"datePublished\":\"2026-02-22T10:15:06+00:00\",\"dateModified\":\"2026-02-27T18:48:22+00:00\",\"description\":\"Levenhuk LabZZ SP20: proiettore stelle e nebulose LED e laser con telecomando. Ideale per la didattica astronomia. Acquistalo con il Buono Docente!\",\"breadcrumb\":{\"@id\":\"https:\\\/\\\/www.mathematicus.it\\\/en\\\/prodotto\\\/astroplanetario-levenhuk-labzz-sp20\\\/#breadcrumb\"},\"inLanguage\":\"en-US\",\"potentialAction\":[{\"@type\":\"ReadAction\",\"target\":[\"https:\\\/\\\/www.mathematicus.it\\\/en\\\/prodotto\\\/astroplanetario-levenhuk-labzz-sp20\\\/\"]}]},{\"@type\":\"ImageObject\",\"inLanguage\":\"en-US\",\"@id\":\"https:\\\/\\\/www.mathematicus.it\\\/en\\\/prodotto\\\/astroplanetario-levenhuk-labzz-sp20\\\/#primaryimage\",\"url\":\"https:\\\/\\\/i0.wp.com\\\/www.mathematicus.it\\\/wp-content\\\/uploads\\\/2026\\\/02\\\/Astroplanetario-Levenhuk-LabZZ-SP20-78768_Cover-scaled.webp?fit=2560%2C2560&ssl=1\",\"contentUrl\":\"https:\\\/\\\/i0.wp.com\\\/www.mathematicus.it\\\/wp-content\\\/uploads\\\/2026\\\/02\\\/Astroplanetario-Levenhuk-LabZZ-SP20-78768_Cover-scaled.webp?fit=2560%2C2560&ssl=1\",\"width\":2560,\"height\":2560},{\"@type\":\"BreadcrumbList\",\"@id\":\"https:\\\/\\\/www.mathematicus.it\\\/en\\\/prodotto\\\/astroplanetario-levenhuk-labzz-sp20\\\/#breadcrumb\",\"itemListElement\":[{\"@type\":\"ListItem\",\"position\":1,\"name\":\"Home\",\"item\":\"https:\\\/\\\/www.mathematicus.it\\\/en\\\/\"},{\"@type\":\"ListItem\",\"position\":2,\"name\":\"Shop\",\"item\":\"https:\\\/\\\/www.mathematicus.it\\\/negozio\\\/\"},{\"@type\":\"ListItem\",\"position\":3,\"name\":\"Astroplanetario Levenhuk LabZZ SP20\"}]},{\"@type\":\"WebSite\",\"@id\":\"https:\\\/\\\/www.mathematicus.it\\\/en\\\/#website\",\"url\":\"https:\\\/\\\/www.mathematicus.it\\\/en\\\/\",\"name\":\"Mathematicus\",\"description\":\"Il gioco della Matematica\",\"publisher\":{\"@id\":\"https:\\\/\\\/www.mathematicus.it\\\/en\\\/#organization\"},\"potentialAction\":[{\"@type\":\"SearchAction\",\"target\":{\"@type\":\"EntryPoint\",\"urlTemplate\":\"https:\\\/\\\/www.mathematicus.it\\\/en\\\/?s={search_term_string}\"},\"query-input\":{\"@type\":\"PropertyValueSpecification\",\"valueRequired\":true,\"valueName\":\"search_term_string\"}}],\"inLanguage\":\"en-US\"},{\"@type\":\"Organization\",\"@id\":\"https:\\\/\\\/www.mathematicus.it\\\/en\\\/#organization\",\"name\":\"Mathematicus\",\"url\":\"https:\\\/\\\/www.mathematicus.it\\\/en\\\/\",\"logo\":{\"@type\":\"ImageObject\",\"inLanguage\":\"en-US\",\"@id\":\"https:\\\/\\\/www.mathematicus.it\\\/en\\\/#\\\/schema\\\/logo\\\/image\\\/\",\"url\":\"https:\\\/\\\/i0.wp.com\\\/www.mathematicus.it\\\/wp-content\\\/uploads\\\/2020\\\/11\\\/logo.png?fit=500%2C49&ssl=1\",\"contentUrl\":\"https:\\\/\\\/i0.wp.com\\\/www.mathematicus.it\\\/wp-content\\\/uploads\\\/2020\\\/11\\\/logo.png?fit=500%2C49&ssl=1\",\"width\":500,\"height\":49,\"caption\":\"Mathematicus\"},\"image\":{\"@id\":\"https:\\\/\\\/www.mathematicus.it\\\/en\\\/#\\\/schema\\\/logo\\\/image\\\/\"},\"sameAs\":[\"https:\\\/\\\/www.facebook.com\\\/mathematicusilgiocodellamatematica\",\"https:\\\/\\\/www.instagram.com\\\/mathematicusgiocomatematica\\\/\",\"https:\\\/\\\/www.linkedin.com\\\/company\\\/94868880\",\"https:\\\/\\\/www.pinterest.it\\\/tomasobaj\\\/giochi-matematici\\\/\"]}]}<\/script>\n<meta property=\"product:brand\" content=\"Carta del docente\" \/>\n<meta property=\"product:price:amount\" content=\"95.00\" \/>\n<meta property=\"product:price:currency\" content=\"EUR\" \/>\n<meta property=\"og:availability\" content=\"instock\" \/>\n<meta property=\"product:availability\" content=\"instock\" \/>\n<meta property=\"product:retailer_item_id\" content=\"78769\" \/>\n<meta property=\"product:condition\" content=\"new\" \/>\n<!-- \/ Yoast SEO Premium plugin. -->","yoast_head_json":{"title":"Astroplanetario Levenhuk LabZZ SP20 - Mathematicus","description":"Levenhuk LabZZ SP20: proiettore stelle e nebulose LED e laser con telecomando. Ideale per la didattica astronomia. Acquistalo con il Buono Docente!","robots":{"index":"index","follow":"follow","max-snippet":"max-snippet:-1","max-image-preview":"max-image-preview:large","max-video-preview":"max-video-preview:-1"},"canonical":"https:\/\/www.mathematicus.it\/en\/prodotto\/astroplanetario-levenhuk-labzz-sp20\/","og_locale":"en_US","og_type":"article","og_title":"Astroplanetario Levenhuk LabZZ SP20","og_description":"Levenhuk LabZZ SP20: proiettore stelle e nebulose LED e laser con telecomando. Ideale per la didattica astronomia. Acquistalo con il Buono Docente!","og_url":"https:\/\/www.mathematicus.it\/en\/prodotto\/astroplanetario-levenhuk-labzz-sp20\/","og_site_name":"Mathematicus","article_publisher":"https:\/\/www.facebook.com\/mathematicusilgiocodellamatematica","article_modified_time":"2026-02-27T18:48:22+00:00","og_image":[{"width":2560,"height":2560,"url":"https:\/\/www.mathematicus.it\/wp-content\/uploads\/2026\/02\/Astroplanetario-Levenhuk-LabZZ-SP20-78768_Cover-scaled.webp","type":"image\/webp"}],"twitter_card":"summary_large_image","twitter_misc":{"Price":"&euro;95.00","Availability":"In stock"},"schema":{"@context":"https:\/\/schema.org","@graph":[{"@type":"WebPage","@id":"https:\/\/www.mathematicus.it\/en\/prodotto\/astroplanetario-levenhuk-labzz-sp20\/","url":"https:\/\/www.mathematicus.it\/en\/prodotto\/astroplanetario-levenhuk-labzz-sp20\/","name":"Astroplanetario Levenhuk LabZZ SP20 - Mathematicus","isPartOf":{"@id":"https:\/\/www.mathematicus.it\/en\/#website"},"primaryImageOfPage":{"@id":"https:\/\/www.mathematicus.it\/en\/prodotto\/astroplanetario-levenhuk-labzz-sp20\/#primaryimage"},"image":{"@id":"https:\/\/www.mathematicus.it\/en\/prodotto\/astroplanetario-levenhuk-labzz-sp20\/#primaryimage"},"thumbnailUrl":"https:\/\/i0.wp.com\/www.mathematicus.it\/wp-content\/uploads\/2026\/02\/Astroplanetario-Levenhuk-LabZZ-SP20-78768_Cover-scaled.webp?fit=2560%2C2560&ssl=1","datePublished":"2026-02-22T10:15:06+00:00","dateModified":"2026-02-27T18:48:22+00:00","description":"Levenhuk LabZZ SP20: proiettore stelle e nebulose LED e laser con telecomando. Ideale per la didattica astronomia. Acquistalo con il Buono Docente!","breadcrumb":{"@id":"https:\/\/www.mathematicus.it\/en\/prodotto\/astroplanetario-levenhuk-labzz-sp20\/#breadcrumb"},"inLanguage":"en-US","potentialAction":[{"@type":"ReadAction","target":["https:\/\/www.mathematicus.it\/en\/prodotto\/astroplanetario-levenhuk-labzz-sp20\/"]}]},{"@type":"ImageObject","inLanguage":"en-US","@id":"https:\/\/www.mathematicus.it\/en\/prodotto\/astroplanetario-levenhuk-labzz-sp20\/#primaryimage","url":"https:\/\/i0.wp.com\/www.mathematicus.it\/wp-content\/uploads\/2026\/02\/Astroplanetario-Levenhuk-LabZZ-SP20-78768_Cover-scaled.webp?fit=2560%2C2560&ssl=1","contentUrl":"https:\/\/i0.wp.com\/www.mathematicus.it\/wp-content\/uploads\/2026\/02\/Astroplanetario-Levenhuk-LabZZ-SP20-78768_Cover-scaled.webp?fit=2560%2C2560&ssl=1","width":2560,"height":2560},{"@type":"BreadcrumbList","@id":"https:\/\/www.mathematicus.it\/en\/prodotto\/astroplanetario-levenhuk-labzz-sp20\/#breadcrumb","itemListElement":[{"@type":"ListItem","position":1,"name":"Home","item":"https:\/\/www.mathematicus.it\/en\/"},{"@type":"ListItem","position":2,"name":"Shop","item":"https:\/\/www.mathematicus.it\/negozio\/"},{"@type":"ListItem","position":3,"name":"Astroplanetario Levenhuk LabZZ SP20"}]},{"@type":"WebSite","@id":"https:\/\/www.mathematicus.it\/en\/#website","url":"https:\/\/www.mathematicus.it\/en\/","name":"Mathematicus","description":"Il gioco della Matematica","publisher":{"@id":"https:\/\/www.mathematicus.it\/en\/#organization"},"potentialAction":[{"@type":"SearchAction","target":{"@type":"EntryPoint","urlTemplate":"https:\/\/www.mathematicus.it\/en\/?s={search_term_string}"},"query-input":{"@type":"PropertyValueSpecification","valueRequired":true,"valueName":"search_term_string"}}],"inLanguage":"en-US"},{"@type":"Organization","@id":"https:\/\/www.mathematicus.it\/en\/#organization","name":"Mathematicus","url":"https:\/\/www.mathematicus.it\/en\/","logo":{"@type":"ImageObject","inLanguage":"en-US","@id":"https:\/\/www.mathematicus.it\/en\/#\/schema\/logo\/image\/","url":"https:\/\/i0.wp.com\/www.mathematicus.it\/wp-content\/uploads\/2020\/11\/logo.png?fit=500%2C49&ssl=1","contentUrl":"https:\/\/i0.wp.com\/www.mathematicus.it\/wp-content\/uploads\/2020\/11\/logo.png?fit=500%2C49&ssl=1","width":500,"height":49,"caption":"Mathematicus"},"image":{"@id":"https:\/\/www.mathematicus.it\/en\/#\/schema\/logo\/image\/"},"sameAs":["https:\/\/www.facebook.com\/mathematicusilgiocodellamatematica","https:\/\/www.instagram.com\/mathematicusgiocomatematica\/","https:\/\/www.linkedin.com\/company\/94868880","https:\/\/www.pinterest.it\/tomasobaj\/giochi-matematici\/"]}]},"product_brand":"Carta del docente","product_price_amount":"95.00","product_price_currency":"EUR","og_availability":"instock","product_availability":"instock","product_retailer_item_id":"78769","product_condition":"new"},"jetpack_sharing_enabled":true,"_links":{"self":[{"href":"https:\/\/www.mathematicus.it\/en\/wp-json\/wp\/v2\/product\/52560","targetHints":{"allow":["GET"]}}],"collection":[{"href":"https:\/\/www.mathematicus.it\/en\/wp-json\/wp\/v2\/product"}],"about":[{"href":"https:\/\/www.mathematicus.it\/en\/wp-json\/wp\/v2\/types\/product"}],"replies":[{"embeddable":true,"href":"https:\/\/www.mathematicus.it\/en\/wp-json\/wp\/v2\/comments?post=52560"}],"wp:featuredmedia":[{"embeddable":true,"href":"https:\/\/www.mathematicus.it\/en\/wp-json\/wp\/v2\/media\/52569"}],"wp:attachment":[{"href":"https:\/\/www.mathematicus.it\/en\/wp-json\/wp\/v2\/media?parent=52560"}],"wp:term":[{"taxonomy":"product_brand","embeddable":true,"href":"https:\/\/www.mathematicus.it\/en\/wp-json\/wp\/v2\/product_brand?post=52560"},{"taxonomy":"product_cat","embeddable":true,"href":"https:\/\/www.mathematicus.it\/en\/wp-json\/wp\/v2\/product_cat?post=52560"},{"taxonomy":"product_tag","embeddable":true,"href":"https:\/\/www.mathematicus.it\/en\/wp-json\/wp\/v2\/product_tag?post=52560"},{"taxonomy":"berocket_brand","embeddable":true,"href":"https:\/\/www.mathematicus.it\/en\/wp-json\/wp\/v2\/berocket_brand?post=52560"}],"curies":[{"name":"wp","href":"https:\/\/api.w.org\/{rel}","templated":true}]}}