{"id":52532,"date":"2026-02-22T09:56:49","date_gmt":"2026-02-22T08:56:49","guid":{"rendered":"https:\/\/www.mathematicus.it\/?post_type=product&#038;p=52532"},"modified":"2026-03-03T15:09:40","modified_gmt":"2026-03-03T14:09:40","slug":"visore-notturno-binoculare-digitale-levenhuk-halo-13x","status":"publish","type":"product","link":"https:\/\/www.mathematicus.it\/en\/prodotto\/visore-notturno-binoculare-digitale-levenhuk-halo-13x\/","title":{"rendered":"Visore notturno binoculare digitale Levenhuk Halo 13X"},"content":{"rendered":"<div class=\"mb-48 pb-md-48\">\n<div id=\"product-description\" class=\"anchors__section row\">\n<div class=\"col-12 col-lg-8\">\n<h1 class=\"h5 fs-24 fs-md-50 mb-16\">Visore notturno binoculare digitale Levenhuk Halo 13X<\/h1>\n<\/div>\n<\/div>\n<div class=\"wysiwyg wysiwyg_init\">\n<p>Il visore notturno binoculare digitale Levenhuk Halo 13X \u00e8 l\u2019assistente perfetto per le osservazioni in totale oscurit\u00e0. \u00c8 adatto per l\u2019osservazione dei paesaggi urbani e naturali, oltre che per lo studio di aree sconosciute. Si rivela indispensabile per garantire la sicurezza in caso di lunghe escursioni. \u00c8 pratico \u00e8 pu\u00f2 essere utilizzato anche per le osservazioni diurne, proprio come un normale binocolo. In questo modo, sar\u00e0 possibile portare in viaggio un unico strumento.<br \/>\nIdeale per orientamento, scienze naturali, uscite scolastiche notturne.<\/p>\n<p><iframe class=\"video-responsive\" title=\"Levenhuk Visore notturno binoculare digitale Levenhuk Halo 13X \u2013 Promotional Video\" src=\"https:\/\/www.youtube.com\/embed\/oFAMG8R5TH8\" frameborder=\"0\" allowfullscreen=\"allowfullscreen\"><br \/>\n<\/iframe><\/p>\n<p>&nbsp;<\/p>\n<h2><strong>Range di rilevamento notturno: fino a 300 metri<\/strong><\/h2>\n<p>Le ottiche sono realizzate in vetro con rivestimento antiriflesso al biossido di silicio. Ci\u00f2 consente alle lenti di lavorare con maggiore efficienza in completa oscurit\u00e0, trasmettendo immagini pi\u00f9 nitide e ricche di contrasto. Durante il giorno, sar\u00e0 possibile studiare qualsiasi oggetto a distanze superiori ai tre metri. Di notte, la vista si spinge fino ai 300 metri. Per migliorare la visibilit\u00e0, accendere l\u2019illuminazione a LED infrarossi (IR), la cui luminosit\u00e0 pu\u00f2 essere regolata. Spegnere completamente la retroilluminazione per risparmiare la batteria. Il livello di luminosit\u00e0 pi\u00f9 elevato offre una ricchezza di dettagli ottimale. Si tenga presente che lo strumento pu\u00f2 riprodurre un\u2019immagine a colori, in bianco e nero, in verde fluo o con effetto negativo. Tuttavia, l\u2019immagine a colori non \u00e8 disponibile quando \u00e8 attiva la modalit\u00e0 notte.<\/p>\n<h2><strong>Registratore di video e foto integrato<\/strong><\/h2>\n<p>Questo dispositivo non consente solo di effettuare osservazioni, ma anche di registrare video e scattare foto. La risoluzione per le foto \u00e8 pari a 2048&#215;1536 pixel. Tuttavia, se necessario (per salvare spazio sulla scheda di memoria), \u00e8 possibile ridurre la risoluzione a 640&#215;480 pixel. Grazie alla frequenza di cattura pari a 30 fotogrammi al secondo, i video risultano ben fluidi. Normalmente sono sufficienti 24 fps, ma il Levenhuk Halo 13x adotta uno standard pi\u00f9 elevato per rendere il video pi\u00f9 piacevole da guardare. \u00c8 molto comodo poter rivedere immediatamente le immagini sullo schermo del dispositivo. Questo binocolo supporta schede di memoria fino a 32 GB. \u00c8 possibile trasferire l\u2019immagine a un computer tramite cavo USB.<\/p>\n<h2><strong>Fino a 10 ore di autonomia senza dover cambiare le batterie<\/strong><\/h2>\n<p>I componenti ottici ed elettronici sono alloggiati in un corpo ergonomico e resistente all\u2019acqua, con superficie antiscivolo. Il binocolo \u00e8 comodo da impugnare. Una volta afferrato, i pulsanti di controllo si trovano esattamente allineati alle dita dell\u2019utente. Si tratta di uno strumento facile da usare e la navigazione all\u2019interno del suo men\u00f9 \u00e8 davvero intuitiva. Il visore notturno binoculare \u00e8 alimentato da batterie AA standard o da batterie AA Ni-MH ricaricabili, che possono essere acquistate in qualsiasi negozio. Consigliamo di averne sempre un set extra a disposizione per assicurarsi che il dispositivo non si spenga nel momento meno opportuno. Questa evenienza \u00e8 comunque piuttosto remota, dato che un set di batterie standard o ricaricabili garantisce un uso continuato per 4\u201310 ore. La durata delle batterie dipende dall\u2019intensit\u00e0 della retroilluminazione.<\/p>\n<p><strong>Nota bene:\u00a0<\/strong>durante il funzionamento, l\u2019illuminazione IR (luce infrarossa) pu\u00f2 essere rilevata da fotocamere e videocamere nonch\u00e9 da altri apparecchi elettronici simili.<\/p>\n<h2><strong>Caratteristiche:<\/strong><\/h2>\n<ul>\n<li>Dispositivo digitale per la visione notturna con un range di rilevamento fino a 300 metri<\/li>\n<li>Ingrandimento: 1\u20134x digitale<\/li>\n<li>Illuminatore IR incorporato con 7 livelli di luminosit\u00e0<\/li>\n<li>Cattura foto (2048&#215;1536 px) e registrazione video (1920&#215;1080 px @ 30 FPS)<\/li>\n<li>Alimentato da batterie AA standard o ricaricabili; fino a 10 ore di autonomia<\/li>\n<li>Semplice e pratico: solo 6 pulsanti di controllo<\/li>\n<\/ul>\n<h2><strong>Il kit comprende:<\/strong><\/h2>\n<ul>\n<li>Dispositivo per visione notturna<\/li>\n<li>Cavo di ricarica mini USB 2.0<\/li>\n<li>Scheda microSD da 32GB<\/li>\n<li>Lettore di schede<\/li>\n<li>Laccio per trasporto<\/li>\n<li>Astuccio<\/li>\n<li>Manuale utente e garanzia a vita<\/li>\n<\/ul>\n<p><strong><a href=\"https:\/\/www.mathematicus.it\/come-pagare-con-carta-docente-sul-sito-mathematicus\/\"><img data-recalc-dims=\"1\" decoding=\"async\" class=\"lazyload alignnone wp-image-2886\" src=\"https:\/\/i0.wp.com\/www.mathematicus.it\/wp-content\/uploads\/2024\/11\/Carta-del-docente-2.webp?resize=81%2C54&#038;ssl=1\" data-orig-src=\"https:\/\/www.mathematicus.it\/wp-content\/uploads\/2024\/11\/Carta-del-docente-2-300x200.webp\" alt=\"\" width=\"81\" height=\"54\" srcset=\"data:image\/svg+xml,%3Csvg%20xmlns%3D%27http%3A%2F%2Fwww.w3.org%2F2000%2Fsvg%27%20width%3D%2781%27%20height%3D%2754%27%20viewBox%3D%270%200%2081%2054%27%3E%3Crect%20width%3D%2781%27%20height%3D%2754%27%20fill-opacity%3D%220%22%2F%3E%3C%2Fsvg%3E\" data-srcset=\"https:\/\/i0.wp.com\/www.mathematicus.it\/wp-content\/uploads\/2024\/11\/Carta-del-docente-2.webp?resize=200%2C133&amp;ssl=1 200w, https:\/\/i0.wp.com\/www.mathematicus.it\/wp-content\/uploads\/2024\/11\/Carta-del-docente-2.webp?resize=300%2C200&amp;ssl=1 300w, https:\/\/i0.wp.com\/www.mathematicus.it\/wp-content\/uploads\/2024\/11\/Carta-del-docente-2.webp?resize=400%2C267&amp;ssl=1 400w, https:\/\/i0.wp.com\/www.mathematicus.it\/wp-content\/uploads\/2024\/11\/Carta-del-docente-2.webp?resize=500%2C333&amp;ssl=1 500w, https:\/\/i0.wp.com\/www.mathematicus.it\/wp-content\/uploads\/2024\/11\/Carta-del-docente-2.webp?resize=600%2C400&amp;ssl=1 600w, https:\/\/i0.wp.com\/www.mathematicus.it\/wp-content\/uploads\/2024\/11\/Carta-del-docente-2.webp?resize=700%2C467&amp;ssl=1 700w, https:\/\/i0.wp.com\/www.mathematicus.it\/wp-content\/uploads\/2024\/11\/Carta-del-docente-2.webp?resize=768%2C512&amp;ssl=1 768w, https:\/\/i0.wp.com\/www.mathematicus.it\/wp-content\/uploads\/2024\/11\/Carta-del-docente-2.webp?resize=800%2C533&amp;ssl=1 800w, https:\/\/i0.wp.com\/www.mathematicus.it\/wp-content\/uploads\/2024\/11\/Carta-del-docente-2.webp?resize=1024%2C683&amp;ssl=1 1024w, https:\/\/i0.wp.com\/www.mathematicus.it\/wp-content\/uploads\/2024\/11\/Carta-del-docente-2.webp?w=1200&amp;ssl=1 1200w\" data-sizes=\"auto\" data-orig-sizes=\"(max-width: 81px) 100vw, 81px\" \/><\/a><br \/>\nScopri come acquistare con la <a href=\"https:\/\/www.mathematicus.it\/acquista-giochi-didattici-e-strumenti-con-la-carta-del-docente\/\" target=\"_blank\" rel=\"noopener\">Carta del Docente<\/a><\/strong><\/p>\n<\/div>\n<\/div>\n<div class=\"mb-48 pb-md-48\">\n<div id=\"product-specification\" class=\"anchors__section\">\n<h1 class=\"h5 fs-24 fs-md-50 mb-16 mb-md-32 pb-md-8\">Specifiche<\/h1>\n<p>ID prodotto: 77663<br \/>\nMarchio: Levenhuk Inc., USA<br \/>\nGaranzia: a vita<br \/>\nEAN: 5905555001319<br \/>\nDimensione confezione (LxPxH): 23x17x8 cm<br \/>\nPeso spedizione: 1.02 kg<br \/>\nTipo di dispositivo per visione notturna: binocolo<br \/>\nIngrandimento, x: 1 \u2014 4<br \/>\nIngrandimento, x: 1\u20134x digitale<br \/>\nDiametro lente obiettivo (apertura), mm: 15<br \/>\nRapporto di apertura: f\/1.2<br \/>\nCampo visivo angolare, \u00b0: 10<br \/>\nMinima distanza di messa a fuoco, m: 3<br \/>\nRange di rilevamento, m: 250\u2014300 (nel buio totale); 3~\u221e (al crepuscolo e di giorno)<br \/>\nIntensificatore di immagine: digitale<br \/>\nCCD, matrice CCIR: CMOS colore<br \/>\nRisoluzione display, px: 960\u0445240<br \/>\nDisplay: 2.31&#8243;<br \/>\nRegistratore integrato: \u2713<br \/>\nFormato video: (640x480px @ 30FPS), *.avi, 1080P (1920&#215;1080 pixel @ 30 fps), 960P (1280x960px @ 30FPS)<br \/>\nImmagine: *.jpg, 3 MP (2048&#215;1536 pixel), 2 MP (1600&#215;1200 pixel), 1 MP (1280&#215;960 pixel), VGA (640&#215;480)<br \/>\nMemoria: classe 10, microSD fino a 32GB<br \/>\nIlluminatore IR: \u2713<br \/>\nResistenza all\u2019umidit\u00e0: \u2713<br \/>\nLunghezza d\u2019onda, nm: 850<br \/>\nAlimentazione: Alimentazione 6 batterie alcaline AA (non incluse) o batterie Ni-MH AA ricaricabili, 2500 mAh, 1,2 V (non incluse)<br \/>\nTempo di funzionamento sorgente luminosa (con un set di batterie), h: 4 \u2014 10<br \/>\nMateriale delle ottiche: vetro ottico<br \/>\nCorpo: plastica<br \/>\nGrado di protezione (IEC 60529): IP54<br \/>\nRange temperature di funzionamento, \u00b0C: -20&#8230;+60<br \/>\nElementi extra: cavit\u00e0 treppiede 1\/4&#8243;, funzione di spegnimento automatico, lenti fully-coated con trattamento antiriflesso al biossido di silicio, luminosit\u00e0 dell\u2019illuminazione regolabile<br \/>\nLingue software: cinese, coreano, francese, giapponese, inglese, italiano, olandese, portoghese, russo, spagnolo, tedesco<\/p>\n<\/div>\n<\/div>\n","protected":false},"excerpt":{"rendered":"<p>Il visore notturno binoculare digitale Levenhuk Halo 13X \u00e8 il compagno ideale per osservazioni in totale oscurit\u00e0 fino a 300 metri. Con ingrandimento 1\u20134x digitale, illuminatore IR a 7 livelli, registrazione video Full HD a 30 fps e fino a 10 ore di autonomia, \u00e8 perfetto per escursioni, didattica all&#8217;aperto e osservazione naturalistica. Utilizzabile anche di giorno. <strong>Acquistabile con il Buono Docente.<\/strong><\/p>\n","protected":false},"featured_media":52544,"comment_status":"open","ping_status":"closed","template":"","meta":[],"product_brand":[],"product_cat":[39,416,660,689],"product_tag":[699,692,434,55,698,696,675,691,322,697,701,694,693,695,700,690],"berocket_brand":[676],"class_list":{"0":"post-52532","1":"product","2":"type-product","3":"status-publish","4":"has-post-thumbnail","6":"product_cat-binocoli","7":"product_cat-carta-del-docente","8":"product_cat-levenhuk","9":"product_cat-visore-notturno","10":"product_tag-binocolo-digitale","11":"product_tag-binocolo-notturno","12":"product_tag-buono-docente","13":"product_tag-carta-del-docente","14":"product_tag-escursionismo-scuola","15":"product_tag-illuminatore-infrarossi","16":"product_tag-levenhuk","17":"product_tag-levenhuk-halo-13x","18":"product_tag-materiale-didattico","19":"product_tag-osservazione-naturalistica","20":"product_tag-registrazione-video-notturna","21":"product_tag-strumenti-didattici-outdoor","22":"product_tag-visione-notturna-binoculare","23":"product_tag-visore-ir","24":"product_tag-visore-notturno-con-display","25":"product_tag-visore-notturno-digitale","26":"berocket_brand-levenhuk","28":"first","29":"instock","30":"taxable","31":"shipping-taxable","32":"purchasable","33":"product-type-simple"},"yoast_head":"<!-- This site is optimized with the Yoast SEO Premium plugin v27.3 (Yoast SEO v27.3) - https:\/\/yoast.com\/product\/yoast-seo-premium-wordpress\/ -->\n<title>Visore notturno binoculare digitale Levenhuk Halo 13X - Mathematicus<\/title>\n<meta name=\"description\" content=\"Levenhuk Halo 13X: visore notturno binoculare digitale fino a 300m, video Full HD, 10h autonomia. Ideale per la didattica. Acquistalo con il Buono Docente!\" \/>\n<meta name=\"robots\" content=\"index, follow, max-snippet:-1, max-image-preview:large, max-video-preview:-1\" \/>\n<link rel=\"canonical\" href=\"https:\/\/www.mathematicus.it\/en\/prodotto\/visore-notturno-binoculare-digitale-levenhuk-halo-13x\/\" \/>\n<meta property=\"og:locale\" content=\"en_US\" \/>\n<meta property=\"og:type\" content=\"article\" \/>\n<meta property=\"og:title\" content=\"Visore notturno binoculare digitale Levenhuk Halo 13X\" \/>\n<meta property=\"og:description\" content=\"Levenhuk Halo 13X: visore notturno binoculare digitale fino a 300m, video Full HD, 10h autonomia. Ideale per la didattica. Acquistalo con il Buono Docente!\" \/>\n<meta property=\"og:url\" content=\"https:\/\/www.mathematicus.it\/en\/prodotto\/visore-notturno-binoculare-digitale-levenhuk-halo-13x\/\" \/>\n<meta property=\"og:site_name\" content=\"Mathematicus\" \/>\n<meta property=\"article:publisher\" content=\"https:\/\/www.facebook.com\/mathematicusilgiocodellamatematica\" \/>\n<meta property=\"article:modified_time\" content=\"2026-03-03T14:09:40+00:00\" \/>\n<meta property=\"og:image\" content=\"https:\/\/www.mathematicus.it\/wp-content\/uploads\/2026\/02\/77663_levenhuk-halo-13x-dnv-binoculars_12_en.jpg\" \/>\n\t<meta property=\"og:image:width\" content=\"2000\" \/>\n\t<meta property=\"og:image:height\" content=\"2000\" \/>\n\t<meta property=\"og:image:type\" content=\"image\/jpeg\" \/>\n<meta name=\"twitter:card\" content=\"summary_large_image\" \/>\n<meta name=\"twitter:label1\" content=\"Price\" \/>\n\t<meta name=\"twitter:data1\" content=\"&euro;249.00\" \/>\n\t<meta name=\"twitter:label2\" content=\"Availability\" \/>\n\t<meta name=\"twitter:data2\" content=\"In stock\" \/>\n<script type=\"application\/ld+json\" class=\"yoast-schema-graph\">{\"@context\":\"https:\\\/\\\/schema.org\",\"@graph\":[{\"@type\":\"WebPage\",\"@id\":\"https:\\\/\\\/www.mathematicus.it\\\/en\\\/prodotto\\\/visore-notturno-binoculare-digitale-levenhuk-halo-13x\\\/\",\"url\":\"https:\\\/\\\/www.mathematicus.it\\\/en\\\/prodotto\\\/visore-notturno-binoculare-digitale-levenhuk-halo-13x\\\/\",\"name\":\"Visore notturno binoculare digitale Levenhuk Halo 13X - Mathematicus\",\"isPartOf\":{\"@id\":\"https:\\\/\\\/www.mathematicus.it\\\/en\\\/#website\"},\"primaryImageOfPage\":{\"@id\":\"https:\\\/\\\/www.mathematicus.it\\\/en\\\/prodotto\\\/visore-notturno-binoculare-digitale-levenhuk-halo-13x\\\/#primaryimage\"},\"image\":{\"@id\":\"https:\\\/\\\/www.mathematicus.it\\\/en\\\/prodotto\\\/visore-notturno-binoculare-digitale-levenhuk-halo-13x\\\/#primaryimage\"},\"thumbnailUrl\":\"https:\\\/\\\/i0.wp.com\\\/www.mathematicus.it\\\/wp-content\\\/uploads\\\/2026\\\/02\\\/77663_levenhuk-halo-13x-dnv-binoculars_12_en.jpg?fit=2000%2C2000&ssl=1\",\"datePublished\":\"2026-02-22T08:56:49+00:00\",\"dateModified\":\"2026-03-03T14:09:40+00:00\",\"description\":\"Levenhuk Halo 13X: visore notturno binoculare digitale fino a 300m, video Full HD, 10h autonomia. Ideale per la didattica. Acquistalo con il Buono Docente!\",\"breadcrumb\":{\"@id\":\"https:\\\/\\\/www.mathematicus.it\\\/en\\\/prodotto\\\/visore-notturno-binoculare-digitale-levenhuk-halo-13x\\\/#breadcrumb\"},\"inLanguage\":\"en-US\",\"potentialAction\":[{\"@type\":\"ReadAction\",\"target\":[\"https:\\\/\\\/www.mathematicus.it\\\/en\\\/prodotto\\\/visore-notturno-binoculare-digitale-levenhuk-halo-13x\\\/\"]}]},{\"@type\":\"ImageObject\",\"inLanguage\":\"en-US\",\"@id\":\"https:\\\/\\\/www.mathematicus.it\\\/en\\\/prodotto\\\/visore-notturno-binoculare-digitale-levenhuk-halo-13x\\\/#primaryimage\",\"url\":\"https:\\\/\\\/i0.wp.com\\\/www.mathematicus.it\\\/wp-content\\\/uploads\\\/2026\\\/02\\\/77663_levenhuk-halo-13x-dnv-binoculars_12_en.jpg?fit=2000%2C2000&ssl=1\",\"contentUrl\":\"https:\\\/\\\/i0.wp.com\\\/www.mathematicus.it\\\/wp-content\\\/uploads\\\/2026\\\/02\\\/77663_levenhuk-halo-13x-dnv-binoculars_12_en.jpg?fit=2000%2C2000&ssl=1\",\"width\":2000,\"height\":2000},{\"@type\":\"BreadcrumbList\",\"@id\":\"https:\\\/\\\/www.mathematicus.it\\\/en\\\/prodotto\\\/visore-notturno-binoculare-digitale-levenhuk-halo-13x\\\/#breadcrumb\",\"itemListElement\":[{\"@type\":\"ListItem\",\"position\":1,\"name\":\"Home\",\"item\":\"https:\\\/\\\/www.mathematicus.it\\\/en\\\/\"},{\"@type\":\"ListItem\",\"position\":2,\"name\":\"Shop\",\"item\":\"https:\\\/\\\/www.mathematicus.it\\\/negozio\\\/\"},{\"@type\":\"ListItem\",\"position\":3,\"name\":\"Visore notturno binoculare digitale Levenhuk Halo 13X\"}]},{\"@type\":\"WebSite\",\"@id\":\"https:\\\/\\\/www.mathematicus.it\\\/en\\\/#website\",\"url\":\"https:\\\/\\\/www.mathematicus.it\\\/en\\\/\",\"name\":\"Mathematicus\",\"description\":\"Il gioco della Matematica\",\"publisher\":{\"@id\":\"https:\\\/\\\/www.mathematicus.it\\\/en\\\/#organization\"},\"potentialAction\":[{\"@type\":\"SearchAction\",\"target\":{\"@type\":\"EntryPoint\",\"urlTemplate\":\"https:\\\/\\\/www.mathematicus.it\\\/en\\\/?s={search_term_string}\"},\"query-input\":{\"@type\":\"PropertyValueSpecification\",\"valueRequired\":true,\"valueName\":\"search_term_string\"}}],\"inLanguage\":\"en-US\"},{\"@type\":\"Organization\",\"@id\":\"https:\\\/\\\/www.mathematicus.it\\\/en\\\/#organization\",\"name\":\"Mathematicus\",\"url\":\"https:\\\/\\\/www.mathematicus.it\\\/en\\\/\",\"logo\":{\"@type\":\"ImageObject\",\"inLanguage\":\"en-US\",\"@id\":\"https:\\\/\\\/www.mathematicus.it\\\/en\\\/#\\\/schema\\\/logo\\\/image\\\/\",\"url\":\"https:\\\/\\\/i0.wp.com\\\/www.mathematicus.it\\\/wp-content\\\/uploads\\\/2020\\\/11\\\/logo.png?fit=500%2C49&ssl=1\",\"contentUrl\":\"https:\\\/\\\/i0.wp.com\\\/www.mathematicus.it\\\/wp-content\\\/uploads\\\/2020\\\/11\\\/logo.png?fit=500%2C49&ssl=1\",\"width\":500,\"height\":49,\"caption\":\"Mathematicus\"},\"image\":{\"@id\":\"https:\\\/\\\/www.mathematicus.it\\\/en\\\/#\\\/schema\\\/logo\\\/image\\\/\"},\"sameAs\":[\"https:\\\/\\\/www.facebook.com\\\/mathematicusilgiocodellamatematica\",\"https:\\\/\\\/www.instagram.com\\\/mathematicusgiocomatematica\\\/\",\"https:\\\/\\\/www.linkedin.com\\\/company\\\/94868880\",\"https:\\\/\\\/www.pinterest.it\\\/tomasobaj\\\/giochi-matematici\\\/\"]}]}<\/script>\n<meta property=\"product:brand\" content=\"Carta del docente\" \/>\n<meta property=\"product:price:amount\" content=\"249.00\" \/>\n<meta property=\"product:price:currency\" content=\"EUR\" \/>\n<meta property=\"og:availability\" content=\"instock\" \/>\n<meta property=\"product:availability\" content=\"instock\" \/>\n<meta property=\"product:retailer_item_id\" content=\"77663\" \/>\n<meta property=\"product:condition\" content=\"new\" \/>\n<!-- \/ Yoast SEO Premium plugin. -->","yoast_head_json":{"title":"Visore notturno binoculare digitale Levenhuk Halo 13X - Mathematicus","description":"Levenhuk Halo 13X: visore notturno binoculare digitale fino a 300m, video Full HD, 10h autonomia. Ideale per la didattica. Acquistalo con il Buono Docente!","robots":{"index":"index","follow":"follow","max-snippet":"max-snippet:-1","max-image-preview":"max-image-preview:large","max-video-preview":"max-video-preview:-1"},"canonical":"https:\/\/www.mathematicus.it\/en\/prodotto\/visore-notturno-binoculare-digitale-levenhuk-halo-13x\/","og_locale":"en_US","og_type":"article","og_title":"Visore notturno binoculare digitale Levenhuk Halo 13X","og_description":"Levenhuk Halo 13X: visore notturno binoculare digitale fino a 300m, video Full HD, 10h autonomia. Ideale per la didattica. Acquistalo con il Buono Docente!","og_url":"https:\/\/www.mathematicus.it\/en\/prodotto\/visore-notturno-binoculare-digitale-levenhuk-halo-13x\/","og_site_name":"Mathematicus","article_publisher":"https:\/\/www.facebook.com\/mathematicusilgiocodellamatematica","article_modified_time":"2026-03-03T14:09:40+00:00","og_image":[{"width":2000,"height":2000,"url":"https:\/\/www.mathematicus.it\/wp-content\/uploads\/2026\/02\/77663_levenhuk-halo-13x-dnv-binoculars_12_en.jpg","type":"image\/jpeg"}],"twitter_card":"summary_large_image","twitter_misc":{"Price":"&euro;249.00","Availability":"In stock"},"schema":{"@context":"https:\/\/schema.org","@graph":[{"@type":"WebPage","@id":"https:\/\/www.mathematicus.it\/en\/prodotto\/visore-notturno-binoculare-digitale-levenhuk-halo-13x\/","url":"https:\/\/www.mathematicus.it\/en\/prodotto\/visore-notturno-binoculare-digitale-levenhuk-halo-13x\/","name":"Visore notturno binoculare digitale Levenhuk Halo 13X - Mathematicus","isPartOf":{"@id":"https:\/\/www.mathematicus.it\/en\/#website"},"primaryImageOfPage":{"@id":"https:\/\/www.mathematicus.it\/en\/prodotto\/visore-notturno-binoculare-digitale-levenhuk-halo-13x\/#primaryimage"},"image":{"@id":"https:\/\/www.mathematicus.it\/en\/prodotto\/visore-notturno-binoculare-digitale-levenhuk-halo-13x\/#primaryimage"},"thumbnailUrl":"https:\/\/i0.wp.com\/www.mathematicus.it\/wp-content\/uploads\/2026\/02\/77663_levenhuk-halo-13x-dnv-binoculars_12_en.jpg?fit=2000%2C2000&ssl=1","datePublished":"2026-02-22T08:56:49+00:00","dateModified":"2026-03-03T14:09:40+00:00","description":"Levenhuk Halo 13X: visore notturno binoculare digitale fino a 300m, video Full HD, 10h autonomia. Ideale per la didattica. Acquistalo con il Buono Docente!","breadcrumb":{"@id":"https:\/\/www.mathematicus.it\/en\/prodotto\/visore-notturno-binoculare-digitale-levenhuk-halo-13x\/#breadcrumb"},"inLanguage":"en-US","potentialAction":[{"@type":"ReadAction","target":["https:\/\/www.mathematicus.it\/en\/prodotto\/visore-notturno-binoculare-digitale-levenhuk-halo-13x\/"]}]},{"@type":"ImageObject","inLanguage":"en-US","@id":"https:\/\/www.mathematicus.it\/en\/prodotto\/visore-notturno-binoculare-digitale-levenhuk-halo-13x\/#primaryimage","url":"https:\/\/i0.wp.com\/www.mathematicus.it\/wp-content\/uploads\/2026\/02\/77663_levenhuk-halo-13x-dnv-binoculars_12_en.jpg?fit=2000%2C2000&ssl=1","contentUrl":"https:\/\/i0.wp.com\/www.mathematicus.it\/wp-content\/uploads\/2026\/02\/77663_levenhuk-halo-13x-dnv-binoculars_12_en.jpg?fit=2000%2C2000&ssl=1","width":2000,"height":2000},{"@type":"BreadcrumbList","@id":"https:\/\/www.mathematicus.it\/en\/prodotto\/visore-notturno-binoculare-digitale-levenhuk-halo-13x\/#breadcrumb","itemListElement":[{"@type":"ListItem","position":1,"name":"Home","item":"https:\/\/www.mathematicus.it\/en\/"},{"@type":"ListItem","position":2,"name":"Shop","item":"https:\/\/www.mathematicus.it\/negozio\/"},{"@type":"ListItem","position":3,"name":"Visore notturno binoculare digitale Levenhuk Halo 13X"}]},{"@type":"WebSite","@id":"https:\/\/www.mathematicus.it\/en\/#website","url":"https:\/\/www.mathematicus.it\/en\/","name":"Mathematicus","description":"Il gioco della Matematica","publisher":{"@id":"https:\/\/www.mathematicus.it\/en\/#organization"},"potentialAction":[{"@type":"SearchAction","target":{"@type":"EntryPoint","urlTemplate":"https:\/\/www.mathematicus.it\/en\/?s={search_term_string}"},"query-input":{"@type":"PropertyValueSpecification","valueRequired":true,"valueName":"search_term_string"}}],"inLanguage":"en-US"},{"@type":"Organization","@id":"https:\/\/www.mathematicus.it\/en\/#organization","name":"Mathematicus","url":"https:\/\/www.mathematicus.it\/en\/","logo":{"@type":"ImageObject","inLanguage":"en-US","@id":"https:\/\/www.mathematicus.it\/en\/#\/schema\/logo\/image\/","url":"https:\/\/i0.wp.com\/www.mathematicus.it\/wp-content\/uploads\/2020\/11\/logo.png?fit=500%2C49&ssl=1","contentUrl":"https:\/\/i0.wp.com\/www.mathematicus.it\/wp-content\/uploads\/2020\/11\/logo.png?fit=500%2C49&ssl=1","width":500,"height":49,"caption":"Mathematicus"},"image":{"@id":"https:\/\/www.mathematicus.it\/en\/#\/schema\/logo\/image\/"},"sameAs":["https:\/\/www.facebook.com\/mathematicusilgiocodellamatematica","https:\/\/www.instagram.com\/mathematicusgiocomatematica\/","https:\/\/www.linkedin.com\/company\/94868880","https:\/\/www.pinterest.it\/tomasobaj\/giochi-matematici\/"]}]},"product_brand":"Carta del docente","product_price_amount":"249.00","product_price_currency":"EUR","og_availability":"instock","product_availability":"instock","product_retailer_item_id":"77663","product_condition":"new"},"jetpack_sharing_enabled":true,"_links":{"self":[{"href":"https:\/\/www.mathematicus.it\/en\/wp-json\/wp\/v2\/product\/52532","targetHints":{"allow":["GET"]}}],"collection":[{"href":"https:\/\/www.mathematicus.it\/en\/wp-json\/wp\/v2\/product"}],"about":[{"href":"https:\/\/www.mathematicus.it\/en\/wp-json\/wp\/v2\/types\/product"}],"replies":[{"embeddable":true,"href":"https:\/\/www.mathematicus.it\/en\/wp-json\/wp\/v2\/comments?post=52532"}],"wp:featuredmedia":[{"embeddable":true,"href":"https:\/\/www.mathematicus.it\/en\/wp-json\/wp\/v2\/media\/52544"}],"wp:attachment":[{"href":"https:\/\/www.mathematicus.it\/en\/wp-json\/wp\/v2\/media?parent=52532"}],"wp:term":[{"taxonomy":"product_brand","embeddable":true,"href":"https:\/\/www.mathematicus.it\/en\/wp-json\/wp\/v2\/product_brand?post=52532"},{"taxonomy":"product_cat","embeddable":true,"href":"https:\/\/www.mathematicus.it\/en\/wp-json\/wp\/v2\/product_cat?post=52532"},{"taxonomy":"product_tag","embeddable":true,"href":"https:\/\/www.mathematicus.it\/en\/wp-json\/wp\/v2\/product_tag?post=52532"},{"taxonomy":"berocket_brand","embeddable":true,"href":"https:\/\/www.mathematicus.it\/en\/wp-json\/wp\/v2\/berocket_brand?post=52532"}],"curies":[{"name":"wp","href":"https:\/\/api.w.org\/{rel}","templated":true}]}}