{"id":52513,"date":"2026-02-22T09:02:55","date_gmt":"2026-02-22T08:02:55","guid":{"rendered":"https:\/\/www.mathematicus.it\/?post_type=product&#038;p=52513"},"modified":"2026-02-28T11:15:45","modified_gmt":"2026-02-28T10:15:45","slug":"lente-dingrandimento-digitale-levenhuk-dtx-43-lcd","status":"publish","type":"product","link":"https:\/\/www.mathematicus.it\/en\/prodotto\/lente-dingrandimento-digitale-levenhuk-dtx-43-lcd\/","title":{"rendered":"Lente d\u2019ingrandimento digitale Levenhuk DTX 43 LCD"},"content":{"rendered":"<div class=\"mb-48 pb-md-48\">\n<div id=\"product-description\" class=\"anchors__section row\">\n<div class=\"col-12 col-lg-8\">\n<h1 class=\"h5 fs-24 fs-md-50 mb-16\">L\u2019ingranditore digitale Levenhuk DTX 43<\/h1>\n<\/div>\n<\/div>\n<div class=\"wysiwyg wysiwyg_init\">\n<p>L\u2019ingranditore digitale Levenhuk DTX 43 \u00e8 un moderno strumento per la lettura e l\u2019osservazione di piccoli oggetti. Prevede quattro ingrandimenti fissi e consente di inviare le immagini ad un monitor o schermo TV. \u00c8 possibile catturare schermate e salvarle su una scheda di memoria per elaborazioni successive.<\/p>\n<p>L\u2019ingranditore ha un semplice design. Basta tenerlo direttamente sopra il testo e spostarlo per leggere la pagina. Lo schermo LCD integrato presenter\u00e0 un\u2019immagine ingrandita. Se l\u2019ingranditore \u00e8 connesso ad un computer quando viene scattata la fotografia, \u00e8 possibile salvare l\u2019immagine sul disco rigido del computer. In ogni momento \u00e8 possibile connetterlo ad una TV o computer per studiare pi\u00f9 dettagliatamente le immagini e i testi. \u00c8 possibile modificare in tempo reale la modalit\u00e0 di colore e l\u2019ingrandimento, scegliendo la modalit\u00e0 pi\u00f9 comoda. Durante lo studio di testi, \u00e8 possibile catturare schermate e salvarle su una scheda di memoria o sul disco rigido.<\/p>\n<p>L\u2019ingranditore Levenhuk DTX 43 \u00e8 alimentato a batteria o alimentatore CA. Il tempo di funzionamento tra ricariche \u00e8 di 120 minuti. L\u2019ingranditore \u00e8 dotato di illuminazione a LED incorporata, che rende possibile la lettura anche nel buio pi\u00f9 totale. Grazie a dei piedini pieghevoli, \u00e8 possibile appoggiare l\u2019ingranditore su una superficie e utilizzarlo per scrivere. Levenhuk DTX 43 consente di comporre lettere, fare parole crociate e disegnare.<\/p>\n<p><iframe \n  class=\"video-responsive\"\n  title=\"Levenhuk Lente d\u2019ingrandimento digitale Levenhuk DTX 43 LCD \u2013 Promotional Video\"\n  src=\"https:\/\/www.youtube.com\/embed\/3Qu4NTTY9kc\"\n  frameborder=\"0\"\n  allowfullscreen><br \/>\n<\/iframe><\/p>\n<h2><strong>Caratteristiche:<\/strong><\/h2>\n<ul>\n<li>Schermo LCD da 4,3 pollici<\/li>\n<li>7 modalit\u00e0 di colore<\/li>\n<li>Connessione a TV o PC<\/li>\n<li>Durata della batteria di 120 minuti tra ricariche<\/li>\n<li>Illuminazione a LED<\/li>\n<li>Custodia di trasporto inclusa<\/li>\n<li>Supporto per scheda di memoria<\/li>\n<li>Funzione di fermo-immagine<\/li>\n<li>Capacit\u00e0 fotografica<\/li>\n<li>Piedini pieghevoli<\/li>\n<\/ul>\n<h2><strong>Il kit comprende:<\/strong><\/h2>\n<ul>\n<li>Ingranditore digitale<\/li>\n<li>Adattatore<\/li>\n<li>Cavo per TV<\/li>\n<li>Cavo USB<\/li>\n<li>Batteria ricaricabile agli ioni di litio<\/li>\n<li>Panno per la pulizia<\/li>\n<li>Custodia di trasporto<\/li>\n<li>Manuale utente e garanzia a vita<\/li>\n<\/ul>\n<p><strong><a href=\"https:\/\/www.mathematicus.it\/come-pagare-con-carta-docente-sul-sito-mathematicus\/\"><img data-recalc-dims=\"1\" decoding=\"async\" class=\"lazyload alignnone wp-image-2886\" src=\"https:\/\/i0.wp.com\/www.mathematicus.it\/wp-content\/uploads\/2024\/11\/Carta-del-docente-2.webp?resize=81%2C54&#038;ssl=1\" data-orig-src=\"https:\/\/www.mathematicus.it\/wp-content\/uploads\/2024\/11\/Carta-del-docente-2-300x200.webp\" alt=\"\" width=\"81\" height=\"54\" srcset=\"data:image\/svg+xml,%3Csvg%20xmlns%3D%27http%3A%2F%2Fwww.w3.org%2F2000%2Fsvg%27%20width%3D%2781%27%20height%3D%2754%27%20viewBox%3D%270%200%2081%2054%27%3E%3Crect%20width%3D%2781%27%20height%3D%2754%27%20fill-opacity%3D%220%22%2F%3E%3C%2Fsvg%3E\" data-srcset=\"https:\/\/i0.wp.com\/www.mathematicus.it\/wp-content\/uploads\/2024\/11\/Carta-del-docente-2.webp?resize=200%2C133&amp;ssl=1 200w, https:\/\/i0.wp.com\/www.mathematicus.it\/wp-content\/uploads\/2024\/11\/Carta-del-docente-2.webp?resize=300%2C200&amp;ssl=1 300w, https:\/\/i0.wp.com\/www.mathematicus.it\/wp-content\/uploads\/2024\/11\/Carta-del-docente-2.webp?resize=400%2C267&amp;ssl=1 400w, https:\/\/i0.wp.com\/www.mathematicus.it\/wp-content\/uploads\/2024\/11\/Carta-del-docente-2.webp?resize=500%2C333&amp;ssl=1 500w, https:\/\/i0.wp.com\/www.mathematicus.it\/wp-content\/uploads\/2024\/11\/Carta-del-docente-2.webp?resize=600%2C400&amp;ssl=1 600w, https:\/\/i0.wp.com\/www.mathematicus.it\/wp-content\/uploads\/2024\/11\/Carta-del-docente-2.webp?resize=700%2C467&amp;ssl=1 700w, https:\/\/i0.wp.com\/www.mathematicus.it\/wp-content\/uploads\/2024\/11\/Carta-del-docente-2.webp?resize=768%2C512&amp;ssl=1 768w, https:\/\/i0.wp.com\/www.mathematicus.it\/wp-content\/uploads\/2024\/11\/Carta-del-docente-2.webp?resize=800%2C533&amp;ssl=1 800w, https:\/\/i0.wp.com\/www.mathematicus.it\/wp-content\/uploads\/2024\/11\/Carta-del-docente-2.webp?resize=1024%2C683&amp;ssl=1 1024w, https:\/\/i0.wp.com\/www.mathematicus.it\/wp-content\/uploads\/2024\/11\/Carta-del-docente-2.webp?w=1200&amp;ssl=1 1200w\" data-sizes=\"auto\" data-orig-sizes=\"(max-width: 81px) 100vw, 81px\" \/><\/a><br \/>\nScopri come acquistare con la <a href=\"https:\/\/www.mathematicus.it\/acquista-giochi-didattici-e-strumenti-con-la-carta-del-docente\/\" target=\"_blank\" rel=\"noopener\">Carta del Docente<\/a><\/strong><\/p>\n<\/div>\n<\/div>\n<div class=\"mb-48 pb-md-48\">\n<div id=\"product-specification\" class=\"anchors__section\">\n<h2 class=\"h5 fs-24 fs-md-50 mb-16 mb-md-32 pb-md-8\">Specifiche<\/h2>\n<p>ID prodotto: 70421<br \/>\nMarchio: Levenhuk Inc., USA<br \/>\nGaranzia: a vita<br \/>\nEAN: 5905555004341<br \/>\nDimensione confezione (LxPxH): 16x18x6 cm<br \/>\nPeso spedizione: 0.5 kg<br \/>\nDigitale: \u2713<br \/>\nIngrandimento, x: 6-14 (6x, 8x, 10x, 14x)<br \/>\nCorpo: plastica<br \/>\nDisponibile con illuminazione: \u2713<br \/>\nIlluminazione: LED<br \/>\nSchermo LCD: 4,3&#8243;<br \/>\nFuoco: manuale, 10\u2013500 mm<br \/>\nPossibilit\u00e0 di connettere equipaggiamento aggiuntivo: al computer tramite cavo USB, alla TV tramite cavo HDMI, supporta schede di memoria microSD da 4 GB a 64 GB (non incluse)<br \/>\nAlimentazione: adattatore 100-240 V, 50\/60 Hz, 5 V; batteria agli ioni di litio 950 mAh (durata batteria: 120 min, tempo di ricarica: 150 min)<br \/>\nApplicazione: lettura\/osservazione, riparazione orologi\/gioielleria<br \/>\nDesign: piano di appoggio\/su treppiede<br \/>\nElementi extra: schermo LCD da 4,3&#8243;<\/p>\n<\/div>\n<\/div>\n","protected":false},"excerpt":{"rendered":"<p>La lente d&#8217;ingrandimento digitale Levenhuk DTX 43 LCD \u00e8 uno strumento ottico avanzato con schermo LCD da 4,3&#8243;, 4 livelli di ingrandimento (6x\u201314x) e 7 modalit\u00e0 di colore. Perfetta per la lettura, l&#8217;osservazione didattica e le attivit\u00e0 in classe, \u00e8 dotata di illuminazione LED, connessione TV\/PC e autonomia di 120 minuti. Acquistabile con il Buono Docente.<\/p>\n","protected":false},"featured_media":52529,"comment_status":"open","ping_status":"closed","template":"","meta":[],"product_brand":[],"product_cat":[39,416,44,660,46,659,51],"product_tag":[688,434,55,683,677,682,686,681,679,685,675,678,322,687,680,684],"berocket_brand":[676],"class_list":{"0":"post-52513","1":"product","2":"type-product","3":"status-publish","4":"has-post-thumbnail","6":"product_cat-binocoli","7":"product_cat-carta-del-docente","8":"product_cat-kit","9":"product_cat-levenhuk","10":"product_cat-microscopi","11":"product_cat-scienza","12":"product_cat-telescopi","13":"product_tag-ausilio-visivo","14":"product_tag-buono-docente","15":"product_tag-carta-del-docente","16":"product_tag-ingranditore-digitale","17":"product_tag-lente-dingrandimento-digitale","18":"product_tag-lente-digitale-con-schermo","19":"product_tag-lente-ingrandimento-14x","20":"product_tag-lente-ingrandimento-scuola","21":"product_tag-lente-lcd","22":"product_tag-lente-led","23":"product_tag-levenhuk","24":"product_tag-levenhuk-dtx-43","25":"product_tag-materiale-didattico","26":"product_tag-microscopio-tascabile","27":"product_tag-strumenti-didattici","28":"product_tag-strumenti-ottici-per-insegnanti","29":"berocket_brand-levenhuk","31":"first","32":"instock","33":"taxable","34":"shipping-taxable","35":"purchasable","36":"product-type-simple"},"yoast_head":"<!-- This site is optimized with the Yoast SEO Premium plugin v27.3 (Yoast SEO v27.3) - https:\/\/yoast.com\/product\/yoast-seo-premium-wordpress\/ -->\n<title>Lente d\u2019ingrandimento digitale Levenhuk DTX 43 LCD - Mathematicus<\/title>\n<meta name=\"description\" content=\"Levenhuk DTX 43 LCD: lente digitale con schermo 4,3&quot;, ingrandimento 6x-14x e LED. Ideale per la didattica. Acquistala con il Buono Docente. Spedizione gratuita!\" \/>\n<meta name=\"robots\" content=\"index, follow, max-snippet:-1, max-image-preview:large, max-video-preview:-1\" \/>\n<link rel=\"canonical\" href=\"https:\/\/www.mathematicus.it\/en\/prodotto\/lente-dingrandimento-digitale-levenhuk-dtx-43-lcd\/\" \/>\n<meta property=\"og:locale\" content=\"en_US\" \/>\n<meta property=\"og:type\" content=\"article\" \/>\n<meta property=\"og:title\" content=\"Lente d\u2019ingrandimento digitale Levenhuk DTX 43 LCD\" \/>\n<meta property=\"og:description\" content=\"Levenhuk DTX 43 LCD: lente digitale con schermo 4,3&quot;, ingrandimento 6x-14x e LED. Ideale per la didattica. Acquistala con il Buono Docente. Spedizione gratuita!\" \/>\n<meta property=\"og:url\" content=\"https:\/\/www.mathematicus.it\/en\/prodotto\/lente-dingrandimento-digitale-levenhuk-dtx-43-lcd\/\" \/>\n<meta property=\"og:site_name\" content=\"Mathematicus\" \/>\n<meta property=\"article:publisher\" content=\"https:\/\/www.facebook.com\/mathematicusilgiocodellamatematica\" \/>\n<meta property=\"article:modified_time\" content=\"2026-02-28T10:15:45+00:00\" \/>\n<meta property=\"og:image\" content=\"https:\/\/www.mathematicus.it\/wp-content\/uploads\/2026\/02\/lvh-digital-magnifier-dtx-43-00.webp\" \/>\n\t<meta property=\"og:image:width\" content=\"500\" \/>\n\t<meta property=\"og:image:height\" content=\"500\" \/>\n\t<meta property=\"og:image:type\" content=\"image\/webp\" \/>\n<meta name=\"twitter:card\" content=\"summary_large_image\" \/>\n<meta name=\"twitter:label1\" content=\"Price\" \/>\n\t<meta name=\"twitter:data1\" content=\"&euro;254.00\" \/>\n\t<meta name=\"twitter:label2\" content=\"Availability\" \/>\n\t<meta name=\"twitter:data2\" content=\"In stock\" \/>\n<script type=\"application\/ld+json\" class=\"yoast-schema-graph\">{\"@context\":\"https:\\\/\\\/schema.org\",\"@graph\":[{\"@type\":\"WebPage\",\"@id\":\"https:\\\/\\\/www.mathematicus.it\\\/en\\\/prodotto\\\/lente-dingrandimento-digitale-levenhuk-dtx-43-lcd\\\/\",\"url\":\"https:\\\/\\\/www.mathematicus.it\\\/en\\\/prodotto\\\/lente-dingrandimento-digitale-levenhuk-dtx-43-lcd\\\/\",\"name\":\"Lente d\u2019ingrandimento digitale Levenhuk DTX 43 LCD - Mathematicus\",\"isPartOf\":{\"@id\":\"https:\\\/\\\/www.mathematicus.it\\\/en\\\/#website\"},\"primaryImageOfPage\":{\"@id\":\"https:\\\/\\\/www.mathematicus.it\\\/en\\\/prodotto\\\/lente-dingrandimento-digitale-levenhuk-dtx-43-lcd\\\/#primaryimage\"},\"image\":{\"@id\":\"https:\\\/\\\/www.mathematicus.it\\\/en\\\/prodotto\\\/lente-dingrandimento-digitale-levenhuk-dtx-43-lcd\\\/#primaryimage\"},\"thumbnailUrl\":\"https:\\\/\\\/i0.wp.com\\\/www.mathematicus.it\\\/wp-content\\\/uploads\\\/2026\\\/02\\\/lvh-digital-magnifier-dtx-43-00.webp?fit=500%2C500&ssl=1\",\"datePublished\":\"2026-02-22T08:02:55+00:00\",\"dateModified\":\"2026-02-28T10:15:45+00:00\",\"description\":\"Levenhuk DTX 43 LCD: lente digitale con schermo 4,3\\\", ingrandimento 6x-14x e LED. Ideale per la didattica. Acquistala con il Buono Docente. Spedizione gratuita!\",\"breadcrumb\":{\"@id\":\"https:\\\/\\\/www.mathematicus.it\\\/en\\\/prodotto\\\/lente-dingrandimento-digitale-levenhuk-dtx-43-lcd\\\/#breadcrumb\"},\"inLanguage\":\"en-US\",\"potentialAction\":[{\"@type\":\"ReadAction\",\"target\":[\"https:\\\/\\\/www.mathematicus.it\\\/en\\\/prodotto\\\/lente-dingrandimento-digitale-levenhuk-dtx-43-lcd\\\/\"]}]},{\"@type\":\"ImageObject\",\"inLanguage\":\"en-US\",\"@id\":\"https:\\\/\\\/www.mathematicus.it\\\/en\\\/prodotto\\\/lente-dingrandimento-digitale-levenhuk-dtx-43-lcd\\\/#primaryimage\",\"url\":\"https:\\\/\\\/i0.wp.com\\\/www.mathematicus.it\\\/wp-content\\\/uploads\\\/2026\\\/02\\\/lvh-digital-magnifier-dtx-43-00.webp?fit=500%2C500&ssl=1\",\"contentUrl\":\"https:\\\/\\\/i0.wp.com\\\/www.mathematicus.it\\\/wp-content\\\/uploads\\\/2026\\\/02\\\/lvh-digital-magnifier-dtx-43-00.webp?fit=500%2C500&ssl=1\",\"width\":500,\"height\":500},{\"@type\":\"BreadcrumbList\",\"@id\":\"https:\\\/\\\/www.mathematicus.it\\\/en\\\/prodotto\\\/lente-dingrandimento-digitale-levenhuk-dtx-43-lcd\\\/#breadcrumb\",\"itemListElement\":[{\"@type\":\"ListItem\",\"position\":1,\"name\":\"Home\",\"item\":\"https:\\\/\\\/www.mathematicus.it\\\/en\\\/\"},{\"@type\":\"ListItem\",\"position\":2,\"name\":\"Shop\",\"item\":\"https:\\\/\\\/www.mathematicus.it\\\/negozio\\\/\"},{\"@type\":\"ListItem\",\"position\":3,\"name\":\"Lente d\u2019ingrandimento digitale Levenhuk DTX 43 LCD\"}]},{\"@type\":\"WebSite\",\"@id\":\"https:\\\/\\\/www.mathematicus.it\\\/en\\\/#website\",\"url\":\"https:\\\/\\\/www.mathematicus.it\\\/en\\\/\",\"name\":\"Mathematicus\",\"description\":\"Il gioco della Matematica\",\"publisher\":{\"@id\":\"https:\\\/\\\/www.mathematicus.it\\\/en\\\/#organization\"},\"potentialAction\":[{\"@type\":\"SearchAction\",\"target\":{\"@type\":\"EntryPoint\",\"urlTemplate\":\"https:\\\/\\\/www.mathematicus.it\\\/en\\\/?s={search_term_string}\"},\"query-input\":{\"@type\":\"PropertyValueSpecification\",\"valueRequired\":true,\"valueName\":\"search_term_string\"}}],\"inLanguage\":\"en-US\"},{\"@type\":\"Organization\",\"@id\":\"https:\\\/\\\/www.mathematicus.it\\\/en\\\/#organization\",\"name\":\"Mathematicus\",\"url\":\"https:\\\/\\\/www.mathematicus.it\\\/en\\\/\",\"logo\":{\"@type\":\"ImageObject\",\"inLanguage\":\"en-US\",\"@id\":\"https:\\\/\\\/www.mathematicus.it\\\/en\\\/#\\\/schema\\\/logo\\\/image\\\/\",\"url\":\"https:\\\/\\\/i0.wp.com\\\/www.mathematicus.it\\\/wp-content\\\/uploads\\\/2020\\\/11\\\/logo.png?fit=500%2C49&ssl=1\",\"contentUrl\":\"https:\\\/\\\/i0.wp.com\\\/www.mathematicus.it\\\/wp-content\\\/uploads\\\/2020\\\/11\\\/logo.png?fit=500%2C49&ssl=1\",\"width\":500,\"height\":49,\"caption\":\"Mathematicus\"},\"image\":{\"@id\":\"https:\\\/\\\/www.mathematicus.it\\\/en\\\/#\\\/schema\\\/logo\\\/image\\\/\"},\"sameAs\":[\"https:\\\/\\\/www.facebook.com\\\/mathematicusilgiocodellamatematica\",\"https:\\\/\\\/www.instagram.com\\\/mathematicusgiocomatematica\\\/\",\"https:\\\/\\\/www.linkedin.com\\\/company\\\/94868880\",\"https:\\\/\\\/www.pinterest.it\\\/tomasobaj\\\/giochi-matematici\\\/\"]}]}<\/script>\n<meta property=\"product:brand\" content=\"Carta del docente\" \/>\n<meta property=\"product:price:amount\" content=\"254.00\" \/>\n<meta property=\"product:price:currency\" content=\"EUR\" \/>\n<meta property=\"og:availability\" content=\"instock\" \/>\n<meta property=\"product:availability\" content=\"instock\" \/>\n<meta property=\"product:retailer_item_id\" content=\"70421\" \/>\n<meta property=\"product:condition\" content=\"new\" \/>\n<!-- \/ Yoast SEO Premium plugin. -->","yoast_head_json":{"title":"Lente d\u2019ingrandimento digitale Levenhuk DTX 43 LCD - Mathematicus","description":"Levenhuk DTX 43 LCD: lente digitale con schermo 4,3\", ingrandimento 6x-14x e LED. Ideale per la didattica. Acquistala con il Buono Docente. Spedizione gratuita!","robots":{"index":"index","follow":"follow","max-snippet":"max-snippet:-1","max-image-preview":"max-image-preview:large","max-video-preview":"max-video-preview:-1"},"canonical":"https:\/\/www.mathematicus.it\/en\/prodotto\/lente-dingrandimento-digitale-levenhuk-dtx-43-lcd\/","og_locale":"en_US","og_type":"article","og_title":"Lente d\u2019ingrandimento digitale Levenhuk DTX 43 LCD","og_description":"Levenhuk DTX 43 LCD: lente digitale con schermo 4,3\", ingrandimento 6x-14x e LED. Ideale per la didattica. Acquistala con il Buono Docente. Spedizione gratuita!","og_url":"https:\/\/www.mathematicus.it\/en\/prodotto\/lente-dingrandimento-digitale-levenhuk-dtx-43-lcd\/","og_site_name":"Mathematicus","article_publisher":"https:\/\/www.facebook.com\/mathematicusilgiocodellamatematica","article_modified_time":"2026-02-28T10:15:45+00:00","og_image":[{"width":500,"height":500,"url":"https:\/\/www.mathematicus.it\/wp-content\/uploads\/2026\/02\/lvh-digital-magnifier-dtx-43-00.webp","type":"image\/webp"}],"twitter_card":"summary_large_image","twitter_misc":{"Price":"&euro;254.00","Availability":"In stock"},"schema":{"@context":"https:\/\/schema.org","@graph":[{"@type":"WebPage","@id":"https:\/\/www.mathematicus.it\/en\/prodotto\/lente-dingrandimento-digitale-levenhuk-dtx-43-lcd\/","url":"https:\/\/www.mathematicus.it\/en\/prodotto\/lente-dingrandimento-digitale-levenhuk-dtx-43-lcd\/","name":"Lente d\u2019ingrandimento digitale Levenhuk DTX 43 LCD - Mathematicus","isPartOf":{"@id":"https:\/\/www.mathematicus.it\/en\/#website"},"primaryImageOfPage":{"@id":"https:\/\/www.mathematicus.it\/en\/prodotto\/lente-dingrandimento-digitale-levenhuk-dtx-43-lcd\/#primaryimage"},"image":{"@id":"https:\/\/www.mathematicus.it\/en\/prodotto\/lente-dingrandimento-digitale-levenhuk-dtx-43-lcd\/#primaryimage"},"thumbnailUrl":"https:\/\/i0.wp.com\/www.mathematicus.it\/wp-content\/uploads\/2026\/02\/lvh-digital-magnifier-dtx-43-00.webp?fit=500%2C500&ssl=1","datePublished":"2026-02-22T08:02:55+00:00","dateModified":"2026-02-28T10:15:45+00:00","description":"Levenhuk DTX 43 LCD: lente digitale con schermo 4,3\", ingrandimento 6x-14x e LED. Ideale per la didattica. Acquistala con il Buono Docente. Spedizione gratuita!","breadcrumb":{"@id":"https:\/\/www.mathematicus.it\/en\/prodotto\/lente-dingrandimento-digitale-levenhuk-dtx-43-lcd\/#breadcrumb"},"inLanguage":"en-US","potentialAction":[{"@type":"ReadAction","target":["https:\/\/www.mathematicus.it\/en\/prodotto\/lente-dingrandimento-digitale-levenhuk-dtx-43-lcd\/"]}]},{"@type":"ImageObject","inLanguage":"en-US","@id":"https:\/\/www.mathematicus.it\/en\/prodotto\/lente-dingrandimento-digitale-levenhuk-dtx-43-lcd\/#primaryimage","url":"https:\/\/i0.wp.com\/www.mathematicus.it\/wp-content\/uploads\/2026\/02\/lvh-digital-magnifier-dtx-43-00.webp?fit=500%2C500&ssl=1","contentUrl":"https:\/\/i0.wp.com\/www.mathematicus.it\/wp-content\/uploads\/2026\/02\/lvh-digital-magnifier-dtx-43-00.webp?fit=500%2C500&ssl=1","width":500,"height":500},{"@type":"BreadcrumbList","@id":"https:\/\/www.mathematicus.it\/en\/prodotto\/lente-dingrandimento-digitale-levenhuk-dtx-43-lcd\/#breadcrumb","itemListElement":[{"@type":"ListItem","position":1,"name":"Home","item":"https:\/\/www.mathematicus.it\/en\/"},{"@type":"ListItem","position":2,"name":"Shop","item":"https:\/\/www.mathematicus.it\/negozio\/"},{"@type":"ListItem","position":3,"name":"Lente d\u2019ingrandimento digitale Levenhuk DTX 43 LCD"}]},{"@type":"WebSite","@id":"https:\/\/www.mathematicus.it\/en\/#website","url":"https:\/\/www.mathematicus.it\/en\/","name":"Mathematicus","description":"Il gioco della Matematica","publisher":{"@id":"https:\/\/www.mathematicus.it\/en\/#organization"},"potentialAction":[{"@type":"SearchAction","target":{"@type":"EntryPoint","urlTemplate":"https:\/\/www.mathematicus.it\/en\/?s={search_term_string}"},"query-input":{"@type":"PropertyValueSpecification","valueRequired":true,"valueName":"search_term_string"}}],"inLanguage":"en-US"},{"@type":"Organization","@id":"https:\/\/www.mathematicus.it\/en\/#organization","name":"Mathematicus","url":"https:\/\/www.mathematicus.it\/en\/","logo":{"@type":"ImageObject","inLanguage":"en-US","@id":"https:\/\/www.mathematicus.it\/en\/#\/schema\/logo\/image\/","url":"https:\/\/i0.wp.com\/www.mathematicus.it\/wp-content\/uploads\/2020\/11\/logo.png?fit=500%2C49&ssl=1","contentUrl":"https:\/\/i0.wp.com\/www.mathematicus.it\/wp-content\/uploads\/2020\/11\/logo.png?fit=500%2C49&ssl=1","width":500,"height":49,"caption":"Mathematicus"},"image":{"@id":"https:\/\/www.mathematicus.it\/en\/#\/schema\/logo\/image\/"},"sameAs":["https:\/\/www.facebook.com\/mathematicusilgiocodellamatematica","https:\/\/www.instagram.com\/mathematicusgiocomatematica\/","https:\/\/www.linkedin.com\/company\/94868880","https:\/\/www.pinterest.it\/tomasobaj\/giochi-matematici\/"]}]},"product_brand":"Carta del docente","product_price_amount":"254.00","product_price_currency":"EUR","og_availability":"instock","product_availability":"instock","product_retailer_item_id":"70421","product_condition":"new"},"jetpack_sharing_enabled":true,"_links":{"self":[{"href":"https:\/\/www.mathematicus.it\/en\/wp-json\/wp\/v2\/product\/52513","targetHints":{"allow":["GET"]}}],"collection":[{"href":"https:\/\/www.mathematicus.it\/en\/wp-json\/wp\/v2\/product"}],"about":[{"href":"https:\/\/www.mathematicus.it\/en\/wp-json\/wp\/v2\/types\/product"}],"replies":[{"embeddable":true,"href":"https:\/\/www.mathematicus.it\/en\/wp-json\/wp\/v2\/comments?post=52513"}],"wp:featuredmedia":[{"embeddable":true,"href":"https:\/\/www.mathematicus.it\/en\/wp-json\/wp\/v2\/media\/52529"}],"wp:attachment":[{"href":"https:\/\/www.mathematicus.it\/en\/wp-json\/wp\/v2\/media?parent=52513"}],"wp:term":[{"taxonomy":"product_brand","embeddable":true,"href":"https:\/\/www.mathematicus.it\/en\/wp-json\/wp\/v2\/product_brand?post=52513"},{"taxonomy":"product_cat","embeddable":true,"href":"https:\/\/www.mathematicus.it\/en\/wp-json\/wp\/v2\/product_cat?post=52513"},{"taxonomy":"product_tag","embeddable":true,"href":"https:\/\/www.mathematicus.it\/en\/wp-json\/wp\/v2\/product_tag?post=52513"},{"taxonomy":"berocket_brand","embeddable":true,"href":"https:\/\/www.mathematicus.it\/en\/wp-json\/wp\/v2\/berocket_brand?post=52513"}],"curies":[{"name":"wp","href":"https:\/\/api.w.org\/{rel}","templated":true}]}}