{"id":52503,"date":"2026-02-21T20:16:41","date_gmt":"2026-02-21T19:16:41","guid":{"rendered":"https:\/\/www.mathematicus.it\/?post_type=product&#038;p=52503"},"modified":"2026-02-27T19:24:17","modified_gmt":"2026-02-27T18:24:17","slug":"kit-telescopio-microscopio-e-binocolo-levenhuk-labzz-mtb3","status":"publish","type":"product","link":"https:\/\/www.mathematicus.it\/en\/prodotto\/kit-telescopio-microscopio-e-binocolo-levenhuk-labzz-mtb3\/","title":{"rendered":"Kit telescopio, microscopio e binocolo Levenhuk LabZZ MTB3"},"content":{"rendered":"<div class=\"mb-48 pb-md-48\">\n<div id=\"product-description\" class=\"anchors__section row\">\n<div class=\"col-12 col-lg-8\">\n<h1 class=\"h5 fs-24 fs-md-50 mb-16\">Kit Levenhuk LabZZ MTB3<\/h1>\n<\/div>\n<\/div>\n<div class=\"wysiwyg wysiwyg_init\">\n<p>Il kit Levenhuk LabZZ MTB3 \u00e8 il regalo ideale per i ragazzi curiosi. Il kit comprende tre strumenti ottici: un microscopio, un telescopio e un binocolo. Tutti e tre sono progettati per rispondere alle necessit\u00e0 dei giovani osservatori, sebbene le loro prestazioni siano paragonabili a quelle dei modelli per adulti. Il kit aiuter\u00e0 ragazzi e ragazze a tuffarsi tra le meraviglie e i misteri del mondo che ci circonda: i vostri figli potranno studiare il microcosmo, esplorare lo spazio e scoprire l\u2019affascinante mondo della vita selvatica.<\/p>\n<h2><strong>Caratteristiche:<\/strong><\/h2>\n<ul>\n<li>Ottima idea regalo<\/li>\n<li>Kit scientifico divertente<\/li>\n<li>Kit 3-in-1: microscopio, telescopio e binocolo<\/li>\n<li>Oltre 20 accessori compresi<\/li>\n<li>Il microscopio \u00e8 dotato di strumenti per compiere veri esperimenti<\/li>\n<li>Il telescopio \u00e8 adatto anche alle osservazioni terrestri<\/li>\n<li>La custodia per il binocolo \u00e8 compresa nel kit<\/li>\n<\/ul>\n<h2><strong>Microscopio<\/strong><\/h2>\n<p>Il Levenhuk LabZZ MTB3 \u00e8 un microscopio classico con illuminazione dal basso. Il revolver portaobiettivi di questo modello \u00e8 progettato per montare 3 obiettivi. Con l\u2019oculare incluso nel kit, il microscopio \u00e8 in grado di offrire ingrandimenti pari a 150x, 450x e 900x. \u00c8 possibile studiare campioni trasparenti come, ad esempio, i vetrini preparati.<\/p>\n<p>Il microscopio \u00e8 facilmente trasportabile. L\u2019illuminazione \u00e8 alimentata a batterie, quindi \u00e8 possibile portarlo con s\u00e9 durante una camminata, a scuola o a casa di amici. Durante le osservazioni diurne, lo specchio incorporato pu\u00f2 essere utilizzato per l\u2019illuminazione dei campioni, in modo da non avere bisogno delle batterie.<\/p>\n<p>Il kit comprende tutti gli strumenti necessari per la preparazione dei vetrini e per condurre entusiasmanti esperimenti.<\/p>\n<h2><strong>Telescopio<\/strong><\/h2>\n<p>Il Levenhuk LabZZ MTB3 \u00e8 un rifrattore per principianti in grado di mostrare a un giovane astronomo i pianeti del Sistema solare, la Luna e gli ammassi stellari pi\u00f9 luminosi.<\/p>\n<p>Levenhuk LabZZ MTB 3 Il telescopio \u00e8 installato su una semplice montatura altazimutale, perfetta per gli utenti in erba, ed \u00e8 dotato di uno stabile treppiede in alluminio. L\u2019altezza del treppiede \u00e8 regolabile.<\/p>\n<h2><strong>Binocolo<\/strong><\/h2>\n<p>Il Levenhuk LabZZ MTB3 \u00e8 un binocolo compatto con prisma a tetto, corpo leggero in plastica e un ingrandimento pari a 4x. Un binocolo di piccole dimensioni come questo \u00e8 perfetto da usare durante le lunghe camminate, per godersi l\u2019aria fresca e gli affascinanti panorami. Con un binocolo cos\u00ec, tuo figlio si sentir\u00e0 proprio un avventuriero e un vero esploratore! Le lenti di questo modello sono realizzate in vetro ottico e trattate con un rivestimento antiriflesso, in modo da produrre immagini di alta qualit\u00e0.<\/p>\n<p>Questo binocolo \u00e8 perfettamente progettato per le osservazioni diurne. Le lenti raccolgono una gran quantit\u00e0 di luce per offrire immagini luminose e nitide. Il binocolo \u00e8 fornito di custodia morbida, laccetto e panno per la pulizia delle ottiche.<\/p>\n<h2><strong>Il kit del microscopio comprende:<\/strong><\/h2>\n<ul>\n<li>Microscopio<\/li>\n<li>Oculare 10x<\/li>\n<li>LED di ricambio<\/li>\n<li>Flaconi vuoti (3 pz.)<\/li>\n<li>Vetrini vuoti (3 pz.)<\/li>\n<li>Coprivetrini (3 pz.)<\/li>\n<li>Adesivi per vetrino (3 pz.)<\/li>\n<li>Bisturi<\/li>\n<li>Pipetta<\/li>\n<li>Spatola<\/li>\n<li>Pinzette<\/li>\n<li>Ago per dissezione<\/li>\n<\/ul>\n<h2><strong>Il kit del telescopio comprende:<\/strong><\/h2>\n<ul>\n<li>Telescopio<\/li>\n<li>Oculare da 5 mm<\/li>\n<li>Oculare da 10 mm<\/li>\n<li>Cercatore ottico 2x<\/li>\n<li>Diagonale a specchio<\/li>\n<li>Treppiede in alluminio<\/li>\n<\/ul>\n<h2><strong>Il kit del binocolo comprende:<\/strong><\/h2>\n<ul>\n<li>Binocolo<\/li>\n<li>Custodia morbida<\/li>\n<li>Panno per pulizia<\/li>\n<li>Laccetto sottile<\/li>\n<\/ul>\n<\/div>\n<p><strong><a href=\"https:\/\/www.mathematicus.it\/come-pagare-con-carta-docente-sul-sito-mathematicus\/\"><img data-recalc-dims=\"1\" decoding=\"async\" class=\"lazyload alignnone wp-image-2886\" src=\"https:\/\/i0.wp.com\/www.mathematicus.it\/wp-content\/uploads\/2024\/11\/Carta-del-docente-2.webp?resize=81%2C54&#038;ssl=1\" data-orig-src=\"https:\/\/www.mathematicus.it\/wp-content\/uploads\/2024\/11\/Carta-del-docente-2-300x200.webp\" alt=\"\" width=\"81\" height=\"54\" srcset=\"data:image\/svg+xml,%3Csvg%20xmlns%3D%27http%3A%2F%2Fwww.w3.org%2F2000%2Fsvg%27%20width%3D%2781%27%20height%3D%2754%27%20viewBox%3D%270%200%2081%2054%27%3E%3Crect%20width%3D%2781%27%20height%3D%2754%27%20fill-opacity%3D%220%22%2F%3E%3C%2Fsvg%3E\" data-srcset=\"https:\/\/i0.wp.com\/www.mathematicus.it\/wp-content\/uploads\/2024\/11\/Carta-del-docente-2.webp?resize=200%2C133&amp;ssl=1 200w, https:\/\/i0.wp.com\/www.mathematicus.it\/wp-content\/uploads\/2024\/11\/Carta-del-docente-2.webp?resize=300%2C200&amp;ssl=1 300w, https:\/\/i0.wp.com\/www.mathematicus.it\/wp-content\/uploads\/2024\/11\/Carta-del-docente-2.webp?resize=400%2C267&amp;ssl=1 400w, https:\/\/i0.wp.com\/www.mathematicus.it\/wp-content\/uploads\/2024\/11\/Carta-del-docente-2.webp?resize=500%2C333&amp;ssl=1 500w, https:\/\/i0.wp.com\/www.mathematicus.it\/wp-content\/uploads\/2024\/11\/Carta-del-docente-2.webp?resize=600%2C400&amp;ssl=1 600w, https:\/\/i0.wp.com\/www.mathematicus.it\/wp-content\/uploads\/2024\/11\/Carta-del-docente-2.webp?resize=700%2C467&amp;ssl=1 700w, https:\/\/i0.wp.com\/www.mathematicus.it\/wp-content\/uploads\/2024\/11\/Carta-del-docente-2.webp?resize=768%2C512&amp;ssl=1 768w, https:\/\/i0.wp.com\/www.mathematicus.it\/wp-content\/uploads\/2024\/11\/Carta-del-docente-2.webp?resize=800%2C533&amp;ssl=1 800w, https:\/\/i0.wp.com\/www.mathematicus.it\/wp-content\/uploads\/2024\/11\/Carta-del-docente-2.webp?resize=1024%2C683&amp;ssl=1 1024w, https:\/\/i0.wp.com\/www.mathematicus.it\/wp-content\/uploads\/2024\/11\/Carta-del-docente-2.webp?w=1200&amp;ssl=1 1200w\" data-sizes=\"auto\" data-orig-sizes=\"(max-width: 81px) 100vw, 81px\" \/><\/a><br \/>\nScopri come acquistare con la <a href=\"https:\/\/www.mathematicus.it\/acquista-giochi-didattici-e-strumenti-con-la-carta-del-docente\/\" target=\"_blank\" rel=\"noopener\">Carta del Docente<\/a><\/strong><\/p>\n<\/div>\n<div class=\"mb-48 pb-md-48\">\n<div id=\"product-specification\" class=\"anchors__section\">\n<h1 class=\"h5 fs-24 fs-md-50 mb-16 mb-md-32 pb-md-8\">Specifiche<\/h1>\n<p>ID prodotto: 69698<br \/>\nMarchio: Levenhuk Inc., USA<br \/>\nGaranzia: a vita<br \/>\nEAN: 5905555011530<br \/>\nDimensione confezione (LxPxH): 88x24x10 cm<br \/>\nPeso spedizione: 1.974 kg<br \/>\nTipo: kit di esplorazione<br \/>\nFunzionalit\u00e0: binocolo, microscopio, telescopio<br \/>\nApplicazione: studio della natura<br \/>\nSpecifiche del telescopio:<\/p>\n<p>Design delle ottiche: rifrattore<br \/>\nDiametro lente obiettivo (apertura), mm: 50<br \/>\nLunghezza focale, mm: 600<br \/>\nIngrandimento massimo utilizzabile, x: 120<br \/>\nRapporto di apertura: f\/12<br \/>\nOculari: 10 mm, 5 mm<br \/>\nCercatore: ottico, 2x<br \/>\nTreppiede: alluminio<br \/>\nAltezza treppiede (regolabile), mm: 650\u20131150<br \/>\nMontatura: altazimutale<br \/>\nLivello utente: per bambini, principianti<br \/>\nOggetto osservato: oggetti terrestri<br \/>\nSpecifiche del microscopio:<\/p>\n<p>Tipo: biologico, luce\/ottico<br \/>\nTipo di testata del microscopio: monoculare<br \/>\nMateriale delle ottiche: vetro polimero ottico<br \/>\nOculari: 10x<br \/>\nObiettivi: 15x, 45x, 90x<br \/>\nRevolver portaobiettivi: per 3 obiettivi<br \/>\nFuoco: grossolana<br \/>\nIlluminazione: specchio, LED<br \/>\nAlimentazione: batterie\/batteria integrata: 2 batterie AA (non incluse)<br \/>\nApplicazione: bambini (3-7 anni), scolastico\/educativo<br \/>\nPosizione illuminazione: inferiore<br \/>\nMetodo di ricerca: campo chiaro<br \/>\nKit per esperimenti incluso: \u2713<br \/>\nSpecifiche del binocolo:<\/p>\n<p>Ingrandimento, x: 4<br \/>\nTipo di prisma: a tetto<br \/>\nMateriale delle ottiche: vetro ottico<br \/>\nTrattamento lenti: fully-coated<br \/>\nDiametro lente obiettivo (apertura), mm: 30<br \/>\nMessa a fuoco: centrale<br \/>\nDimensione: compatto<br \/>\nCorpo: plastica<br \/>\nApplicazione: bambini (3-7 anni)<\/p>\n<\/div>\n<\/div>\n","protected":false},"excerpt":{"rendered":"<p>Il <strong>Kit Levenhuk LabZZ MTB3<\/strong> \u00e8 il kit didattico 3-in-1 ideale per le <strong>scienze in classe<\/strong>: microscopio biologico, telescopio rifrattore e binocolo compatto in un unico set. Con oltre 20 accessori per esperimenti, ingrandimenti fino a 900x e garanzia a vita, \u00e8 lo strumento perfetto per rendere le lezioni di scienze concrete e coinvolgenti. <strong>Acquistabile con la Carta del Docente.<\/strong><\/p>\n","protected":false},"featured_media":52508,"comment_status":"open","ping_status":"closed","template":"","meta":[],"product_brand":[],"product_cat":[39,416,44,660,46,659,51],"product_tag":[674,669,55,668,661,664,672,675,665,673,667,662,670,671,666,663],"berocket_brand":[676],"class_list":{"0":"post-52503","1":"product","2":"type-product","3":"status-publish","4":"has-post-thumbnail","6":"product_cat-binocoli","7":"product_cat-carta-del-docente","8":"product_cat-kit","9":"product_cat-levenhuk","10":"product_cat-microscopi","11":"product_cat-scienza","12":"product_cat-telescopi","13":"product_tag-acquisto-carta-docente","14":"product_tag-astronomia-scuola-primaria","15":"product_tag-carta-del-docente","16":"product_tag-kit-3-in-1-didattico","17":"product_tag-kit-didattico-scienze","18":"product_tag-kit-scientifico-classe","19":"product_tag-laboratorio-scienze-classe","20":"product_tag-levenhuk","21":"product_tag-levenhuk-labzz-mtb3","22":"product_tag-levenhuk-scuola","23":"product_tag-materiale-didattico-scienze","24":"product_tag-microscopio-per-scuola","25":"product_tag-microscopio-scolastico","26":"product_tag-regalo-docente-scienze","27":"product_tag-strumenti-ottici-scuola","28":"product_tag-telescopio-didattico","29":"berocket_brand-levenhuk","31":"first","32":"instock","33":"taxable","34":"shipping-taxable","35":"purchasable","36":"product-type-simple"},"yoast_head":"<!-- This site is optimized with the Yoast SEO Premium plugin v27.3 (Yoast SEO v27.3) - https:\/\/yoast.com\/product\/yoast-seo-premium-wordpress\/ -->\n<title>Kit telescopio, microscopio e binocolo Levenhuk LabZZ MTB3 - Mathematicus<\/title>\n<meta name=\"description\" content=\"Kit didattico 3-in-1 Levenhuk per la classe: microscopio, telescopio e binocolo. Ideale per le scienze. Acquistabile con Carta del Docente. Garanzia a vita. (161 caratteri \u2014 versione ridotta:)Kit Levenhuk 3-in-1: microscopio, telescopio e binocolo per la didattica. Oltre 20 accessori. Acquistabile con Carta del Docente.\" \/>\n<meta name=\"robots\" content=\"index, follow, max-snippet:-1, max-image-preview:large, max-video-preview:-1\" \/>\n<link rel=\"canonical\" href=\"https:\/\/www.mathematicus.it\/en\/prodotto\/kit-telescopio-microscopio-e-binocolo-levenhuk-labzz-mtb3\/\" \/>\n<meta property=\"og:locale\" content=\"en_US\" \/>\n<meta property=\"og:type\" content=\"article\" \/>\n<meta property=\"og:title\" content=\"Kit telescopio, microscopio e binocolo Levenhuk LabZZ MTB3\" \/>\n<meta property=\"og:description\" content=\"Kit didattico 3-in-1 Levenhuk per la classe: microscopio, telescopio e binocolo. Ideale per le scienze. Acquistabile con Carta del Docente. Garanzia a vita. (161 caratteri \u2014 versione ridotta:)Kit Levenhuk 3-in-1: microscopio, telescopio e binocolo per la didattica. Oltre 20 accessori. Acquistabile con Carta del Docente.\" \/>\n<meta property=\"og:url\" content=\"https:\/\/www.mathematicus.it\/en\/prodotto\/kit-telescopio-microscopio-e-binocolo-levenhuk-labzz-mtb3\/\" \/>\n<meta property=\"og:site_name\" content=\"Mathematicus\" \/>\n<meta property=\"article:publisher\" content=\"https:\/\/www.facebook.com\/mathematicusilgiocodellamatematica\" \/>\n<meta property=\"article:modified_time\" content=\"2026-02-27T18:24:17+00:00\" \/>\n<meta property=\"og:image\" content=\"https:\/\/www.mathematicus.it\/wp-content\/uploads\/2026\/02\/Kit-telescopio-microscopio-e-binocolo-Levenhuk-LabZZ-MTB3.webp\" \/>\n\t<meta property=\"og:image:width\" content=\"500\" \/>\n\t<meta property=\"og:image:height\" content=\"525\" \/>\n\t<meta property=\"og:image:type\" content=\"image\/webp\" \/>\n<meta name=\"twitter:card\" content=\"summary_large_image\" \/>\n<meta name=\"twitter:label1\" content=\"Price\" \/>\n\t<meta name=\"twitter:data1\" content=\"&euro;83.00\" \/>\n\t<meta name=\"twitter:label2\" content=\"Availability\" \/>\n\t<meta name=\"twitter:data2\" content=\"In stock\" \/>\n<script type=\"application\/ld+json\" class=\"yoast-schema-graph\">{\"@context\":\"https:\\\/\\\/schema.org\",\"@graph\":[{\"@type\":\"WebPage\",\"@id\":\"https:\\\/\\\/www.mathematicus.it\\\/en\\\/prodotto\\\/kit-telescopio-microscopio-e-binocolo-levenhuk-labzz-mtb3\\\/\",\"url\":\"https:\\\/\\\/www.mathematicus.it\\\/en\\\/prodotto\\\/kit-telescopio-microscopio-e-binocolo-levenhuk-labzz-mtb3\\\/\",\"name\":\"Kit telescopio, microscopio e binocolo Levenhuk LabZZ MTB3 - Mathematicus\",\"isPartOf\":{\"@id\":\"https:\\\/\\\/www.mathematicus.it\\\/en\\\/#website\"},\"primaryImageOfPage\":{\"@id\":\"https:\\\/\\\/www.mathematicus.it\\\/en\\\/prodotto\\\/kit-telescopio-microscopio-e-binocolo-levenhuk-labzz-mtb3\\\/#primaryimage\"},\"image\":{\"@id\":\"https:\\\/\\\/www.mathematicus.it\\\/en\\\/prodotto\\\/kit-telescopio-microscopio-e-binocolo-levenhuk-labzz-mtb3\\\/#primaryimage\"},\"thumbnailUrl\":\"https:\\\/\\\/i0.wp.com\\\/www.mathematicus.it\\\/wp-content\\\/uploads\\\/2026\\\/02\\\/Kit-telescopio-microscopio-e-binocolo-Levenhuk-LabZZ-MTB3.webp?fit=500%2C525&ssl=1\",\"datePublished\":\"2026-02-21T19:16:41+00:00\",\"dateModified\":\"2026-02-27T18:24:17+00:00\",\"description\":\"Kit didattico 3-in-1 Levenhuk per la classe: microscopio, telescopio e binocolo. Ideale per le scienze. Acquistabile con Carta del Docente. Garanzia a vita. (161 caratteri \u2014 versione ridotta:)Kit Levenhuk 3-in-1: microscopio, telescopio e binocolo per la didattica. Oltre 20 accessori. Acquistabile con Carta del Docente.\",\"breadcrumb\":{\"@id\":\"https:\\\/\\\/www.mathematicus.it\\\/en\\\/prodotto\\\/kit-telescopio-microscopio-e-binocolo-levenhuk-labzz-mtb3\\\/#breadcrumb\"},\"inLanguage\":\"en-US\",\"potentialAction\":[{\"@type\":\"ReadAction\",\"target\":[\"https:\\\/\\\/www.mathematicus.it\\\/en\\\/prodotto\\\/kit-telescopio-microscopio-e-binocolo-levenhuk-labzz-mtb3\\\/\"]}]},{\"@type\":\"ImageObject\",\"inLanguage\":\"en-US\",\"@id\":\"https:\\\/\\\/www.mathematicus.it\\\/en\\\/prodotto\\\/kit-telescopio-microscopio-e-binocolo-levenhuk-labzz-mtb3\\\/#primaryimage\",\"url\":\"https:\\\/\\\/i0.wp.com\\\/www.mathematicus.it\\\/wp-content\\\/uploads\\\/2026\\\/02\\\/Kit-telescopio-microscopio-e-binocolo-Levenhuk-LabZZ-MTB3.webp?fit=500%2C525&ssl=1\",\"contentUrl\":\"https:\\\/\\\/i0.wp.com\\\/www.mathematicus.it\\\/wp-content\\\/uploads\\\/2026\\\/02\\\/Kit-telescopio-microscopio-e-binocolo-Levenhuk-LabZZ-MTB3.webp?fit=500%2C525&ssl=1\",\"width\":500,\"height\":525,\"caption\":\"Kit telescopio, microscopio e binocolo Levenhuk LabZZ MTB3\"},{\"@type\":\"BreadcrumbList\",\"@id\":\"https:\\\/\\\/www.mathematicus.it\\\/en\\\/prodotto\\\/kit-telescopio-microscopio-e-binocolo-levenhuk-labzz-mtb3\\\/#breadcrumb\",\"itemListElement\":[{\"@type\":\"ListItem\",\"position\":1,\"name\":\"Home\",\"item\":\"https:\\\/\\\/www.mathematicus.it\\\/en\\\/\"},{\"@type\":\"ListItem\",\"position\":2,\"name\":\"Shop\",\"item\":\"https:\\\/\\\/www.mathematicus.it\\\/negozio\\\/\"},{\"@type\":\"ListItem\",\"position\":3,\"name\":\"Kit telescopio, microscopio e binocolo Levenhuk LabZZ MTB3\"}]},{\"@type\":\"WebSite\",\"@id\":\"https:\\\/\\\/www.mathematicus.it\\\/en\\\/#website\",\"url\":\"https:\\\/\\\/www.mathematicus.it\\\/en\\\/\",\"name\":\"Mathematicus\",\"description\":\"Il gioco della Matematica\",\"publisher\":{\"@id\":\"https:\\\/\\\/www.mathematicus.it\\\/en\\\/#organization\"},\"potentialAction\":[{\"@type\":\"SearchAction\",\"target\":{\"@type\":\"EntryPoint\",\"urlTemplate\":\"https:\\\/\\\/www.mathematicus.it\\\/en\\\/?s={search_term_string}\"},\"query-input\":{\"@type\":\"PropertyValueSpecification\",\"valueRequired\":true,\"valueName\":\"search_term_string\"}}],\"inLanguage\":\"en-US\"},{\"@type\":\"Organization\",\"@id\":\"https:\\\/\\\/www.mathematicus.it\\\/en\\\/#organization\",\"name\":\"Mathematicus\",\"url\":\"https:\\\/\\\/www.mathematicus.it\\\/en\\\/\",\"logo\":{\"@type\":\"ImageObject\",\"inLanguage\":\"en-US\",\"@id\":\"https:\\\/\\\/www.mathematicus.it\\\/en\\\/#\\\/schema\\\/logo\\\/image\\\/\",\"url\":\"https:\\\/\\\/i0.wp.com\\\/www.mathematicus.it\\\/wp-content\\\/uploads\\\/2020\\\/11\\\/logo.png?fit=500%2C49&ssl=1\",\"contentUrl\":\"https:\\\/\\\/i0.wp.com\\\/www.mathematicus.it\\\/wp-content\\\/uploads\\\/2020\\\/11\\\/logo.png?fit=500%2C49&ssl=1\",\"width\":500,\"height\":49,\"caption\":\"Mathematicus\"},\"image\":{\"@id\":\"https:\\\/\\\/www.mathematicus.it\\\/en\\\/#\\\/schema\\\/logo\\\/image\\\/\"},\"sameAs\":[\"https:\\\/\\\/www.facebook.com\\\/mathematicusilgiocodellamatematica\",\"https:\\\/\\\/www.instagram.com\\\/mathematicusgiocomatematica\\\/\",\"https:\\\/\\\/www.linkedin.com\\\/company\\\/94868880\",\"https:\\\/\\\/www.pinterest.it\\\/tomasobaj\\\/giochi-matematici\\\/\"]}]}<\/script>\n<meta property=\"product:brand\" content=\"Carta del docente\" \/>\n<meta property=\"product:price:amount\" content=\"83.00\" \/>\n<meta property=\"product:price:currency\" content=\"EUR\" \/>\n<meta property=\"og:availability\" content=\"instock\" \/>\n<meta property=\"product:availability\" content=\"instock\" \/>\n<meta property=\"product:retailer_item_id\" content=\"69698\" \/>\n<meta property=\"product:condition\" content=\"new\" \/>\n<!-- \/ Yoast SEO Premium plugin. -->","yoast_head_json":{"title":"Kit telescopio, microscopio e binocolo Levenhuk LabZZ MTB3 - Mathematicus","description":"Kit didattico 3-in-1 Levenhuk per la classe: microscopio, telescopio e binocolo. Ideale per le scienze. Acquistabile con Carta del Docente. Garanzia a vita. (161 caratteri \u2014 versione ridotta:)Kit Levenhuk 3-in-1: microscopio, telescopio e binocolo per la didattica. Oltre 20 accessori. Acquistabile con Carta del Docente.","robots":{"index":"index","follow":"follow","max-snippet":"max-snippet:-1","max-image-preview":"max-image-preview:large","max-video-preview":"max-video-preview:-1"},"canonical":"https:\/\/www.mathematicus.it\/en\/prodotto\/kit-telescopio-microscopio-e-binocolo-levenhuk-labzz-mtb3\/","og_locale":"en_US","og_type":"article","og_title":"Kit telescopio, microscopio e binocolo Levenhuk LabZZ MTB3","og_description":"Kit didattico 3-in-1 Levenhuk per la classe: microscopio, telescopio e binocolo. Ideale per le scienze. Acquistabile con Carta del Docente. Garanzia a vita. (161 caratteri \u2014 versione ridotta:)Kit Levenhuk 3-in-1: microscopio, telescopio e binocolo per la didattica. Oltre 20 accessori. Acquistabile con Carta del Docente.","og_url":"https:\/\/www.mathematicus.it\/en\/prodotto\/kit-telescopio-microscopio-e-binocolo-levenhuk-labzz-mtb3\/","og_site_name":"Mathematicus","article_publisher":"https:\/\/www.facebook.com\/mathematicusilgiocodellamatematica","article_modified_time":"2026-02-27T18:24:17+00:00","og_image":[{"width":500,"height":525,"url":"https:\/\/www.mathematicus.it\/wp-content\/uploads\/2026\/02\/Kit-telescopio-microscopio-e-binocolo-Levenhuk-LabZZ-MTB3.webp","type":"image\/webp"}],"twitter_card":"summary_large_image","twitter_misc":{"Price":"&euro;83.00","Availability":"In stock"},"schema":{"@context":"https:\/\/schema.org","@graph":[{"@type":"WebPage","@id":"https:\/\/www.mathematicus.it\/en\/prodotto\/kit-telescopio-microscopio-e-binocolo-levenhuk-labzz-mtb3\/","url":"https:\/\/www.mathematicus.it\/en\/prodotto\/kit-telescopio-microscopio-e-binocolo-levenhuk-labzz-mtb3\/","name":"Kit telescopio, microscopio e binocolo Levenhuk LabZZ MTB3 - Mathematicus","isPartOf":{"@id":"https:\/\/www.mathematicus.it\/en\/#website"},"primaryImageOfPage":{"@id":"https:\/\/www.mathematicus.it\/en\/prodotto\/kit-telescopio-microscopio-e-binocolo-levenhuk-labzz-mtb3\/#primaryimage"},"image":{"@id":"https:\/\/www.mathematicus.it\/en\/prodotto\/kit-telescopio-microscopio-e-binocolo-levenhuk-labzz-mtb3\/#primaryimage"},"thumbnailUrl":"https:\/\/i0.wp.com\/www.mathematicus.it\/wp-content\/uploads\/2026\/02\/Kit-telescopio-microscopio-e-binocolo-Levenhuk-LabZZ-MTB3.webp?fit=500%2C525&ssl=1","datePublished":"2026-02-21T19:16:41+00:00","dateModified":"2026-02-27T18:24:17+00:00","description":"Kit didattico 3-in-1 Levenhuk per la classe: microscopio, telescopio e binocolo. Ideale per le scienze. Acquistabile con Carta del Docente. Garanzia a vita. (161 caratteri \u2014 versione ridotta:)Kit Levenhuk 3-in-1: microscopio, telescopio e binocolo per la didattica. Oltre 20 accessori. Acquistabile con Carta del Docente.","breadcrumb":{"@id":"https:\/\/www.mathematicus.it\/en\/prodotto\/kit-telescopio-microscopio-e-binocolo-levenhuk-labzz-mtb3\/#breadcrumb"},"inLanguage":"en-US","potentialAction":[{"@type":"ReadAction","target":["https:\/\/www.mathematicus.it\/en\/prodotto\/kit-telescopio-microscopio-e-binocolo-levenhuk-labzz-mtb3\/"]}]},{"@type":"ImageObject","inLanguage":"en-US","@id":"https:\/\/www.mathematicus.it\/en\/prodotto\/kit-telescopio-microscopio-e-binocolo-levenhuk-labzz-mtb3\/#primaryimage","url":"https:\/\/i0.wp.com\/www.mathematicus.it\/wp-content\/uploads\/2026\/02\/Kit-telescopio-microscopio-e-binocolo-Levenhuk-LabZZ-MTB3.webp?fit=500%2C525&ssl=1","contentUrl":"https:\/\/i0.wp.com\/www.mathematicus.it\/wp-content\/uploads\/2026\/02\/Kit-telescopio-microscopio-e-binocolo-Levenhuk-LabZZ-MTB3.webp?fit=500%2C525&ssl=1","width":500,"height":525,"caption":"Kit telescopio, microscopio e binocolo Levenhuk LabZZ MTB3"},{"@type":"BreadcrumbList","@id":"https:\/\/www.mathematicus.it\/en\/prodotto\/kit-telescopio-microscopio-e-binocolo-levenhuk-labzz-mtb3\/#breadcrumb","itemListElement":[{"@type":"ListItem","position":1,"name":"Home","item":"https:\/\/www.mathematicus.it\/en\/"},{"@type":"ListItem","position":2,"name":"Shop","item":"https:\/\/www.mathematicus.it\/negozio\/"},{"@type":"ListItem","position":3,"name":"Kit telescopio, microscopio e binocolo Levenhuk LabZZ MTB3"}]},{"@type":"WebSite","@id":"https:\/\/www.mathematicus.it\/en\/#website","url":"https:\/\/www.mathematicus.it\/en\/","name":"Mathematicus","description":"Il gioco della Matematica","publisher":{"@id":"https:\/\/www.mathematicus.it\/en\/#organization"},"potentialAction":[{"@type":"SearchAction","target":{"@type":"EntryPoint","urlTemplate":"https:\/\/www.mathematicus.it\/en\/?s={search_term_string}"},"query-input":{"@type":"PropertyValueSpecification","valueRequired":true,"valueName":"search_term_string"}}],"inLanguage":"en-US"},{"@type":"Organization","@id":"https:\/\/www.mathematicus.it\/en\/#organization","name":"Mathematicus","url":"https:\/\/www.mathematicus.it\/en\/","logo":{"@type":"ImageObject","inLanguage":"en-US","@id":"https:\/\/www.mathematicus.it\/en\/#\/schema\/logo\/image\/","url":"https:\/\/i0.wp.com\/www.mathematicus.it\/wp-content\/uploads\/2020\/11\/logo.png?fit=500%2C49&ssl=1","contentUrl":"https:\/\/i0.wp.com\/www.mathematicus.it\/wp-content\/uploads\/2020\/11\/logo.png?fit=500%2C49&ssl=1","width":500,"height":49,"caption":"Mathematicus"},"image":{"@id":"https:\/\/www.mathematicus.it\/en\/#\/schema\/logo\/image\/"},"sameAs":["https:\/\/www.facebook.com\/mathematicusilgiocodellamatematica","https:\/\/www.instagram.com\/mathematicusgiocomatematica\/","https:\/\/www.linkedin.com\/company\/94868880","https:\/\/www.pinterest.it\/tomasobaj\/giochi-matematici\/"]}]},"product_brand":"Carta del docente","product_price_amount":"83.00","product_price_currency":"EUR","og_availability":"instock","product_availability":"instock","product_retailer_item_id":"69698","product_condition":"new"},"jetpack_sharing_enabled":true,"_links":{"self":[{"href":"https:\/\/www.mathematicus.it\/en\/wp-json\/wp\/v2\/product\/52503","targetHints":{"allow":["GET"]}}],"collection":[{"href":"https:\/\/www.mathematicus.it\/en\/wp-json\/wp\/v2\/product"}],"about":[{"href":"https:\/\/www.mathematicus.it\/en\/wp-json\/wp\/v2\/types\/product"}],"replies":[{"embeddable":true,"href":"https:\/\/www.mathematicus.it\/en\/wp-json\/wp\/v2\/comments?post=52503"}],"wp:featuredmedia":[{"embeddable":true,"href":"https:\/\/www.mathematicus.it\/en\/wp-json\/wp\/v2\/media\/52508"}],"wp:attachment":[{"href":"https:\/\/www.mathematicus.it\/en\/wp-json\/wp\/v2\/media?parent=52503"}],"wp:term":[{"taxonomy":"product_brand","embeddable":true,"href":"https:\/\/www.mathematicus.it\/en\/wp-json\/wp\/v2\/product_brand?post=52503"},{"taxonomy":"product_cat","embeddable":true,"href":"https:\/\/www.mathematicus.it\/en\/wp-json\/wp\/v2\/product_cat?post=52503"},{"taxonomy":"product_tag","embeddable":true,"href":"https:\/\/www.mathematicus.it\/en\/wp-json\/wp\/v2\/product_tag?post=52503"},{"taxonomy":"berocket_brand","embeddable":true,"href":"https:\/\/www.mathematicus.it\/en\/wp-json\/wp\/v2\/berocket_brand?post=52503"}],"curies":[{"name":"wp","href":"https:\/\/api.w.org\/{rel}","templated":true}]}}