{"id":52430,"date":"2026-02-07T17:03:44","date_gmt":"2026-02-07T16:03:44","guid":{"rendered":"https:\/\/www.mathematicus.it\/?post_type=product&#038;p=52430"},"modified":"2026-02-09T19:11:08","modified_gmt":"2026-02-09T18:11:08","slug":"diple-2-f-acquisto-con-pa-carta-del-docente","status":"publish","type":"product","link":"https:\/\/www.mathematicus.it\/en\/prodotto\/diple-2-f-acquisto-con-pa-carta-del-docente\/","title":{"rendered":"DIPLE 2 &#8211; F"},"content":{"rendered":"<div style=\"width: 1080px;\" class=\"wp-video\"><video class=\"wp-video-shortcode\" id=\"video-52430-1\" width=\"1080\" height=\"1080\" preload=\"metadata\" controls=\"controls\"><source type=\"video\/mp4\" src=\"https:\/\/www.mathematicus.it\/wp-content\/uploads\/2026\/02\/Copia-di-capello_1.mp4?_=1\" \/><a href=\"https:\/\/www.mathematicus.it\/wp-content\/uploads\/2026\/02\/Copia-di-capello_1.mp4\">https:\/\/www.mathematicus.it\/wp-content\/uploads\/2026\/02\/Copia-di-capello_1.mp4<\/a><\/video><\/div>\n<h1>DIPLE II &#8211; F<br \/>\nGuarda il mondo microscopico in una nuova luce<\/h1>\n<p>DIPLE \u00e8 un marchio che rappresenta un&#8217;innovativa famiglia di sistemi ottici compatti e portatili che consentono di utilizzare qualsiasi smartphone o tablet come un POTENTE microscopio.<br \/>\nCon questa tecnologia \u00e8 possibile osservare dettagli pi\u00f9 piccoli di un micrometro utilizzando qualsiasi comune telefono o tablet.<br \/>\nIl suo design originale (brevettato) rende DIPLE un sistema per microscopia estremamente compatto e potente.<br \/>\nDIPLE (da solo) non \u00e8 un microscopio. Il microscopio \u00e8 dato da DIPLE + smartphone\/tablet, poich\u00e9 la fotocamera del dispositivo elettronico diventa parte fondamentale del sistema ottico.<br \/>\nQuesto design rende l&#8217;intero sistema estremamente compatto.<br \/>\nDIPLE II \u00e8 la seconda generazione della famiglia DIPLE.<br \/>\nMentre DIPLE \u00e8 un sistema per la microscopia in campo chiaro, DIPLE II pu\u00f2 funzionare in campo chiaro, in campo scuro, in luce polarizzata e in luce riflessa.<br \/>\nDIPLE II amplia la gamma di modelli disponibili con tecnologia DIPLE.<\/p>\n<p>&nbsp;<\/p>\n<hr \/>\n<h3><\/h3>\n<h3><strong>Cosa Include il Kit?<\/strong><\/h3>\n<p>&nbsp;<\/p>\n<h2>Caratteristiche generali:<\/h2>\n<p>\u2022 Campo chiaro<br \/>\n\u2022 Luce polarizzata<br \/>\n\u2022 Campo oscuro (con illuminazione laterale)<br \/>\n\u2022 Luce riflessa<br \/>\n\u2022 Compatibile con ogni smartphone\/tablet<br \/>\n\u2022 Peso &lt; 1 kg<br \/>\n\u2022 Risoluzione ottica: 0,7 micrometri\u200b<\/p>\n<p>DIPLE II \u00e8 disponibile in due diversi kit:<br \/>\n\u2022 DIPLE II-F: il pi\u00f9 completo<br \/>\n\u2022 DIPLE II-S: il pi\u00f9 economico<\/p>\n<p>Questo kit \u00e8 il Diple II &#8211; F<\/p>\n<p>Il sistema DIPLE II pi\u00f9 completo, per microscopia portatile con qualsiasi tablet o smartphone.<\/p>\n<p>DIPLE II consente osservazioni microscopiche in campo chiaro (luce trasmessa attraverso il campione), luce polarizzata, campo oscuro e in luce riflessa, per campioni opachi.<br \/>\nDIPLE II-F contiene quattro lenti, adatte a osservare campioni a diverse scale, con una risoluzione ottica massima fino a 0,7 micrometri.<br \/>\nIl kit include anche tutti gli accessori necessari per gli esperimenti iniziali.<\/p>\n<div class=\"div-fatt-ingr\"><span class=\"text-magn\">Magnification:\u00a0<\/span><span class=\"num-magn\">25x-250x, 40x-400x, 90x-900x, 150x-1500x<\/span><span class=\"x-magn\">x<\/span><\/div>\n<div><\/div>\n<div><\/div>\n<hr \/>\n<h3><\/h3>\n<h3><strong>Perch\u00e9 Scegliere DIPLE II F?<\/strong><\/h3>\n<ol>\n<li><strong>Compatibilit\u00e0 Universale<\/strong>: Funziona con quasi tutti gli smartphone e tablet senza necessit\u00e0 di agganci o morsetti.<\/li>\n<li><strong>Perfetto per la Scuola<\/strong>: Il design portatile consente a ogni studente di lavorare in modo indipendente sulla propria scrivania, a casa o all\u2019aperto.<\/li>\n<li><strong>Risoluzione Elevata<\/strong>: Con una risoluzione ottica fino a 0,7 micrometri, \u00e8 possibile osservare dettagli cellulari e strutture microscopiche con chiarezza.<\/li>\n<li><strong>Setup Rapido e Facile<\/strong>: Monta il sistema in pochi minuti e inizia a esplorare.<\/li>\n<\/ol>\n<hr \/>\n<h3><\/h3>\n<h3><strong>Compatibile con il Tuo Smartphone o Tablet?<\/strong><\/h3>\n<p>Assolutamente s\u00ec! Grazie ai piedini regolabili e alla progettazione senza agganci, il kit \u00e8 compatibile con tutti i modelli di dispositivi mobili sul mercato.<\/p>\n<p>&nbsp;<\/p>\n<hr \/>\n<h3><\/h3>\n<h3><strong>Applicazioni Ideali<\/strong><\/h3>\n<ul>\n<li><strong>Scuola e Universit\u00e0<\/strong>: Ideale per esperimenti in classe e progetti STEM.<\/li>\n<li><strong>Hobby e Passione per la Scienza<\/strong>: Scopri il micro-mondo ovunque.<\/li>\n<li><strong>Professionisti<\/strong>: Un microscopio compatto e performante per osservazioni rapide.<\/li>\n<\/ul>\n<div class=\"panel-heading\"><b>Com&#8217;\u00e8 calcolato l&#8217;ingrandimento indicato?<\/b><\/div>\n<div id=\"90a52e2691c5d9ab7\" class=\"panel-collapse collapse in\" aria-labelledby=\"toggle_90a52e2691c5d9ab7\">\n<div class=\"panel-body toggle-content fusion-clearfix\">\n<p>Essendo un sistema che diventa microscopio quando abbinato alla fotocamera del telefono o tablet, alcune caratteristiche dipendono dal dispositivo utilizzato. L\u2019ingrandimento \u00e8 uno di questi paramentri.<br \/>\nPer ogni lente \u00e8 fornito un range di ingrandimenti; il valore pi\u00f9 alto si ottiene applicando uno zoom 10x con l\u2019app del dispositivo (fattore di zoom comune in molti telefoni). Il valore minore, invece, \u00e8 dato considerando il rapporto tra lunghezza di soggetto osservata su schermo di iPhone 16Pro, in modalit\u00e0 video (35mm), e la lunghezza reale dello stesso soggetto.<br \/>\nIl fattore di ingrandimento osservato dipende dalle dimensioni dello schermo su cui si osserva l\u2019immagine.<br \/>\nLa risoluzione ottica, invece, \u00e8 maggiormente legata alla lente obiettivo, quindi \u00e8 il parametro di maggior importanza.<\/p>\n<p>Diple II \u00e8 un vero e proprio microscopio.<br \/>\nIl sistema fornito diventa un vero e proprio microscopio quando \u00e8 abbinato all\u2019ottica di uno smartphone o tablet. Non funziona quindi come poggiando il telefono sull\u2019oculare di un microscopio; questa configurazione ottica rende il sistema il pi\u00f9 compatto possibile.<\/p>\n<\/div>\n<\/div>\n<h3><a href=\"https:\/\/smartmicrooptics.com\/wp-content\/uploads\/2024\/10\/Scheda_tecnica_DIPLE-Standard-Stage-1.pdf\" target=\"_blank\" rel=\"noopener\">Scheda tecnica della Standard Stage<\/a><\/h3>\n<p>DIPLE e DIPLE II non sono giocattoli. Hanno prestazioni tali da renderli strumenti anche utilizzati da professionisti in vari settori, oltre che da appassionati di materie tecnico-scientifiche, grazie alla grande portabilit\u00e0 ed alla integrazione con smartphone e tablet.<br \/>\nInoltre, i prodotti DIPLE si sono dimostrati fin da subito ideali per attivit\u00e0 educative, dalle scuole primarie fino alle migliori universit\u00e0.<br \/>\nAnche se non sono giocattoli, i prodotti DIPLE fanno appassionare alla scienza ragazzi di ogni et\u00e0.<\/p>\n<p>&nbsp;<\/p>\n<p><strong>DIPLE II &#8211; TECNOLOGIA E DIDATTICA<\/strong><\/p>\n<p>DIPLE II coniuga in chiave moderna tecniche e modalit\u00e0 di esplorazione tradizionali quali microscopia e fotografia in una nuova prospettiva che consente di utilizzare le funzionalit\u00e0 dello smartphone, oramai compagno inseparabile delle nostre giornate.<\/p>\n<p>DIPLE II utilizza quindi come base la fotografia nata nel XIX per rinnovare la ritrattistica (e utilizzata da allora per immortalare e fissare la realt\u00e0 in tutte le sue sfaccettature) e la microscopia che ha mosso invece i primi passi alla fine del XVI secolo e che da allora, affiancando nel corso del tempo, la modalit\u00e0 ottica a quella elettronica, ha permesso di andare a scoprire sempre pi\u00f9 in profondit\u00e0 i misteri dell&#8217;infinitamente piccolo.<br \/>\nConiugando scienza e tecnica centenarie, con l&#8217;utilizzo dello smartphone potremo trasformarci in scienziati, grazie alla massima mobilit\u00e0 offerta dai moderni device.<\/p>\n<p>DIPLE II diventa anche un fantastico strumento didattico per rendere accessibili scienza e tecnologia agli studenti.<\/p>\n<p>&nbsp;<\/p>\n<p><a href=\"https:\/\/www.mathematicus.it\/come-pagare-con-carta-docente-sul-sito-mathematicus\/\"><img data-recalc-dims=\"1\" decoding=\"async\" class=\"lazyload alignnone wp-image-2886\" src=\"https:\/\/i0.wp.com\/www.mathematicus.it\/wp-content\/uploads\/2024\/11\/Carta-del-docente-2.webp?resize=81%2C54&#038;ssl=1\" data-orig-src=\"https:\/\/www.mathematicus.it\/wp-content\/uploads\/2024\/11\/Carta-del-docente-2-300x200.webp\" alt=\"\" width=\"81\" height=\"54\" srcset=\"data:image\/svg+xml,%3Csvg%20xmlns%3D%27http%3A%2F%2Fwww.w3.org%2F2000%2Fsvg%27%20width%3D%2781%27%20height%3D%2754%27%20viewBox%3D%270%200%2081%2054%27%3E%3Crect%20width%3D%2781%27%20height%3D%2754%27%20fill-opacity%3D%220%22%2F%3E%3C%2Fsvg%3E\" data-srcset=\"https:\/\/i0.wp.com\/www.mathematicus.it\/wp-content\/uploads\/2024\/11\/Carta-del-docente-2.webp?resize=200%2C133&amp;ssl=1 200w, https:\/\/i0.wp.com\/www.mathematicus.it\/wp-content\/uploads\/2024\/11\/Carta-del-docente-2.webp?resize=300%2C200&amp;ssl=1 300w, https:\/\/i0.wp.com\/www.mathematicus.it\/wp-content\/uploads\/2024\/11\/Carta-del-docente-2.webp?resize=400%2C267&amp;ssl=1 400w, https:\/\/i0.wp.com\/www.mathematicus.it\/wp-content\/uploads\/2024\/11\/Carta-del-docente-2.webp?resize=500%2C333&amp;ssl=1 500w, https:\/\/i0.wp.com\/www.mathematicus.it\/wp-content\/uploads\/2024\/11\/Carta-del-docente-2.webp?resize=600%2C400&amp;ssl=1 600w, https:\/\/i0.wp.com\/www.mathematicus.it\/wp-content\/uploads\/2024\/11\/Carta-del-docente-2.webp?resize=700%2C467&amp;ssl=1 700w, https:\/\/i0.wp.com\/www.mathematicus.it\/wp-content\/uploads\/2024\/11\/Carta-del-docente-2.webp?resize=768%2C512&amp;ssl=1 768w, https:\/\/i0.wp.com\/www.mathematicus.it\/wp-content\/uploads\/2024\/11\/Carta-del-docente-2.webp?resize=800%2C533&amp;ssl=1 800w, https:\/\/i0.wp.com\/www.mathematicus.it\/wp-content\/uploads\/2024\/11\/Carta-del-docente-2.webp?resize=1024%2C683&amp;ssl=1 1024w, https:\/\/i0.wp.com\/www.mathematicus.it\/wp-content\/uploads\/2024\/11\/Carta-del-docente-2.webp?w=1200&amp;ssl=1 1200w\" data-sizes=\"auto\" data-orig-sizes=\"(max-width: 81px) 100vw, 81px\" \/><\/a><br \/>\nScopri come acquistare con la <a href=\"http:\/\/I%20modelli%20di%20Dahimo%20vengono%20prodotti%20su%20richiesta.%20Il%20tuo%20collo%20sar\u00e0%20spedito%20entro%20una%20settimana.\" target=\"_blank\" rel=\"noopener\">Carta del Docente<\/a><\/p>\n","protected":false},"excerpt":{"rendered":"<p>Il Kit <strong>DIPLE II &#8211; F <\/strong>trasforma il tuo smartphone in un microscopio con risoluzione fino a 0.7 micrometro, perfetto per studenti, insegnanti e appassionati di scienza.<\/p>\n","protected":false},"featured_media":52441,"comment_status":"closed","ping_status":"closed","template":"","meta":[],"product_brand":[],"product_cat":[250,356,527,45,289,288,247],"product_tag":[375,353,55,623,622,621,364,373,360,415,382,381,370,380,368,372,379,378,359,358,371,361],"berocket_brand":[251],"class_list":{"0":"post-52430","1":"product","2":"type-product","3":"status-publish","4":"has-post-thumbnail","6":"product_cat-accessorio-smartphone","7":"product_cat-diple","8":"product_cat-hardware","9":"product_cat-lenti-ingrandimento","10":"product_cat-micro-fotografia","11":"product_cat-microscopi-2","12":"product_cat-smart-micro-optics","13":"product_tag-accessori-microscopio","14":"product_tag-acquistabile-con-la-carta-del-docente","15":"product_tag-carta-del-docente","16":"product_tag-diple","17":"product_tag-diple-2","18":"product_tag-diple-ii","19":"product_tag-esperimenti-scientifici","20":"product_tag-esplorazione-cellulare","21":"product_tag-kit-microscopio","22":"product_tag-lenti-ingrandimento","23":"product_tag-microscopio-35x","24":"product_tag-microscopio-75x","25":"product_tag-microscopio-compatto","26":"product_tag-microscopio-economico","27":"product_tag-microscopio-educativo","28":"product_tag-microscopio-innovativo","29":"product_tag-microscopio-per-scuole","30":"product_tag-microscopio-per-tablet","31":"product_tag-microscopio-portatile","32":"product_tag-microscopio-smartphone","33":"product_tag-microscopio-stem","34":"product_tag-scienza-per-studenti","35":"berocket_brand-smart-micro-optics","37":"first","38":"instock","39":"taxable","40":"shipping-taxable","41":"purchasable","42":"product-type-simple"},"yoast_head":"<!-- This site is optimized with the Yoast SEO Premium plugin v27.3 (Yoast SEO v27.3) - https:\/\/yoast.com\/product\/yoast-seo-premium-wordpress\/ -->\n<title>DIPLE II F - Acquisto Privati, P.A., Carta del Docente<\/title>\n<meta name=\"description\" content=\"DIPLE RGS \u00e8 un microscopio portatile per smartphone e tablet, perfetto per osservare dettagli cellulari con ingrandimenti fino a 75x, ideale per scuola e hobby.\" \/>\n<meta name=\"robots\" content=\"index, follow, max-snippet:-1, max-image-preview:large, max-video-preview:-1\" \/>\n<link rel=\"canonical\" href=\"https:\/\/www.mathematicus.it\/en\/prodotto\/diple-2-f-acquisto-con-pa-carta-del-docente\/\" \/>\n<meta property=\"og:locale\" content=\"en_US\" \/>\n<meta property=\"og:type\" content=\"article\" \/>\n<meta property=\"og:title\" content=\"DIPLE 2 - F\" \/>\n<meta property=\"og:description\" content=\"DIPLE RGS \u00e8 un microscopio portatile per smartphone e tablet, perfetto per osservare dettagli cellulari con ingrandimenti fino a 75x, ideale per scuola e hobby.\" \/>\n<meta property=\"og:url\" content=\"https:\/\/www.mathematicus.it\/en\/prodotto\/diple-2-f-acquisto-con-pa-carta-del-docente\/\" \/>\n<meta property=\"og:site_name\" content=\"Mathematicus\" \/>\n<meta property=\"article:publisher\" content=\"https:\/\/www.facebook.com\/mathematicusilgiocodellamatematica\" \/>\n<meta property=\"article:modified_time\" content=\"2026-02-09T18:11:08+00:00\" \/>\n<meta property=\"og:image\" content=\"https:\/\/www.mathematicus.it\/wp-content\/uploads\/2026\/02\/DIPLEIIF.jpg\" \/>\n\t<meta property=\"og:image:width\" content=\"1024\" \/>\n\t<meta property=\"og:image:height\" content=\"703\" \/>\n\t<meta property=\"og:image:type\" content=\"image\/jpeg\" \/>\n<meta name=\"twitter:card\" content=\"summary_large_image\" \/>\n<meta name=\"twitter:label1\" content=\"Price\" \/>\n\t<meta name=\"twitter:data1\" content=\"&euro;249.00\" \/>\n\t<meta name=\"twitter:label2\" content=\"Availability\" \/>\n\t<meta name=\"twitter:data2\" content=\"In stock\" \/>\n<script type=\"application\/ld+json\" class=\"yoast-schema-graph\">{\"@context\":\"https:\\\/\\\/schema.org\",\"@graph\":[{\"@type\":\"WebPage\",\"@id\":\"https:\\\/\\\/www.mathematicus.it\\\/en\\\/prodotto\\\/diple-2-f-acquisto-con-pa-carta-del-docente\\\/\",\"url\":\"https:\\\/\\\/www.mathematicus.it\\\/en\\\/prodotto\\\/diple-2-f-acquisto-con-pa-carta-del-docente\\\/\",\"name\":\"DIPLE II F - Acquisto Privati, P.A., Carta del Docente\",\"isPartOf\":{\"@id\":\"https:\\\/\\\/www.mathematicus.it\\\/en\\\/#website\"},\"primaryImageOfPage\":{\"@id\":\"https:\\\/\\\/www.mathematicus.it\\\/en\\\/prodotto\\\/diple-2-f-acquisto-con-pa-carta-del-docente\\\/#primaryimage\"},\"image\":{\"@id\":\"https:\\\/\\\/www.mathematicus.it\\\/en\\\/prodotto\\\/diple-2-f-acquisto-con-pa-carta-del-docente\\\/#primaryimage\"},\"thumbnailUrl\":\"https:\\\/\\\/i0.wp.com\\\/www.mathematicus.it\\\/wp-content\\\/uploads\\\/2026\\\/02\\\/DIPLEIIF.jpg?fit=10281%2C7062&ssl=1\",\"datePublished\":\"2026-02-07T16:03:44+00:00\",\"dateModified\":\"2026-02-09T18:11:08+00:00\",\"description\":\"DIPLE RGS \u00e8 un microscopio portatile per smartphone e tablet, perfetto per osservare dettagli cellulari con ingrandimenti fino a 75x, ideale per scuola e hobby.\",\"breadcrumb\":{\"@id\":\"https:\\\/\\\/www.mathematicus.it\\\/en\\\/prodotto\\\/diple-2-f-acquisto-con-pa-carta-del-docente\\\/#breadcrumb\"},\"inLanguage\":\"en-US\",\"potentialAction\":[{\"@type\":\"ReadAction\",\"target\":[\"https:\\\/\\\/www.mathematicus.it\\\/en\\\/prodotto\\\/diple-2-f-acquisto-con-pa-carta-del-docente\\\/\"]}]},{\"@type\":\"ImageObject\",\"inLanguage\":\"en-US\",\"@id\":\"https:\\\/\\\/www.mathematicus.it\\\/en\\\/prodotto\\\/diple-2-f-acquisto-con-pa-carta-del-docente\\\/#primaryimage\",\"url\":\"https:\\\/\\\/i0.wp.com\\\/www.mathematicus.it\\\/wp-content\\\/uploads\\\/2026\\\/02\\\/DIPLEIIF.jpg?fit=10281%2C7062&ssl=1\",\"contentUrl\":\"https:\\\/\\\/i0.wp.com\\\/www.mathematicus.it\\\/wp-content\\\/uploads\\\/2026\\\/02\\\/DIPLEIIF.jpg?fit=10281%2C7062&ssl=1\",\"width\":10281,\"height\":7062,\"caption\":\"DIPLE-2F-red_polariz1\"},{\"@type\":\"BreadcrumbList\",\"@id\":\"https:\\\/\\\/www.mathematicus.it\\\/en\\\/prodotto\\\/diple-2-f-acquisto-con-pa-carta-del-docente\\\/#breadcrumb\",\"itemListElement\":[{\"@type\":\"ListItem\",\"position\":1,\"name\":\"Home\",\"item\":\"https:\\\/\\\/www.mathematicus.it\\\/en\\\/\"},{\"@type\":\"ListItem\",\"position\":2,\"name\":\"Shop\",\"item\":\"https:\\\/\\\/www.mathematicus.it\\\/negozio\\\/\"},{\"@type\":\"ListItem\",\"position\":3,\"name\":\"DIPLE 2 &#8211; F\"}]},{\"@type\":\"WebSite\",\"@id\":\"https:\\\/\\\/www.mathematicus.it\\\/en\\\/#website\",\"url\":\"https:\\\/\\\/www.mathematicus.it\\\/en\\\/\",\"name\":\"Mathematicus\",\"description\":\"Il gioco della Matematica\",\"publisher\":{\"@id\":\"https:\\\/\\\/www.mathematicus.it\\\/en\\\/#organization\"},\"potentialAction\":[{\"@type\":\"SearchAction\",\"target\":{\"@type\":\"EntryPoint\",\"urlTemplate\":\"https:\\\/\\\/www.mathematicus.it\\\/en\\\/?s={search_term_string}\"},\"query-input\":{\"@type\":\"PropertyValueSpecification\",\"valueRequired\":true,\"valueName\":\"search_term_string\"}}],\"inLanguage\":\"en-US\"},{\"@type\":\"Organization\",\"@id\":\"https:\\\/\\\/www.mathematicus.it\\\/en\\\/#organization\",\"name\":\"Mathematicus\",\"url\":\"https:\\\/\\\/www.mathematicus.it\\\/en\\\/\",\"logo\":{\"@type\":\"ImageObject\",\"inLanguage\":\"en-US\",\"@id\":\"https:\\\/\\\/www.mathematicus.it\\\/en\\\/#\\\/schema\\\/logo\\\/image\\\/\",\"url\":\"https:\\\/\\\/i0.wp.com\\\/www.mathematicus.it\\\/wp-content\\\/uploads\\\/2020\\\/11\\\/logo.png?fit=500%2C49&ssl=1\",\"contentUrl\":\"https:\\\/\\\/i0.wp.com\\\/www.mathematicus.it\\\/wp-content\\\/uploads\\\/2020\\\/11\\\/logo.png?fit=500%2C49&ssl=1\",\"width\":500,\"height\":49,\"caption\":\"Mathematicus\"},\"image\":{\"@id\":\"https:\\\/\\\/www.mathematicus.it\\\/en\\\/#\\\/schema\\\/logo\\\/image\\\/\"},\"sameAs\":[\"https:\\\/\\\/www.facebook.com\\\/mathematicusilgiocodellamatematica\",\"https:\\\/\\\/www.instagram.com\\\/mathematicusgiocomatematica\\\/\",\"https:\\\/\\\/www.linkedin.com\\\/company\\\/94868880\",\"https:\\\/\\\/www.pinterest.it\\\/tomasobaj\\\/giochi-matematici\\\/\"]}]}<\/script>\n<meta property=\"product:brand\" content=\"DIPLE\" \/>\n<meta property=\"product:price:amount\" content=\"249.00\" \/>\n<meta property=\"product:price:currency\" content=\"EUR\" \/>\n<meta property=\"og:availability\" content=\"instock\" \/>\n<meta property=\"product:availability\" content=\"instock\" \/>\n<meta property=\"product:retailer_item_id\" content=\"SMO - D2002\" \/>\n<meta property=\"product:condition\" content=\"new\" \/>\n<!-- \/ Yoast SEO Premium plugin. -->","yoast_head_json":{"title":"DIPLE II F - Acquisto Privati, P.A., Carta del Docente","description":"DIPLE RGS \u00e8 un microscopio portatile per smartphone e tablet, perfetto per osservare dettagli cellulari con ingrandimenti fino a 75x, ideale per scuola e hobby.","robots":{"index":"index","follow":"follow","max-snippet":"max-snippet:-1","max-image-preview":"max-image-preview:large","max-video-preview":"max-video-preview:-1"},"canonical":"https:\/\/www.mathematicus.it\/en\/prodotto\/diple-2-f-acquisto-con-pa-carta-del-docente\/","og_locale":"en_US","og_type":"article","og_title":"DIPLE 2 - F","og_description":"DIPLE RGS \u00e8 un microscopio portatile per smartphone e tablet, perfetto per osservare dettagli cellulari con ingrandimenti fino a 75x, ideale per scuola e hobby.","og_url":"https:\/\/www.mathematicus.it\/en\/prodotto\/diple-2-f-acquisto-con-pa-carta-del-docente\/","og_site_name":"Mathematicus","article_publisher":"https:\/\/www.facebook.com\/mathematicusilgiocodellamatematica","article_modified_time":"2026-02-09T18:11:08+00:00","og_image":[{"url":"https:\/\/www.mathematicus.it\/wp-content\/uploads\/2026\/02\/DIPLEIIF.jpg","width":1024,"height":703,"type":"image\/jpeg"}],"twitter_card":"summary_large_image","twitter_misc":{"Price":"&euro;249.00","Availability":"In stock"},"schema":{"@context":"https:\/\/schema.org","@graph":[{"@type":"WebPage","@id":"https:\/\/www.mathematicus.it\/en\/prodotto\/diple-2-f-acquisto-con-pa-carta-del-docente\/","url":"https:\/\/www.mathematicus.it\/en\/prodotto\/diple-2-f-acquisto-con-pa-carta-del-docente\/","name":"DIPLE II F - Acquisto Privati, P.A., Carta del Docente","isPartOf":{"@id":"https:\/\/www.mathematicus.it\/en\/#website"},"primaryImageOfPage":{"@id":"https:\/\/www.mathematicus.it\/en\/prodotto\/diple-2-f-acquisto-con-pa-carta-del-docente\/#primaryimage"},"image":{"@id":"https:\/\/www.mathematicus.it\/en\/prodotto\/diple-2-f-acquisto-con-pa-carta-del-docente\/#primaryimage"},"thumbnailUrl":"https:\/\/i0.wp.com\/www.mathematicus.it\/wp-content\/uploads\/2026\/02\/DIPLEIIF.jpg?fit=10281%2C7062&ssl=1","datePublished":"2026-02-07T16:03:44+00:00","dateModified":"2026-02-09T18:11:08+00:00","description":"DIPLE RGS \u00e8 un microscopio portatile per smartphone e tablet, perfetto per osservare dettagli cellulari con ingrandimenti fino a 75x, ideale per scuola e hobby.","breadcrumb":{"@id":"https:\/\/www.mathematicus.it\/en\/prodotto\/diple-2-f-acquisto-con-pa-carta-del-docente\/#breadcrumb"},"inLanguage":"en-US","potentialAction":[{"@type":"ReadAction","target":["https:\/\/www.mathematicus.it\/en\/prodotto\/diple-2-f-acquisto-con-pa-carta-del-docente\/"]}]},{"@type":"ImageObject","inLanguage":"en-US","@id":"https:\/\/www.mathematicus.it\/en\/prodotto\/diple-2-f-acquisto-con-pa-carta-del-docente\/#primaryimage","url":"https:\/\/i0.wp.com\/www.mathematicus.it\/wp-content\/uploads\/2026\/02\/DIPLEIIF.jpg?fit=10281%2C7062&ssl=1","contentUrl":"https:\/\/i0.wp.com\/www.mathematicus.it\/wp-content\/uploads\/2026\/02\/DIPLEIIF.jpg?fit=10281%2C7062&ssl=1","width":10281,"height":7062,"caption":"DIPLE-2F-red_polariz1"},{"@type":"BreadcrumbList","@id":"https:\/\/www.mathematicus.it\/en\/prodotto\/diple-2-f-acquisto-con-pa-carta-del-docente\/#breadcrumb","itemListElement":[{"@type":"ListItem","position":1,"name":"Home","item":"https:\/\/www.mathematicus.it\/en\/"},{"@type":"ListItem","position":2,"name":"Shop","item":"https:\/\/www.mathematicus.it\/negozio\/"},{"@type":"ListItem","position":3,"name":"DIPLE 2 &#8211; F"}]},{"@type":"WebSite","@id":"https:\/\/www.mathematicus.it\/en\/#website","url":"https:\/\/www.mathematicus.it\/en\/","name":"Mathematicus","description":"Il gioco della Matematica","publisher":{"@id":"https:\/\/www.mathematicus.it\/en\/#organization"},"potentialAction":[{"@type":"SearchAction","target":{"@type":"EntryPoint","urlTemplate":"https:\/\/www.mathematicus.it\/en\/?s={search_term_string}"},"query-input":{"@type":"PropertyValueSpecification","valueRequired":true,"valueName":"search_term_string"}}],"inLanguage":"en-US"},{"@type":"Organization","@id":"https:\/\/www.mathematicus.it\/en\/#organization","name":"Mathematicus","url":"https:\/\/www.mathematicus.it\/en\/","logo":{"@type":"ImageObject","inLanguage":"en-US","@id":"https:\/\/www.mathematicus.it\/en\/#\/schema\/logo\/image\/","url":"https:\/\/i0.wp.com\/www.mathematicus.it\/wp-content\/uploads\/2020\/11\/logo.png?fit=500%2C49&ssl=1","contentUrl":"https:\/\/i0.wp.com\/www.mathematicus.it\/wp-content\/uploads\/2020\/11\/logo.png?fit=500%2C49&ssl=1","width":500,"height":49,"caption":"Mathematicus"},"image":{"@id":"https:\/\/www.mathematicus.it\/en\/#\/schema\/logo\/image\/"},"sameAs":["https:\/\/www.facebook.com\/mathematicusilgiocodellamatematica","https:\/\/www.instagram.com\/mathematicusgiocomatematica\/","https:\/\/www.linkedin.com\/company\/94868880","https:\/\/www.pinterest.it\/tomasobaj\/giochi-matematici\/"]}]},"product_brand":"DIPLE","product_price_amount":"249.00","product_price_currency":"EUR","og_availability":"instock","product_availability":"instock","product_retailer_item_id":"SMO - D2002","product_condition":"new"},"jetpack_sharing_enabled":true,"_links":{"self":[{"href":"https:\/\/www.mathematicus.it\/en\/wp-json\/wp\/v2\/product\/52430","targetHints":{"allow":["GET"]}}],"collection":[{"href":"https:\/\/www.mathematicus.it\/en\/wp-json\/wp\/v2\/product"}],"about":[{"href":"https:\/\/www.mathematicus.it\/en\/wp-json\/wp\/v2\/types\/product"}],"replies":[{"embeddable":true,"href":"https:\/\/www.mathematicus.it\/en\/wp-json\/wp\/v2\/comments?post=52430"}],"wp:featuredmedia":[{"embeddable":true,"href":"https:\/\/www.mathematicus.it\/en\/wp-json\/wp\/v2\/media\/52441"}],"wp:attachment":[{"href":"https:\/\/www.mathematicus.it\/en\/wp-json\/wp\/v2\/media?parent=52430"}],"wp:term":[{"taxonomy":"product_brand","embeddable":true,"href":"https:\/\/www.mathematicus.it\/en\/wp-json\/wp\/v2\/product_brand?post=52430"},{"taxonomy":"product_cat","embeddable":true,"href":"https:\/\/www.mathematicus.it\/en\/wp-json\/wp\/v2\/product_cat?post=52430"},{"taxonomy":"product_tag","embeddable":true,"href":"https:\/\/www.mathematicus.it\/en\/wp-json\/wp\/v2\/product_tag?post=52430"},{"taxonomy":"berocket_brand","embeddable":true,"href":"https:\/\/www.mathematicus.it\/en\/wp-json\/wp\/v2\/berocket_brand?post=52430"}],"curies":[{"name":"wp","href":"https:\/\/api.w.org\/{rel}","templated":true}]}}