{"id":4688,"date":"2025-03-15T12:56:21","date_gmt":"2025-03-15T11:56:21","guid":{"rendered":"https:\/\/www.mathematicus.it\/?post_type=product&#038;p=4688"},"modified":"2025-07-07T17:01:39","modified_gmt":"2025-07-07T15:01:39","slug":"mathemeister-minus-il-gioco-di-sottrazione","status":"publish","type":"product","link":"https:\/\/www.mathematicus.it\/en\/prodotto\/mathemeister-minus-il-gioco-di-sottrazione\/","title":{"rendered":"Mathemeister Minus: Gioco Educativo di Sottrazione per Bambini | ALLEOVS"},"content":{"rendered":"<h1 class=\"text-2xl font-bold mt-1 text-text-200\">Mathemeister Minus: Gioco Educativo di Sottrazione per Bambini | ALLEOVS<\/h1>\n<h2 class=\"text-xl font-bold text-text-200 mt-1 -mb-0.5\">Descrizione del Prodotto<\/h2>\n<p class=\"whitespace-pre-wrap break-words\">Mathemeister Minus \u00e8 un affascinante gioco di carte educativo che trasforma l&#8217;apprendimento della sottrazione fino a 10 in un&#8217;avventura magica. Ideato da ALLEOVS, questo gioco didattico aiuta i bambini dai 6 anni in su a padroneggiare le basi della sottrazione in modo divertente e coinvolgente.<\/p>\n<h3 class=\"text-lg font-bold text-text-200 mt-1 -mb-1.5\">L&#8217;Idea del Gioco: I Mathemeister &#8211; Spiriti della Matematica<\/h3>\n<p class=\"whitespace-pre-wrap break-words\">La matematica pu\u00f2 essere piuttosto difficile e nessun Mathemeister \u00e8 mai caduto dal cielo. Ci sono dieci diverse cifre, varie operazioni matematiche e generalmente un solo risultato corretto. 3 + 4 \u00e8 sempre 7 e 9 &#8211; 5 \u00e8 sempre 4.<\/p>\n<p class=\"whitespace-pre-wrap break-words\">Non si pu\u00f2 indovinare, bisogna semplicemente saperlo. Ma la matematica pu\u00f2 anche essere bella e ci sono molti trucchi per rendere pi\u00f9 semplici i calcoli difficili pur arrivando alla soluzione corretta.<\/p>\n<p class=\"whitespace-pre-wrap break-words\">A volte, per\u00f2, aiutiamo anche noi, gli invisibili spiriti della matematica. Siamo a casa in tutto il mondo e i nostri nomi hanno sempre un significato. La sottrazione \u00e8 la nostra specialit\u00e0.<\/p>\n<p class=\"whitespace-pre-wrap break-words\">Devi solo pensare intensamente a noi e pu\u00f2 succedere che tu abbia un piccolo lampo di genio, che si accenda una luce brillante e che il famoso nodo si sciolga. Non sempre siamo coinvolti nella soluzione corretta di un problema matematico, ma abbastanza spesso, questo puoi crederlo.<\/p>\n<h3 class=\"text-lg font-bold text-text-200 mt-1 -mb-1.5\">Cosa Rende Speciale il Gioco Mathemeister?<\/h3>\n<p class=\"whitespace-pre-wrap break-words\">La matematica non sar\u00e0 mai pi\u00f9 noiosa! Con &#8220;Mathemeister Minus&#8221;, un bambino pu\u00f2 imparare in modo giocoso le basi della sottrazione fino a 10.<\/p>\n<p class=\"whitespace-pre-wrap break-words\">Mathemeister Minus \u00e8 un gioco di carte educativo che pu\u00f2 essere giocato da due a quattro giocatori. Questo gioco didattico aiuta a imparare le basi della sottrazione fino a 10 e a calcolare rapidamente problemi mentalmente.<\/p>\n<p class=\"whitespace-pre-wrap break-words\">Grazie ai particolari personaggi fiabeschi dei Mathemeister, creature magiche, i bambini vengono rapidamente incantati dalla matematica e dal calcolo.<\/p>\n<p class=\"whitespace-pre-wrap break-words\">Il gioco matematico per esercitare il calcolo mentale veloce rafforza le capacit\u00e0 di reazione e pratica il confronto dei numeri: maggiore, minore, uguale.<\/p>\n<p class=\"whitespace-pre-wrap break-words\">Ideale per gli alunni di prima e seconda elementare. Il gioco include anche una regola pi\u00f9 impegnativa per bambini pi\u00f9 grandi.<\/p>\n<p class=\"whitespace-pre-wrap break-words\"><strong>Importante<\/strong>: Per i giochi educativi di ALLEOVS, il divertimento \u00e8 in primo piano e il processo di apprendimento in secondo piano, perch\u00e9 i bambini imparano meglio giocando quando si divertono. Il nostro obiettivo \u00e8 che i bambini provino vera gioia nella matematica e nel calcolo mentale, poich\u00e9 cos\u00ec imparano in modo pi\u00f9 felice e migliore.<\/p>\n<p><a href=\"https:\/\/www.mathematicus.it\/come-pagare-con-carta-docente-sul-sito-mathematicus\/\"><img data-recalc-dims=\"1\" decoding=\"async\" class=\"lazyload alignnone wp-image-2886\" src=\"https:\/\/i0.wp.com\/www.mathematicus.it\/wp-content\/uploads\/2024\/11\/Carta-del-docente-2.webp?resize=81%2C54&#038;ssl=1\" data-orig-src=\"https:\/\/www.mathematicus.it\/wp-content\/uploads\/2024\/11\/Carta-del-docente-2-300x200.webp\" alt=\"\" width=\"81\" height=\"54\" srcset=\"data:image\/svg+xml,%3Csvg%20xmlns%3D%27http%3A%2F%2Fwww.w3.org%2F2000%2Fsvg%27%20width%3D%2781%27%20height%3D%2754%27%20viewBox%3D%270%200%2081%2054%27%3E%3Crect%20width%3D%2781%27%20height%3D%2754%27%20fill-opacity%3D%220%22%2F%3E%3C%2Fsvg%3E\" data-srcset=\"https:\/\/i0.wp.com\/www.mathematicus.it\/wp-content\/uploads\/2024\/11\/Carta-del-docente-2.webp?resize=200%2C133&amp;ssl=1 200w, https:\/\/i0.wp.com\/www.mathematicus.it\/wp-content\/uploads\/2024\/11\/Carta-del-docente-2.webp?resize=300%2C200&amp;ssl=1 300w, https:\/\/i0.wp.com\/www.mathematicus.it\/wp-content\/uploads\/2024\/11\/Carta-del-docente-2.webp?resize=400%2C267&amp;ssl=1 400w, https:\/\/i0.wp.com\/www.mathematicus.it\/wp-content\/uploads\/2024\/11\/Carta-del-docente-2.webp?resize=500%2C333&amp;ssl=1 500w, https:\/\/i0.wp.com\/www.mathematicus.it\/wp-content\/uploads\/2024\/11\/Carta-del-docente-2.webp?resize=600%2C400&amp;ssl=1 600w, https:\/\/i0.wp.com\/www.mathematicus.it\/wp-content\/uploads\/2024\/11\/Carta-del-docente-2.webp?resize=700%2C467&amp;ssl=1 700w, https:\/\/i0.wp.com\/www.mathematicus.it\/wp-content\/uploads\/2024\/11\/Carta-del-docente-2.webp?resize=768%2C512&amp;ssl=1 768w, https:\/\/i0.wp.com\/www.mathematicus.it\/wp-content\/uploads\/2024\/11\/Carta-del-docente-2.webp?resize=800%2C533&amp;ssl=1 800w, https:\/\/i0.wp.com\/www.mathematicus.it\/wp-content\/uploads\/2024\/11\/Carta-del-docente-2.webp?resize=1024%2C683&amp;ssl=1 1024w, https:\/\/i0.wp.com\/www.mathematicus.it\/wp-content\/uploads\/2024\/11\/Carta-del-docente-2.webp?w=1200&amp;ssl=1 1200w\" data-sizes=\"auto\" data-orig-sizes=\"(max-width: 81px) 100vw, 81px\" \/><\/a><br \/>\nScopri come acquistare con la <a href=\"http:\/\/I modelli di Dahimo vengono prodotti su richiesta. Il tuo collo sar\u00e0 spedito entro una settimana.\" target=\"_blank\" rel=\"noopener\">Carta del Docente<\/a><\/p>\n","protected":false},"excerpt":{"rendered":"<p>Mathemeister Minus \u00e8 un divertente gioco di carte educativo che insegna ai bambini dai 6 anni in su le basi della sottrazione. I bambini imparano a sottrarre i numeri fino a 10 e a calcolare rapidamente a mente, tutto mentre si divertono con personaggi magici.<\/p>\n","protected":false},"featured_media":4721,"comment_status":"closed","ping_status":"closed","template":"","meta":[],"product_brand":[],"product_cat":[493,527,495],"product_tag":[509,505,503,434,507,499,506,504,508,511,510],"berocket_brand":[494],"class_list":{"0":"post-4688","1":"product","2":"type-product","3":"status-publish","4":"has-post-thumbnail","6":"product_cat-alleovs","7":"product_cat-hardware","8":"product_cat-matematica","9":"product_tag-addizione-fino-a-10","10":"product_tag-addizione-per-bambini","11":"product_tag-alleovs","12":"product_tag-buono-docente","13":"product_tag-calcolo-mentale","14":"product_tag-carte-matematiche","15":"product_tag-giochi-didattici-scuola-primaria","16":"product_tag-giochi-educativi-matematica","17":"product_tag-giochi-matematici-6-8-anni","18":"product_tag-imparare-giocando","19":"product_tag-materiale-didattico-matematica","20":"berocket_brand-alleovs","22":"first","23":"instock","24":"taxable","25":"shipping-taxable","26":"purchasable","27":"product-type-simple"},"yoast_head":"<!-- This site is optimized with the Yoast SEO Premium plugin v27.3 (Yoast SEO v27.3) - https:\/\/yoast.com\/product\/yoast-seo-premium-wordpress\/ -->\n<title>Mathmeister Plus: un gioco di carte per imparare l&#039;addizione<\/title>\n<meta name=\"description\" content=\"Trasforma l&#039;addizione in magia! Mathemeister Plus \u00e8 un gioco di carte educativo dove creature fatate insegnano ai bambini la matematica attraverso storie incantate e sfide divertenti, ideale per la scuola primaria.\" \/>\n<meta name=\"robots\" content=\"index, follow, max-snippet:-1, max-image-preview:large, max-video-preview:-1\" \/>\n<link rel=\"canonical\" href=\"https:\/\/www.mathematicus.it\/en\/prodotto\/mathemeister-minus-il-gioco-di-sottrazione\/\" \/>\n<meta property=\"og:locale\" content=\"en_US\" \/>\n<meta property=\"og:type\" content=\"article\" \/>\n<meta property=\"og:title\" content=\"Mathemeister Minus: Gioco Educativo di Sottrazione per Bambini | ALLEOVS\" \/>\n<meta property=\"og:description\" content=\"Trasforma l&#039;addizione in magia! Mathemeister Plus \u00e8 un gioco di carte educativo dove creature fatate insegnano ai bambini la matematica attraverso storie incantate e sfide divertenti, ideale per la scuola primaria.\" \/>\n<meta property=\"og:url\" content=\"https:\/\/www.mathematicus.it\/en\/prodotto\/mathemeister-minus-il-gioco-di-sottrazione\/\" \/>\n<meta property=\"og:site_name\" content=\"Mathematicus\" \/>\n<meta property=\"article:publisher\" content=\"https:\/\/www.facebook.com\/mathematicusilgiocodellamatematica\" \/>\n<meta property=\"article:modified_time\" content=\"2025-07-07T15:01:39+00:00\" \/>\n<meta property=\"og:image\" content=\"https:\/\/i0.wp.com\/www.mathematicus.it\/wp-content\/uploads\/2025\/03\/Mathmeister-Minus-main-CDIT-1.jpg?fit=1200%2C1200&ssl=1\" \/>\n\t<meta property=\"og:image:width\" content=\"1200\" \/>\n\t<meta property=\"og:image:height\" content=\"1200\" \/>\n\t<meta property=\"og:image:type\" content=\"image\/jpeg\" \/>\n<meta name=\"twitter:card\" content=\"summary_large_image\" \/>\n<meta name=\"twitter:label1\" content=\"Price\" \/>\n\t<meta name=\"twitter:data1\" content=\"&euro;15.95\" \/>\n\t<meta name=\"twitter:label2\" content=\"Availability\" \/>\n\t<meta name=\"twitter:data2\" content=\"In stock\" \/>\n<script type=\"application\/ld+json\" class=\"yoast-schema-graph\">{\"@context\":\"https:\\\/\\\/schema.org\",\"@graph\":[{\"@type\":\"WebPage\",\"@id\":\"https:\\\/\\\/www.mathematicus.it\\\/en\\\/prodotto\\\/mathemeister-minus-il-gioco-di-sottrazione\\\/\",\"url\":\"https:\\\/\\\/www.mathematicus.it\\\/en\\\/prodotto\\\/mathemeister-minus-il-gioco-di-sottrazione\\\/\",\"name\":\"Mathmeister Plus: un gioco di carte per imparare l'addizione\",\"isPartOf\":{\"@id\":\"https:\\\/\\\/www.mathematicus.it\\\/en\\\/#website\"},\"primaryImageOfPage\":{\"@id\":\"https:\\\/\\\/www.mathematicus.it\\\/en\\\/prodotto\\\/mathemeister-minus-il-gioco-di-sottrazione\\\/#primaryimage\"},\"image\":{\"@id\":\"https:\\\/\\\/www.mathematicus.it\\\/en\\\/prodotto\\\/mathemeister-minus-il-gioco-di-sottrazione\\\/#primaryimage\"},\"thumbnailUrl\":\"https:\\\/\\\/i0.wp.com\\\/www.mathematicus.it\\\/wp-content\\\/uploads\\\/2025\\\/03\\\/Mathmeister-Minus-main-CDIT-1.jpg?fit=1200%2C1200&ssl=1\",\"datePublished\":\"2025-03-15T11:56:21+00:00\",\"dateModified\":\"2025-07-07T15:01:39+00:00\",\"description\":\"Trasforma l'addizione in magia! Mathemeister Plus \u00e8 un gioco di carte educativo dove creature fatate insegnano ai bambini la matematica attraverso storie incantate e sfide divertenti, ideale per la scuola primaria.\",\"breadcrumb\":{\"@id\":\"https:\\\/\\\/www.mathematicus.it\\\/en\\\/prodotto\\\/mathemeister-minus-il-gioco-di-sottrazione\\\/#breadcrumb\"},\"inLanguage\":\"en-US\",\"potentialAction\":[{\"@type\":\"ReadAction\",\"target\":[\"https:\\\/\\\/www.mathematicus.it\\\/en\\\/prodotto\\\/mathemeister-minus-il-gioco-di-sottrazione\\\/\"]}]},{\"@type\":\"ImageObject\",\"inLanguage\":\"en-US\",\"@id\":\"https:\\\/\\\/www.mathematicus.it\\\/en\\\/prodotto\\\/mathemeister-minus-il-gioco-di-sottrazione\\\/#primaryimage\",\"url\":\"https:\\\/\\\/i0.wp.com\\\/www.mathematicus.it\\\/wp-content\\\/uploads\\\/2025\\\/03\\\/Mathmeister-Minus-main-CDIT-1.jpg?fit=1200%2C1200&ssl=1\",\"contentUrl\":\"https:\\\/\\\/i0.wp.com\\\/www.mathematicus.it\\\/wp-content\\\/uploads\\\/2025\\\/03\\\/Mathmeister-Minus-main-CDIT-1.jpg?fit=1200%2C1200&ssl=1\",\"width\":1200,\"height\":1200,\"caption\":\"CREATOR: gd-jpeg v1.0 (using IJG JPEG v62), quality = 82\"},{\"@type\":\"BreadcrumbList\",\"@id\":\"https:\\\/\\\/www.mathematicus.it\\\/en\\\/prodotto\\\/mathemeister-minus-il-gioco-di-sottrazione\\\/#breadcrumb\",\"itemListElement\":[{\"@type\":\"ListItem\",\"position\":1,\"name\":\"Home\",\"item\":\"https:\\\/\\\/www.mathematicus.it\\\/en\\\/\"},{\"@type\":\"ListItem\",\"position\":2,\"name\":\"Shop\",\"item\":\"https:\\\/\\\/www.mathematicus.it\\\/negozio\\\/\"},{\"@type\":\"ListItem\",\"position\":3,\"name\":\"Mathemeister Minus: Gioco Educativo di Sottrazione per Bambini | ALLEOVS\"}]},{\"@type\":\"WebSite\",\"@id\":\"https:\\\/\\\/www.mathematicus.it\\\/en\\\/#website\",\"url\":\"https:\\\/\\\/www.mathematicus.it\\\/en\\\/\",\"name\":\"Mathematicus\",\"description\":\"Il gioco della Matematica\",\"publisher\":{\"@id\":\"https:\\\/\\\/www.mathematicus.it\\\/en\\\/#organization\"},\"potentialAction\":[{\"@type\":\"SearchAction\",\"target\":{\"@type\":\"EntryPoint\",\"urlTemplate\":\"https:\\\/\\\/www.mathematicus.it\\\/en\\\/?s={search_term_string}\"},\"query-input\":{\"@type\":\"PropertyValueSpecification\",\"valueRequired\":true,\"valueName\":\"search_term_string\"}}],\"inLanguage\":\"en-US\"},{\"@type\":\"Organization\",\"@id\":\"https:\\\/\\\/www.mathematicus.it\\\/en\\\/#organization\",\"name\":\"Mathematicus\",\"url\":\"https:\\\/\\\/www.mathematicus.it\\\/en\\\/\",\"logo\":{\"@type\":\"ImageObject\",\"inLanguage\":\"en-US\",\"@id\":\"https:\\\/\\\/www.mathematicus.it\\\/en\\\/#\\\/schema\\\/logo\\\/image\\\/\",\"url\":\"https:\\\/\\\/i0.wp.com\\\/www.mathematicus.it\\\/wp-content\\\/uploads\\\/2020\\\/11\\\/logo.png?fit=500%2C49&ssl=1\",\"contentUrl\":\"https:\\\/\\\/i0.wp.com\\\/www.mathematicus.it\\\/wp-content\\\/uploads\\\/2020\\\/11\\\/logo.png?fit=500%2C49&ssl=1\",\"width\":500,\"height\":49,\"caption\":\"Mathematicus\"},\"image\":{\"@id\":\"https:\\\/\\\/www.mathematicus.it\\\/en\\\/#\\\/schema\\\/logo\\\/image\\\/\"},\"sameAs\":[\"https:\\\/\\\/www.facebook.com\\\/mathematicusilgiocodellamatematica\",\"https:\\\/\\\/www.instagram.com\\\/mathematicusgiocomatematica\\\/\",\"https:\\\/\\\/www.linkedin.com\\\/company\\\/94868880\",\"https:\\\/\\\/www.pinterest.it\\\/tomasobaj\\\/giochi-matematici\\\/\"]}]}<\/script>\n<meta property=\"product:brand\" content=\"Alleovs\" \/>\n<meta property=\"product:price:amount\" content=\"15.95\" \/>\n<meta property=\"product:price:currency\" content=\"EUR\" \/>\n<meta property=\"og:availability\" content=\"instock\" \/>\n<meta property=\"product:availability\" content=\"instock\" \/>\n<meta property=\"product:retailer_item_id\" content=\"ALLE - MathMeistMin - 396730\" \/>\n<meta property=\"product:condition\" content=\"new\" \/>\n<!-- \/ Yoast SEO Premium plugin. -->","yoast_head_json":{"title":"Mathmeister Plus: un gioco di carte per imparare l'addizione","description":"Trasforma l'addizione in magia! Mathemeister Plus \u00e8 un gioco di carte educativo dove creature fatate insegnano ai bambini la matematica attraverso storie incantate e sfide divertenti, ideale per la scuola primaria.","robots":{"index":"index","follow":"follow","max-snippet":"max-snippet:-1","max-image-preview":"max-image-preview:large","max-video-preview":"max-video-preview:-1"},"canonical":"https:\/\/www.mathematicus.it\/en\/prodotto\/mathemeister-minus-il-gioco-di-sottrazione\/","og_locale":"en_US","og_type":"article","og_title":"Mathemeister Minus: Gioco Educativo di Sottrazione per Bambini | ALLEOVS","og_description":"Trasforma l'addizione in magia! Mathemeister Plus \u00e8 un gioco di carte educativo dove creature fatate insegnano ai bambini la matematica attraverso storie incantate e sfide divertenti, ideale per la scuola primaria.","og_url":"https:\/\/www.mathematicus.it\/en\/prodotto\/mathemeister-minus-il-gioco-di-sottrazione\/","og_site_name":"Mathematicus","article_publisher":"https:\/\/www.facebook.com\/mathematicusilgiocodellamatematica","article_modified_time":"2025-07-07T15:01:39+00:00","og_image":[{"width":1200,"height":1200,"url":"https:\/\/i0.wp.com\/www.mathematicus.it\/wp-content\/uploads\/2025\/03\/Mathmeister-Minus-main-CDIT-1.jpg?fit=1200%2C1200&ssl=1","type":"image\/jpeg"}],"twitter_card":"summary_large_image","twitter_misc":{"Price":"&euro;15.95","Availability":"In stock"},"schema":{"@context":"https:\/\/schema.org","@graph":[{"@type":"WebPage","@id":"https:\/\/www.mathematicus.it\/en\/prodotto\/mathemeister-minus-il-gioco-di-sottrazione\/","url":"https:\/\/www.mathematicus.it\/en\/prodotto\/mathemeister-minus-il-gioco-di-sottrazione\/","name":"Mathmeister Plus: un gioco di carte per imparare l'addizione","isPartOf":{"@id":"https:\/\/www.mathematicus.it\/en\/#website"},"primaryImageOfPage":{"@id":"https:\/\/www.mathematicus.it\/en\/prodotto\/mathemeister-minus-il-gioco-di-sottrazione\/#primaryimage"},"image":{"@id":"https:\/\/www.mathematicus.it\/en\/prodotto\/mathemeister-minus-il-gioco-di-sottrazione\/#primaryimage"},"thumbnailUrl":"https:\/\/i0.wp.com\/www.mathematicus.it\/wp-content\/uploads\/2025\/03\/Mathmeister-Minus-main-CDIT-1.jpg?fit=1200%2C1200&ssl=1","datePublished":"2025-03-15T11:56:21+00:00","dateModified":"2025-07-07T15:01:39+00:00","description":"Trasforma l'addizione in magia! Mathemeister Plus \u00e8 un gioco di carte educativo dove creature fatate insegnano ai bambini la matematica attraverso storie incantate e sfide divertenti, ideale per la scuola primaria.","breadcrumb":{"@id":"https:\/\/www.mathematicus.it\/en\/prodotto\/mathemeister-minus-il-gioco-di-sottrazione\/#breadcrumb"},"inLanguage":"en-US","potentialAction":[{"@type":"ReadAction","target":["https:\/\/www.mathematicus.it\/en\/prodotto\/mathemeister-minus-il-gioco-di-sottrazione\/"]}]},{"@type":"ImageObject","inLanguage":"en-US","@id":"https:\/\/www.mathematicus.it\/en\/prodotto\/mathemeister-minus-il-gioco-di-sottrazione\/#primaryimage","url":"https:\/\/i0.wp.com\/www.mathematicus.it\/wp-content\/uploads\/2025\/03\/Mathmeister-Minus-main-CDIT-1.jpg?fit=1200%2C1200&ssl=1","contentUrl":"https:\/\/i0.wp.com\/www.mathematicus.it\/wp-content\/uploads\/2025\/03\/Mathmeister-Minus-main-CDIT-1.jpg?fit=1200%2C1200&ssl=1","width":1200,"height":1200,"caption":"CREATOR: gd-jpeg v1.0 (using IJG JPEG v62), quality = 82"},{"@type":"BreadcrumbList","@id":"https:\/\/www.mathematicus.it\/en\/prodotto\/mathemeister-minus-il-gioco-di-sottrazione\/#breadcrumb","itemListElement":[{"@type":"ListItem","position":1,"name":"Home","item":"https:\/\/www.mathematicus.it\/en\/"},{"@type":"ListItem","position":2,"name":"Shop","item":"https:\/\/www.mathematicus.it\/negozio\/"},{"@type":"ListItem","position":3,"name":"Mathemeister Minus: Gioco Educativo di Sottrazione per Bambini | ALLEOVS"}]},{"@type":"WebSite","@id":"https:\/\/www.mathematicus.it\/en\/#website","url":"https:\/\/www.mathematicus.it\/en\/","name":"Mathematicus","description":"Il gioco della Matematica","publisher":{"@id":"https:\/\/www.mathematicus.it\/en\/#organization"},"potentialAction":[{"@type":"SearchAction","target":{"@type":"EntryPoint","urlTemplate":"https:\/\/www.mathematicus.it\/en\/?s={search_term_string}"},"query-input":{"@type":"PropertyValueSpecification","valueRequired":true,"valueName":"search_term_string"}}],"inLanguage":"en-US"},{"@type":"Organization","@id":"https:\/\/www.mathematicus.it\/en\/#organization","name":"Mathematicus","url":"https:\/\/www.mathematicus.it\/en\/","logo":{"@type":"ImageObject","inLanguage":"en-US","@id":"https:\/\/www.mathematicus.it\/en\/#\/schema\/logo\/image\/","url":"https:\/\/i0.wp.com\/www.mathematicus.it\/wp-content\/uploads\/2020\/11\/logo.png?fit=500%2C49&ssl=1","contentUrl":"https:\/\/i0.wp.com\/www.mathematicus.it\/wp-content\/uploads\/2020\/11\/logo.png?fit=500%2C49&ssl=1","width":500,"height":49,"caption":"Mathematicus"},"image":{"@id":"https:\/\/www.mathematicus.it\/en\/#\/schema\/logo\/image\/"},"sameAs":["https:\/\/www.facebook.com\/mathematicusilgiocodellamatematica","https:\/\/www.instagram.com\/mathematicusgiocomatematica\/","https:\/\/www.linkedin.com\/company\/94868880","https:\/\/www.pinterest.it\/tomasobaj\/giochi-matematici\/"]}]},"product_brand":"Alleovs","product_price_amount":"15.95","product_price_currency":"EUR","og_availability":"instock","product_availability":"instock","product_retailer_item_id":"ALLE - MathMeistMin - 396730","product_condition":"new"},"jetpack_sharing_enabled":true,"_links":{"self":[{"href":"https:\/\/www.mathematicus.it\/en\/wp-json\/wp\/v2\/product\/4688","targetHints":{"allow":["GET"]}}],"collection":[{"href":"https:\/\/www.mathematicus.it\/en\/wp-json\/wp\/v2\/product"}],"about":[{"href":"https:\/\/www.mathematicus.it\/en\/wp-json\/wp\/v2\/types\/product"}],"replies":[{"embeddable":true,"href":"https:\/\/www.mathematicus.it\/en\/wp-json\/wp\/v2\/comments?post=4688"}],"wp:featuredmedia":[{"embeddable":true,"href":"https:\/\/www.mathematicus.it\/en\/wp-json\/wp\/v2\/media\/4721"}],"wp:attachment":[{"href":"https:\/\/www.mathematicus.it\/en\/wp-json\/wp\/v2\/media?parent=4688"}],"wp:term":[{"taxonomy":"product_brand","embeddable":true,"href":"https:\/\/www.mathematicus.it\/en\/wp-json\/wp\/v2\/product_brand?post=4688"},{"taxonomy":"product_cat","embeddable":true,"href":"https:\/\/www.mathematicus.it\/en\/wp-json\/wp\/v2\/product_cat?post=4688"},{"taxonomy":"product_tag","embeddable":true,"href":"https:\/\/www.mathematicus.it\/en\/wp-json\/wp\/v2\/product_tag?post=4688"},{"taxonomy":"berocket_brand","embeddable":true,"href":"https:\/\/www.mathematicus.it\/en\/wp-json\/wp\/v2\/berocket_brand?post=4688"}],"curies":[{"name":"wp","href":"https:\/\/api.w.org\/{rel}","templated":true}]}}