{"id":3972,"date":"2024-12-17T17:44:59","date_gmt":"2024-12-17T16:44:59","guid":{"rendered":"https:\/\/www.mathematicus.it\/?post_type=product&#038;p=3972"},"modified":"2025-06-17T22:12:09","modified_gmt":"2025-06-17T20:12:09","slug":"telescopio-dobsoniano-da-tavolo","status":"publish","type":"product","link":"https:\/\/www.mathematicus.it\/en\/prodotto\/telescopio-dobsoniano-da-tavolo\/","title":{"rendered":"AmScope &#8211; Telescopio dobsoniano da tavolo IQCrew By AmScope"},"content":{"rendered":"<h3 class=\"product-title\"><span class=\"product-title__variant active\" data-id=\"39900990406721\">Telescopio dobsoniano da tavolo IQCrew By AmScope<\/span><\/h3>\n<p>Il telescopio dobsoniano da tavolo di IQCrew vi porter\u00e0 in un altro mondo. Questo telescopio riflettore di alta qualit\u00e0 \u00e8 dotato di un&#8217;ampia apertura per produrre immagini luminose del cielo notturno con una chiarezza sorprendente. La bellezza del design dobsoniano \u00e8 la sua semplicit\u00e0, che lo rende perfetto per gli astronomi principianti. Il supporto girevole rende incredibilmente facile il controllo dell&#8217;azimut, mentre l&#8217;elevazione \u00e8 controllata da un semplice perno. Il design compatto e leggero lo rende adatto a qualsiasi scrivania o pu\u00f2 essere portato in spiaggia o in campeggio per osservare la luna.<\/p>\n<p>Con un&#8217;apertura di 76 mm e una lunghezza focale di 300 mm, questo telescopio \u00e8 il pi\u00f9 adatto per osservare gli oggetti vicini alla Terra, in particolare la Luna. I due oculari in dotazione e la lente di Barlow 2X forniscono ingrandimenti da 15X a 100X, consentendo di osservare picchi e crateri sulla superficie lunare. Spostandosi pi\u00f9 in profondit\u00e0 nello spazio, si potranno osservare ammassi stellari e nebulose come la nebulosa di Orione.<\/p>\n<h3 class=\"product-bulletpoints__title\">Caratteristiche principali<\/h3>\n<ul class=\"product-bulletpoints__text active\">\n<li>Questo telescopio riflettore di alta qualit\u00e0 \u00e8 dotato di un&#8217;ampia apertura per produrre immagini luminose del cielo notturno con una chiarezza sorprendente.<\/li>\n<li>Il supporto girevole rende incredibilmente facile il controllo dell&#8217;azimut, mentre l&#8217;elevazione \u00e8 controllata da un semplice perno.<\/li>\n<li>Grazie al design compatto e leggero, pu\u00f2 stare comodamente su qualsiasi scrivania o essere portato in spiaggia o in campeggio per osservare la luna.<\/li>\n<li>Con un&#8217;apertura di 76 mm e una lunghezza focale di 300 mm, questo telescopio \u00e8 il pi\u00f9 adatto per osservare gli oggetti vicini alla Terra, in particolare la Luna.<\/li>\n<li>I due oculari in dotazione e la lente di Barlow 2X forniscono ingrandimenti da 15X a 100X, consentendo di osservare picchi e crateri sulla superficie lunare.<\/li>\n<\/ul>\n<h3>Specifiche tecniche<\/h3>\n<table class=\"specifications\" style=\"height: 236px;\" width=\"536\" cellspacing=\"0\" cellpadding=\"0\">\n<tbody>\n<tr>\n<td>Sistema ottico<\/td>\n<td>Riflettore newtoniano<\/td>\n<\/tr>\n<tr>\n<td>Apertura<\/td>\n<td>76 mm (3&#8243;)<\/td>\n<\/tr>\n<tr>\n<td>Lunghezza focale<\/td>\n<td>300 mm (11,8&#8243;)<\/td>\n<\/tr>\n<tr>\n<td>Rapporto focale<\/td>\n<td>f\/3.95<\/td>\n<\/tr>\n<tr>\n<td>Diametro oculare<\/td>\n<td>1.25&#8243;<\/td>\n<\/tr>\n<tr>\n<td>Oculari<\/td>\n<td>6 mm, 20 mm<\/td>\n<\/tr>\n<tr>\n<td>Ingrandimenti<\/td>\n<td>15X, 50X<\/td>\n<\/tr>\n<tr>\n<td>Lente di Barlow<\/td>\n<td>2X<\/td>\n<\/tr>\n<tr>\n<td>Ingrandimenti con lente di Barlow<\/td>\n<td>30X, 100X<\/td>\n<\/tr>\n<\/tbody>\n<\/table>\n<p><b><u>Contenuti:<\/u><\/b><\/p>\n<ul>\n<li>Un telescopio<\/li>\n<li>Un copriobiettivo<\/li>\n<li>Due oculari (6 mm, 20 mm)<\/li>\n<li>Una lente di Barlow<\/li>\n<\/ul>\n<p>Per le et\u00e0 da 8 anni in su<\/p>\n<p><a href=\"https:\/\/www.mathematicus.it\/come-pagare-con-carta-docente-sul-sito-mathematicus\/\"><img data-recalc-dims=\"1\" decoding=\"async\" class=\"lazyload alignnone wp-image-2886\" src=\"https:\/\/i0.wp.com\/www.mathematicus.it\/wp-content\/uploads\/2024\/11\/Carta-del-docente-2.webp?resize=81%2C54&#038;ssl=1\" data-orig-src=\"https:\/\/www.mathematicus.it\/wp-content\/uploads\/2024\/11\/Carta-del-docente-2-300x200.webp\" alt=\"\" width=\"81\" height=\"54\" srcset=\"data:image\/svg+xml,%3Csvg%20xmlns%3D%27http%3A%2F%2Fwww.w3.org%2F2000%2Fsvg%27%20width%3D%2781%27%20height%3D%2754%27%20viewBox%3D%270%200%2081%2054%27%3E%3Crect%20width%3D%2781%27%20height%3D%2754%27%20fill-opacity%3D%220%22%2F%3E%3C%2Fsvg%3E\" data-srcset=\"https:\/\/i0.wp.com\/www.mathematicus.it\/wp-content\/uploads\/2024\/11\/Carta-del-docente-2.webp?resize=200%2C133&amp;ssl=1 200w, https:\/\/i0.wp.com\/www.mathematicus.it\/wp-content\/uploads\/2024\/11\/Carta-del-docente-2.webp?resize=300%2C200&amp;ssl=1 300w, https:\/\/i0.wp.com\/www.mathematicus.it\/wp-content\/uploads\/2024\/11\/Carta-del-docente-2.webp?resize=400%2C267&amp;ssl=1 400w, https:\/\/i0.wp.com\/www.mathematicus.it\/wp-content\/uploads\/2024\/11\/Carta-del-docente-2.webp?resize=500%2C333&amp;ssl=1 500w, https:\/\/i0.wp.com\/www.mathematicus.it\/wp-content\/uploads\/2024\/11\/Carta-del-docente-2.webp?resize=600%2C400&amp;ssl=1 600w, https:\/\/i0.wp.com\/www.mathematicus.it\/wp-content\/uploads\/2024\/11\/Carta-del-docente-2.webp?resize=700%2C467&amp;ssl=1 700w, https:\/\/i0.wp.com\/www.mathematicus.it\/wp-content\/uploads\/2024\/11\/Carta-del-docente-2.webp?resize=768%2C512&amp;ssl=1 768w, https:\/\/i0.wp.com\/www.mathematicus.it\/wp-content\/uploads\/2024\/11\/Carta-del-docente-2.webp?resize=800%2C533&amp;ssl=1 800w, https:\/\/i0.wp.com\/www.mathematicus.it\/wp-content\/uploads\/2024\/11\/Carta-del-docente-2.webp?resize=1024%2C683&amp;ssl=1 1024w, https:\/\/i0.wp.com\/www.mathematicus.it\/wp-content\/uploads\/2024\/11\/Carta-del-docente-2.webp?w=1200&amp;ssl=1 1200w\" data-sizes=\"auto\" data-orig-sizes=\"(max-width: 81px) 100vw, 81px\" \/><\/a><br \/>\nScopri come acquistare con la <a href=\"http:\/\/I modelli di Dahimo vengono prodotti su richiesta. Il tuo collo sar\u00e0 spedito entro una settimana.\" target=\"_blank\" rel=\"noopener\">Carta del Docente<\/a><\/p>\n<p>&nbsp;<\/p>\n","protected":false},"excerpt":{"rendered":"<p>Telescopio dobsoniano da tavolo IQCrew By AmScope Il telescopio dobsoniano  [&#8230;]<\/p>\n","protected":false},"featured_media":3973,"comment_status":"closed","ping_status":"closed","template":"","meta":[],"product_brand":[],"product_cat":[424,527,51],"product_tag":[423,400,401,55,410,405,402,407,399,398],"berocket_brand":[396],"class_list":{"0":"post-3972","1":"product","2":"type-product","3":"status-publish","4":"has-post-thumbnail","6":"product_cat-amscope","7":"product_cat-hardware","8":"product_cat-telescopi","9":"product_tag-amscopeshipping","10":"product_tag-astrofili","11":"product_tag-astronomi","12":"product_tag-carta-del-docente","13":"product_tag-cielo","14":"product_tag-giove","15":"product_tag-luna","16":"product_tag-oculari","17":"product_tag-principianti","18":"product_tag-ragazzi","19":"berocket_brand-amscope","21":"first","22":"instock","23":"taxable","24":"shipping-taxable","25":"purchasable","26":"product-type-simple"},"yoast_head":"<!-- This site is optimized with the Yoast SEO Premium plugin v27.3 (Yoast SEO v27.3) - https:\/\/yoast.com\/product\/yoast-seo-premium-wordpress\/ -->\n<title>AmScope - Telescopio dobsoniano da tavolo IQCrew By AmScope - Mathematicus<\/title>\n<meta name=\"description\" content=\"Telescopio dobsoniano da tavolo IQCrew By AmScope, riflettore di alta qualit\u00e0 per produrre immagini luminose del cielo. Acquistabile con Carta del Docente.\" \/>\n<meta name=\"robots\" content=\"index, follow, max-snippet:-1, max-image-preview:large, max-video-preview:-1\" \/>\n<link rel=\"canonical\" href=\"https:\/\/www.mathematicus.it\/en\/prodotto\/telescopio-dobsoniano-da-tavolo\/\" \/>\n<meta property=\"og:locale\" content=\"en_US\" \/>\n<meta property=\"og:type\" content=\"article\" \/>\n<meta property=\"og:title\" content=\"AmScope - Telescopio dobsoniano da tavolo IQCrew By AmScope\" \/>\n<meta property=\"og:description\" content=\"Telescopio dobsoniano da tavolo IQCrew By AmScope, riflettore di alta qualit\u00e0 per produrre immagini luminose del cielo. Acquistabile con Carta del Docente.\" \/>\n<meta property=\"og:url\" content=\"https:\/\/www.mathematicus.it\/en\/prodotto\/telescopio-dobsoniano-da-tavolo\/\" \/>\n<meta property=\"og:site_name\" content=\"Mathematicus\" \/>\n<meta property=\"article:publisher\" content=\"https:\/\/www.facebook.com\/mathematicusilgiocodellamatematica\" \/>\n<meta property=\"article:modified_time\" content=\"2025-06-17T20:12:09+00:00\" \/>\n<meta property=\"og:image\" content=\"https:\/\/i0.wp.com\/www.mathematicus.it\/wp-content\/uploads\/2024\/12\/02db5708f1271917b888c3a21bdca29f_1800x.webp?fit=1500%2C1500&ssl=1\" \/>\n\t<meta property=\"og:image:width\" content=\"1500\" \/>\n\t<meta property=\"og:image:height\" content=\"1500\" \/>\n\t<meta property=\"og:image:type\" content=\"image\/webp\" \/>\n<meta name=\"twitter:card\" content=\"summary_large_image\" \/>\n<meta name=\"twitter:label1\" content=\"Price\" \/>\n\t<meta name=\"twitter:data1\" content=\"&euro;87.00\" \/>\n\t<meta name=\"twitter:label2\" content=\"Availability\" \/>\n\t<meta name=\"twitter:data2\" content=\"In stock\" \/>\n<script type=\"application\/ld+json\" class=\"yoast-schema-graph\">{\"@context\":\"https:\\\/\\\/schema.org\",\"@graph\":[{\"@type\":\"WebPage\",\"@id\":\"https:\\\/\\\/www.mathematicus.it\\\/en\\\/prodotto\\\/telescopio-dobsoniano-da-tavolo\\\/\",\"url\":\"https:\\\/\\\/www.mathematicus.it\\\/en\\\/prodotto\\\/telescopio-dobsoniano-da-tavolo\\\/\",\"name\":\"AmScope - Telescopio dobsoniano da tavolo IQCrew By AmScope - Mathematicus\",\"isPartOf\":{\"@id\":\"https:\\\/\\\/www.mathematicus.it\\\/en\\\/#website\"},\"primaryImageOfPage\":{\"@id\":\"https:\\\/\\\/www.mathematicus.it\\\/en\\\/prodotto\\\/telescopio-dobsoniano-da-tavolo\\\/#primaryimage\"},\"image\":{\"@id\":\"https:\\\/\\\/www.mathematicus.it\\\/en\\\/prodotto\\\/telescopio-dobsoniano-da-tavolo\\\/#primaryimage\"},\"thumbnailUrl\":\"https:\\\/\\\/i0.wp.com\\\/www.mathematicus.it\\\/wp-content\\\/uploads\\\/2024\\\/12\\\/02db5708f1271917b888c3a21bdca29f_1800x.webp?fit=1500%2C1500&ssl=1\",\"datePublished\":\"2024-12-17T16:44:59+00:00\",\"dateModified\":\"2025-06-17T20:12:09+00:00\",\"description\":\"Telescopio dobsoniano da tavolo IQCrew By AmScope, riflettore di alta qualit\u00e0 per produrre immagini luminose del cielo. Acquistabile con Carta del Docente.\",\"breadcrumb\":{\"@id\":\"https:\\\/\\\/www.mathematicus.it\\\/en\\\/prodotto\\\/telescopio-dobsoniano-da-tavolo\\\/#breadcrumb\"},\"inLanguage\":\"en-US\",\"potentialAction\":[{\"@type\":\"ReadAction\",\"target\":[\"https:\\\/\\\/www.mathematicus.it\\\/en\\\/prodotto\\\/telescopio-dobsoniano-da-tavolo\\\/\"]}]},{\"@type\":\"ImageObject\",\"inLanguage\":\"en-US\",\"@id\":\"https:\\\/\\\/www.mathematicus.it\\\/en\\\/prodotto\\\/telescopio-dobsoniano-da-tavolo\\\/#primaryimage\",\"url\":\"https:\\\/\\\/i0.wp.com\\\/www.mathematicus.it\\\/wp-content\\\/uploads\\\/2024\\\/12\\\/02db5708f1271917b888c3a21bdca29f_1800x.webp?fit=1500%2C1500&ssl=1\",\"contentUrl\":\"https:\\\/\\\/i0.wp.com\\\/www.mathematicus.it\\\/wp-content\\\/uploads\\\/2024\\\/12\\\/02db5708f1271917b888c3a21bdca29f_1800x.webp?fit=1500%2C1500&ssl=1\",\"width\":1500,\"height\":1500},{\"@type\":\"BreadcrumbList\",\"@id\":\"https:\\\/\\\/www.mathematicus.it\\\/en\\\/prodotto\\\/telescopio-dobsoniano-da-tavolo\\\/#breadcrumb\",\"itemListElement\":[{\"@type\":\"ListItem\",\"position\":1,\"name\":\"Home\",\"item\":\"https:\\\/\\\/www.mathematicus.it\\\/en\\\/\"},{\"@type\":\"ListItem\",\"position\":2,\"name\":\"Shop\",\"item\":\"https:\\\/\\\/www.mathematicus.it\\\/negozio\\\/\"},{\"@type\":\"ListItem\",\"position\":3,\"name\":\"AmScope &#8211; Telescopio dobsoniano da tavolo IQCrew By AmScope\"}]},{\"@type\":\"WebSite\",\"@id\":\"https:\\\/\\\/www.mathematicus.it\\\/en\\\/#website\",\"url\":\"https:\\\/\\\/www.mathematicus.it\\\/en\\\/\",\"name\":\"Mathematicus\",\"description\":\"Il gioco della Matematica\",\"publisher\":{\"@id\":\"https:\\\/\\\/www.mathematicus.it\\\/en\\\/#organization\"},\"potentialAction\":[{\"@type\":\"SearchAction\",\"target\":{\"@type\":\"EntryPoint\",\"urlTemplate\":\"https:\\\/\\\/www.mathematicus.it\\\/en\\\/?s={search_term_string}\"},\"query-input\":{\"@type\":\"PropertyValueSpecification\",\"valueRequired\":true,\"valueName\":\"search_term_string\"}}],\"inLanguage\":\"en-US\"},{\"@type\":\"Organization\",\"@id\":\"https:\\\/\\\/www.mathematicus.it\\\/en\\\/#organization\",\"name\":\"Mathematicus\",\"url\":\"https:\\\/\\\/www.mathematicus.it\\\/en\\\/\",\"logo\":{\"@type\":\"ImageObject\",\"inLanguage\":\"en-US\",\"@id\":\"https:\\\/\\\/www.mathematicus.it\\\/en\\\/#\\\/schema\\\/logo\\\/image\\\/\",\"url\":\"https:\\\/\\\/i0.wp.com\\\/www.mathematicus.it\\\/wp-content\\\/uploads\\\/2020\\\/11\\\/logo.png?fit=500%2C49&ssl=1\",\"contentUrl\":\"https:\\\/\\\/i0.wp.com\\\/www.mathematicus.it\\\/wp-content\\\/uploads\\\/2020\\\/11\\\/logo.png?fit=500%2C49&ssl=1\",\"width\":500,\"height\":49,\"caption\":\"Mathematicus\"},\"image\":{\"@id\":\"https:\\\/\\\/www.mathematicus.it\\\/en\\\/#\\\/schema\\\/logo\\\/image\\\/\"},\"sameAs\":[\"https:\\\/\\\/www.facebook.com\\\/mathematicusilgiocodellamatematica\",\"https:\\\/\\\/www.instagram.com\\\/mathematicusgiocomatematica\\\/\",\"https:\\\/\\\/www.linkedin.com\\\/company\\\/94868880\",\"https:\\\/\\\/www.pinterest.it\\\/tomasobaj\\\/giochi-matematici\\\/\"]}]}<\/script>\n<meta property=\"product:brand\" content=\"Telescopi\" \/>\n<meta property=\"product:price:amount\" content=\"87.00\" \/>\n<meta property=\"product:price:currency\" content=\"EUR\" \/>\n<meta property=\"og:availability\" content=\"instock\" \/>\n<meta property=\"product:availability\" content=\"instock\" \/>\n<meta property=\"product:retailer_item_id\" content=\"TLD-76300-3PL\" \/>\n<meta property=\"product:condition\" content=\"new\" \/>\n<!-- \/ Yoast SEO Premium plugin. -->","yoast_head_json":{"title":"AmScope - Telescopio dobsoniano da tavolo IQCrew By AmScope - Mathematicus","description":"Telescopio dobsoniano da tavolo IQCrew By AmScope, riflettore di alta qualit\u00e0 per produrre immagini luminose del cielo. Acquistabile con Carta del Docente.","robots":{"index":"index","follow":"follow","max-snippet":"max-snippet:-1","max-image-preview":"max-image-preview:large","max-video-preview":"max-video-preview:-1"},"canonical":"https:\/\/www.mathematicus.it\/en\/prodotto\/telescopio-dobsoniano-da-tavolo\/","og_locale":"en_US","og_type":"article","og_title":"AmScope - Telescopio dobsoniano da tavolo IQCrew By AmScope","og_description":"Telescopio dobsoniano da tavolo IQCrew By AmScope, riflettore di alta qualit\u00e0 per produrre immagini luminose del cielo. Acquistabile con Carta del Docente.","og_url":"https:\/\/www.mathematicus.it\/en\/prodotto\/telescopio-dobsoniano-da-tavolo\/","og_site_name":"Mathematicus","article_publisher":"https:\/\/www.facebook.com\/mathematicusilgiocodellamatematica","article_modified_time":"2025-06-17T20:12:09+00:00","og_image":[{"width":1500,"height":1500,"url":"https:\/\/i0.wp.com\/www.mathematicus.it\/wp-content\/uploads\/2024\/12\/02db5708f1271917b888c3a21bdca29f_1800x.webp?fit=1500%2C1500&ssl=1","type":"image\/webp"}],"twitter_card":"summary_large_image","twitter_misc":{"Price":"&euro;87.00","Availability":"In stock"},"schema":{"@context":"https:\/\/schema.org","@graph":[{"@type":"WebPage","@id":"https:\/\/www.mathematicus.it\/en\/prodotto\/telescopio-dobsoniano-da-tavolo\/","url":"https:\/\/www.mathematicus.it\/en\/prodotto\/telescopio-dobsoniano-da-tavolo\/","name":"AmScope - Telescopio dobsoniano da tavolo IQCrew By AmScope - Mathematicus","isPartOf":{"@id":"https:\/\/www.mathematicus.it\/en\/#website"},"primaryImageOfPage":{"@id":"https:\/\/www.mathematicus.it\/en\/prodotto\/telescopio-dobsoniano-da-tavolo\/#primaryimage"},"image":{"@id":"https:\/\/www.mathematicus.it\/en\/prodotto\/telescopio-dobsoniano-da-tavolo\/#primaryimage"},"thumbnailUrl":"https:\/\/i0.wp.com\/www.mathematicus.it\/wp-content\/uploads\/2024\/12\/02db5708f1271917b888c3a21bdca29f_1800x.webp?fit=1500%2C1500&ssl=1","datePublished":"2024-12-17T16:44:59+00:00","dateModified":"2025-06-17T20:12:09+00:00","description":"Telescopio dobsoniano da tavolo IQCrew By AmScope, riflettore di alta qualit\u00e0 per produrre immagini luminose del cielo. Acquistabile con Carta del Docente.","breadcrumb":{"@id":"https:\/\/www.mathematicus.it\/en\/prodotto\/telescopio-dobsoniano-da-tavolo\/#breadcrumb"},"inLanguage":"en-US","potentialAction":[{"@type":"ReadAction","target":["https:\/\/www.mathematicus.it\/en\/prodotto\/telescopio-dobsoniano-da-tavolo\/"]}]},{"@type":"ImageObject","inLanguage":"en-US","@id":"https:\/\/www.mathematicus.it\/en\/prodotto\/telescopio-dobsoniano-da-tavolo\/#primaryimage","url":"https:\/\/i0.wp.com\/www.mathematicus.it\/wp-content\/uploads\/2024\/12\/02db5708f1271917b888c3a21bdca29f_1800x.webp?fit=1500%2C1500&ssl=1","contentUrl":"https:\/\/i0.wp.com\/www.mathematicus.it\/wp-content\/uploads\/2024\/12\/02db5708f1271917b888c3a21bdca29f_1800x.webp?fit=1500%2C1500&ssl=1","width":1500,"height":1500},{"@type":"BreadcrumbList","@id":"https:\/\/www.mathematicus.it\/en\/prodotto\/telescopio-dobsoniano-da-tavolo\/#breadcrumb","itemListElement":[{"@type":"ListItem","position":1,"name":"Home","item":"https:\/\/www.mathematicus.it\/en\/"},{"@type":"ListItem","position":2,"name":"Shop","item":"https:\/\/www.mathematicus.it\/negozio\/"},{"@type":"ListItem","position":3,"name":"AmScope &#8211; Telescopio dobsoniano da tavolo IQCrew By AmScope"}]},{"@type":"WebSite","@id":"https:\/\/www.mathematicus.it\/en\/#website","url":"https:\/\/www.mathematicus.it\/en\/","name":"Mathematicus","description":"Il gioco della Matematica","publisher":{"@id":"https:\/\/www.mathematicus.it\/en\/#organization"},"potentialAction":[{"@type":"SearchAction","target":{"@type":"EntryPoint","urlTemplate":"https:\/\/www.mathematicus.it\/en\/?s={search_term_string}"},"query-input":{"@type":"PropertyValueSpecification","valueRequired":true,"valueName":"search_term_string"}}],"inLanguage":"en-US"},{"@type":"Organization","@id":"https:\/\/www.mathematicus.it\/en\/#organization","name":"Mathematicus","url":"https:\/\/www.mathematicus.it\/en\/","logo":{"@type":"ImageObject","inLanguage":"en-US","@id":"https:\/\/www.mathematicus.it\/en\/#\/schema\/logo\/image\/","url":"https:\/\/i0.wp.com\/www.mathematicus.it\/wp-content\/uploads\/2020\/11\/logo.png?fit=500%2C49&ssl=1","contentUrl":"https:\/\/i0.wp.com\/www.mathematicus.it\/wp-content\/uploads\/2020\/11\/logo.png?fit=500%2C49&ssl=1","width":500,"height":49,"caption":"Mathematicus"},"image":{"@id":"https:\/\/www.mathematicus.it\/en\/#\/schema\/logo\/image\/"},"sameAs":["https:\/\/www.facebook.com\/mathematicusilgiocodellamatematica","https:\/\/www.instagram.com\/mathematicusgiocomatematica\/","https:\/\/www.linkedin.com\/company\/94868880","https:\/\/www.pinterest.it\/tomasobaj\/giochi-matematici\/"]}]},"product_brand":"Telescopi","product_price_amount":"87.00","product_price_currency":"EUR","og_availability":"instock","product_availability":"instock","product_retailer_item_id":"TLD-76300-3PL","product_condition":"new"},"jetpack_sharing_enabled":true,"_links":{"self":[{"href":"https:\/\/www.mathematicus.it\/en\/wp-json\/wp\/v2\/product\/3972","targetHints":{"allow":["GET"]}}],"collection":[{"href":"https:\/\/www.mathematicus.it\/en\/wp-json\/wp\/v2\/product"}],"about":[{"href":"https:\/\/www.mathematicus.it\/en\/wp-json\/wp\/v2\/types\/product"}],"replies":[{"embeddable":true,"href":"https:\/\/www.mathematicus.it\/en\/wp-json\/wp\/v2\/comments?post=3972"}],"wp:featuredmedia":[{"embeddable":true,"href":"https:\/\/www.mathematicus.it\/en\/wp-json\/wp\/v2\/media\/3973"}],"wp:attachment":[{"href":"https:\/\/www.mathematicus.it\/en\/wp-json\/wp\/v2\/media?parent=3972"}],"wp:term":[{"taxonomy":"product_brand","embeddable":true,"href":"https:\/\/www.mathematicus.it\/en\/wp-json\/wp\/v2\/product_brand?post=3972"},{"taxonomy":"product_cat","embeddable":true,"href":"https:\/\/www.mathematicus.it\/en\/wp-json\/wp\/v2\/product_cat?post=3972"},{"taxonomy":"product_tag","embeddable":true,"href":"https:\/\/www.mathematicus.it\/en\/wp-json\/wp\/v2\/product_tag?post=3972"},{"taxonomy":"berocket_brand","embeddable":true,"href":"https:\/\/www.mathematicus.it\/en\/wp-json\/wp\/v2\/berocket_brand?post=3972"}],"curies":[{"name":"wp","href":"https:\/\/api.w.org\/{rel}","templated":true}]}}