{"id":3292,"date":"2024-11-14T17:23:36","date_gmt":"2024-11-14T16:23:36","guid":{"rendered":"https:\/\/www.mathematicus.it\/?post_type=product&#038;p=3292"},"modified":"2025-07-07T23:11:51","modified_gmt":"2025-07-07T21:11:51","slug":"nuovo-blips-labkit-2-acquisto-privato-p-a-carta-del-docente","status":"publish","type":"product","link":"https:\/\/www.mathematicus.it\/en\/prodotto\/nuovo-blips-labkit-2-acquisto-privato-p-a-carta-del-docente\/","title":{"rendered":"NUOVO Blips LabKit 2"},"content":{"rendered":"<h1>BLIPS LAB KIT TELEFONO + MICROSCOPIO<\/h1>\n<p>Blips Lab kit coniuga in chiave moderna le tecniche e le modalit\u00e0 di esplorazione tradizionali della microscopia e fotografia in una nuova prospettiva che consente di visualizzare le immagini sul nostro smartphone compagno inseparabile e moderno delle nostre giornate, con la possibilit\u00e0 inoltre di condividerle via social o inviarle agli amici.<\/p>\n<p>Blips Lab kit utilizza come base la microscopia, che ha mosso i primi passi alla fine del XVI secolo in una bottega di fabbricanti di lenti olandesi e che da allora, affiancando nel corso del tempo la modalit\u00e0 ottica a quella elettronica, ha permesso di andare a scoprire sempre pi\u00f9 in profondit\u00e0 i misteri dell&#8217;infinitamente piccolo.<br \/>\nConiugando scienza e tecnica centenaria con l&#8217;utilizzo dello smartphone, potrete trasformarvi in detective della natura con la massima mobilit\u00e0 e prontezza di cogliere al volo e sfruttare tutte le occasioni di scoperta e osservazione che l&#8217;affascinante mondo naturale ci offre in ogni momento della giornata dell&#8217;anno, stagione dopo stagione.<\/p>\n<p>Blips Lab kit si trasforma anche in un fantastico strumento didattico per rendere accessibili scienza e natura agli studenti sul campo, magari durante una passeggiata o una escursione e pu\u00f2 essere un utilissimo ausilio per guide turistiche durante il loro lavoro.<\/p>\n<h1>Explore the Micro-World!<\/h1>\n<div class=\"responsive-iframe\"><iframe class=\"lazyload\" title=\"YouTube video player\" src=\"data:image\/svg+xml,%3Csvg%20xmlns%3D%27http%3A%2F%2Fwww.w3.org%2F2000%2Fsvg%27%20width%3D%27560%27%20height%3D%27315%27%20viewBox%3D%270%200%20560%20315%27%3E%3Crect%20width%3D%27560%27%20height%3D%27315%27%20fill-opacity%3D%220%22%2F%3E%3C%2Fsvg%3E\" data-orig-src=\"https:\/\/www.youtube.com\/embed\/n01EkByXM8M?si=WP7U5aRoc3tTWIgI\" width=\"560\" height=\"315\" frameborder=\"0\" allowfullscreen=\"allowfullscreen\"><\/iframe><\/div>\n<h2>Questa \u00e8 l\u2019ultima generazione del Blips LabKit.<\/h2>\n<p>Con la lente Blips pi\u00f9 potente (Ultra), puoi usare il tuo telefono come un microscopio digitale: con una risoluzione di 3-4 micron puoi vedere i microrganismi viventi, o anche le cellule del sangue sul vetrino preparato. Con il kit di lenti macro extrasottili (all\u2019interno della confezione) avrai lenti potenti da tenere sempre con te, per vedere i dettagli microscopici ogni volta che vuoi.<\/p>\n<p>Magnification: 5x &#8211; 140x<\/p>\n<p><img data-recalc-dims=\"1\" decoding=\"async\" class=\"lazyload alignnone wp-image-3315 size-fusion-800\" src=\"https:\/\/i0.wp.com\/www.mathematicus.it\/wp-content\/uploads\/2024\/11\/ScreenshotFunction.jpg?resize=800%2C218&#038;ssl=1\" data-orig-src=\"https:\/\/www.mathematicus.it\/wp-content\/uploads\/2024\/11\/ScreenshotFunction-800x218.jpg\" alt=\"\" width=\"800\" height=\"218\" srcset=\"data:image\/svg+xml,%3Csvg%20xmlns%3D%27http%3A%2F%2Fwww.w3.org%2F2000%2Fsvg%27%20width%3D%27800%27%20height%3D%27218%27%20viewBox%3D%270%200%20800%20218%27%3E%3Crect%20width%3D%27800%27%20height%3D%27218%27%20fill-opacity%3D%220%22%2F%3E%3C%2Fsvg%3E\" data-srcset=\"https:\/\/i0.wp.com\/www.mathematicus.it\/wp-content\/uploads\/2024\/11\/ScreenshotFunction.jpg?resize=200%2C54&amp;ssl=1 200w, https:\/\/i0.wp.com\/www.mathematicus.it\/wp-content\/uploads\/2024\/11\/ScreenshotFunction.jpg?resize=300%2C82&amp;ssl=1 300w, https:\/\/i0.wp.com\/www.mathematicus.it\/wp-content\/uploads\/2024\/11\/ScreenshotFunction.jpg?resize=400%2C109&amp;ssl=1 400w, https:\/\/i0.wp.com\/www.mathematicus.it\/wp-content\/uploads\/2024\/11\/ScreenshotFunction.jpg?resize=500%2C136&amp;ssl=1 500w, https:\/\/i0.wp.com\/www.mathematicus.it\/wp-content\/uploads\/2024\/11\/ScreenshotFunction.jpg?resize=600%2C163&amp;ssl=1 600w, https:\/\/i0.wp.com\/www.mathematicus.it\/wp-content\/uploads\/2024\/11\/ScreenshotFunction.jpg?resize=700%2C191&amp;ssl=1 700w, https:\/\/i0.wp.com\/www.mathematicus.it\/wp-content\/uploads\/2024\/11\/ScreenshotFunction.jpg?resize=768%2C209&amp;ssl=1 768w, https:\/\/i0.wp.com\/www.mathematicus.it\/wp-content\/uploads\/2024\/11\/ScreenshotFunction.jpg?resize=800%2C218&amp;ssl=1 800w, https:\/\/i0.wp.com\/www.mathematicus.it\/wp-content\/uploads\/2024\/11\/ScreenshotFunction.jpg?w=999&amp;ssl=1 999w\" data-sizes=\"auto\" data-orig-sizes=\"(max-width: 800px) 100vw, 800px\" \/><\/p>\n<h4>Cosa posso vedere col Labkit Blips?<\/h4>\n<p>In questo kit sono presenti tutte e quattro le lenti Blips e gli accessori utili per sfruttare le lenti pi\u00f9 potenti (Micro e Ultra) per applicazioni di microscopia. Le lenti Macro Plus e Macro sono particolarmente indicate per osservare, ad esempio, piccoli insetti, fiori, monete o dettagli di prodotti. Le lenti Micro e Ultra sono adatte per l\u2019osservazione di campioni sottili preparati per la microscopia, in luce trasmessa.<\/p>\n<h4>Che lenti sono inclusi nel kit?<\/h4>\n<p>Il kit comprende le lenti Blips Macro Plus (5x), Blips Macro (10x), Blips Micro (20x) e Blips Ultra (33x).<\/p>\n<h4>Su quali soggetti posso usare queste lenti?<\/h4>\n<p>Per qualsiasi tipo di soggetto, dalla macrofotografia (insetti, fiori, piccoli oggetti) fino alla microscopia reale (tessuti, sezioni di piante, acqua stagnante\u2026).<\/p>\n<h4>Il mio telefono \u00e8 compatibile?<\/h4>\n<p>Le lenti Blips funzionano su tutti i modelli di smartphone e tablet con corpi in plastica, vetro o metallo, con fotocamere lisce o sporgenti e con fotocamere al centro del corpo del telefono o verso l\u2019angolo del corpo del dispositivo. Funzionano anche su quasi tutti i tipi di tablet e iPad.<\/p>\n<p>&nbsp;<\/p>\n<h4>Posso utilizzarle su telefoni e tablet con pi\u00f9 fotocamere?<\/h4>\n<p>S\u00ec, \u00e8 sufficiente individuare la fotocamera utilizzata sul telefono e, se necessario, bloccare l\u2019autofocus.<\/p>\n<p><strong>BLIPS LABKIT IL FUNZIONAMENTO OTTICO<\/strong><\/p>\n<p>Blips LabKit veicola (e rinnova) attraverso lo\u00a0 smartphone uno strumento ottico la cui nascita \u00e8 certificata nel 1590.<br \/>\nNel microscopio (ottico) la luce attraversa l&#8217;oggetto posto sul vetrino e la sua immagine viene ingrandita dalle lenti; la lente obiettivo (che \u00e8 pi\u00f9 vicina all&#8217;oggetto) restituisce l&#8217;immagine ingrandita, che pu\u00f2 essere a suo volta essere ingrandita ulteriormente mediante gli oculari (cio\u00e8 le lenti pi\u00f9 vicine all&#8217;occhio). Tradizione e innovazione: matrimonio perfetto.<\/p>\n<div class=\"responsive-iframe\"><iframe class=\"lazyload\" title=\"YouTube video player\" src=\"data:image\/svg+xml,%3Csvg%20xmlns%3D%27http%3A%2F%2Fwww.w3.org%2F2000%2Fsvg%27%20width%3D%27560%27%20height%3D%27315%27%20viewBox%3D%270%200%20560%20315%27%3E%3Crect%20width%3D%27560%27%20height%3D%27315%27%20fill-opacity%3D%220%22%2F%3E%3C%2Fsvg%3E\" data-orig-src=\"https:\/\/www.youtube.com\/embed\/9pmv9yyoV7w?si=PHSgcXDkxITIQ2tZ\" width=\"560\" height=\"315\" frameborder=\"0\" allowfullscreen=\"allowfullscreen\"><\/iframe><\/div>\n<div><\/div>\n<div><a href=\"https:\/\/www.mathematicus.it\/come-pagare-con-carta-docente-sul-sito-mathematicus\/\"><img data-recalc-dims=\"1\" decoding=\"async\" class=\"lazyload alignnone wp-image-2886\" src=\"https:\/\/i0.wp.com\/www.mathematicus.it\/wp-content\/uploads\/2024\/11\/Carta-del-docente-2.webp?resize=81%2C54&#038;ssl=1\" data-orig-src=\"https:\/\/www.mathematicus.it\/wp-content\/uploads\/2024\/11\/Carta-del-docente-2-300x200.webp\" alt=\"\" width=\"81\" height=\"54\" srcset=\"data:image\/svg+xml,%3Csvg%20xmlns%3D%27http%3A%2F%2Fwww.w3.org%2F2000%2Fsvg%27%20width%3D%2781%27%20height%3D%2754%27%20viewBox%3D%270%200%2081%2054%27%3E%3Crect%20width%3D%2781%27%20height%3D%2754%27%20fill-opacity%3D%220%22%2F%3E%3C%2Fsvg%3E\" data-srcset=\"https:\/\/i0.wp.com\/www.mathematicus.it\/wp-content\/uploads\/2024\/11\/Carta-del-docente-2.webp?resize=200%2C133&amp;ssl=1 200w, https:\/\/i0.wp.com\/www.mathematicus.it\/wp-content\/uploads\/2024\/11\/Carta-del-docente-2.webp?resize=300%2C200&amp;ssl=1 300w, https:\/\/i0.wp.com\/www.mathematicus.it\/wp-content\/uploads\/2024\/11\/Carta-del-docente-2.webp?resize=400%2C267&amp;ssl=1 400w, https:\/\/i0.wp.com\/www.mathematicus.it\/wp-content\/uploads\/2024\/11\/Carta-del-docente-2.webp?resize=500%2C333&amp;ssl=1 500w, https:\/\/i0.wp.com\/www.mathematicus.it\/wp-content\/uploads\/2024\/11\/Carta-del-docente-2.webp?resize=600%2C400&amp;ssl=1 600w, https:\/\/i0.wp.com\/www.mathematicus.it\/wp-content\/uploads\/2024\/11\/Carta-del-docente-2.webp?resize=700%2C467&amp;ssl=1 700w, https:\/\/i0.wp.com\/www.mathematicus.it\/wp-content\/uploads\/2024\/11\/Carta-del-docente-2.webp?resize=768%2C512&amp;ssl=1 768w, https:\/\/i0.wp.com\/www.mathematicus.it\/wp-content\/uploads\/2024\/11\/Carta-del-docente-2.webp?resize=800%2C533&amp;ssl=1 800w, https:\/\/i0.wp.com\/www.mathematicus.it\/wp-content\/uploads\/2024\/11\/Carta-del-docente-2.webp?resize=1024%2C683&amp;ssl=1 1024w, https:\/\/i0.wp.com\/www.mathematicus.it\/wp-content\/uploads\/2024\/11\/Carta-del-docente-2.webp?w=1200&amp;ssl=1 1200w\" data-sizes=\"auto\" data-orig-sizes=\"(max-width: 81px) 100vw, 81px\" \/><\/a><br \/>\nScopri come acquistare con la <a href=\"http:\/\/I modelli di Dahimo vengono prodotti su richiesta. Il tuo collo sar\u00e0 spedito entro una settimana.\" target=\"_blank\" rel=\"noopener\">Carta del Docente<\/a><\/div>\n","protected":false},"excerpt":{"rendered":"<p>Il kit Blips Macro Kit \u00e8 ideale per la macrofotografia su smartphone, permettendo di catturare dettagli sorprendenti. Include due lenti: la **Macro Plus** (ingrandimento 5x distanza focale di 20 mm) per una prima esplorazione della macrofotografia e la **Macro** (ingrandimento 10x, distanza focale di 10 mm) per dettagli del micromondo. Le lenti sono ultra-sottili, riutilizzabili e facilmente portabili. La confezione comprende una lente Macro, una Macro Plus, nastro adesivo di ricambio e un\u2019app gratuita per iOS e Android.<\/p>\n","protected":false},"featured_media":3305,"comment_status":"closed","ping_status":"closed","template":"","meta":[],"product_brand":[],"product_cat":[290,250,248,527,45,289,288,247],"product_tag":[281,202,274,253,252,271,276,277,285,280,273,275,279,270,278,284,282,283,415,286],"berocket_brand":[251],"class_list":{"0":"post-3292","1":"product","2":"type-product","3":"status-publish","4":"has-post-thumbnail","6":"product_cat-accessorio-smartphone-2","7":"product_cat-accessorio-smartphone","8":"product_cat-blips","9":"product_cat-hardware","10":"product_cat-lenti-ingrandimento","11":"product_cat-micro-fotografia","12":"product_cat-microscopi-2","13":"product_cat-smart-micro-optics","14":"product_tag-accessori-fotografici","15":"product_tag-acquistabile-con-carta-del-docente","16":"product_tag-alto-ingrandimento","17":"product_tag-blips-macro","18":"product_tag-blips-macro-plus","19":"product_tag-compatibile-con-android","20":"product_tag-compatibile-con-ios","21":"product_tag-dettagli-macro","22":"product_tag-fotografia-con-smartphone","23":"product_tag-fotografia-da-smartphone","24":"product_tag-fotografia-di-fiori","25":"product_tag-fotografia-di-insetti","26":"product_tag-fotografia-macro","27":"product_tag-lente-adesiva","28":"product_tag-lente-macro","29":"product_tag-lente-per-smartphone","30":"product_tag-lente-portatile","31":"product_tag-lente-riutilizzabile","32":"product_tag-lenti-ingrandimento","33":"product_tag-primi-piani-dettagliati-no","34":"berocket_brand-smart-micro-optics","36":"first","37":"instock","38":"taxable","39":"shipping-taxable","40":"purchasable","41":"product-type-simple"},"yoast_head":"<!-- This site is optimized with the Yoast SEO Premium plugin v27.3 (Yoast SEO v27.3) - https:\/\/yoast.com\/product\/yoast-seo-premium-wordpress\/ -->\n<title>NUOVO Blips LabKit 2 -<\/title>\n<meta name=\"description\" content=\"Kit di microscopia digitale con quattro lenti adesive (da 5x a 33x) che trasforma qualsiasi smartphone in un microscopio capace di visualizzare da piccoli insetti fino a cellule del sangue.\" \/>\n<meta name=\"robots\" content=\"index, follow, max-snippet:-1, max-image-preview:large, max-video-preview:-1\" \/>\n<link rel=\"canonical\" href=\"https:\/\/www.mathematicus.it\/en\/prodotto\/nuovo-blips-labkit-2-acquisto-privato-p-a-carta-del-docente\/\" \/>\n<meta property=\"og:locale\" content=\"en_US\" \/>\n<meta property=\"og:type\" content=\"article\" \/>\n<meta property=\"og:title\" content=\"NUOVO Blips LabKit 2\" \/>\n<meta property=\"og:description\" content=\"Kit di microscopia digitale con quattro lenti adesive (da 5x a 33x) che trasforma qualsiasi smartphone in un microscopio capace di visualizzare da piccoli insetti fino a cellule del sangue.\" \/>\n<meta property=\"og:url\" content=\"https:\/\/www.mathematicus.it\/en\/prodotto\/nuovo-blips-labkit-2-acquisto-privato-p-a-carta-del-docente\/\" \/>\n<meta property=\"og:site_name\" content=\"Mathematicus\" \/>\n<meta property=\"article:publisher\" content=\"https:\/\/www.facebook.com\/mathematicusilgiocodellamatematica\" \/>\n<meta property=\"article:modified_time\" content=\"2025-07-07T21:11:51+00:00\" \/>\n<meta property=\"og:image\" content=\"https:\/\/i0.wp.com\/www.mathematicus.it\/wp-content\/uploads\/2024\/11\/NLK2-quadrato2.jpg?fit=1200%2C1200&ssl=1\" \/>\n\t<meta property=\"og:image:width\" content=\"1200\" \/>\n\t<meta property=\"og:image:height\" content=\"1200\" \/>\n\t<meta property=\"og:image:type\" content=\"image\/jpeg\" \/>\n<meta name=\"twitter:card\" content=\"summary_large_image\" \/>\n<meta name=\"twitter:label1\" content=\"Price\" \/>\n\t<meta name=\"twitter:data1\" content=\"&euro;67.95\" \/>\n\t<meta name=\"twitter:label2\" content=\"Availability\" \/>\n\t<meta name=\"twitter:data2\" content=\"In stock\" \/>\n<script type=\"application\/ld+json\" class=\"yoast-schema-graph\">{\"@context\":\"https:\\\/\\\/schema.org\",\"@graph\":[{\"@type\":\"WebPage\",\"@id\":\"https:\\\/\\\/www.mathematicus.it\\\/en\\\/prodotto\\\/nuovo-blips-labkit-2-acquisto-privato-p-a-carta-del-docente\\\/\",\"url\":\"https:\\\/\\\/www.mathematicus.it\\\/en\\\/prodotto\\\/nuovo-blips-labkit-2-acquisto-privato-p-a-carta-del-docente\\\/\",\"name\":\"NUOVO Blips LabKit 2 -\",\"isPartOf\":{\"@id\":\"https:\\\/\\\/www.mathematicus.it\\\/en\\\/#website\"},\"primaryImageOfPage\":{\"@id\":\"https:\\\/\\\/www.mathematicus.it\\\/en\\\/prodotto\\\/nuovo-blips-labkit-2-acquisto-privato-p-a-carta-del-docente\\\/#primaryimage\"},\"image\":{\"@id\":\"https:\\\/\\\/www.mathematicus.it\\\/en\\\/prodotto\\\/nuovo-blips-labkit-2-acquisto-privato-p-a-carta-del-docente\\\/#primaryimage\"},\"thumbnailUrl\":\"https:\\\/\\\/i0.wp.com\\\/www.mathematicus.it\\\/wp-content\\\/uploads\\\/2024\\\/11\\\/NLK2-quadrato2.jpg?fit=1200%2C1200&ssl=1\",\"datePublished\":\"2024-11-14T16:23:36+00:00\",\"dateModified\":\"2025-07-07T21:11:51+00:00\",\"description\":\"Kit di microscopia digitale con quattro lenti adesive (da 5x a 33x) che trasforma qualsiasi smartphone in un microscopio capace di visualizzare da piccoli insetti fino a cellule del sangue.\",\"breadcrumb\":{\"@id\":\"https:\\\/\\\/www.mathematicus.it\\\/en\\\/prodotto\\\/nuovo-blips-labkit-2-acquisto-privato-p-a-carta-del-docente\\\/#breadcrumb\"},\"inLanguage\":\"en-US\",\"potentialAction\":[{\"@type\":\"ReadAction\",\"target\":[\"https:\\\/\\\/www.mathematicus.it\\\/en\\\/prodotto\\\/nuovo-blips-labkit-2-acquisto-privato-p-a-carta-del-docente\\\/\"]}]},{\"@type\":\"ImageObject\",\"inLanguage\":\"en-US\",\"@id\":\"https:\\\/\\\/www.mathematicus.it\\\/en\\\/prodotto\\\/nuovo-blips-labkit-2-acquisto-privato-p-a-carta-del-docente\\\/#primaryimage\",\"url\":\"https:\\\/\\\/i0.wp.com\\\/www.mathematicus.it\\\/wp-content\\\/uploads\\\/2024\\\/11\\\/NLK2-quadrato2.jpg?fit=1200%2C1200&ssl=1\",\"contentUrl\":\"https:\\\/\\\/i0.wp.com\\\/www.mathematicus.it\\\/wp-content\\\/uploads\\\/2024\\\/11\\\/NLK2-quadrato2.jpg?fit=1200%2C1200&ssl=1\",\"width\":1200,\"height\":1200},{\"@type\":\"BreadcrumbList\",\"@id\":\"https:\\\/\\\/www.mathematicus.it\\\/en\\\/prodotto\\\/nuovo-blips-labkit-2-acquisto-privato-p-a-carta-del-docente\\\/#breadcrumb\",\"itemListElement\":[{\"@type\":\"ListItem\",\"position\":1,\"name\":\"Home\",\"item\":\"https:\\\/\\\/www.mathematicus.it\\\/en\\\/\"},{\"@type\":\"ListItem\",\"position\":2,\"name\":\"Shop\",\"item\":\"https:\\\/\\\/www.mathematicus.it\\\/negozio\\\/\"},{\"@type\":\"ListItem\",\"position\":3,\"name\":\"NUOVO Blips LabKit 2\"}]},{\"@type\":\"WebSite\",\"@id\":\"https:\\\/\\\/www.mathematicus.it\\\/en\\\/#website\",\"url\":\"https:\\\/\\\/www.mathematicus.it\\\/en\\\/\",\"name\":\"Mathematicus\",\"description\":\"Il gioco della Matematica\",\"publisher\":{\"@id\":\"https:\\\/\\\/www.mathematicus.it\\\/en\\\/#organization\"},\"potentialAction\":[{\"@type\":\"SearchAction\",\"target\":{\"@type\":\"EntryPoint\",\"urlTemplate\":\"https:\\\/\\\/www.mathematicus.it\\\/en\\\/?s={search_term_string}\"},\"query-input\":{\"@type\":\"PropertyValueSpecification\",\"valueRequired\":true,\"valueName\":\"search_term_string\"}}],\"inLanguage\":\"en-US\"},{\"@type\":\"Organization\",\"@id\":\"https:\\\/\\\/www.mathematicus.it\\\/en\\\/#organization\",\"name\":\"Mathematicus\",\"url\":\"https:\\\/\\\/www.mathematicus.it\\\/en\\\/\",\"logo\":{\"@type\":\"ImageObject\",\"inLanguage\":\"en-US\",\"@id\":\"https:\\\/\\\/www.mathematicus.it\\\/en\\\/#\\\/schema\\\/logo\\\/image\\\/\",\"url\":\"https:\\\/\\\/i0.wp.com\\\/www.mathematicus.it\\\/wp-content\\\/uploads\\\/2020\\\/11\\\/logo.png?fit=500%2C49&ssl=1\",\"contentUrl\":\"https:\\\/\\\/i0.wp.com\\\/www.mathematicus.it\\\/wp-content\\\/uploads\\\/2020\\\/11\\\/logo.png?fit=500%2C49&ssl=1\",\"width\":500,\"height\":49,\"caption\":\"Mathematicus\"},\"image\":{\"@id\":\"https:\\\/\\\/www.mathematicus.it\\\/en\\\/#\\\/schema\\\/logo\\\/image\\\/\"},\"sameAs\":[\"https:\\\/\\\/www.facebook.com\\\/mathematicusilgiocodellamatematica\",\"https:\\\/\\\/www.instagram.com\\\/mathematicusgiocomatematica\\\/\",\"https:\\\/\\\/www.linkedin.com\\\/company\\\/94868880\",\"https:\\\/\\\/www.pinterest.it\\\/tomasobaj\\\/giochi-matematici\\\/\"]}]}<\/script>\n<meta property=\"product:brand\" content=\"Accessorio Smartphone\" \/>\n<meta property=\"product:price:amount\" content=\"67.95\" \/>\n<meta property=\"product:price:currency\" content=\"EUR\" \/>\n<meta property=\"og:availability\" content=\"instock\" \/>\n<meta property=\"product:availability\" content=\"instock\" \/>\n<meta property=\"product:retailer_item_id\" content=\"00015d\" \/>\n<meta property=\"product:condition\" content=\"new\" \/>\n<!-- \/ Yoast SEO Premium plugin. -->","yoast_head_json":{"title":"NUOVO Blips LabKit 2 -","description":"Kit di microscopia digitale con quattro lenti adesive (da 5x a 33x) che trasforma qualsiasi smartphone in un microscopio capace di visualizzare da piccoli insetti fino a cellule del sangue.","robots":{"index":"index","follow":"follow","max-snippet":"max-snippet:-1","max-image-preview":"max-image-preview:large","max-video-preview":"max-video-preview:-1"},"canonical":"https:\/\/www.mathematicus.it\/en\/prodotto\/nuovo-blips-labkit-2-acquisto-privato-p-a-carta-del-docente\/","og_locale":"en_US","og_type":"article","og_title":"NUOVO Blips LabKit 2","og_description":"Kit di microscopia digitale con quattro lenti adesive (da 5x a 33x) che trasforma qualsiasi smartphone in un microscopio capace di visualizzare da piccoli insetti fino a cellule del sangue.","og_url":"https:\/\/www.mathematicus.it\/en\/prodotto\/nuovo-blips-labkit-2-acquisto-privato-p-a-carta-del-docente\/","og_site_name":"Mathematicus","article_publisher":"https:\/\/www.facebook.com\/mathematicusilgiocodellamatematica","article_modified_time":"2025-07-07T21:11:51+00:00","og_image":[{"width":1200,"height":1200,"url":"https:\/\/i0.wp.com\/www.mathematicus.it\/wp-content\/uploads\/2024\/11\/NLK2-quadrato2.jpg?fit=1200%2C1200&ssl=1","type":"image\/jpeg"}],"twitter_card":"summary_large_image","twitter_misc":{"Price":"&euro;67.95","Availability":"In stock"},"schema":{"@context":"https:\/\/schema.org","@graph":[{"@type":"WebPage","@id":"https:\/\/www.mathematicus.it\/en\/prodotto\/nuovo-blips-labkit-2-acquisto-privato-p-a-carta-del-docente\/","url":"https:\/\/www.mathematicus.it\/en\/prodotto\/nuovo-blips-labkit-2-acquisto-privato-p-a-carta-del-docente\/","name":"NUOVO Blips LabKit 2 -","isPartOf":{"@id":"https:\/\/www.mathematicus.it\/en\/#website"},"primaryImageOfPage":{"@id":"https:\/\/www.mathematicus.it\/en\/prodotto\/nuovo-blips-labkit-2-acquisto-privato-p-a-carta-del-docente\/#primaryimage"},"image":{"@id":"https:\/\/www.mathematicus.it\/en\/prodotto\/nuovo-blips-labkit-2-acquisto-privato-p-a-carta-del-docente\/#primaryimage"},"thumbnailUrl":"https:\/\/i0.wp.com\/www.mathematicus.it\/wp-content\/uploads\/2024\/11\/NLK2-quadrato2.jpg?fit=1200%2C1200&ssl=1","datePublished":"2024-11-14T16:23:36+00:00","dateModified":"2025-07-07T21:11:51+00:00","description":"Kit di microscopia digitale con quattro lenti adesive (da 5x a 33x) che trasforma qualsiasi smartphone in un microscopio capace di visualizzare da piccoli insetti fino a cellule del sangue.","breadcrumb":{"@id":"https:\/\/www.mathematicus.it\/en\/prodotto\/nuovo-blips-labkit-2-acquisto-privato-p-a-carta-del-docente\/#breadcrumb"},"inLanguage":"en-US","potentialAction":[{"@type":"ReadAction","target":["https:\/\/www.mathematicus.it\/en\/prodotto\/nuovo-blips-labkit-2-acquisto-privato-p-a-carta-del-docente\/"]}]},{"@type":"ImageObject","inLanguage":"en-US","@id":"https:\/\/www.mathematicus.it\/en\/prodotto\/nuovo-blips-labkit-2-acquisto-privato-p-a-carta-del-docente\/#primaryimage","url":"https:\/\/i0.wp.com\/www.mathematicus.it\/wp-content\/uploads\/2024\/11\/NLK2-quadrato2.jpg?fit=1200%2C1200&ssl=1","contentUrl":"https:\/\/i0.wp.com\/www.mathematicus.it\/wp-content\/uploads\/2024\/11\/NLK2-quadrato2.jpg?fit=1200%2C1200&ssl=1","width":1200,"height":1200},{"@type":"BreadcrumbList","@id":"https:\/\/www.mathematicus.it\/en\/prodotto\/nuovo-blips-labkit-2-acquisto-privato-p-a-carta-del-docente\/#breadcrumb","itemListElement":[{"@type":"ListItem","position":1,"name":"Home","item":"https:\/\/www.mathematicus.it\/en\/"},{"@type":"ListItem","position":2,"name":"Shop","item":"https:\/\/www.mathematicus.it\/negozio\/"},{"@type":"ListItem","position":3,"name":"NUOVO Blips LabKit 2"}]},{"@type":"WebSite","@id":"https:\/\/www.mathematicus.it\/en\/#website","url":"https:\/\/www.mathematicus.it\/en\/","name":"Mathematicus","description":"Il gioco della Matematica","publisher":{"@id":"https:\/\/www.mathematicus.it\/en\/#organization"},"potentialAction":[{"@type":"SearchAction","target":{"@type":"EntryPoint","urlTemplate":"https:\/\/www.mathematicus.it\/en\/?s={search_term_string}"},"query-input":{"@type":"PropertyValueSpecification","valueRequired":true,"valueName":"search_term_string"}}],"inLanguage":"en-US"},{"@type":"Organization","@id":"https:\/\/www.mathematicus.it\/en\/#organization","name":"Mathematicus","url":"https:\/\/www.mathematicus.it\/en\/","logo":{"@type":"ImageObject","inLanguage":"en-US","@id":"https:\/\/www.mathematicus.it\/en\/#\/schema\/logo\/image\/","url":"https:\/\/i0.wp.com\/www.mathematicus.it\/wp-content\/uploads\/2020\/11\/logo.png?fit=500%2C49&ssl=1","contentUrl":"https:\/\/i0.wp.com\/www.mathematicus.it\/wp-content\/uploads\/2020\/11\/logo.png?fit=500%2C49&ssl=1","width":500,"height":49,"caption":"Mathematicus"},"image":{"@id":"https:\/\/www.mathematicus.it\/en\/#\/schema\/logo\/image\/"},"sameAs":["https:\/\/www.facebook.com\/mathematicusilgiocodellamatematica","https:\/\/www.instagram.com\/mathematicusgiocomatematica\/","https:\/\/www.linkedin.com\/company\/94868880","https:\/\/www.pinterest.it\/tomasobaj\/giochi-matematici\/"]}]},"product_brand":"Accessorio Smartphone","product_price_amount":"67.95","product_price_currency":"EUR","og_availability":"instock","product_availability":"instock","product_retailer_item_id":"00015d","product_condition":"new"},"jetpack_sharing_enabled":true,"_links":{"self":[{"href":"https:\/\/www.mathematicus.it\/en\/wp-json\/wp\/v2\/product\/3292","targetHints":{"allow":["GET"]}}],"collection":[{"href":"https:\/\/www.mathematicus.it\/en\/wp-json\/wp\/v2\/product"}],"about":[{"href":"https:\/\/www.mathematicus.it\/en\/wp-json\/wp\/v2\/types\/product"}],"replies":[{"embeddable":true,"href":"https:\/\/www.mathematicus.it\/en\/wp-json\/wp\/v2\/comments?post=3292"}],"wp:featuredmedia":[{"embeddable":true,"href":"https:\/\/www.mathematicus.it\/en\/wp-json\/wp\/v2\/media\/3305"}],"wp:attachment":[{"href":"https:\/\/www.mathematicus.it\/en\/wp-json\/wp\/v2\/media?parent=3292"}],"wp:term":[{"taxonomy":"product_brand","embeddable":true,"href":"https:\/\/www.mathematicus.it\/en\/wp-json\/wp\/v2\/product_brand?post=3292"},{"taxonomy":"product_cat","embeddable":true,"href":"https:\/\/www.mathematicus.it\/en\/wp-json\/wp\/v2\/product_cat?post=3292"},{"taxonomy":"product_tag","embeddable":true,"href":"https:\/\/www.mathematicus.it\/en\/wp-json\/wp\/v2\/product_tag?post=3292"},{"taxonomy":"berocket_brand","embeddable":true,"href":"https:\/\/www.mathematicus.it\/en\/wp-json\/wp\/v2\/berocket_brand?post=3292"}],"curies":[{"name":"wp","href":"https:\/\/api.w.org\/{rel}","templated":true}]}}