{"id":3285,"date":"2024-11-14T17:05:59","date_gmt":"2024-11-14T16:05:59","guid":{"rendered":"https:\/\/www.mathematicus.it\/?post_type=product&#038;p=3285"},"modified":"2025-07-07T23:12:21","modified_gmt":"2025-07-07T21:12:21","slug":"blips-full-kit","status":"publish","type":"product","link":"https:\/\/www.mathematicus.it\/en\/prodotto\/blips-full-kit\/","title":{"rendered":"Blips Full Kit"},"content":{"rendered":"<p><strong>BLIPS THE FULL KIT INFINITAMENTE PICCOLO A PORTATA DI SMARTPHONE<\/strong><\/p>\n<p>Blips the Full Kit coniuga in chiave moderna tecniche e modalit\u00e0 di esplorazione tradizionali quali microscopia e fotografia in una nuovae moderna chiave che consente di realizzare macrofotografia sullo smartphone, oramai compagno inseparabile delle nostre giornate, con la possibilit\u00e0 inoltre di visualizzare in real time gli scatti, condividendoli via social, inviandoli agli amici o anche conservandoli nel proprio album fotografico virtuale.<\/p>\n<p>Blips the Full Kit utilizza quindi come base la fotografia nata nel XIX per rinnovare la ritrattistica (e utilizzata da allora per immortalare e fissare la realt\u00e0 in tutte le sue sfaccettature) e la microscopia che ha mosso invece i primi passi alla fine del XVI secolo e che da allora, affiancando nel corso del tempo, la modalit\u00e0 ottica a quella elettronica ha permesso di andare a scoprire sempre pi\u00f9 in profondit\u00e0 i misteri dell&#8217;infinitamente piccolo.<br \/>\nConiugando scienza e tecnica centenarie, con l&#8217;utilizzo dello smartphone potremo trasformarci in detective e reporter della natura grazie alla massima mobilit\u00e0 e prontezza di cogliere al volo e sfruttare tutte le occasioni di scoperta e osservazione che l&#8217;affascinante mondo naturale ci offre in ogni momento della giornata dell&#8217;anno, stagione dopo stagione.<\/p>\n<p>Blips the Full Kit diventa anche un fantastico strumento didattico per rendere accessibili scienza e natura agli studenti sul campo, magari durante una passeggiata o una escursione, per diventare un utilissimo ausilio nell&#8217;affiancare guide turistiche e naturalistiche durante il loro lavoro.<\/p>\n<h3>The Full Kit<\/h3>\n<div class=\"responsive-iframe\"><iframe class=\"lazyload\" title=\"YouTube video player\" src=\"data:image\/svg+xml,%3Csvg%20xmlns%3D%27http%3A%2F%2Fwww.w3.org%2F2000%2Fsvg%27%20width%3D%27560%27%20height%3D%27315%27%20viewBox%3D%270%200%20560%20315%27%3E%3Crect%20width%3D%27560%27%20height%3D%27315%27%20fill-opacity%3D%220%22%2F%3E%3C%2Fsvg%3E\" data-orig-src=\"https:\/\/www.youtube.com\/embed\/wBNh6KwK-XY?si=CngFnqSYtUuDMbxN\" width=\"560\" height=\"315\" frameborder=\"0\" allowfullscreen=\"allowfullscreen\"><\/iframe><\/div>\n<p>Vuoi la gamma completa di lenti Blips ad un prezzo contenuto? Il kit completo Blips \u00e8 quello che fa per te! Gli obiettivi Macro Plus, Macro, Micro e Ultra sono tutti inclusi in un set, permettendoti di esplorare ogni aspetto del micromondo!<\/p>\n<p>Le lenti pi\u00f9 potenti (Micro e Ultra) danno il meglio di s\u00e9 quando vengono utilizzate per osservare campioni sottili in luce trasmessa.<\/p>\n<p>Quattro lenti (5x, 10x, 20x e 33x) super-sottili per qualsiasi smartphone, su pellicola flessibile con adesivo lavabile e riutilizzabile.<\/p>\n<p>Estremamente portatile: puoi tenerlo nel tuo portafoglio<br \/>\nScatti nitidi e di alta qualit\u00e0 salvati direttamente sul tuo telefono<br \/>\nMolto potente: risoluzione massima di 0,0035 (Blips Ultra), 0,005 mm (Blips Micro), 0,01 mm (Blips Macro) e 0,015 mm (Blips Macro Plus)<br \/>\nRiutilizzabile centinaia di volte<br \/>\nNastro adesivo di ricambio multiuso incluso<br \/>\nApp gratuita inclusa<\/p>\n<div id=\"attachment_3322\" style=\"width: 810px\" class=\"wp-caption alignnone\"><img data-recalc-dims=\"1\" decoding=\"async\" aria-describedby=\"caption-attachment-3322\" class=\"lazyload wp-image-3322 size-fusion-800\" src=\"https:\/\/i0.wp.com\/www.mathematicus.it\/wp-content\/uploads\/2024\/11\/BlipsFullKitExamples.jpg?resize=800%2C217&#038;ssl=1\" data-orig-src=\"https:\/\/www.mathematicus.it\/wp-content\/uploads\/2024\/11\/BlipsFullKitExamples-800x217.jpg\" alt=\"Blips Full Kit ExamplesSmart Micro Optics\" width=\"800\" height=\"217\" srcset=\"data:image\/svg+xml,%3Csvg%20xmlns%3D%27http%3A%2F%2Fwww.w3.org%2F2000%2Fsvg%27%20width%3D%27800%27%20height%3D%27217%27%20viewBox%3D%270%200%20800%20217%27%3E%3Crect%20width%3D%27800%27%20height%3D%27217%27%20fill-opacity%3D%220%22%2F%3E%3C%2Fsvg%3E\" data-srcset=\"https:\/\/i0.wp.com\/www.mathematicus.it\/wp-content\/uploads\/2024\/11\/BlipsFullKitExamples.jpg?resize=200%2C54&amp;ssl=1 200w, https:\/\/i0.wp.com\/www.mathematicus.it\/wp-content\/uploads\/2024\/11\/BlipsFullKitExamples.jpg?resize=300%2C81&amp;ssl=1 300w, https:\/\/i0.wp.com\/www.mathematicus.it\/wp-content\/uploads\/2024\/11\/BlipsFullKitExamples.jpg?resize=400%2C108&amp;ssl=1 400w, https:\/\/i0.wp.com\/www.mathematicus.it\/wp-content\/uploads\/2024\/11\/BlipsFullKitExamples.jpg?resize=500%2C135&amp;ssl=1 500w, https:\/\/i0.wp.com\/www.mathematicus.it\/wp-content\/uploads\/2024\/11\/BlipsFullKitExamples.jpg?resize=600%2C163&amp;ssl=1 600w, https:\/\/i0.wp.com\/www.mathematicus.it\/wp-content\/uploads\/2024\/11\/BlipsFullKitExamples.jpg?resize=700%2C190&amp;ssl=1 700w, https:\/\/i0.wp.com\/www.mathematicus.it\/wp-content\/uploads\/2024\/11\/BlipsFullKitExamples.jpg?resize=768%2C208&amp;ssl=1 768w, https:\/\/i0.wp.com\/www.mathematicus.it\/wp-content\/uploads\/2024\/11\/BlipsFullKitExamples.jpg?resize=800%2C217&amp;ssl=1 800w, https:\/\/i0.wp.com\/www.mathematicus.it\/wp-content\/uploads\/2024\/11\/BlipsFullKitExamples.jpg?w=989&amp;ssl=1 989w\" data-sizes=\"auto\" data-orig-sizes=\"(max-width: 800px) 100vw, 800px\" \/><p id=\"caption-attachment-3322\" class=\"wp-caption-text\">Blips Full Kit Examples<br \/>Smart Micro Optics<\/p><\/div>\n<p>Le lenti Micro (20x) e Ultra (33x) danno le loro migliori prestazioni quando la sorgente di luce \u00e8 dietro al campione osservato, quando quest\u2019ultimo non \u00e8 opaco.<\/p>\n<p><strong>BLIPS THE FULL KIT IL FUNZIONAMENTO OTTICO<\/strong><\/p>\n<p>Blips the Full Kit veicola (e rinnova), attraverso lo\u00a0 smartphone, un principio ottico che risale addirittura al VII secolo a.C.<br \/>\nSi parte dalla lente d&#8217;ingrandimento, che \u00e8 una singola lente convessa e viene utilizzata per ottenere l&#8217;immagine ingrandita degli oggetti, poterli cos\u00ec osservare nei particolari, creando un&#8217;immagine virtuale ingrandita dell&#8217;oggetto. Nel microscopio (ottico) la luce attraversa l&#8217;oggetto posto sul vetrino e la sua immagine viene ingrandita dalle lenti: la lente obiettivo (che \u00e8 pi\u00f9 vicina all&#8217;oggetto) restituisce l&#8217;immagine ingrandita, che pu\u00f2 essere a sua volta essere ingrandita ulteriormente mediante gli oculari (cio\u00e8 le lenti pi\u00f9 vicine all&#8217;occhio).<\/p>\n<p><a href=\"https:\/\/www.mathematicus.it\/come-pagare-con-carta-docente-sul-sito-mathematicus\/\"><img data-recalc-dims=\"1\" decoding=\"async\" class=\"lazyload alignnone wp-image-2886\" src=\"https:\/\/i0.wp.com\/www.mathematicus.it\/wp-content\/uploads\/2024\/11\/Carta-del-docente-2.webp?resize=81%2C54&#038;ssl=1\" data-orig-src=\"https:\/\/www.mathematicus.it\/wp-content\/uploads\/2024\/11\/Carta-del-docente-2-300x200.webp\" alt=\"\" width=\"81\" height=\"54\" srcset=\"data:image\/svg+xml,%3Csvg%20xmlns%3D%27http%3A%2F%2Fwww.w3.org%2F2000%2Fsvg%27%20width%3D%2781%27%20height%3D%2754%27%20viewBox%3D%270%200%2081%2054%27%3E%3Crect%20width%3D%2781%27%20height%3D%2754%27%20fill-opacity%3D%220%22%2F%3E%3C%2Fsvg%3E\" data-srcset=\"https:\/\/i0.wp.com\/www.mathematicus.it\/wp-content\/uploads\/2024\/11\/Carta-del-docente-2.webp?resize=200%2C133&amp;ssl=1 200w, https:\/\/i0.wp.com\/www.mathematicus.it\/wp-content\/uploads\/2024\/11\/Carta-del-docente-2.webp?resize=300%2C200&amp;ssl=1 300w, https:\/\/i0.wp.com\/www.mathematicus.it\/wp-content\/uploads\/2024\/11\/Carta-del-docente-2.webp?resize=400%2C267&amp;ssl=1 400w, https:\/\/i0.wp.com\/www.mathematicus.it\/wp-content\/uploads\/2024\/11\/Carta-del-docente-2.webp?resize=500%2C333&amp;ssl=1 500w, https:\/\/i0.wp.com\/www.mathematicus.it\/wp-content\/uploads\/2024\/11\/Carta-del-docente-2.webp?resize=600%2C400&amp;ssl=1 600w, https:\/\/i0.wp.com\/www.mathematicus.it\/wp-content\/uploads\/2024\/11\/Carta-del-docente-2.webp?resize=700%2C467&amp;ssl=1 700w, https:\/\/i0.wp.com\/www.mathematicus.it\/wp-content\/uploads\/2024\/11\/Carta-del-docente-2.webp?resize=768%2C512&amp;ssl=1 768w, https:\/\/i0.wp.com\/www.mathematicus.it\/wp-content\/uploads\/2024\/11\/Carta-del-docente-2.webp?resize=800%2C533&amp;ssl=1 800w, https:\/\/i0.wp.com\/www.mathematicus.it\/wp-content\/uploads\/2024\/11\/Carta-del-docente-2.webp?resize=1024%2C683&amp;ssl=1 1024w, https:\/\/i0.wp.com\/www.mathematicus.it\/wp-content\/uploads\/2024\/11\/Carta-del-docente-2.webp?w=1200&amp;ssl=1 1200w\" data-sizes=\"auto\" data-orig-sizes=\"(max-width: 81px) 100vw, 81px\" \/><\/a><br \/>\nScopri come acquistare con la <a href=\"http:\/\/I modelli di Dahimo vengono prodotti su richiesta. Il tuo collo sar\u00e0 spedito entro una settimana.\" target=\"_blank\" rel=\"noopener\">Carta del Docente<\/a><\/p>\n","protected":false},"excerpt":{"rendered":"<p>Il <strong>Kit Completo Blips<\/strong> offre una gamma di lenti macro e micro per esplorare il micromondo con qualsiasi smartphone, includendo ingrandimenti fino a 33x. Compatto e riutilizzabile, \u00e8 perfetto per scatti dettagliati e di alta qualit\u00e0, ovunque tu sia!<\/p>\n","protected":false},"featured_media":3286,"comment_status":"closed","ping_status":"closed","template":"","meta":[],"product_brand":[],"product_cat":[290,250,248,527,45,289,288,247],"product_tag":[281,202,274,253,252,271,276,277,285,280,273,275,279,270,278,284,282,283,415,272],"berocket_brand":[251],"class_list":{"0":"post-3285","1":"product","2":"type-product","3":"status-publish","4":"has-post-thumbnail","6":"product_cat-accessorio-smartphone-2","7":"product_cat-accessorio-smartphone","8":"product_cat-blips","9":"product_cat-hardware","10":"product_cat-lenti-ingrandimento","11":"product_cat-micro-fotografia","12":"product_cat-microscopi-2","13":"product_cat-smart-micro-optics","14":"product_tag-accessori-fotografici","15":"product_tag-acquistabile-con-carta-del-docente","16":"product_tag-alto-ingrandimento","17":"product_tag-blips-macro","18":"product_tag-blips-macro-plus","19":"product_tag-compatibile-con-android","20":"product_tag-compatibile-con-ios","21":"product_tag-dettagli-macro","22":"product_tag-fotografia-con-smartphone","23":"product_tag-fotografia-da-smartphone","24":"product_tag-fotografia-di-fiori","25":"product_tag-fotografia-di-insetti","26":"product_tag-fotografia-macro","27":"product_tag-lente-adesiva","28":"product_tag-lente-macro","29":"product_tag-lente-per-smartphone","30":"product_tag-lente-portatile","31":"product_tag-lente-riutilizzabile","32":"product_tag-lenti-ingrandimento","33":"product_tag-primi-piani-dettagliati","34":"berocket_brand-smart-micro-optics","36":"first","37":"instock","38":"taxable","39":"shipping-taxable","40":"purchasable","41":"product-type-simple"},"yoast_head":"<!-- This site is optimized with the Yoast SEO Premium plugin v27.3 (Yoast SEO v27.3) - https:\/\/yoast.com\/product\/yoast-seo-premium-wordpress\/ -->\n<title>Blips Full Kit - Acquisto Privato, P.A., Carta del Docente<\/title>\n<meta name=\"description\" content=\"Kit completo di quattro lenti adesive ultra-sottili (da 5x a 33x) per smartphone che permettono di fotografare dal macro al microscopico, con risoluzione fino a 0,0035 mm.\" \/>\n<meta name=\"robots\" content=\"index, follow, max-snippet:-1, max-image-preview:large, max-video-preview:-1\" \/>\n<link rel=\"canonical\" href=\"https:\/\/www.mathematicus.it\/en\/prodotto\/blips-full-kit\/\" \/>\n<meta property=\"og:locale\" content=\"en_US\" \/>\n<meta property=\"og:type\" content=\"article\" \/>\n<meta property=\"og:title\" content=\"Blips Full Kit\" \/>\n<meta property=\"og:description\" content=\"Kit completo di quattro lenti adesive ultra-sottili (da 5x a 33x) per smartphone che permettono di fotografare dal macro al microscopico, con risoluzione fino a 0,0035 mm.\" \/>\n<meta property=\"og:url\" content=\"https:\/\/www.mathematicus.it\/en\/prodotto\/blips-full-kit\/\" \/>\n<meta property=\"og:site_name\" content=\"Mathematicus\" \/>\n<meta property=\"article:publisher\" content=\"https:\/\/www.facebook.com\/mathematicusilgiocodellamatematica\" \/>\n<meta property=\"article:modified_time\" content=\"2025-07-07T21:12:21+00:00\" \/>\n<meta property=\"og:image\" content=\"https:\/\/i0.wp.com\/www.mathematicus.it\/wp-content\/uploads\/2024\/11\/Full-Kit-Metal.jpg?fit=800%2C800&ssl=1\" \/>\n\t<meta property=\"og:image:width\" content=\"800\" \/>\n\t<meta property=\"og:image:height\" content=\"800\" \/>\n\t<meta property=\"og:image:type\" content=\"image\/jpeg\" \/>\n<meta name=\"twitter:card\" content=\"summary_large_image\" \/>\n<meta name=\"twitter:label1\" content=\"Price\" \/>\n\t<meta name=\"twitter:data1\" content=\"&euro;42.90\" \/>\n\t<meta name=\"twitter:label2\" content=\"Availability\" \/>\n\t<meta name=\"twitter:data2\" content=\"In stock\" \/>\n<script type=\"application\/ld+json\" class=\"yoast-schema-graph\">{\"@context\":\"https:\\\/\\\/schema.org\",\"@graph\":[{\"@type\":\"WebPage\",\"@id\":\"https:\\\/\\\/www.mathematicus.it\\\/en\\\/prodotto\\\/blips-full-kit\\\/\",\"url\":\"https:\\\/\\\/www.mathematicus.it\\\/en\\\/prodotto\\\/blips-full-kit\\\/\",\"name\":\"Blips Full Kit - Acquisto Privato, P.A., Carta del Docente\",\"isPartOf\":{\"@id\":\"https:\\\/\\\/www.mathematicus.it\\\/en\\\/#website\"},\"primaryImageOfPage\":{\"@id\":\"https:\\\/\\\/www.mathematicus.it\\\/en\\\/prodotto\\\/blips-full-kit\\\/#primaryimage\"},\"image\":{\"@id\":\"https:\\\/\\\/www.mathematicus.it\\\/en\\\/prodotto\\\/blips-full-kit\\\/#primaryimage\"},\"thumbnailUrl\":\"https:\\\/\\\/i0.wp.com\\\/www.mathematicus.it\\\/wp-content\\\/uploads\\\/2024\\\/11\\\/Full-Kit-Metal.jpg?fit=800%2C800&ssl=1\",\"datePublished\":\"2024-11-14T16:05:59+00:00\",\"dateModified\":\"2025-07-07T21:12:21+00:00\",\"description\":\"Kit completo di quattro lenti adesive ultra-sottili (da 5x a 33x) per smartphone che permettono di fotografare dal macro al microscopico, con risoluzione fino a 0,0035 mm.\",\"breadcrumb\":{\"@id\":\"https:\\\/\\\/www.mathematicus.it\\\/en\\\/prodotto\\\/blips-full-kit\\\/#breadcrumb\"},\"inLanguage\":\"en-US\",\"potentialAction\":[{\"@type\":\"ReadAction\",\"target\":[\"https:\\\/\\\/www.mathematicus.it\\\/en\\\/prodotto\\\/blips-full-kit\\\/\"]}]},{\"@type\":\"ImageObject\",\"inLanguage\":\"en-US\",\"@id\":\"https:\\\/\\\/www.mathematicus.it\\\/en\\\/prodotto\\\/blips-full-kit\\\/#primaryimage\",\"url\":\"https:\\\/\\\/i0.wp.com\\\/www.mathematicus.it\\\/wp-content\\\/uploads\\\/2024\\\/11\\\/Full-Kit-Metal.jpg?fit=800%2C800&ssl=1\",\"contentUrl\":\"https:\\\/\\\/i0.wp.com\\\/www.mathematicus.it\\\/wp-content\\\/uploads\\\/2024\\\/11\\\/Full-Kit-Metal.jpg?fit=800%2C800&ssl=1\",\"width\":800,\"height\":800,\"caption\":\"Blips Full Kit Packaging\"},{\"@type\":\"BreadcrumbList\",\"@id\":\"https:\\\/\\\/www.mathematicus.it\\\/en\\\/prodotto\\\/blips-full-kit\\\/#breadcrumb\",\"itemListElement\":[{\"@type\":\"ListItem\",\"position\":1,\"name\":\"Home\",\"item\":\"https:\\\/\\\/www.mathematicus.it\\\/en\\\/\"},{\"@type\":\"ListItem\",\"position\":2,\"name\":\"Shop\",\"item\":\"https:\\\/\\\/www.mathematicus.it\\\/negozio\\\/\"},{\"@type\":\"ListItem\",\"position\":3,\"name\":\"Blips Full Kit\"}]},{\"@type\":\"WebSite\",\"@id\":\"https:\\\/\\\/www.mathematicus.it\\\/en\\\/#website\",\"url\":\"https:\\\/\\\/www.mathematicus.it\\\/en\\\/\",\"name\":\"Mathematicus\",\"description\":\"Il gioco della Matematica\",\"publisher\":{\"@id\":\"https:\\\/\\\/www.mathematicus.it\\\/en\\\/#organization\"},\"potentialAction\":[{\"@type\":\"SearchAction\",\"target\":{\"@type\":\"EntryPoint\",\"urlTemplate\":\"https:\\\/\\\/www.mathematicus.it\\\/en\\\/?s={search_term_string}\"},\"query-input\":{\"@type\":\"PropertyValueSpecification\",\"valueRequired\":true,\"valueName\":\"search_term_string\"}}],\"inLanguage\":\"en-US\"},{\"@type\":\"Organization\",\"@id\":\"https:\\\/\\\/www.mathematicus.it\\\/en\\\/#organization\",\"name\":\"Mathematicus\",\"url\":\"https:\\\/\\\/www.mathematicus.it\\\/en\\\/\",\"logo\":{\"@type\":\"ImageObject\",\"inLanguage\":\"en-US\",\"@id\":\"https:\\\/\\\/www.mathematicus.it\\\/en\\\/#\\\/schema\\\/logo\\\/image\\\/\",\"url\":\"https:\\\/\\\/i0.wp.com\\\/www.mathematicus.it\\\/wp-content\\\/uploads\\\/2020\\\/11\\\/logo.png?fit=500%2C49&ssl=1\",\"contentUrl\":\"https:\\\/\\\/i0.wp.com\\\/www.mathematicus.it\\\/wp-content\\\/uploads\\\/2020\\\/11\\\/logo.png?fit=500%2C49&ssl=1\",\"width\":500,\"height\":49,\"caption\":\"Mathematicus\"},\"image\":{\"@id\":\"https:\\\/\\\/www.mathematicus.it\\\/en\\\/#\\\/schema\\\/logo\\\/image\\\/\"},\"sameAs\":[\"https:\\\/\\\/www.facebook.com\\\/mathematicusilgiocodellamatematica\",\"https:\\\/\\\/www.instagram.com\\\/mathematicusgiocomatematica\\\/\",\"https:\\\/\\\/www.linkedin.com\\\/company\\\/94868880\",\"https:\\\/\\\/www.pinterest.it\\\/tomasobaj\\\/giochi-matematici\\\/\"]}]}<\/script>\n<meta property=\"product:brand\" content=\"Accessorio Smartphone\" \/>\n<meta property=\"product:price:amount\" content=\"42.90\" \/>\n<meta property=\"product:price:currency\" content=\"EUR\" \/>\n<meta property=\"og:availability\" content=\"instock\" \/>\n<meta property=\"product:availability\" content=\"instock\" \/>\n<meta property=\"product:retailer_item_id\" content=\"9\" \/>\n<meta property=\"product:condition\" content=\"new\" \/>\n<!-- \/ Yoast SEO Premium plugin. -->","yoast_head_json":{"title":"Blips Full Kit - Acquisto Privato, P.A., Carta del Docente","description":"Kit completo di quattro lenti adesive ultra-sottili (da 5x a 33x) per smartphone che permettono di fotografare dal macro al microscopico, con risoluzione fino a 0,0035 mm.","robots":{"index":"index","follow":"follow","max-snippet":"max-snippet:-1","max-image-preview":"max-image-preview:large","max-video-preview":"max-video-preview:-1"},"canonical":"https:\/\/www.mathematicus.it\/en\/prodotto\/blips-full-kit\/","og_locale":"en_US","og_type":"article","og_title":"Blips Full Kit","og_description":"Kit completo di quattro lenti adesive ultra-sottili (da 5x a 33x) per smartphone che permettono di fotografare dal macro al microscopico, con risoluzione fino a 0,0035 mm.","og_url":"https:\/\/www.mathematicus.it\/en\/prodotto\/blips-full-kit\/","og_site_name":"Mathematicus","article_publisher":"https:\/\/www.facebook.com\/mathematicusilgiocodellamatematica","article_modified_time":"2025-07-07T21:12:21+00:00","og_image":[{"width":800,"height":800,"url":"https:\/\/i0.wp.com\/www.mathematicus.it\/wp-content\/uploads\/2024\/11\/Full-Kit-Metal.jpg?fit=800%2C800&ssl=1","type":"image\/jpeg"}],"twitter_card":"summary_large_image","twitter_misc":{"Price":"&euro;42.90","Availability":"In stock"},"schema":{"@context":"https:\/\/schema.org","@graph":[{"@type":"WebPage","@id":"https:\/\/www.mathematicus.it\/en\/prodotto\/blips-full-kit\/","url":"https:\/\/www.mathematicus.it\/en\/prodotto\/blips-full-kit\/","name":"Blips Full Kit - Acquisto Privato, P.A., Carta del Docente","isPartOf":{"@id":"https:\/\/www.mathematicus.it\/en\/#website"},"primaryImageOfPage":{"@id":"https:\/\/www.mathematicus.it\/en\/prodotto\/blips-full-kit\/#primaryimage"},"image":{"@id":"https:\/\/www.mathematicus.it\/en\/prodotto\/blips-full-kit\/#primaryimage"},"thumbnailUrl":"https:\/\/i0.wp.com\/www.mathematicus.it\/wp-content\/uploads\/2024\/11\/Full-Kit-Metal.jpg?fit=800%2C800&ssl=1","datePublished":"2024-11-14T16:05:59+00:00","dateModified":"2025-07-07T21:12:21+00:00","description":"Kit completo di quattro lenti adesive ultra-sottili (da 5x a 33x) per smartphone che permettono di fotografare dal macro al microscopico, con risoluzione fino a 0,0035 mm.","breadcrumb":{"@id":"https:\/\/www.mathematicus.it\/en\/prodotto\/blips-full-kit\/#breadcrumb"},"inLanguage":"en-US","potentialAction":[{"@type":"ReadAction","target":["https:\/\/www.mathematicus.it\/en\/prodotto\/blips-full-kit\/"]}]},{"@type":"ImageObject","inLanguage":"en-US","@id":"https:\/\/www.mathematicus.it\/en\/prodotto\/blips-full-kit\/#primaryimage","url":"https:\/\/i0.wp.com\/www.mathematicus.it\/wp-content\/uploads\/2024\/11\/Full-Kit-Metal.jpg?fit=800%2C800&ssl=1","contentUrl":"https:\/\/i0.wp.com\/www.mathematicus.it\/wp-content\/uploads\/2024\/11\/Full-Kit-Metal.jpg?fit=800%2C800&ssl=1","width":800,"height":800,"caption":"Blips Full Kit Packaging"},{"@type":"BreadcrumbList","@id":"https:\/\/www.mathematicus.it\/en\/prodotto\/blips-full-kit\/#breadcrumb","itemListElement":[{"@type":"ListItem","position":1,"name":"Home","item":"https:\/\/www.mathematicus.it\/en\/"},{"@type":"ListItem","position":2,"name":"Shop","item":"https:\/\/www.mathematicus.it\/negozio\/"},{"@type":"ListItem","position":3,"name":"Blips Full Kit"}]},{"@type":"WebSite","@id":"https:\/\/www.mathematicus.it\/en\/#website","url":"https:\/\/www.mathematicus.it\/en\/","name":"Mathematicus","description":"Il gioco della Matematica","publisher":{"@id":"https:\/\/www.mathematicus.it\/en\/#organization"},"potentialAction":[{"@type":"SearchAction","target":{"@type":"EntryPoint","urlTemplate":"https:\/\/www.mathematicus.it\/en\/?s={search_term_string}"},"query-input":{"@type":"PropertyValueSpecification","valueRequired":true,"valueName":"search_term_string"}}],"inLanguage":"en-US"},{"@type":"Organization","@id":"https:\/\/www.mathematicus.it\/en\/#organization","name":"Mathematicus","url":"https:\/\/www.mathematicus.it\/en\/","logo":{"@type":"ImageObject","inLanguage":"en-US","@id":"https:\/\/www.mathematicus.it\/en\/#\/schema\/logo\/image\/","url":"https:\/\/i0.wp.com\/www.mathematicus.it\/wp-content\/uploads\/2020\/11\/logo.png?fit=500%2C49&ssl=1","contentUrl":"https:\/\/i0.wp.com\/www.mathematicus.it\/wp-content\/uploads\/2020\/11\/logo.png?fit=500%2C49&ssl=1","width":500,"height":49,"caption":"Mathematicus"},"image":{"@id":"https:\/\/www.mathematicus.it\/en\/#\/schema\/logo\/image\/"},"sameAs":["https:\/\/www.facebook.com\/mathematicusilgiocodellamatematica","https:\/\/www.instagram.com\/mathematicusgiocomatematica\/","https:\/\/www.linkedin.com\/company\/94868880","https:\/\/www.pinterest.it\/tomasobaj\/giochi-matematici\/"]}]},"product_brand":"Accessorio Smartphone","product_price_amount":"42.90","product_price_currency":"EUR","og_availability":"instock","product_availability":"instock","product_retailer_item_id":"9","product_condition":"new"},"jetpack_sharing_enabled":true,"_links":{"self":[{"href":"https:\/\/www.mathematicus.it\/en\/wp-json\/wp\/v2\/product\/3285","targetHints":{"allow":["GET"]}}],"collection":[{"href":"https:\/\/www.mathematicus.it\/en\/wp-json\/wp\/v2\/product"}],"about":[{"href":"https:\/\/www.mathematicus.it\/en\/wp-json\/wp\/v2\/types\/product"}],"replies":[{"embeddable":true,"href":"https:\/\/www.mathematicus.it\/en\/wp-json\/wp\/v2\/comments?post=3285"}],"wp:featuredmedia":[{"embeddable":true,"href":"https:\/\/www.mathematicus.it\/en\/wp-json\/wp\/v2\/media\/3286"}],"wp:attachment":[{"href":"https:\/\/www.mathematicus.it\/en\/wp-json\/wp\/v2\/media?parent=3285"}],"wp:term":[{"taxonomy":"product_brand","embeddable":true,"href":"https:\/\/www.mathematicus.it\/en\/wp-json\/wp\/v2\/product_brand?post=3285"},{"taxonomy":"product_cat","embeddable":true,"href":"https:\/\/www.mathematicus.it\/en\/wp-json\/wp\/v2\/product_cat?post=3285"},{"taxonomy":"product_tag","embeddable":true,"href":"https:\/\/www.mathematicus.it\/en\/wp-json\/wp\/v2\/product_tag?post=3285"},{"taxonomy":"berocket_brand","embeddable":true,"href":"https:\/\/www.mathematicus.it\/en\/wp-json\/wp\/v2\/berocket_brand?post=3285"}],"curies":[{"name":"wp","href":"https:\/\/api.w.org\/{rel}","templated":true}]}}