{"id":3042,"date":"2024-11-12T17:31:22","date_gmt":"2024-11-12T16:31:22","guid":{"rendered":"https:\/\/www.mathematicus.it\/?post_type=product&#038;p=3042"},"modified":"2025-07-07T23:18:25","modified_gmt":"2025-07-07T21:18:25","slug":"strumento-didattico-motore-a-vapore-wilesco-d14","status":"publish","type":"product","link":"https:\/\/www.mathematicus.it\/en\/prodotto\/strumento-didattico-motore-a-vapore-wilesco-d14\/","title":{"rendered":"Strumento didattico Motore a vapore Wilesco D14"},"content":{"rendered":"<p>Motore a vapore Wilesco D14<br \/>\nIl Wilesco D14 \u00e8 un motore a vapore salvaspazio.<br \/>\nEssendo l&#8217;unico modello della linea di motori a vapore modello Wilesco, il D14 viene consegnato con l&#8217;unit\u00e0 integrata nella caldaia.<br \/>\nLa caldaia da 140 x 55 mm con volume di 250 cm\u00b3 e il volano pesante con diametro di 80 mm garantiscono un tempo di funzionamento potente per riempimento della caldaia.<br \/>\nQuesto modello, riscaldato con i nostri Witabs a combustibile secco, ha anche un tempo di funzionamento particolarmente lungo.<br \/>\nDurante il funzionamento, il motore elettrico ronza come un orologio svizzero e funziona quasi senza vibrazioni.<br \/>\nI suoni di questo motore elettrico possono essere suscitati durante il funzionamento tramite il fischio del vapore a cupola, che pu\u00f2 essere azionato tramite una piccola leva.<br \/>\nDirigendo la condensa in una vaschetta per l&#8217;acqua di condensa sotto il camino, dal camino fuoriesce del vero &#8220;fumo&#8221; (vapore) e conferisce all&#8217;intero evento un tocco molto autentico.<\/p>\n<div style=\"width: 1024px;\" class=\"wp-video\"><video class=\"wp-video-shortcode\" id=\"video-3042-1\" width=\"1024\" height=\"1024\" preload=\"metadata\" controls=\"controls\"><source type=\"video\/mp4\" src=\"https:\/\/www.mathematicus.it\/wp-content\/uploads\/2024\/11\/D14_360_Grad_Video_quadratisch.mp4?_=1\" \/><a href=\"https:\/\/www.mathematicus.it\/wp-content\/uploads\/2024\/11\/D14_360_Grad_Video_quadratisch.mp4\">https:\/\/www.mathematicus.it\/wp-content\/uploads\/2024\/11\/D14_360_Grad_Video_quadratisch.mp4<\/a><\/video><\/div>\n<p>Assicurarsi sempre che il motore a vapore non venga azionato senza un riempimento d&#8217;acqua sufficiente nella caldaia.<br \/>\nIl livello dell&#8217;acqua deve essere sempre visibile almeno in fondo al vetro spia.<\/p>\n<p>Ecco alcuni suggerimenti per il funzionamento della tua macchina a vapore Wilesco D14: assicurati sempre che la macchina a vapore non venga azionata senza adeguati livelli di acqua nella caldaia, il livello dell&#8217;acqua deve essere sempre visibile almeno in fondo al vetro spia.<\/p>\n<p>\u00c8 inoltre necessaria una lubrificazione regolare quando non c&#8217;\u00e8 pressione del vapore nella caldaia e il modello si \u00e8 raffreddato.<br \/>\nPer fare ci\u00f2, svita la vite di riempimento dell&#8217;olio e riempila con olio per macchine a vapore Wilesco.<br \/>\nDovresti ruotare il volano pi\u00f9 volte per assorbire l&#8217;olio.<br \/>\nConsigliamo di oliare la D14 ogni volta che fai rifornimento di carburante, in modo che il pistone non si blocchi. 2-3 gocce di olio per macchine a vapore Wilesco sono sufficienti per circa 10 minuti di funzionamento.<br \/>\nAnche tutti i cuscinetti e i giunti devono essere leggermente oliati, assicurando una lunga durata alla tua D14 e un divertimento a vapore ininterrotto.<\/p>\n<p>Acquistabile con la Carta del Docente.<\/p>\n<div class=\"responsive-iframe\"><iframe class=\"lazyload\" title=\"YouTube video player\" src=\"data:image\/svg+xml,%3Csvg%20xmlns%3D%27http%3A%2F%2Fwww.w3.org%2F2000%2Fsvg%27%20width%3D%27560%27%20height%3D%27315%27%20viewBox%3D%270%200%20560%20315%27%3E%3Crect%20width%3D%27560%27%20height%3D%27315%27%20fill-opacity%3D%220%22%2F%3E%3C%2Fsvg%3E\" data-orig-src=\"https:\/\/www.youtube.com\/embed\/3L-FIN78svg?si=anUoPh-81WqJiOzB\" width=\"560\" height=\"315\" frameborder=\"0\" allowfullscreen=\"allowfullscreen\"><\/iframe><\/div>\n<div><\/div>\n<div><a href=\"https:\/\/www.mathematicus.it\/come-pagare-con-carta-docente-sul-sito-mathematicus\/\"><img data-recalc-dims=\"1\" decoding=\"async\" class=\"lazyload alignnone wp-image-2886\" src=\"https:\/\/i0.wp.com\/www.mathematicus.it\/wp-content\/uploads\/2024\/11\/Carta-del-docente-2.webp?resize=81%2C54&#038;ssl=1\" data-orig-src=\"https:\/\/www.mathematicus.it\/wp-content\/uploads\/2024\/11\/Carta-del-docente-2-300x200.webp\" alt=\"\" width=\"81\" height=\"54\" srcset=\"data:image\/svg+xml,%3Csvg%20xmlns%3D%27http%3A%2F%2Fwww.w3.org%2F2000%2Fsvg%27%20width%3D%2781%27%20height%3D%2754%27%20viewBox%3D%270%200%2081%2054%27%3E%3Crect%20width%3D%2781%27%20height%3D%2754%27%20fill-opacity%3D%220%22%2F%3E%3C%2Fsvg%3E\" data-srcset=\"https:\/\/i0.wp.com\/www.mathematicus.it\/wp-content\/uploads\/2024\/11\/Carta-del-docente-2.webp?resize=200%2C133&amp;ssl=1 200w, https:\/\/i0.wp.com\/www.mathematicus.it\/wp-content\/uploads\/2024\/11\/Carta-del-docente-2.webp?resize=300%2C200&amp;ssl=1 300w, https:\/\/i0.wp.com\/www.mathematicus.it\/wp-content\/uploads\/2024\/11\/Carta-del-docente-2.webp?resize=400%2C267&amp;ssl=1 400w, https:\/\/i0.wp.com\/www.mathematicus.it\/wp-content\/uploads\/2024\/11\/Carta-del-docente-2.webp?resize=500%2C333&amp;ssl=1 500w, https:\/\/i0.wp.com\/www.mathematicus.it\/wp-content\/uploads\/2024\/11\/Carta-del-docente-2.webp?resize=600%2C400&amp;ssl=1 600w, https:\/\/i0.wp.com\/www.mathematicus.it\/wp-content\/uploads\/2024\/11\/Carta-del-docente-2.webp?resize=700%2C467&amp;ssl=1 700w, https:\/\/i0.wp.com\/www.mathematicus.it\/wp-content\/uploads\/2024\/11\/Carta-del-docente-2.webp?resize=768%2C512&amp;ssl=1 768w, https:\/\/i0.wp.com\/www.mathematicus.it\/wp-content\/uploads\/2024\/11\/Carta-del-docente-2.webp?resize=800%2C533&amp;ssl=1 800w, https:\/\/i0.wp.com\/www.mathematicus.it\/wp-content\/uploads\/2024\/11\/Carta-del-docente-2.webp?resize=1024%2C683&amp;ssl=1 1024w, https:\/\/i0.wp.com\/www.mathematicus.it\/wp-content\/uploads\/2024\/11\/Carta-del-docente-2.webp?w=1200&amp;ssl=1 1200w\" data-sizes=\"auto\" data-orig-sizes=\"(max-width: 81px) 100vw, 81px\" \/><\/a><br \/>\nScopri come acquistare con la <a href=\"http:\/\/I modelli di Dahimo vengono prodotti su richiesta. Il tuo collo sar\u00e0 spedito entro una settimana.\" target=\"_blank\" rel=\"noopener\">Carta del Docente<\/a><\/div>\n","protected":false},"excerpt":{"rendered":"<p>Motore a vapore Wilesco D14<br \/>\nIl Wilesco D14 \u00e8 un motore a vapore salvaspazio.<br \/>\nEssendo l&#8217;unico modello della linea di motori a vapore modello Wilesco, il D14 viene consegnato con l&#8217;unit\u00e0 integrata nella caldaia.<\/p>\n<p>Acquistabile con la Carta del Docente.<\/p>\n","protected":false},"featured_media":3043,"comment_status":"closed","ping_status":"closed","template":"","meta":[],"product_brand":[],"product_cat":[527,296,112,297,295],"product_tag":[320,321,116,55,311,308,125,305,124,302,318,117,77,303,314,310,307,312,316,301,306,126,322,319,313,299,315,90,298,317,300,304,309,113],"berocket_brand":[119],"class_list":{"0":"post-3042","1":"product","2":"type-product","3":"status-publish","4":"has-post-thumbnail","6":"product_cat-hardware","7":"product_cat-meccanica","8":"product_cat-motori-a-vapore","9":"product_cat-strumenti-didattici","10":"product_cat-willesco","11":"product_tag-acquistabile-con-carta-docente","12":"product_tag-bonus-carta-docente","13":"product_tag-caldaia","14":"product_tag-carta-del-docente","15":"product_tag-centrali-a-vapore","16":"product_tag-certificazione-gs","17":"product_tag-cilindro","18":"product_tag-collezionismo","19":"product_tag-d6","20":"product_tag-energia-meccanica","21":"product_tag-energia-termica","22":"product_tag-esperimenti","23":"product_tag-fischietto","24":"product_tag-giocattoli-educativi","25":"product_tag-giocattoli-ingegneristici","26":"product_tag-giocattoli-storici","27":"product_tag-giocattoli-tecnici","28":"product_tag-giocattoli-vintage","29":"product_tag-hobby-creativi","30":"product_tag-james-watt","31":"product_tag-kit-di-costruzione","32":"product_tag-macchina-elettrica","33":"product_tag-materiale-didattico","34":"product_tag-meccanica-classica","35":"product_tag-modelli-fai-da-te","36":"product_tag-modellini-a-vapore","37":"product_tag-modellini-tecnici","38":"product_tag-modellismo","39":"product_tag-motori-a-vapore","40":"product_tag-passione-modellismo","41":"product_tag-rivoluzione-industriale","42":"product_tag-tecnologia-del-vapore","43":"product_tag-tuv-nord","44":"product_tag-wilesco","45":"berocket_brand-wilesco","47":"first","48":"instock","49":"taxable","50":"shipping-taxable","51":"purchasable","52":"product-type-simple"},"yoast_head":"<!-- This site is optimized with the Yoast SEO Premium plugin v27.3 (Yoast SEO v27.3) - https:\/\/yoast.com\/product\/yoast-seo-premium-wordpress\/ -->\n<title>Strumento didattico Motore a vapore Wilesco D14 - Mathematicus<\/title>\n<meta name=\"description\" content=\"l Wilesco D14 \u00e8 un motore a vapore salvaspazio.\u00a0Viene viene consegnato con l&#039;unit\u00e0 integrata nella caldaia. Acquistabile con la Carta del Docente.\" \/>\n<meta name=\"robots\" content=\"index, follow, max-snippet:-1, max-image-preview:large, max-video-preview:-1\" \/>\n<link rel=\"canonical\" href=\"https:\/\/www.mathematicus.it\/en\/prodotto\/strumento-didattico-motore-a-vapore-wilesco-d14\/\" \/>\n<meta property=\"og:locale\" content=\"en_US\" \/>\n<meta property=\"og:type\" content=\"article\" \/>\n<meta property=\"og:title\" content=\"Strumento didattico Motore a vapore Wilesco D14\" \/>\n<meta property=\"og:description\" content=\"l Wilesco D14 \u00e8 un motore a vapore salvaspazio.\u00a0Viene viene consegnato con l&#039;unit\u00e0 integrata nella caldaia. Acquistabile con la Carta del Docente.\" \/>\n<meta property=\"og:url\" content=\"https:\/\/www.mathematicus.it\/en\/prodotto\/strumento-didattico-motore-a-vapore-wilesco-d14\/\" \/>\n<meta property=\"og:site_name\" content=\"Mathematicus\" \/>\n<meta property=\"article:publisher\" content=\"https:\/\/www.facebook.com\/mathematicusilgiocodellamatematica\" \/>\n<meta property=\"article:modified_time\" content=\"2025-07-07T21:18:25+00:00\" \/>\n<meta property=\"og:image\" content=\"https:\/\/i0.wp.com\/www.mathematicus.it\/wp-content\/uploads\/2024\/11\/d14-stationaere-wilesco-dampfmaschinen.jpg?fit=2000%2C1500&ssl=1\" \/>\n\t<meta property=\"og:image:width\" content=\"2000\" \/>\n\t<meta property=\"og:image:height\" content=\"1500\" \/>\n\t<meta property=\"og:image:type\" content=\"image\/jpeg\" \/>\n<meta name=\"twitter:card\" content=\"summary_large_image\" \/>\n<meta name=\"twitter:label1\" content=\"Price\" \/>\n\t<meta name=\"twitter:data1\" content=\"&euro;278.16\" \/>\n\t<meta name=\"twitter:label2\" content=\"Availability\" \/>\n\t<meta name=\"twitter:data2\" content=\"In stock\" \/>\n<script type=\"application\/ld+json\" class=\"yoast-schema-graph\">{\"@context\":\"https:\\\/\\\/schema.org\",\"@graph\":[{\"@type\":\"WebPage\",\"@id\":\"https:\\\/\\\/www.mathematicus.it\\\/en\\\/prodotto\\\/strumento-didattico-motore-a-vapore-wilesco-d14\\\/\",\"url\":\"https:\\\/\\\/www.mathematicus.it\\\/en\\\/prodotto\\\/strumento-didattico-motore-a-vapore-wilesco-d14\\\/\",\"name\":\"Strumento didattico Motore a vapore Wilesco D14 - Mathematicus\",\"isPartOf\":{\"@id\":\"https:\\\/\\\/www.mathematicus.it\\\/en\\\/#website\"},\"primaryImageOfPage\":{\"@id\":\"https:\\\/\\\/www.mathematicus.it\\\/en\\\/prodotto\\\/strumento-didattico-motore-a-vapore-wilesco-d14\\\/#primaryimage\"},\"image\":{\"@id\":\"https:\\\/\\\/www.mathematicus.it\\\/en\\\/prodotto\\\/strumento-didattico-motore-a-vapore-wilesco-d14\\\/#primaryimage\"},\"thumbnailUrl\":\"https:\\\/\\\/i0.wp.com\\\/www.mathematicus.it\\\/wp-content\\\/uploads\\\/2024\\\/11\\\/d14-stationaere-wilesco-dampfmaschinen.jpg?fit=2000%2C1500&ssl=1\",\"datePublished\":\"2024-11-12T16:31:22+00:00\",\"dateModified\":\"2025-07-07T21:18:25+00:00\",\"description\":\"l Wilesco D14 \u00e8 un motore a vapore salvaspazio.\u00a0Viene viene consegnato con l'unit\u00e0 integrata nella caldaia. Acquistabile con la Carta del Docente.\",\"breadcrumb\":{\"@id\":\"https:\\\/\\\/www.mathematicus.it\\\/en\\\/prodotto\\\/strumento-didattico-motore-a-vapore-wilesco-d14\\\/#breadcrumb\"},\"inLanguage\":\"en-US\",\"potentialAction\":[{\"@type\":\"ReadAction\",\"target\":[\"https:\\\/\\\/www.mathematicus.it\\\/en\\\/prodotto\\\/strumento-didattico-motore-a-vapore-wilesco-d14\\\/\"]}]},{\"@type\":\"ImageObject\",\"inLanguage\":\"en-US\",\"@id\":\"https:\\\/\\\/www.mathematicus.it\\\/en\\\/prodotto\\\/strumento-didattico-motore-a-vapore-wilesco-d14\\\/#primaryimage\",\"url\":\"https:\\\/\\\/i0.wp.com\\\/www.mathematicus.it\\\/wp-content\\\/uploads\\\/2024\\\/11\\\/d14-stationaere-wilesco-dampfmaschinen.jpg?fit=2000%2C1500&ssl=1\",\"contentUrl\":\"https:\\\/\\\/i0.wp.com\\\/www.mathematicus.it\\\/wp-content\\\/uploads\\\/2024\\\/11\\\/d14-stationaere-wilesco-dampfmaschinen.jpg?fit=2000%2C1500&ssl=1\",\"width\":2000,\"height\":1500,\"caption\":\"image description\"},{\"@type\":\"BreadcrumbList\",\"@id\":\"https:\\\/\\\/www.mathematicus.it\\\/en\\\/prodotto\\\/strumento-didattico-motore-a-vapore-wilesco-d14\\\/#breadcrumb\",\"itemListElement\":[{\"@type\":\"ListItem\",\"position\":1,\"name\":\"Home\",\"item\":\"https:\\\/\\\/www.mathematicus.it\\\/en\\\/\"},{\"@type\":\"ListItem\",\"position\":2,\"name\":\"Shop\",\"item\":\"https:\\\/\\\/www.mathematicus.it\\\/negozio\\\/\"},{\"@type\":\"ListItem\",\"position\":3,\"name\":\"Strumento didattico Motore a vapore Wilesco D14\"}]},{\"@type\":\"WebSite\",\"@id\":\"https:\\\/\\\/www.mathematicus.it\\\/en\\\/#website\",\"url\":\"https:\\\/\\\/www.mathematicus.it\\\/en\\\/\",\"name\":\"Mathematicus\",\"description\":\"Il gioco della Matematica\",\"publisher\":{\"@id\":\"https:\\\/\\\/www.mathematicus.it\\\/en\\\/#organization\"},\"potentialAction\":[{\"@type\":\"SearchAction\",\"target\":{\"@type\":\"EntryPoint\",\"urlTemplate\":\"https:\\\/\\\/www.mathematicus.it\\\/en\\\/?s={search_term_string}\"},\"query-input\":{\"@type\":\"PropertyValueSpecification\",\"valueRequired\":true,\"valueName\":\"search_term_string\"}}],\"inLanguage\":\"en-US\"},{\"@type\":\"Organization\",\"@id\":\"https:\\\/\\\/www.mathematicus.it\\\/en\\\/#organization\",\"name\":\"Mathematicus\",\"url\":\"https:\\\/\\\/www.mathematicus.it\\\/en\\\/\",\"logo\":{\"@type\":\"ImageObject\",\"inLanguage\":\"en-US\",\"@id\":\"https:\\\/\\\/www.mathematicus.it\\\/en\\\/#\\\/schema\\\/logo\\\/image\\\/\",\"url\":\"https:\\\/\\\/i0.wp.com\\\/www.mathematicus.it\\\/wp-content\\\/uploads\\\/2020\\\/11\\\/logo.png?fit=500%2C49&ssl=1\",\"contentUrl\":\"https:\\\/\\\/i0.wp.com\\\/www.mathematicus.it\\\/wp-content\\\/uploads\\\/2020\\\/11\\\/logo.png?fit=500%2C49&ssl=1\",\"width\":500,\"height\":49,\"caption\":\"Mathematicus\"},\"image\":{\"@id\":\"https:\\\/\\\/www.mathematicus.it\\\/en\\\/#\\\/schema\\\/logo\\\/image\\\/\"},\"sameAs\":[\"https:\\\/\\\/www.facebook.com\\\/mathematicusilgiocodellamatematica\",\"https:\\\/\\\/www.instagram.com\\\/mathematicusgiocomatematica\\\/\",\"https:\\\/\\\/www.linkedin.com\\\/company\\\/94868880\",\"https:\\\/\\\/www.pinterest.it\\\/tomasobaj\\\/giochi-matematici\\\/\"]}]}<\/script>\n<meta property=\"product:brand\" content=\"Motori a vapore\" \/>\n<meta property=\"product:price:amount\" content=\"278.16\" \/>\n<meta property=\"product:price:currency\" content=\"EUR\" \/>\n<meta property=\"og:availability\" content=\"instock\" \/>\n<meta property=\"product:availability\" content=\"instock\" \/>\n<meta property=\"product:retailer_item_id\" content=\"00014\" \/>\n<meta property=\"product:condition\" content=\"new\" \/>\n<!-- \/ Yoast SEO Premium plugin. -->","yoast_head_json":{"title":"Strumento didattico Motore a vapore Wilesco D14 - Mathematicus","description":"l Wilesco D14 \u00e8 un motore a vapore salvaspazio.\u00a0Viene viene consegnato con l'unit\u00e0 integrata nella caldaia. Acquistabile con la Carta del Docente.","robots":{"index":"index","follow":"follow","max-snippet":"max-snippet:-1","max-image-preview":"max-image-preview:large","max-video-preview":"max-video-preview:-1"},"canonical":"https:\/\/www.mathematicus.it\/en\/prodotto\/strumento-didattico-motore-a-vapore-wilesco-d14\/","og_locale":"en_US","og_type":"article","og_title":"Strumento didattico Motore a vapore Wilesco D14","og_description":"l Wilesco D14 \u00e8 un motore a vapore salvaspazio.\u00a0Viene viene consegnato con l'unit\u00e0 integrata nella caldaia. Acquistabile con la Carta del Docente.","og_url":"https:\/\/www.mathematicus.it\/en\/prodotto\/strumento-didattico-motore-a-vapore-wilesco-d14\/","og_site_name":"Mathematicus","article_publisher":"https:\/\/www.facebook.com\/mathematicusilgiocodellamatematica","article_modified_time":"2025-07-07T21:18:25+00:00","og_image":[{"width":2000,"height":1500,"url":"https:\/\/i0.wp.com\/www.mathematicus.it\/wp-content\/uploads\/2024\/11\/d14-stationaere-wilesco-dampfmaschinen.jpg?fit=2000%2C1500&ssl=1","type":"image\/jpeg"}],"twitter_card":"summary_large_image","twitter_misc":{"Price":"&euro;278.16","Availability":"In stock"},"schema":{"@context":"https:\/\/schema.org","@graph":[{"@type":"WebPage","@id":"https:\/\/www.mathematicus.it\/en\/prodotto\/strumento-didattico-motore-a-vapore-wilesco-d14\/","url":"https:\/\/www.mathematicus.it\/en\/prodotto\/strumento-didattico-motore-a-vapore-wilesco-d14\/","name":"Strumento didattico Motore a vapore Wilesco D14 - Mathematicus","isPartOf":{"@id":"https:\/\/www.mathematicus.it\/en\/#website"},"primaryImageOfPage":{"@id":"https:\/\/www.mathematicus.it\/en\/prodotto\/strumento-didattico-motore-a-vapore-wilesco-d14\/#primaryimage"},"image":{"@id":"https:\/\/www.mathematicus.it\/en\/prodotto\/strumento-didattico-motore-a-vapore-wilesco-d14\/#primaryimage"},"thumbnailUrl":"https:\/\/i0.wp.com\/www.mathematicus.it\/wp-content\/uploads\/2024\/11\/d14-stationaere-wilesco-dampfmaschinen.jpg?fit=2000%2C1500&ssl=1","datePublished":"2024-11-12T16:31:22+00:00","dateModified":"2025-07-07T21:18:25+00:00","description":"l Wilesco D14 \u00e8 un motore a vapore salvaspazio.\u00a0Viene viene consegnato con l'unit\u00e0 integrata nella caldaia. Acquistabile con la Carta del Docente.","breadcrumb":{"@id":"https:\/\/www.mathematicus.it\/en\/prodotto\/strumento-didattico-motore-a-vapore-wilesco-d14\/#breadcrumb"},"inLanguage":"en-US","potentialAction":[{"@type":"ReadAction","target":["https:\/\/www.mathematicus.it\/en\/prodotto\/strumento-didattico-motore-a-vapore-wilesco-d14\/"]}]},{"@type":"ImageObject","inLanguage":"en-US","@id":"https:\/\/www.mathematicus.it\/en\/prodotto\/strumento-didattico-motore-a-vapore-wilesco-d14\/#primaryimage","url":"https:\/\/i0.wp.com\/www.mathematicus.it\/wp-content\/uploads\/2024\/11\/d14-stationaere-wilesco-dampfmaschinen.jpg?fit=2000%2C1500&ssl=1","contentUrl":"https:\/\/i0.wp.com\/www.mathematicus.it\/wp-content\/uploads\/2024\/11\/d14-stationaere-wilesco-dampfmaschinen.jpg?fit=2000%2C1500&ssl=1","width":2000,"height":1500,"caption":"image description"},{"@type":"BreadcrumbList","@id":"https:\/\/www.mathematicus.it\/en\/prodotto\/strumento-didattico-motore-a-vapore-wilesco-d14\/#breadcrumb","itemListElement":[{"@type":"ListItem","position":1,"name":"Home","item":"https:\/\/www.mathematicus.it\/en\/"},{"@type":"ListItem","position":2,"name":"Shop","item":"https:\/\/www.mathematicus.it\/negozio\/"},{"@type":"ListItem","position":3,"name":"Strumento didattico Motore a vapore Wilesco D14"}]},{"@type":"WebSite","@id":"https:\/\/www.mathematicus.it\/en\/#website","url":"https:\/\/www.mathematicus.it\/en\/","name":"Mathematicus","description":"Il gioco della Matematica","publisher":{"@id":"https:\/\/www.mathematicus.it\/en\/#organization"},"potentialAction":[{"@type":"SearchAction","target":{"@type":"EntryPoint","urlTemplate":"https:\/\/www.mathematicus.it\/en\/?s={search_term_string}"},"query-input":{"@type":"PropertyValueSpecification","valueRequired":true,"valueName":"search_term_string"}}],"inLanguage":"en-US"},{"@type":"Organization","@id":"https:\/\/www.mathematicus.it\/en\/#organization","name":"Mathematicus","url":"https:\/\/www.mathematicus.it\/en\/","logo":{"@type":"ImageObject","inLanguage":"en-US","@id":"https:\/\/www.mathematicus.it\/en\/#\/schema\/logo\/image\/","url":"https:\/\/i0.wp.com\/www.mathematicus.it\/wp-content\/uploads\/2020\/11\/logo.png?fit=500%2C49&ssl=1","contentUrl":"https:\/\/i0.wp.com\/www.mathematicus.it\/wp-content\/uploads\/2020\/11\/logo.png?fit=500%2C49&ssl=1","width":500,"height":49,"caption":"Mathematicus"},"image":{"@id":"https:\/\/www.mathematicus.it\/en\/#\/schema\/logo\/image\/"},"sameAs":["https:\/\/www.facebook.com\/mathematicusilgiocodellamatematica","https:\/\/www.instagram.com\/mathematicusgiocomatematica\/","https:\/\/www.linkedin.com\/company\/94868880","https:\/\/www.pinterest.it\/tomasobaj\/giochi-matematici\/"]}]},"product_brand":"Motori a vapore","product_price_amount":"278.16","product_price_currency":"EUR","og_availability":"instock","product_availability":"instock","product_retailer_item_id":"00014","product_condition":"new"},"jetpack_sharing_enabled":true,"_links":{"self":[{"href":"https:\/\/www.mathematicus.it\/en\/wp-json\/wp\/v2\/product\/3042","targetHints":{"allow":["GET"]}}],"collection":[{"href":"https:\/\/www.mathematicus.it\/en\/wp-json\/wp\/v2\/product"}],"about":[{"href":"https:\/\/www.mathematicus.it\/en\/wp-json\/wp\/v2\/types\/product"}],"replies":[{"embeddable":true,"href":"https:\/\/www.mathematicus.it\/en\/wp-json\/wp\/v2\/comments?post=3042"}],"wp:featuredmedia":[{"embeddable":true,"href":"https:\/\/www.mathematicus.it\/en\/wp-json\/wp\/v2\/media\/3043"}],"wp:attachment":[{"href":"https:\/\/www.mathematicus.it\/en\/wp-json\/wp\/v2\/media?parent=3042"}],"wp:term":[{"taxonomy":"product_brand","embeddable":true,"href":"https:\/\/www.mathematicus.it\/en\/wp-json\/wp\/v2\/product_brand?post=3042"},{"taxonomy":"product_cat","embeddable":true,"href":"https:\/\/www.mathematicus.it\/en\/wp-json\/wp\/v2\/product_cat?post=3042"},{"taxonomy":"product_tag","embeddable":true,"href":"https:\/\/www.mathematicus.it\/en\/wp-json\/wp\/v2\/product_tag?post=3042"},{"taxonomy":"berocket_brand","embeddable":true,"href":"https:\/\/www.mathematicus.it\/en\/wp-json\/wp\/v2\/berocket_brand?post=3042"}],"curies":[{"name":"wp","href":"https:\/\/api.w.org\/{rel}","templated":true}]}}