{"id":2299,"date":"2024-09-30T19:44:35","date_gmt":"2024-09-30T17:44:35","guid":{"rendered":"https:\/\/www.mathematicus.it\/?post_type=product&#038;p=2299"},"modified":"2025-07-07T23:36:03","modified_gmt":"2025-07-07T21:36:03","slug":"motore-a-vapore-wilesco-d3","status":"publish","type":"product","link":"https:\/\/www.mathematicus.it\/en\/prodotto\/motore-a-vapore-wilesco-d3\/","title":{"rendered":"Strumento didattico Motore a vapore Wilesco D3"},"content":{"rendered":"<p>Il D3 \u00e8 il pi\u00f9 piccolo motore a vapore a combustibile secco del programma Wilesco ed \u00e8 relativamente nuovo nel repertorio della casa tedesca. Ci\u00f2 che lo rende speciale \u00e8 la caldaia in ottone lucido montata verticalmente e il cilindro oscillante.<br \/>\nGrazie alla caldaia verticale, il modello D3 ha una dimensione di base di soli 16 x 12,5 cm con una capacit\u00e0 della caldaia di 50 cm\u00b3.<br \/>\nQuesto modello pu\u00f2 azionare uno degli altri modelli di azionamento a funzionamento regolare.<\/p>\n<p>La piastra di base e il vano caldaia sono realizzati in lamiera di acciaio stampata, con piastra di base rossa e vano caldaia nero.<br \/>\nL&#8217;aspetto elegante di questo modello \u00e8 davvero una gioia per gli occhi!<br \/>\nI due vetri indicatori mostrano il livello dell&#8217;acqua.<br \/>\nDove il vetro degli indicatori del livello dell&#8217;acqua \u00e8 appannato, non c&#8217;\u00e8 acqua.<br \/>\nQuindi il livello dell&#8217;acqua pu\u00f2 essere facilmente letto dalla parte trasparente del vetro.<br \/>\nCon il serbatoio dell&#8217;acqua pieno, il D3 richiede piccole pause durante il funzionamento per accumulare sufficiente potenza di vapore.<br \/>\nUna volta che il livello dell&#8217;acqua raggiunge la met\u00e0, il modello \u00e8 pronto per il funzionamento continuo con il suo caratteristico rumore.<br \/>\nPer prima cosa oliate bene il vostro D3, poich\u00e9 la velocit\u00e0 del motore a vapore potrebbe essere leggermente inferiore durante i primi giri.<br \/>\nUna volta rodato il pistone, la macchina decolla davvero!<\/p>\n<p>Acquistabile con la Carta del Docente.<\/p>\n<div class=\"responsive-iframe\"><iframe class=\"lazyload\" title=\"YouTube video player\" src=\"data:image\/svg+xml,%3Csvg%20xmlns%3D%27http%3A%2F%2Fwww.w3.org%2F2000%2Fsvg%27%20width%3D%27560%27%20height%3D%27315%27%20viewBox%3D%270%200%20560%20315%27%3E%3Crect%20width%3D%27560%27%20height%3D%27315%27%20fill-opacity%3D%220%22%2F%3E%3C%2Fsvg%3E\" data-orig-src=\"https:\/\/www.youtube.com\/embed\/Ig49fI5da40?si=qwDGZIf2zMDDHikq\" width=\"560\" height=\"315\" frameborder=\"0\" allowfullscreen=\"allowfullscreen\"><\/iframe><\/div>\n<div><\/div>\n<div><a href=\"https:\/\/www.mathematicus.it\/come-pagare-con-carta-docente-sul-sito-mathematicus\/\"><img data-recalc-dims=\"1\" decoding=\"async\" class=\"lazyload alignnone wp-image-2886\" src=\"https:\/\/i0.wp.com\/www.mathematicus.it\/wp-content\/uploads\/2024\/11\/Carta-del-docente-2.webp?resize=81%2C54&#038;ssl=1\" data-orig-src=\"https:\/\/www.mathematicus.it\/wp-content\/uploads\/2024\/11\/Carta-del-docente-2-300x200.webp\" alt=\"\" width=\"81\" height=\"54\" srcset=\"data:image\/svg+xml,%3Csvg%20xmlns%3D%27http%3A%2F%2Fwww.w3.org%2F2000%2Fsvg%27%20width%3D%2781%27%20height%3D%2754%27%20viewBox%3D%270%200%2081%2054%27%3E%3Crect%20width%3D%2781%27%20height%3D%2754%27%20fill-opacity%3D%220%22%2F%3E%3C%2Fsvg%3E\" data-srcset=\"https:\/\/i0.wp.com\/www.mathematicus.it\/wp-content\/uploads\/2024\/11\/Carta-del-docente-2.webp?resize=200%2C133&amp;ssl=1 200w, https:\/\/i0.wp.com\/www.mathematicus.it\/wp-content\/uploads\/2024\/11\/Carta-del-docente-2.webp?resize=300%2C200&amp;ssl=1 300w, https:\/\/i0.wp.com\/www.mathematicus.it\/wp-content\/uploads\/2024\/11\/Carta-del-docente-2.webp?resize=400%2C267&amp;ssl=1 400w, https:\/\/i0.wp.com\/www.mathematicus.it\/wp-content\/uploads\/2024\/11\/Carta-del-docente-2.webp?resize=500%2C333&amp;ssl=1 500w, https:\/\/i0.wp.com\/www.mathematicus.it\/wp-content\/uploads\/2024\/11\/Carta-del-docente-2.webp?resize=600%2C400&amp;ssl=1 600w, https:\/\/i0.wp.com\/www.mathematicus.it\/wp-content\/uploads\/2024\/11\/Carta-del-docente-2.webp?resize=700%2C467&amp;ssl=1 700w, https:\/\/i0.wp.com\/www.mathematicus.it\/wp-content\/uploads\/2024\/11\/Carta-del-docente-2.webp?resize=768%2C512&amp;ssl=1 768w, https:\/\/i0.wp.com\/www.mathematicus.it\/wp-content\/uploads\/2024\/11\/Carta-del-docente-2.webp?resize=800%2C533&amp;ssl=1 800w, https:\/\/i0.wp.com\/www.mathematicus.it\/wp-content\/uploads\/2024\/11\/Carta-del-docente-2.webp?resize=1024%2C683&amp;ssl=1 1024w, https:\/\/i0.wp.com\/www.mathematicus.it\/wp-content\/uploads\/2024\/11\/Carta-del-docente-2.webp?w=1200&amp;ssl=1 1200w\" data-sizes=\"auto\" data-orig-sizes=\"(max-width: 81px) 100vw, 81px\" \/><\/a><br \/>\nScopri come acquistare con la <a href=\"http:\/\/I modelli di Dahimo vengono prodotti su richiesta. Il tuo collo sar\u00e0 spedito entro una settimana.\" target=\"_blank\" rel=\"noopener\">Carta del Docente<\/a><\/div>\n","protected":false},"excerpt":{"rendered":"<p>Il D3 \u00e8 il pi\u00f9 piccolo motore a vapore a  [&#8230;]<\/p>\n","protected":false},"featured_media":2300,"comment_status":"closed","ping_status":"closed","template":"","meta":[],"product_brand":[],"product_cat":[527,296,112,297,295],"product_tag":[320,321,116,55,311,308,305,115,118,302,318,117,303,314,310,307,312,316,301,306,322,319,313,299,315,90,114,298,317,300,304,309,113],"berocket_brand":[119],"class_list":{"0":"post-2299","1":"product","2":"type-product","3":"status-publish","4":"has-post-thumbnail","6":"product_cat-hardware","7":"product_cat-meccanica","8":"product_cat-motori-a-vapore","9":"product_cat-strumenti-didattici","10":"product_cat-willesco","11":"product_tag-acquistabile-con-carta-docente","12":"product_tag-bonus-carta-docente","13":"product_tag-caldaia","14":"product_tag-carta-del-docente","15":"product_tag-centrali-a-vapore","16":"product_tag-certificazione-gs","17":"product_tag-collezionismo","18":"product_tag-combustibile-secco","19":"product_tag-d3","20":"product_tag-energia-meccanica","21":"product_tag-energia-termica","22":"product_tag-esperimenti","23":"product_tag-giocattoli-educativi","24":"product_tag-giocattoli-ingegneristici","25":"product_tag-giocattoli-storici","26":"product_tag-giocattoli-tecnici","27":"product_tag-giocattoli-vintage","28":"product_tag-hobby-creativi","29":"product_tag-james-watt","30":"product_tag-kit-di-costruzione","31":"product_tag-materiale-didattico","32":"product_tag-meccanica-classica","33":"product_tag-modelli-fai-da-te","34":"product_tag-modellini-a-vapore","35":"product_tag-modellini-tecnici","36":"product_tag-modellismo","37":"product_tag-motore-a-vapore","38":"product_tag-motori-a-vapore","39":"product_tag-passione-modellismo","40":"product_tag-rivoluzione-industriale","41":"product_tag-tecnologia-del-vapore","42":"product_tag-tuv-nord","43":"product_tag-wilesco","44":"berocket_brand-wilesco","46":"first","47":"instock","48":"taxable","49":"shipping-taxable","50":"purchasable","51":"product-type-simple"},"yoast_head":"<!-- This site is optimized with the Yoast SEO Premium plugin v27.3 (Yoast SEO v27.3) - https:\/\/yoast.com\/product\/yoast-seo-premium-wordpress\/ -->\n<title>Strumento didattico Motore a vapore Wilesco D3 - Mathematicus<\/title>\n<meta name=\"description\" content=\"Strumento didattico per bambini Motore a vapore Wilesco D3, il pi\u00f9 piccolo motore a vapore a combustibile secco. Acquistabile con la Carta del Docente.\" \/>\n<meta name=\"robots\" content=\"index, follow, max-snippet:-1, max-image-preview:large, max-video-preview:-1\" \/>\n<link rel=\"canonical\" href=\"https:\/\/www.mathematicus.it\/en\/prodotto\/motore-a-vapore-wilesco-d3\/\" \/>\n<meta property=\"og:locale\" content=\"en_US\" \/>\n<meta property=\"og:type\" content=\"article\" \/>\n<meta property=\"og:title\" content=\"Strumento didattico Motore a vapore Wilesco D3\" \/>\n<meta property=\"og:description\" content=\"Strumento didattico per bambini Motore a vapore Wilesco D3, il pi\u00f9 piccolo motore a vapore a combustibile secco. Acquistabile con la Carta del Docente.\" \/>\n<meta property=\"og:url\" content=\"https:\/\/www.mathematicus.it\/en\/prodotto\/motore-a-vapore-wilesco-d3\/\" \/>\n<meta property=\"og:site_name\" content=\"Mathematicus\" \/>\n<meta property=\"article:publisher\" content=\"https:\/\/www.facebook.com\/mathematicusilgiocodellamatematica\" \/>\n<meta property=\"article:modified_time\" content=\"2025-07-07T21:36:03+00:00\" \/>\n<meta property=\"og:image\" content=\"https:\/\/i0.wp.com\/www.mathematicus.it\/wp-content\/uploads\/2024\/09\/Strumento-didattico-per-bambini-Motore-a-vapore-Wilesco-D3-01.jpg?fit=1280%2C960&ssl=1\" \/>\n\t<meta property=\"og:image:width\" content=\"1280\" \/>\n\t<meta property=\"og:image:height\" content=\"960\" \/>\n\t<meta property=\"og:image:type\" content=\"image\/jpeg\" \/>\n<meta name=\"twitter:card\" content=\"summary_large_image\" \/>\n<meta name=\"twitter:label1\" content=\"Price\" \/>\n\t<meta name=\"twitter:data1\" content=\"&euro;150.06\" \/>\n\t<meta name=\"twitter:label2\" content=\"Availability\" \/>\n\t<meta name=\"twitter:data2\" content=\"In stock\" \/>\n<script type=\"application\/ld+json\" class=\"yoast-schema-graph\">{\"@context\":\"https:\\\/\\\/schema.org\",\"@graph\":[{\"@type\":\"WebPage\",\"@id\":\"https:\\\/\\\/www.mathematicus.it\\\/en\\\/prodotto\\\/motore-a-vapore-wilesco-d3\\\/\",\"url\":\"https:\\\/\\\/www.mathematicus.it\\\/en\\\/prodotto\\\/motore-a-vapore-wilesco-d3\\\/\",\"name\":\"Strumento didattico Motore a vapore Wilesco D3 - Mathematicus\",\"isPartOf\":{\"@id\":\"https:\\\/\\\/www.mathematicus.it\\\/en\\\/#website\"},\"primaryImageOfPage\":{\"@id\":\"https:\\\/\\\/www.mathematicus.it\\\/en\\\/prodotto\\\/motore-a-vapore-wilesco-d3\\\/#primaryimage\"},\"image\":{\"@id\":\"https:\\\/\\\/www.mathematicus.it\\\/en\\\/prodotto\\\/motore-a-vapore-wilesco-d3\\\/#primaryimage\"},\"thumbnailUrl\":\"https:\\\/\\\/i0.wp.com\\\/www.mathematicus.it\\\/wp-content\\\/uploads\\\/2024\\\/09\\\/Strumento-didattico-per-bambini-Motore-a-vapore-Wilesco-D3-01.jpg?fit=1280%2C960&ssl=1\",\"datePublished\":\"2024-09-30T17:44:35+00:00\",\"dateModified\":\"2025-07-07T21:36:03+00:00\",\"description\":\"Strumento didattico per bambini Motore a vapore Wilesco D3, il pi\u00f9 piccolo motore a vapore a combustibile secco. Acquistabile con la Carta del Docente.\",\"breadcrumb\":{\"@id\":\"https:\\\/\\\/www.mathematicus.it\\\/en\\\/prodotto\\\/motore-a-vapore-wilesco-d3\\\/#breadcrumb\"},\"inLanguage\":\"en-US\",\"potentialAction\":[{\"@type\":\"ReadAction\",\"target\":[\"https:\\\/\\\/www.mathematicus.it\\\/en\\\/prodotto\\\/motore-a-vapore-wilesco-d3\\\/\"]}]},{\"@type\":\"ImageObject\",\"inLanguage\":\"en-US\",\"@id\":\"https:\\\/\\\/www.mathematicus.it\\\/en\\\/prodotto\\\/motore-a-vapore-wilesco-d3\\\/#primaryimage\",\"url\":\"https:\\\/\\\/i0.wp.com\\\/www.mathematicus.it\\\/wp-content\\\/uploads\\\/2024\\\/09\\\/Strumento-didattico-per-bambini-Motore-a-vapore-Wilesco-D3-01.jpg?fit=1280%2C960&ssl=1\",\"contentUrl\":\"https:\\\/\\\/i0.wp.com\\\/www.mathematicus.it\\\/wp-content\\\/uploads\\\/2024\\\/09\\\/Strumento-didattico-per-bambini-Motore-a-vapore-Wilesco-D3-01.jpg?fit=1280%2C960&ssl=1\",\"width\":1280,\"height\":960},{\"@type\":\"BreadcrumbList\",\"@id\":\"https:\\\/\\\/www.mathematicus.it\\\/en\\\/prodotto\\\/motore-a-vapore-wilesco-d3\\\/#breadcrumb\",\"itemListElement\":[{\"@type\":\"ListItem\",\"position\":1,\"name\":\"Home\",\"item\":\"https:\\\/\\\/www.mathematicus.it\\\/en\\\/\"},{\"@type\":\"ListItem\",\"position\":2,\"name\":\"Shop\",\"item\":\"https:\\\/\\\/www.mathematicus.it\\\/negozio\\\/\"},{\"@type\":\"ListItem\",\"position\":3,\"name\":\"Strumento didattico Motore a vapore Wilesco D3\"}]},{\"@type\":\"WebSite\",\"@id\":\"https:\\\/\\\/www.mathematicus.it\\\/en\\\/#website\",\"url\":\"https:\\\/\\\/www.mathematicus.it\\\/en\\\/\",\"name\":\"Mathematicus\",\"description\":\"Il gioco della Matematica\",\"publisher\":{\"@id\":\"https:\\\/\\\/www.mathematicus.it\\\/en\\\/#organization\"},\"potentialAction\":[{\"@type\":\"SearchAction\",\"target\":{\"@type\":\"EntryPoint\",\"urlTemplate\":\"https:\\\/\\\/www.mathematicus.it\\\/en\\\/?s={search_term_string}\"},\"query-input\":{\"@type\":\"PropertyValueSpecification\",\"valueRequired\":true,\"valueName\":\"search_term_string\"}}],\"inLanguage\":\"en-US\"},{\"@type\":\"Organization\",\"@id\":\"https:\\\/\\\/www.mathematicus.it\\\/en\\\/#organization\",\"name\":\"Mathematicus\",\"url\":\"https:\\\/\\\/www.mathematicus.it\\\/en\\\/\",\"logo\":{\"@type\":\"ImageObject\",\"inLanguage\":\"en-US\",\"@id\":\"https:\\\/\\\/www.mathematicus.it\\\/en\\\/#\\\/schema\\\/logo\\\/image\\\/\",\"url\":\"https:\\\/\\\/i0.wp.com\\\/www.mathematicus.it\\\/wp-content\\\/uploads\\\/2020\\\/11\\\/logo.png?fit=500%2C49&ssl=1\",\"contentUrl\":\"https:\\\/\\\/i0.wp.com\\\/www.mathematicus.it\\\/wp-content\\\/uploads\\\/2020\\\/11\\\/logo.png?fit=500%2C49&ssl=1\",\"width\":500,\"height\":49,\"caption\":\"Mathematicus\"},\"image\":{\"@id\":\"https:\\\/\\\/www.mathematicus.it\\\/en\\\/#\\\/schema\\\/logo\\\/image\\\/\"},\"sameAs\":[\"https:\\\/\\\/www.facebook.com\\\/mathematicusilgiocodellamatematica\",\"https:\\\/\\\/www.instagram.com\\\/mathematicusgiocomatematica\\\/\",\"https:\\\/\\\/www.linkedin.com\\\/company\\\/94868880\",\"https:\\\/\\\/www.pinterest.it\\\/tomasobaj\\\/giochi-matematici\\\/\"]}]}<\/script>\n<meta property=\"product:brand\" content=\"Motori a vapore\" \/>\n<meta property=\"product:price:amount\" content=\"150.06\" \/>\n<meta property=\"product:price:currency\" content=\"EUR\" \/>\n<meta property=\"og:availability\" content=\"instock\" \/>\n<meta property=\"product:availability\" content=\"instock\" \/>\n<meta property=\"product:retailer_item_id\" content=\"00003\" \/>\n<meta property=\"product:condition\" content=\"new\" \/>\n<!-- \/ Yoast SEO Premium plugin. -->","yoast_head_json":{"title":"Strumento didattico Motore a vapore Wilesco D3 - Mathematicus","description":"Strumento didattico per bambini Motore a vapore Wilesco D3, il pi\u00f9 piccolo motore a vapore a combustibile secco. Acquistabile con la Carta del Docente.","robots":{"index":"index","follow":"follow","max-snippet":"max-snippet:-1","max-image-preview":"max-image-preview:large","max-video-preview":"max-video-preview:-1"},"canonical":"https:\/\/www.mathematicus.it\/en\/prodotto\/motore-a-vapore-wilesco-d3\/","og_locale":"en_US","og_type":"article","og_title":"Strumento didattico Motore a vapore Wilesco D3","og_description":"Strumento didattico per bambini Motore a vapore Wilesco D3, il pi\u00f9 piccolo motore a vapore a combustibile secco. Acquistabile con la Carta del Docente.","og_url":"https:\/\/www.mathematicus.it\/en\/prodotto\/motore-a-vapore-wilesco-d3\/","og_site_name":"Mathematicus","article_publisher":"https:\/\/www.facebook.com\/mathematicusilgiocodellamatematica","article_modified_time":"2025-07-07T21:36:03+00:00","og_image":[{"width":1280,"height":960,"url":"https:\/\/i0.wp.com\/www.mathematicus.it\/wp-content\/uploads\/2024\/09\/Strumento-didattico-per-bambini-Motore-a-vapore-Wilesco-D3-01.jpg?fit=1280%2C960&ssl=1","type":"image\/jpeg"}],"twitter_card":"summary_large_image","twitter_misc":{"Price":"&euro;150.06","Availability":"In stock"},"schema":{"@context":"https:\/\/schema.org","@graph":[{"@type":"WebPage","@id":"https:\/\/www.mathematicus.it\/en\/prodotto\/motore-a-vapore-wilesco-d3\/","url":"https:\/\/www.mathematicus.it\/en\/prodotto\/motore-a-vapore-wilesco-d3\/","name":"Strumento didattico Motore a vapore Wilesco D3 - Mathematicus","isPartOf":{"@id":"https:\/\/www.mathematicus.it\/en\/#website"},"primaryImageOfPage":{"@id":"https:\/\/www.mathematicus.it\/en\/prodotto\/motore-a-vapore-wilesco-d3\/#primaryimage"},"image":{"@id":"https:\/\/www.mathematicus.it\/en\/prodotto\/motore-a-vapore-wilesco-d3\/#primaryimage"},"thumbnailUrl":"https:\/\/i0.wp.com\/www.mathematicus.it\/wp-content\/uploads\/2024\/09\/Strumento-didattico-per-bambini-Motore-a-vapore-Wilesco-D3-01.jpg?fit=1280%2C960&ssl=1","datePublished":"2024-09-30T17:44:35+00:00","dateModified":"2025-07-07T21:36:03+00:00","description":"Strumento didattico per bambini Motore a vapore Wilesco D3, il pi\u00f9 piccolo motore a vapore a combustibile secco. Acquistabile con la Carta del Docente.","breadcrumb":{"@id":"https:\/\/www.mathematicus.it\/en\/prodotto\/motore-a-vapore-wilesco-d3\/#breadcrumb"},"inLanguage":"en-US","potentialAction":[{"@type":"ReadAction","target":["https:\/\/www.mathematicus.it\/en\/prodotto\/motore-a-vapore-wilesco-d3\/"]}]},{"@type":"ImageObject","inLanguage":"en-US","@id":"https:\/\/www.mathematicus.it\/en\/prodotto\/motore-a-vapore-wilesco-d3\/#primaryimage","url":"https:\/\/i0.wp.com\/www.mathematicus.it\/wp-content\/uploads\/2024\/09\/Strumento-didattico-per-bambini-Motore-a-vapore-Wilesco-D3-01.jpg?fit=1280%2C960&ssl=1","contentUrl":"https:\/\/i0.wp.com\/www.mathematicus.it\/wp-content\/uploads\/2024\/09\/Strumento-didattico-per-bambini-Motore-a-vapore-Wilesco-D3-01.jpg?fit=1280%2C960&ssl=1","width":1280,"height":960},{"@type":"BreadcrumbList","@id":"https:\/\/www.mathematicus.it\/en\/prodotto\/motore-a-vapore-wilesco-d3\/#breadcrumb","itemListElement":[{"@type":"ListItem","position":1,"name":"Home","item":"https:\/\/www.mathematicus.it\/en\/"},{"@type":"ListItem","position":2,"name":"Shop","item":"https:\/\/www.mathematicus.it\/negozio\/"},{"@type":"ListItem","position":3,"name":"Strumento didattico Motore a vapore Wilesco D3"}]},{"@type":"WebSite","@id":"https:\/\/www.mathematicus.it\/en\/#website","url":"https:\/\/www.mathematicus.it\/en\/","name":"Mathematicus","description":"Il gioco della Matematica","publisher":{"@id":"https:\/\/www.mathematicus.it\/en\/#organization"},"potentialAction":[{"@type":"SearchAction","target":{"@type":"EntryPoint","urlTemplate":"https:\/\/www.mathematicus.it\/en\/?s={search_term_string}"},"query-input":{"@type":"PropertyValueSpecification","valueRequired":true,"valueName":"search_term_string"}}],"inLanguage":"en-US"},{"@type":"Organization","@id":"https:\/\/www.mathematicus.it\/en\/#organization","name":"Mathematicus","url":"https:\/\/www.mathematicus.it\/en\/","logo":{"@type":"ImageObject","inLanguage":"en-US","@id":"https:\/\/www.mathematicus.it\/en\/#\/schema\/logo\/image\/","url":"https:\/\/i0.wp.com\/www.mathematicus.it\/wp-content\/uploads\/2020\/11\/logo.png?fit=500%2C49&ssl=1","contentUrl":"https:\/\/i0.wp.com\/www.mathematicus.it\/wp-content\/uploads\/2020\/11\/logo.png?fit=500%2C49&ssl=1","width":500,"height":49,"caption":"Mathematicus"},"image":{"@id":"https:\/\/www.mathematicus.it\/en\/#\/schema\/logo\/image\/"},"sameAs":["https:\/\/www.facebook.com\/mathematicusilgiocodellamatematica","https:\/\/www.instagram.com\/mathematicusgiocomatematica\/","https:\/\/www.linkedin.com\/company\/94868880","https:\/\/www.pinterest.it\/tomasobaj\/giochi-matematici\/"]}]},"product_brand":"Motori a vapore","product_price_amount":"150.06","product_price_currency":"EUR","og_availability":"instock","product_availability":"instock","product_retailer_item_id":"00003","product_condition":"new"},"jetpack_sharing_enabled":true,"_links":{"self":[{"href":"https:\/\/www.mathematicus.it\/en\/wp-json\/wp\/v2\/product\/2299","targetHints":{"allow":["GET"]}}],"collection":[{"href":"https:\/\/www.mathematicus.it\/en\/wp-json\/wp\/v2\/product"}],"about":[{"href":"https:\/\/www.mathematicus.it\/en\/wp-json\/wp\/v2\/types\/product"}],"replies":[{"embeddable":true,"href":"https:\/\/www.mathematicus.it\/en\/wp-json\/wp\/v2\/comments?post=2299"}],"wp:featuredmedia":[{"embeddable":true,"href":"https:\/\/www.mathematicus.it\/en\/wp-json\/wp\/v2\/media\/2300"}],"wp:attachment":[{"href":"https:\/\/www.mathematicus.it\/en\/wp-json\/wp\/v2\/media?parent=2299"}],"wp:term":[{"taxonomy":"product_brand","embeddable":true,"href":"https:\/\/www.mathematicus.it\/en\/wp-json\/wp\/v2\/product_brand?post=2299"},{"taxonomy":"product_cat","embeddable":true,"href":"https:\/\/www.mathematicus.it\/en\/wp-json\/wp\/v2\/product_cat?post=2299"},{"taxonomy":"product_tag","embeddable":true,"href":"https:\/\/www.mathematicus.it\/en\/wp-json\/wp\/v2\/product_tag?post=2299"},{"taxonomy":"berocket_brand","embeddable":true,"href":"https:\/\/www.mathematicus.it\/en\/wp-json\/wp\/v2\/berocket_brand?post=2299"}],"curies":[{"name":"wp","href":"https:\/\/api.w.org\/{rel}","templated":true}]}}