{"id":19091,"date":"2025-09-09T15:47:35","date_gmt":"2025-09-09T13:47:35","guid":{"rendered":"https:\/\/www.mathematicus.it\/?post_type=product&#038;p=19091"},"modified":"2026-01-13T14:33:57","modified_gmt":"2026-01-13T13:33:57","slug":"am-scope-microscopio-trinoculare","status":"publish","type":"product","link":"https:\/\/www.mathematicus.it\/en\/prodotto\/am-scope-microscopio-trinoculare\/","title":{"rendered":"Am Scope &#8211; Stereo microscopio trinoculare zoom"},"content":{"rendered":"<h3 class=\"product-title\"><span class=\"product-title__variant active\" data-id=\"39798558490803\">Stereo microscopio trinoculare zoom serie SM-4 AmScope con ingrandimento 7X-45X su supporto a braccio doppio<\/span><\/h3>\n<h3 class=\"product-bulletpoints__title\">Caratteristiche principali<\/h3>\n<ul class=\"product-bulletpoints__text active\">\n<li>Ingrandimento zoom 7X-45X con obiettivi stereoscopici Greenough di alta qualit\u00e0.<\/li>\n<li>Il microscopio offre una distanza di lavoro di 4&#8243; (100 mm).<\/li>\n<li>Uno stereomicroscopio altamente versatile su un robusto supporto a braccio multiplo che consente al microscopio di oscillare facilmente in posizione quando serve e di allontanarsi quando non serve.<\/li>\n<li>Le doppie diottrie possono essere regolate per mantenere una messa a fuoco costante in tutta la gamma di ingrandimenti, migliorando notevolmente la produttivit\u00e0.<\/li>\n<li>L&#8217;ottica stereo fornisce immagini verticali con una chiara profondit\u00e0 di campo e un&#8217;ampia visuale per applicazioni pratiche.<\/li>\n<li>Una porta fotografica trinoculare fornisce un supporto dedicato per l&#8217;aggiunta di una fotocamera.<\/li>\n<li>Questo microscopio \u00e8 ideale per laboratori, officine di riparazione e incisori.<\/li>\n<\/ul>\n<h3>Descrizione<\/h3>\n<p><strong>L&#8217;SM-4T \u00e8 un microscopio altamente flessibile e resistente, progettato per applicazioni biologiche e industriali.<\/strong>\u00a0Grazie alla sua facilit\u00e0 d&#8217;uso e alla sua affidabilit\u00e0, questo modello \u00e8 particolarmente apprezzato nei settori del controllo qualit\u00e0, delle riparazioni e dell&#8217;incisione. Grazie all&#8217;ampia gamma di zoom e al supporto a doppio braccio, questo modello diventer\u00e0 uno strumento indispensabile in qualsiasi officina o laboratorio.<\/p>\n<h3>Ottica<\/h3>\n<p>L&#8217;ottica stereo fornisce immagini chiare e nitide con un&#8217;eccellente profondit\u00e0 di fuoco e un&#8217;ampia distanza di lavoro. Con gli obiettivi zoom 0,7X-4,5X, muoversi nella gamma di ingrandimenti \u00e8 facile come girare una manopola. Gli oculari a campo largo 10X offrono un&#8217;ampia gamma di ingrandimenti da 7X a 45X, con ottica ad alto punto di osservazione per adattarsi a occhiali o maschere.<\/p>\n<h3>Regolazione oculare<\/h3>\n<p>Le doppie diottrie oculari possono essere regolate per mantenere una messa a fuoco costante, migliorando notevolmente la produttivit\u00e0. I regolatori interpupillari rotanti semplificano il processo di allineamento degli oculari per ciascun utente.<\/p>\n<h3>Porta trinoculare<\/h3>\n<p>La fotoporta trinoculare commutata offre un supporto dedicato per una fotocamera. Quando la porta fotografica \u00e8 aperta, tutta la luce proveniente dall&#8217;obiettivo sinistro viene deviata verso la porta per fornire la massima luminosit\u00e0 alla fotocamera e garantire immagini di qualit\u00e0 ottimale. Questo microscopio utilizza la nostra porta trinoculare della serie CX, che pu\u00f2 essere facilmente sostituita con porte opzionali con attacco C per adattarsi a fotocamere specifiche.<\/p>\n<h3>Cavalletto a braccio doppio<\/h3>\n<p class=\"SM-4\"><strong>Lo stativo multipivotante a doppio braccio offre un sistema di supporto stabile e flessibile<\/strong>, ideale per il lavoro pratico. L&#8217;uso di una colonna a discesa consente di posizionare la testa praticamente a qualsiasi angolo. I cuscinetti a sfera assicurano un movimento fluido dei bracci laterali, che possono facilmente ruotare il microscopio quando non \u00e8 necessario. La pesante base in acciaio assicura la stabilit\u00e0 del microscopio, anche quando \u00e8 carico di accessori.<\/p>\n<div>\n<h3>Specifiche tecniche<\/h3>\n<table class=\"specifications\" cellspacing=\"0\" cellpadding=\"0\">\n<tbody>\n<tr>\n<td colspan=\"2\">Testa del microscopio<\/td>\n<\/tr>\n<tr>\n<td>Tipo di testa<\/td>\n<td>Trinoculare, inclinazione di 45\u00b0, ruotabile a 360\u00b0<\/td>\n<\/tr>\n<tr>\n<td>Sistema ottico<\/td>\n<td>Greenough stereoscopico<\/td>\n<\/tr>\n<tr>\n<td>Regolazione interpupillare<\/td>\n<td>Gemello senza compensazione, 54-76 mm<\/td>\n<\/tr>\n<tr>\n<td>Diametro della porta oculare<\/td>\n<td>30 mm<\/td>\n<\/tr>\n<tr>\n<td>Regolazione diottrica<\/td>\n<td>Entrambi gli oculari, \u00b15dp<\/td>\n<\/tr>\n<tr>\n<td>Oculari<\/td>\n<td>10X<\/td>\n<\/tr>\n<tr>\n<td>Foto Porto<\/td>\n<td>tubo da 23 mm regolabile in altezza, serie CX<\/td>\n<\/tr>\n<tr>\n<td>Obiettivi<\/td>\n<td>Zoom 0,7X-4,5X<\/td>\n<\/tr>\n<tr>\n<td>Apertura numerica dell&#8217;obiettivo<\/td>\n<td>0,065 @ 4,5X<br \/>\n0,02 @ 0,7X<\/td>\n<\/tr>\n<tr>\n<td>Risoluzione dell&#8217;obiettivo<\/td>\n<td>195 lp\/mm @ 4,5X<br \/>\n60 lp\/mm @ 0,7X<\/td>\n<\/tr>\n<tr>\n<td>Campo visivo nativo<\/td>\n<td>4,4 mm-28,6 mm<\/td>\n<\/tr>\n<tr>\n<td>Distanza di lavoro nativa<\/td>\n<td>100 mm<\/td>\n<\/tr>\n<tr>\n<td>Attacco obiettivo ausiliario<\/td>\n<td>Filettatura da 48 mm<\/td>\n<\/tr>\n<tr>\n<td>Lenti ausiliarie (Barlow) incluse<\/td>\n<td>nessuno incluso<\/td>\n<\/tr>\n<tr>\n<td colspan=\"2\">Stand<\/td>\n<\/tr>\n<tr>\n<td>Tipo di supporto<\/td>\n<td>Asta a doppio braccio con movimento su cuscinetti a sfera, base in acciaio fuso<\/td>\n<\/tr>\n<tr>\n<td>Dimensioni dello stand<\/td>\n<td>Braccio doppio da 50,8 cm (lunghezza totale: 76,2 cm), pilastro alto 43,18 cm, 33,1 cm x 27,9 cm x 1,6 cm<\/td>\n<\/tr>\n<tr>\n<td>Blocco di messa a fuoco Gamma di messa a fuoco<\/td>\n<td>50 mm<\/td>\n<\/tr>\n<\/tbody>\n<\/table>\n<\/div>\n<p>&nbsp;<\/p>\n<h3>Elenco degli imballaggi:<\/h3>\n<ul>\n<li>Una testa di microscopio stereo trinoculare<\/li>\n<li>Attacco per una porta fotografica<\/li>\n<li>Un paio di oculari 10X<\/li>\n<li>Un paio di protezioni per gli occhi<\/li>\n<li>Uno stativo a braccio doppio con rastrelliera di messa a fuoco<\/li>\n<\/ul>\n<p><a class=\"fusion-no-lightbox\" href=\"https:\/\/www.mathematicus.it\/come-pagare-con-carta-docente-sul-sito-mathematicus\/\"><img decoding=\"async\" class=\"alignnone wp-image-2886 lazyautosizes lazyloaded\" src=\"https:\/\/i0.wp.com\/www.mathematicus.it\/wp-content\/uploads\/2024\/11\/Carta-del-docente-2.webp?resize=81%2C54&#038;ssl=1\" sizes=\"81px\" srcset=\"https:\/\/i0.wp.com\/www.mathematicus.it\/wp-content\/uploads\/2024\/11\/Carta-del-docente-2.webp?resize=200%2C133&amp;ssl=1 200w, https:\/\/i0.wp.com\/www.mathematicus.it\/wp-content\/uploads\/2024\/11\/Carta-del-docente-2.webp?resize=300%2C200&amp;ssl=1 300w, https:\/\/i0.wp.com\/www.mathematicus.it\/wp-content\/uploads\/2024\/11\/Carta-del-docente-2.webp?resize=400%2C267&amp;ssl=1 400w, https:\/\/i0.wp.com\/www.mathematicus.it\/wp-content\/uploads\/2024\/11\/Carta-del-docente-2.webp?resize=500%2C333&amp;ssl=1 500w, https:\/\/i0.wp.com\/www.mathematicus.it\/wp-content\/uploads\/2024\/11\/Carta-del-docente-2.webp?resize=600%2C400&amp;ssl=1 600w, https:\/\/i0.wp.com\/www.mathematicus.it\/wp-content\/uploads\/2024\/11\/Carta-del-docente-2.webp?resize=700%2C467&amp;ssl=1 700w, https:\/\/i0.wp.com\/www.mathematicus.it\/wp-content\/uploads\/2024\/11\/Carta-del-docente-2.webp?resize=768%2C512&amp;ssl=1 768w, https:\/\/i0.wp.com\/www.mathematicus.it\/wp-content\/uploads\/2024\/11\/Carta-del-docente-2.webp?resize=800%2C533&amp;ssl=1 800w, https:\/\/i0.wp.com\/www.mathematicus.it\/wp-content\/uploads\/2024\/11\/Carta-del-docente-2.webp?resize=1024%2C683&amp;ssl=1 1024w, https:\/\/i0.wp.com\/www.mathematicus.it\/wp-content\/uploads\/2024\/11\/Carta-del-docente-2.webp?w=1200&amp;ssl=1 1200w\" alt=\"\" width=\"81\" height=\"54\" data-recalc-dims=\"1\" data-orig-src=\"https:\/\/www.mathematicus.it\/wp-content\/uploads\/2024\/11\/Carta-del-docente-2-300x200.webp\" data-srcset=\"https:\/\/i0.wp.com\/www.mathematicus.it\/wp-content\/uploads\/2024\/11\/Carta-del-docente-2.webp?resize=200%2C133&amp;ssl=1 200w, https:\/\/i0.wp.com\/www.mathematicus.it\/wp-content\/uploads\/2024\/11\/Carta-del-docente-2.webp?resize=300%2C200&amp;ssl=1 300w, https:\/\/i0.wp.com\/www.mathematicus.it\/wp-content\/uploads\/2024\/11\/Carta-del-docente-2.webp?resize=400%2C267&amp;ssl=1 400w, https:\/\/i0.wp.com\/www.mathematicus.it\/wp-content\/uploads\/2024\/11\/Carta-del-docente-2.webp?resize=500%2C333&amp;ssl=1 500w, https:\/\/i0.wp.com\/www.mathematicus.it\/wp-content\/uploads\/2024\/11\/Carta-del-docente-2.webp?resize=600%2C400&amp;ssl=1 600w, https:\/\/i0.wp.com\/www.mathematicus.it\/wp-content\/uploads\/2024\/11\/Carta-del-docente-2.webp?resize=700%2C467&amp;ssl=1 700w, https:\/\/i0.wp.com\/www.mathematicus.it\/wp-content\/uploads\/2024\/11\/Carta-del-docente-2.webp?resize=768%2C512&amp;ssl=1 768w, https:\/\/i0.wp.com\/www.mathematicus.it\/wp-content\/uploads\/2024\/11\/Carta-del-docente-2.webp?resize=800%2C533&amp;ssl=1 800w, https:\/\/i0.wp.com\/www.mathematicus.it\/wp-content\/uploads\/2024\/11\/Carta-del-docente-2.webp?resize=1024%2C683&amp;ssl=1 1024w, https:\/\/i0.wp.com\/www.mathematicus.it\/wp-content\/uploads\/2024\/11\/Carta-del-docente-2.webp?w=1200&amp;ssl=1 1200w\" data-sizes=\"auto\" data-orig-sizes=\"(max-width: 81px) 100vw, 81px\" \/><\/a><br \/>\nScopri come acquistare con la\u00a0<a href=\"http:\/\/i%20modelli%20di%20dahimo%20vengono%20prodotti%20su%20richiesta.xn--%20il%20tuo%20collo%20sar%20spedito%20entro%20una%20settimana-14e.\/\" target=\"_blank\" rel=\"noopener\">Carta del Docente<\/a><\/p>\n<h1><\/h1>\n","protected":false},"excerpt":{"rendered":"<p>Stereo microscopio trinoculare zoom serie SM-4 AmScope con ingrandimento 7X-45X  [&#8230;]<\/p>\n","protected":false},"featured_media":19092,"comment_status":"open","ping_status":"closed","template":"","meta":[],"product_brand":[],"product_cat":[620],"product_tag":[353,607,612,613,610,609,111,138,608,611,606],"berocket_brand":[396],"class_list":{"0":"post-19091","1":"product","2":"type-product","3":"status-publish","4":"has-post-thumbnail","6":"product_cat-amscope-micorscopi","7":"product_tag-acquistabile-con-la-carta-del-docente","8":"product_tag-biologia","9":"product_tag-dettagli-invisibili","10":"product_tag-divulgazione-scientifica","11":"product_tag-laboratorio","12":"product_tag-microcosmo","13":"product_tag-microscopia","14":"product_tag-microscopio","15":"product_tag-natura-invisibile","16":"product_tag-ricerca-scientifica","17":"product_tag-scienza","18":"berocket_brand-amscope","20":"first","21":"instock","22":"taxable","23":"shipping-taxable","24":"purchasable","25":"product-type-simple"},"yoast_head":"<!-- This site is optimized with the Yoast SEO Premium plugin v27.3 (Yoast SEO v27.3) - https:\/\/yoast.com\/product\/yoast-seo-premium-wordpress\/ -->\n<title>Am Scope - Stereo microscopio trinoculare zoom - Mathematicus<\/title>\n<meta name=\"description\" content=\"L&#039;SM-4T \u00e8 un microscopio altamente flessibile e resistente, progettato per applicazioni biologiche e industriali.\u00a0\" \/>\n<meta name=\"robots\" content=\"index, follow, max-snippet:-1, max-image-preview:large, max-video-preview:-1\" \/>\n<link rel=\"canonical\" href=\"https:\/\/www.mathematicus.it\/en\/prodotto\/am-scope-microscopio-trinoculare\/\" \/>\n<meta property=\"og:locale\" content=\"en_US\" \/>\n<meta property=\"og:type\" content=\"article\" \/>\n<meta property=\"og:title\" content=\"Am Scope - Stereo microscopio trinoculare zoom\" \/>\n<meta property=\"og:description\" content=\"L&#039;SM-4T \u00e8 un microscopio altamente flessibile e resistente, progettato per applicazioni biologiche e industriali.\u00a0\" \/>\n<meta property=\"og:url\" content=\"https:\/\/www.mathematicus.it\/en\/prodotto\/am-scope-microscopio-trinoculare\/\" \/>\n<meta property=\"og:site_name\" content=\"Mathematicus\" \/>\n<meta property=\"article:publisher\" content=\"https:\/\/www.facebook.com\/mathematicusilgiocodellamatematica\" \/>\n<meta property=\"article:modified_time\" content=\"2026-01-13T13:33:57+00:00\" \/>\n<meta property=\"og:image\" content=\"https:\/\/www.mathematicus.it\/wp-content\/uploads\/2025\/09\/1-SM-4T-main-hero_32f29893-2670-41e4-aa83-30c05d2c6e7d_1800x.webp\" \/>\n\t<meta property=\"og:image:width\" content=\"1500\" \/>\n\t<meta property=\"og:image:height\" content=\"1500\" \/>\n\t<meta property=\"og:image:type\" content=\"image\/webp\" \/>\n<meta name=\"twitter:card\" content=\"summary_large_image\" \/>\n<meta name=\"twitter:label1\" content=\"Price\" \/>\n\t<meta name=\"twitter:data1\" content=\"&euro;635.00\" \/>\n\t<meta name=\"twitter:label2\" content=\"Availability\" \/>\n\t<meta name=\"twitter:data2\" content=\"In stock\" \/>\n<script type=\"application\/ld+json\" class=\"yoast-schema-graph\">{\"@context\":\"https:\\\/\\\/schema.org\",\"@graph\":[{\"@type\":\"WebPage\",\"@id\":\"https:\\\/\\\/www.mathematicus.it\\\/en\\\/prodotto\\\/am-scope-microscopio-trinoculare\\\/\",\"url\":\"https:\\\/\\\/www.mathematicus.it\\\/en\\\/prodotto\\\/am-scope-microscopio-trinoculare\\\/\",\"name\":\"Am Scope - Stereo microscopio trinoculare zoom - Mathematicus\",\"isPartOf\":{\"@id\":\"https:\\\/\\\/www.mathematicus.it\\\/en\\\/#website\"},\"primaryImageOfPage\":{\"@id\":\"https:\\\/\\\/www.mathematicus.it\\\/en\\\/prodotto\\\/am-scope-microscopio-trinoculare\\\/#primaryimage\"},\"image\":{\"@id\":\"https:\\\/\\\/www.mathematicus.it\\\/en\\\/prodotto\\\/am-scope-microscopio-trinoculare\\\/#primaryimage\"},\"thumbnailUrl\":\"https:\\\/\\\/i0.wp.com\\\/www.mathematicus.it\\\/wp-content\\\/uploads\\\/2025\\\/09\\\/1-SM-4T-main-hero_32f29893-2670-41e4-aa83-30c05d2c6e7d_1800x.webp?fit=1500%2C1500&ssl=1\",\"datePublished\":\"2025-09-09T13:47:35+00:00\",\"dateModified\":\"2026-01-13T13:33:57+00:00\",\"description\":\"L'SM-4T \u00e8 un microscopio altamente flessibile e resistente, progettato per applicazioni biologiche e industriali.\u00a0\",\"breadcrumb\":{\"@id\":\"https:\\\/\\\/www.mathematicus.it\\\/en\\\/prodotto\\\/am-scope-microscopio-trinoculare\\\/#breadcrumb\"},\"inLanguage\":\"en-US\",\"potentialAction\":[{\"@type\":\"ReadAction\",\"target\":[\"https:\\\/\\\/www.mathematicus.it\\\/en\\\/prodotto\\\/am-scope-microscopio-trinoculare\\\/\"]}]},{\"@type\":\"ImageObject\",\"inLanguage\":\"en-US\",\"@id\":\"https:\\\/\\\/www.mathematicus.it\\\/en\\\/prodotto\\\/am-scope-microscopio-trinoculare\\\/#primaryimage\",\"url\":\"https:\\\/\\\/i0.wp.com\\\/www.mathematicus.it\\\/wp-content\\\/uploads\\\/2025\\\/09\\\/1-SM-4T-main-hero_32f29893-2670-41e4-aa83-30c05d2c6e7d_1800x.webp?fit=1500%2C1500&ssl=1\",\"contentUrl\":\"https:\\\/\\\/i0.wp.com\\\/www.mathematicus.it\\\/wp-content\\\/uploads\\\/2025\\\/09\\\/1-SM-4T-main-hero_32f29893-2670-41e4-aa83-30c05d2c6e7d_1800x.webp?fit=1500%2C1500&ssl=1\",\"width\":1500,\"height\":1500},{\"@type\":\"BreadcrumbList\",\"@id\":\"https:\\\/\\\/www.mathematicus.it\\\/en\\\/prodotto\\\/am-scope-microscopio-trinoculare\\\/#breadcrumb\",\"itemListElement\":[{\"@type\":\"ListItem\",\"position\":1,\"name\":\"Home\",\"item\":\"https:\\\/\\\/www.mathematicus.it\\\/en\\\/\"},{\"@type\":\"ListItem\",\"position\":2,\"name\":\"Shop\",\"item\":\"https:\\\/\\\/www.mathematicus.it\\\/negozio\\\/\"},{\"@type\":\"ListItem\",\"position\":3,\"name\":\"Am Scope &#8211; Stereo microscopio trinoculare zoom\"}]},{\"@type\":\"WebSite\",\"@id\":\"https:\\\/\\\/www.mathematicus.it\\\/en\\\/#website\",\"url\":\"https:\\\/\\\/www.mathematicus.it\\\/en\\\/\",\"name\":\"Mathematicus\",\"description\":\"Il gioco della Matematica\",\"publisher\":{\"@id\":\"https:\\\/\\\/www.mathematicus.it\\\/en\\\/#organization\"},\"potentialAction\":[{\"@type\":\"SearchAction\",\"target\":{\"@type\":\"EntryPoint\",\"urlTemplate\":\"https:\\\/\\\/www.mathematicus.it\\\/en\\\/?s={search_term_string}\"},\"query-input\":{\"@type\":\"PropertyValueSpecification\",\"valueRequired\":true,\"valueName\":\"search_term_string\"}}],\"inLanguage\":\"en-US\"},{\"@type\":\"Organization\",\"@id\":\"https:\\\/\\\/www.mathematicus.it\\\/en\\\/#organization\",\"name\":\"Mathematicus\",\"url\":\"https:\\\/\\\/www.mathematicus.it\\\/en\\\/\",\"logo\":{\"@type\":\"ImageObject\",\"inLanguage\":\"en-US\",\"@id\":\"https:\\\/\\\/www.mathematicus.it\\\/en\\\/#\\\/schema\\\/logo\\\/image\\\/\",\"url\":\"https:\\\/\\\/i0.wp.com\\\/www.mathematicus.it\\\/wp-content\\\/uploads\\\/2020\\\/11\\\/logo.png?fit=500%2C49&ssl=1\",\"contentUrl\":\"https:\\\/\\\/i0.wp.com\\\/www.mathematicus.it\\\/wp-content\\\/uploads\\\/2020\\\/11\\\/logo.png?fit=500%2C49&ssl=1\",\"width\":500,\"height\":49,\"caption\":\"Mathematicus\"},\"image\":{\"@id\":\"https:\\\/\\\/www.mathematicus.it\\\/en\\\/#\\\/schema\\\/logo\\\/image\\\/\"},\"sameAs\":[\"https:\\\/\\\/www.facebook.com\\\/mathematicusilgiocodellamatematica\",\"https:\\\/\\\/www.instagram.com\\\/mathematicusgiocomatematica\\\/\",\"https:\\\/\\\/www.linkedin.com\\\/company\\\/94868880\",\"https:\\\/\\\/www.pinterest.it\\\/tomasobaj\\\/giochi-matematici\\\/\"]}]}<\/script>\n<meta property=\"product:brand\" content=\"AmScope-Micorscopi\" \/>\n<meta property=\"product:price:amount\" content=\"635.00\" \/>\n<meta property=\"product:price:currency\" content=\"EUR\" \/>\n<meta property=\"og:availability\" content=\"instock\" \/>\n<meta property=\"product:availability\" content=\"instock\" \/>\n<meta property=\"product:retailer_item_id\" content=\"SM-4T-3PL\" \/>\n<meta property=\"product:condition\" content=\"new\" \/>\n<!-- \/ Yoast SEO Premium plugin. -->","yoast_head_json":{"title":"Am Scope - Stereo microscopio trinoculare zoom - Mathematicus","description":"L'SM-4T \u00e8 un microscopio altamente flessibile e resistente, progettato per applicazioni biologiche e industriali.\u00a0","robots":{"index":"index","follow":"follow","max-snippet":"max-snippet:-1","max-image-preview":"max-image-preview:large","max-video-preview":"max-video-preview:-1"},"canonical":"https:\/\/www.mathematicus.it\/en\/prodotto\/am-scope-microscopio-trinoculare\/","og_locale":"en_US","og_type":"article","og_title":"Am Scope - Stereo microscopio trinoculare zoom","og_description":"L'SM-4T \u00e8 un microscopio altamente flessibile e resistente, progettato per applicazioni biologiche e industriali.\u00a0","og_url":"https:\/\/www.mathematicus.it\/en\/prodotto\/am-scope-microscopio-trinoculare\/","og_site_name":"Mathematicus","article_publisher":"https:\/\/www.facebook.com\/mathematicusilgiocodellamatematica","article_modified_time":"2026-01-13T13:33:57+00:00","og_image":[{"width":1500,"height":1500,"url":"https:\/\/www.mathematicus.it\/wp-content\/uploads\/2025\/09\/1-SM-4T-main-hero_32f29893-2670-41e4-aa83-30c05d2c6e7d_1800x.webp","type":"image\/webp"}],"twitter_card":"summary_large_image","twitter_misc":{"Price":"&euro;635.00","Availability":"In stock"},"schema":{"@context":"https:\/\/schema.org","@graph":[{"@type":"WebPage","@id":"https:\/\/www.mathematicus.it\/en\/prodotto\/am-scope-microscopio-trinoculare\/","url":"https:\/\/www.mathematicus.it\/en\/prodotto\/am-scope-microscopio-trinoculare\/","name":"Am Scope - Stereo microscopio trinoculare zoom - Mathematicus","isPartOf":{"@id":"https:\/\/www.mathematicus.it\/en\/#website"},"primaryImageOfPage":{"@id":"https:\/\/www.mathematicus.it\/en\/prodotto\/am-scope-microscopio-trinoculare\/#primaryimage"},"image":{"@id":"https:\/\/www.mathematicus.it\/en\/prodotto\/am-scope-microscopio-trinoculare\/#primaryimage"},"thumbnailUrl":"https:\/\/i0.wp.com\/www.mathematicus.it\/wp-content\/uploads\/2025\/09\/1-SM-4T-main-hero_32f29893-2670-41e4-aa83-30c05d2c6e7d_1800x.webp?fit=1500%2C1500&ssl=1","datePublished":"2025-09-09T13:47:35+00:00","dateModified":"2026-01-13T13:33:57+00:00","description":"L'SM-4T \u00e8 un microscopio altamente flessibile e resistente, progettato per applicazioni biologiche e industriali.\u00a0","breadcrumb":{"@id":"https:\/\/www.mathematicus.it\/en\/prodotto\/am-scope-microscopio-trinoculare\/#breadcrumb"},"inLanguage":"en-US","potentialAction":[{"@type":"ReadAction","target":["https:\/\/www.mathematicus.it\/en\/prodotto\/am-scope-microscopio-trinoculare\/"]}]},{"@type":"ImageObject","inLanguage":"en-US","@id":"https:\/\/www.mathematicus.it\/en\/prodotto\/am-scope-microscopio-trinoculare\/#primaryimage","url":"https:\/\/i0.wp.com\/www.mathematicus.it\/wp-content\/uploads\/2025\/09\/1-SM-4T-main-hero_32f29893-2670-41e4-aa83-30c05d2c6e7d_1800x.webp?fit=1500%2C1500&ssl=1","contentUrl":"https:\/\/i0.wp.com\/www.mathematicus.it\/wp-content\/uploads\/2025\/09\/1-SM-4T-main-hero_32f29893-2670-41e4-aa83-30c05d2c6e7d_1800x.webp?fit=1500%2C1500&ssl=1","width":1500,"height":1500},{"@type":"BreadcrumbList","@id":"https:\/\/www.mathematicus.it\/en\/prodotto\/am-scope-microscopio-trinoculare\/#breadcrumb","itemListElement":[{"@type":"ListItem","position":1,"name":"Home","item":"https:\/\/www.mathematicus.it\/en\/"},{"@type":"ListItem","position":2,"name":"Shop","item":"https:\/\/www.mathematicus.it\/negozio\/"},{"@type":"ListItem","position":3,"name":"Am Scope &#8211; Stereo microscopio trinoculare zoom"}]},{"@type":"WebSite","@id":"https:\/\/www.mathematicus.it\/en\/#website","url":"https:\/\/www.mathematicus.it\/en\/","name":"Mathematicus","description":"Il gioco della Matematica","publisher":{"@id":"https:\/\/www.mathematicus.it\/en\/#organization"},"potentialAction":[{"@type":"SearchAction","target":{"@type":"EntryPoint","urlTemplate":"https:\/\/www.mathematicus.it\/en\/?s={search_term_string}"},"query-input":{"@type":"PropertyValueSpecification","valueRequired":true,"valueName":"search_term_string"}}],"inLanguage":"en-US"},{"@type":"Organization","@id":"https:\/\/www.mathematicus.it\/en\/#organization","name":"Mathematicus","url":"https:\/\/www.mathematicus.it\/en\/","logo":{"@type":"ImageObject","inLanguage":"en-US","@id":"https:\/\/www.mathematicus.it\/en\/#\/schema\/logo\/image\/","url":"https:\/\/i0.wp.com\/www.mathematicus.it\/wp-content\/uploads\/2020\/11\/logo.png?fit=500%2C49&ssl=1","contentUrl":"https:\/\/i0.wp.com\/www.mathematicus.it\/wp-content\/uploads\/2020\/11\/logo.png?fit=500%2C49&ssl=1","width":500,"height":49,"caption":"Mathematicus"},"image":{"@id":"https:\/\/www.mathematicus.it\/en\/#\/schema\/logo\/image\/"},"sameAs":["https:\/\/www.facebook.com\/mathematicusilgiocodellamatematica","https:\/\/www.instagram.com\/mathematicusgiocomatematica\/","https:\/\/www.linkedin.com\/company\/94868880","https:\/\/www.pinterest.it\/tomasobaj\/giochi-matematici\/"]}]},"product_brand":"AmScope-Micorscopi","product_price_amount":"635.00","product_price_currency":"EUR","og_availability":"instock","product_availability":"instock","product_retailer_item_id":"SM-4T-3PL","product_condition":"new"},"jetpack_sharing_enabled":true,"_links":{"self":[{"href":"https:\/\/www.mathematicus.it\/en\/wp-json\/wp\/v2\/product\/19091","targetHints":{"allow":["GET"]}}],"collection":[{"href":"https:\/\/www.mathematicus.it\/en\/wp-json\/wp\/v2\/product"}],"about":[{"href":"https:\/\/www.mathematicus.it\/en\/wp-json\/wp\/v2\/types\/product"}],"replies":[{"embeddable":true,"href":"https:\/\/www.mathematicus.it\/en\/wp-json\/wp\/v2\/comments?post=19091"}],"wp:featuredmedia":[{"embeddable":true,"href":"https:\/\/www.mathematicus.it\/en\/wp-json\/wp\/v2\/media\/19092"}],"wp:attachment":[{"href":"https:\/\/www.mathematicus.it\/en\/wp-json\/wp\/v2\/media?parent=19091"}],"wp:term":[{"taxonomy":"product_brand","embeddable":true,"href":"https:\/\/www.mathematicus.it\/en\/wp-json\/wp\/v2\/product_brand?post=19091"},{"taxonomy":"product_cat","embeddable":true,"href":"https:\/\/www.mathematicus.it\/en\/wp-json\/wp\/v2\/product_cat?post=19091"},{"taxonomy":"product_tag","embeddable":true,"href":"https:\/\/www.mathematicus.it\/en\/wp-json\/wp\/v2\/product_tag?post=19091"},{"taxonomy":"berocket_brand","embeddable":true,"href":"https:\/\/www.mathematicus.it\/en\/wp-json\/wp\/v2\/berocket_brand?post=19091"}],"curies":[{"name":"wp","href":"https:\/\/api.w.org\/{rel}","templated":true}]}}