{"id":18992,"date":"2025-09-09T18:03:23","date_gmt":"2025-09-09T16:03:23","guid":{"rendered":"https:\/\/www.mathematicus.it\/?post_type=product&#038;p=18992"},"modified":"2026-01-12T17:39:06","modified_gmt":"2026-01-12T16:39:06","slug":"am-scope-microscopio-bambini","status":"publish","type":"product","link":"https:\/\/www.mathematicus.it\/en\/prodotto\/am-scope-microscopio-bambini\/","title":{"rendered":"AMScope Microscopio educativo composto per bambini"},"content":{"rendered":"<h3 class=\"product-title\"><span class=\"product-title__variant active\" data-id=\"39798556950707\">IQCrew by AMSCOPE Serie M30 Microscopio educativo composto per bambini 120X-240X-300X-480X-600X-1200X Ingrandimento con braccio in metallo<\/span><\/h3>\n<h3 class=\"product-bulletpoints__title\">Caratteristiche principali<\/h3>\n<ul class=\"product-bulletpoints__text active\">\n<li>Il kit di 48 pezzi per microscopi biologici per principianti offre ingrandimenti di 120X, 240X, 300X, 480X, 600X e 1200X.<\/li>\n<li>Braccio in metallo resistente con palco, clip e messa a fuoco a pignone e cremagliera<\/li>\n<li>Illuminazione elettrica a LED incorporata e specchio riflettente per un&#8217;illuminazione naturale<\/li>\n<li>Due batterie AA incluse<\/li>\n<\/ul>\n<h3 class=\"product-bulletpoints__title\">Descrizione<\/h3>\n<p>I microscopi AMSCOPE-KIDS sono realizzati con i migliori materiali e con le migliori ottiche per garantire risposte e soluzioni precise a tutti i vostri sforzi. Con questo set di microscopi, i giovani scienziati possono studiare tutto, dalle cellule ai cristalli. Perfetto per l&#8217;uso individuale o in classe, gli oculari in vetro e le impostazioni di potenza, 120X, 240X, 300X, 480X, 600X e 1200X, offrono agli utenti una visione di precisione superiore. Il sistema di illuminazione integrato a luce naturale (attraverso lo specchio) e a LED (alimentato da due batterie AA) e la messa a fuoco a cremagliera contribuiscono a fornire immagini chiare e brillanti. Il kit da 48 pezzi \u00e8 dotato di vetrini preparati professionalmente e di tutto ci\u00f2 di cui gli utenti hanno bisogno per creare i propri vetrini per i campioni. Il microscopio ha una struttura in metallo resistente, una messa a fuoco coassiale singola e grossolana e uno stage per campioni con due clip integrate. Include componenti e caratteristiche di alta qualit\u00e0 che lo rendono adatto all&#8217;apprendimento delle scienze a qualsiasi et\u00e0. Il kit \u00e8 dotato di vetrini per campioni, vetrini coprioggetto, pinzette di plastica, bisturi di plastica, fiale per campioni, lenti regolabili, oltre a una robusta custodia rigida per facilitare la conservazione e il viaggio. Questo kit \u00e8 ideale per gli scienziati principianti.<\/p>\n<p><strong>Caratteristiche :<\/strong><\/p>\n<ul>\n<li>Microscopio per principianti a sei ingrandimenti con struttura in metallo<\/li>\n<li>Luce incorporata per l&#8217;illuminazione diretta.<\/li>\n<li>Specchio riflettente per un&#8217;illuminazione naturale<\/li>\n<li>Palcoscenico per campioni con clip per palcoscenico.<\/li>\n<li>Garanzia di 5 anni<\/li>\n<\/ul>\n<p><strong>Specifiche:<\/strong><\/p>\n<ul>\n<li>Ingrandimenti: 120X, 240X, 300X, 480X, 600X e 1200X.<\/li>\n<li>Costruire: Braccio in metallo, testa, torretta e palcoscenico in plastica<\/li>\n<li>Illuminazione: luce LED integrata e specchio riflettente.<\/li>\n<li>Palcoscenico: 70 x 65 mm.<\/li>\n<li>Supporto della slitta: doppia clip a molla.<\/li>\n<\/ul>\n<h3><strong>Il kit comprende<\/strong><\/h3>\n<ul>\n<li>1x Microscopio monoculare 120x-1200x con braccio metallico<\/li>\n<li>1x Oculare (8x)<\/li>\n<li>1x Oculare (20x)<\/li>\n<li>1 custodia per il trasporto<\/li>\n<li>1 capsula di Petri<\/li>\n<li>1x pinzetta di plastica<\/li>\n<li>1x lampadina di ricambio<\/li>\n<li>1x bisturi in plastica<\/li>\n<li>1x spatola di plastica<\/li>\n<li>1x asta di agitazione in plastica<\/li>\n<li>1 pipetta<\/li>\n<li>5x vetrini preparati<\/li>\n<li>7x vetrini vuoti<\/li>\n<li>16x copri vetrini<\/li>\n<li>8x etichette per vetrini<\/li>\n<li>3x fiale di raccolta<\/li>\n<li>2 batterie AA.<\/li>\n<\/ul>\n<p>5 anni di garanzia<\/p>\n<p>Peso di spedizione: 2,8 chilogrammi<\/p>\n<p>Per le et\u00e0 da 8 anni in su<\/p>\n<p><a class=\"fusion-no-lightbox\" href=\"https:\/\/www.mathematicus.it\/come-pagare-con-carta-docente-sul-sito-mathematicus\/\"><img decoding=\"async\" class=\"alignnone wp-image-2886 lazyautosizes lazyloaded\" src=\"https:\/\/i0.wp.com\/www.mathematicus.it\/wp-content\/uploads\/2024\/11\/Carta-del-docente-2.webp?resize=81%2C54&#038;ssl=1\" sizes=\"81px\" srcset=\"https:\/\/i0.wp.com\/www.mathematicus.it\/wp-content\/uploads\/2024\/11\/Carta-del-docente-2.webp?resize=200%2C133&amp;ssl=1 200w, https:\/\/i0.wp.com\/www.mathematicus.it\/wp-content\/uploads\/2024\/11\/Carta-del-docente-2.webp?resize=300%2C200&amp;ssl=1 300w, https:\/\/i0.wp.com\/www.mathematicus.it\/wp-content\/uploads\/2024\/11\/Carta-del-docente-2.webp?resize=400%2C267&amp;ssl=1 400w, https:\/\/i0.wp.com\/www.mathematicus.it\/wp-content\/uploads\/2024\/11\/Carta-del-docente-2.webp?resize=500%2C333&amp;ssl=1 500w, https:\/\/i0.wp.com\/www.mathematicus.it\/wp-content\/uploads\/2024\/11\/Carta-del-docente-2.webp?resize=600%2C400&amp;ssl=1 600w, https:\/\/i0.wp.com\/www.mathematicus.it\/wp-content\/uploads\/2024\/11\/Carta-del-docente-2.webp?resize=700%2C467&amp;ssl=1 700w, https:\/\/i0.wp.com\/www.mathematicus.it\/wp-content\/uploads\/2024\/11\/Carta-del-docente-2.webp?resize=768%2C512&amp;ssl=1 768w, https:\/\/i0.wp.com\/www.mathematicus.it\/wp-content\/uploads\/2024\/11\/Carta-del-docente-2.webp?resize=800%2C533&amp;ssl=1 800w, https:\/\/i0.wp.com\/www.mathematicus.it\/wp-content\/uploads\/2024\/11\/Carta-del-docente-2.webp?resize=1024%2C683&amp;ssl=1 1024w, https:\/\/i0.wp.com\/www.mathematicus.it\/wp-content\/uploads\/2024\/11\/Carta-del-docente-2.webp?w=1200&amp;ssl=1 1200w\" alt=\"\" width=\"81\" height=\"54\" data-recalc-dims=\"1\" data-orig-src=\"https:\/\/www.mathematicus.it\/wp-content\/uploads\/2024\/11\/Carta-del-docente-2-300x200.webp\" data-srcset=\"https:\/\/i0.wp.com\/www.mathematicus.it\/wp-content\/uploads\/2024\/11\/Carta-del-docente-2.webp?resize=200%2C133&amp;ssl=1 200w, https:\/\/i0.wp.com\/www.mathematicus.it\/wp-content\/uploads\/2024\/11\/Carta-del-docente-2.webp?resize=300%2C200&amp;ssl=1 300w, https:\/\/i0.wp.com\/www.mathematicus.it\/wp-content\/uploads\/2024\/11\/Carta-del-docente-2.webp?resize=400%2C267&amp;ssl=1 400w, https:\/\/i0.wp.com\/www.mathematicus.it\/wp-content\/uploads\/2024\/11\/Carta-del-docente-2.webp?resize=500%2C333&amp;ssl=1 500w, https:\/\/i0.wp.com\/www.mathematicus.it\/wp-content\/uploads\/2024\/11\/Carta-del-docente-2.webp?resize=600%2C400&amp;ssl=1 600w, https:\/\/i0.wp.com\/www.mathematicus.it\/wp-content\/uploads\/2024\/11\/Carta-del-docente-2.webp?resize=700%2C467&amp;ssl=1 700w, https:\/\/i0.wp.com\/www.mathematicus.it\/wp-content\/uploads\/2024\/11\/Carta-del-docente-2.webp?resize=768%2C512&amp;ssl=1 768w, https:\/\/i0.wp.com\/www.mathematicus.it\/wp-content\/uploads\/2024\/11\/Carta-del-docente-2.webp?resize=800%2C533&amp;ssl=1 800w, https:\/\/i0.wp.com\/www.mathematicus.it\/wp-content\/uploads\/2024\/11\/Carta-del-docente-2.webp?resize=1024%2C683&amp;ssl=1 1024w, https:\/\/i0.wp.com\/www.mathematicus.it\/wp-content\/uploads\/2024\/11\/Carta-del-docente-2.webp?w=1200&amp;ssl=1 1200w\" data-sizes=\"auto\" data-orig-sizes=\"(max-width: 81px) 100vw, 81px\" \/><\/a><br \/>\nScopri come acquistare con la\u00a0<a href=\"http:\/\/i%20modelli%20di%20dahimo%20vengono%20prodotti%20su%20richiesta.xn--%20il%20tuo%20collo%20sar%20spedito%20entro%20una%20settimana-14e.\/\" target=\"_blank\" rel=\"noopener\">Carta del Docente<\/a><\/p>\n<p><iframe class=\"lazyload\" title=\"YouTube video player\" src=\"data:image\/svg+xml,%3Csvg%20xmlns%3D%27http%3A%2F%2Fwww.w3.org%2F2000%2Fsvg%27%20width%3D%27560%27%20height%3D%27315%27%20viewBox%3D%270%200%20560%20315%27%3E%3Crect%20width%3D%27560%27%20height%3D%27315%27%20fill-opacity%3D%220%22%2F%3E%3C%2Fsvg%3E\" data-orig-src=\"https:\/\/www.youtube.com\/embed\/D-m9Y6Fd3k0?si=xsZ2dNSwDDnNHZSY\" width=\"560\" height=\"315\" frameborder=\"0\" allowfullscreen=\"allowfullscreen\"><\/iframe><\/p>\n","protected":false},"excerpt":{"rendered":"<p>IQCrew by AMSCOPE Serie M30 Microscopio educativo composto per bambini  [&#8230;]<\/p>\n","protected":false},"featured_media":18993,"comment_status":"open","ping_status":"closed","template":"","meta":[],"product_brand":[],"product_cat":[620],"product_tag":[353,57,607,612,613,610,609,111,138,608,611,606],"berocket_brand":[396],"class_list":{"0":"post-18992","1":"product","2":"type-product","3":"status-publish","4":"has-post-thumbnail","6":"product_cat-amscope-micorscopi","7":"product_tag-acquistabile-con-la-carta-del-docente","8":"product_tag-bambini","9":"product_tag-biologia","10":"product_tag-dettagli-invisibili","11":"product_tag-divulgazione-scientifica","12":"product_tag-laboratorio","13":"product_tag-microcosmo","14":"product_tag-microscopia","15":"product_tag-microscopio","16":"product_tag-natura-invisibile","17":"product_tag-ricerca-scientifica","18":"product_tag-scienza","19":"berocket_brand-amscope","21":"first","22":"instock","23":"taxable","24":"shipping-taxable","25":"purchasable","26":"product-type-simple"},"yoast_head":"<!-- This site is optimized with the Yoast SEO Premium plugin v27.3 (Yoast SEO v27.3) - https:\/\/yoast.com\/product\/yoast-seo-premium-wordpress\/ -->\n<title>AMScope Microscopio educativo composto per bambini - Mathematicus<\/title>\n<meta name=\"description\" content=\"Microscopi AMSCOPE-KIDS: con questo set di microscopi, i giovani scienziati possono studiare tutto, dalle cellule ai cristalli.\" \/>\n<meta name=\"robots\" content=\"index, follow, max-snippet:-1, max-image-preview:large, max-video-preview:-1\" \/>\n<link rel=\"canonical\" href=\"https:\/\/www.mathematicus.it\/en\/prodotto\/am-scope-microscopio-bambini\/\" \/>\n<meta property=\"og:locale\" content=\"en_US\" \/>\n<meta property=\"og:type\" content=\"article\" \/>\n<meta property=\"og:title\" content=\"AMScope Microscopio educativo composto per bambini\" \/>\n<meta property=\"og:description\" content=\"Microscopi AMSCOPE-KIDS: con questo set di microscopi, i giovani scienziati possono studiare tutto, dalle cellule ai cristalli.\" \/>\n<meta property=\"og:url\" content=\"https:\/\/www.mathematicus.it\/en\/prodotto\/am-scope-microscopio-bambini\/\" \/>\n<meta property=\"og:site_name\" content=\"Mathematicus\" \/>\n<meta property=\"article:publisher\" content=\"https:\/\/www.facebook.com\/mathematicusilgiocodellamatematica\" \/>\n<meta property=\"article:modified_time\" content=\"2026-01-12T16:39:06+00:00\" \/>\n<meta property=\"og:image\" content=\"https:\/\/www.mathematicus.it\/wp-content\/uploads\/2025\/09\/kids-microscope-m30-abs-kt1-1b_009c0dd0-8edd-4ab1-9b29-251fdf60860a_1800x.webp\" \/>\n\t<meta property=\"og:image:width\" content=\"1500\" \/>\n\t<meta property=\"og:image:height\" content=\"1500\" \/>\n\t<meta property=\"og:image:type\" content=\"image\/webp\" \/>\n<meta name=\"twitter:card\" content=\"summary_large_image\" \/>\n<meta name=\"twitter:label1\" content=\"Price\" \/>\n\t<meta name=\"twitter:data1\" content=\"&euro;68.00\" \/>\n\t<meta name=\"twitter:label2\" content=\"Availability\" \/>\n\t<meta name=\"twitter:data2\" content=\"In stock\" \/>\n<script type=\"application\/ld+json\" class=\"yoast-schema-graph\">{\"@context\":\"https:\\\/\\\/schema.org\",\"@graph\":[{\"@type\":\"WebPage\",\"@id\":\"https:\\\/\\\/www.mathematicus.it\\\/en\\\/prodotto\\\/am-scope-microscopio-bambini\\\/\",\"url\":\"https:\\\/\\\/www.mathematicus.it\\\/en\\\/prodotto\\\/am-scope-microscopio-bambini\\\/\",\"name\":\"AMScope Microscopio educativo composto per bambini - Mathematicus\",\"isPartOf\":{\"@id\":\"https:\\\/\\\/www.mathematicus.it\\\/en\\\/#website\"},\"primaryImageOfPage\":{\"@id\":\"https:\\\/\\\/www.mathematicus.it\\\/en\\\/prodotto\\\/am-scope-microscopio-bambini\\\/#primaryimage\"},\"image\":{\"@id\":\"https:\\\/\\\/www.mathematicus.it\\\/en\\\/prodotto\\\/am-scope-microscopio-bambini\\\/#primaryimage\"},\"thumbnailUrl\":\"https:\\\/\\\/i0.wp.com\\\/www.mathematicus.it\\\/wp-content\\\/uploads\\\/2025\\\/09\\\/kids-microscope-m30-abs-kt1-1b_009c0dd0-8edd-4ab1-9b29-251fdf60860a_1800x.webp?fit=1500%2C1500&ssl=1\",\"datePublished\":\"2025-09-09T16:03:23+00:00\",\"dateModified\":\"2026-01-12T16:39:06+00:00\",\"description\":\"Microscopi AMSCOPE-KIDS: con questo set di microscopi, i giovani scienziati possono studiare tutto, dalle cellule ai cristalli.\",\"breadcrumb\":{\"@id\":\"https:\\\/\\\/www.mathematicus.it\\\/en\\\/prodotto\\\/am-scope-microscopio-bambini\\\/#breadcrumb\"},\"inLanguage\":\"en-US\",\"potentialAction\":[{\"@type\":\"ReadAction\",\"target\":[\"https:\\\/\\\/www.mathematicus.it\\\/en\\\/prodotto\\\/am-scope-microscopio-bambini\\\/\"]}]},{\"@type\":\"ImageObject\",\"inLanguage\":\"en-US\",\"@id\":\"https:\\\/\\\/www.mathematicus.it\\\/en\\\/prodotto\\\/am-scope-microscopio-bambini\\\/#primaryimage\",\"url\":\"https:\\\/\\\/i0.wp.com\\\/www.mathematicus.it\\\/wp-content\\\/uploads\\\/2025\\\/09\\\/kids-microscope-m30-abs-kt1-1b_009c0dd0-8edd-4ab1-9b29-251fdf60860a_1800x.webp?fit=1500%2C1500&ssl=1\",\"contentUrl\":\"https:\\\/\\\/i0.wp.com\\\/www.mathematicus.it\\\/wp-content\\\/uploads\\\/2025\\\/09\\\/kids-microscope-m30-abs-kt1-1b_009c0dd0-8edd-4ab1-9b29-251fdf60860a_1800x.webp?fit=1500%2C1500&ssl=1\",\"width\":1500,\"height\":1500},{\"@type\":\"BreadcrumbList\",\"@id\":\"https:\\\/\\\/www.mathematicus.it\\\/en\\\/prodotto\\\/am-scope-microscopio-bambini\\\/#breadcrumb\",\"itemListElement\":[{\"@type\":\"ListItem\",\"position\":1,\"name\":\"Home\",\"item\":\"https:\\\/\\\/www.mathematicus.it\\\/en\\\/\"},{\"@type\":\"ListItem\",\"position\":2,\"name\":\"Shop\",\"item\":\"https:\\\/\\\/www.mathematicus.it\\\/negozio\\\/\"},{\"@type\":\"ListItem\",\"position\":3,\"name\":\"AMScope Microscopio educativo composto per bambini\"}]},{\"@type\":\"WebSite\",\"@id\":\"https:\\\/\\\/www.mathematicus.it\\\/en\\\/#website\",\"url\":\"https:\\\/\\\/www.mathematicus.it\\\/en\\\/\",\"name\":\"Mathematicus\",\"description\":\"Il gioco della Matematica\",\"publisher\":{\"@id\":\"https:\\\/\\\/www.mathematicus.it\\\/en\\\/#organization\"},\"potentialAction\":[{\"@type\":\"SearchAction\",\"target\":{\"@type\":\"EntryPoint\",\"urlTemplate\":\"https:\\\/\\\/www.mathematicus.it\\\/en\\\/?s={search_term_string}\"},\"query-input\":{\"@type\":\"PropertyValueSpecification\",\"valueRequired\":true,\"valueName\":\"search_term_string\"}}],\"inLanguage\":\"en-US\"},{\"@type\":\"Organization\",\"@id\":\"https:\\\/\\\/www.mathematicus.it\\\/en\\\/#organization\",\"name\":\"Mathematicus\",\"url\":\"https:\\\/\\\/www.mathematicus.it\\\/en\\\/\",\"logo\":{\"@type\":\"ImageObject\",\"inLanguage\":\"en-US\",\"@id\":\"https:\\\/\\\/www.mathematicus.it\\\/en\\\/#\\\/schema\\\/logo\\\/image\\\/\",\"url\":\"https:\\\/\\\/i0.wp.com\\\/www.mathematicus.it\\\/wp-content\\\/uploads\\\/2020\\\/11\\\/logo.png?fit=500%2C49&ssl=1\",\"contentUrl\":\"https:\\\/\\\/i0.wp.com\\\/www.mathematicus.it\\\/wp-content\\\/uploads\\\/2020\\\/11\\\/logo.png?fit=500%2C49&ssl=1\",\"width\":500,\"height\":49,\"caption\":\"Mathematicus\"},\"image\":{\"@id\":\"https:\\\/\\\/www.mathematicus.it\\\/en\\\/#\\\/schema\\\/logo\\\/image\\\/\"},\"sameAs\":[\"https:\\\/\\\/www.facebook.com\\\/mathematicusilgiocodellamatematica\",\"https:\\\/\\\/www.instagram.com\\\/mathematicusgiocomatematica\\\/\",\"https:\\\/\\\/www.linkedin.com\\\/company\\\/94868880\",\"https:\\\/\\\/www.pinterest.it\\\/tomasobaj\\\/giochi-matematici\\\/\"]}]}<\/script>\n<meta property=\"product:brand\" content=\"AmScope-Micorscopi\" \/>\n<meta property=\"product:price:amount\" content=\"68.00\" \/>\n<meta property=\"product:price:currency\" content=\"EUR\" \/>\n<meta property=\"og:availability\" content=\"instock\" \/>\n<meta property=\"product:availability\" content=\"instock\" \/>\n<meta property=\"product:retailer_item_id\" content=\"M30-ABS-KT1-W-3PL\" \/>\n<meta property=\"product:condition\" content=\"new\" \/>\n<!-- \/ Yoast SEO Premium plugin. -->","yoast_head_json":{"title":"AMScope Microscopio educativo composto per bambini - Mathematicus","description":"Microscopi AMSCOPE-KIDS: con questo set di microscopi, i giovani scienziati possono studiare tutto, dalle cellule ai cristalli.","robots":{"index":"index","follow":"follow","max-snippet":"max-snippet:-1","max-image-preview":"max-image-preview:large","max-video-preview":"max-video-preview:-1"},"canonical":"https:\/\/www.mathematicus.it\/en\/prodotto\/am-scope-microscopio-bambini\/","og_locale":"en_US","og_type":"article","og_title":"AMScope Microscopio educativo composto per bambini","og_description":"Microscopi AMSCOPE-KIDS: con questo set di microscopi, i giovani scienziati possono studiare tutto, dalle cellule ai cristalli.","og_url":"https:\/\/www.mathematicus.it\/en\/prodotto\/am-scope-microscopio-bambini\/","og_site_name":"Mathematicus","article_publisher":"https:\/\/www.facebook.com\/mathematicusilgiocodellamatematica","article_modified_time":"2026-01-12T16:39:06+00:00","og_image":[{"width":1500,"height":1500,"url":"https:\/\/www.mathematicus.it\/wp-content\/uploads\/2025\/09\/kids-microscope-m30-abs-kt1-1b_009c0dd0-8edd-4ab1-9b29-251fdf60860a_1800x.webp","type":"image\/webp"}],"twitter_card":"summary_large_image","twitter_misc":{"Price":"&euro;68.00","Availability":"In stock"},"schema":{"@context":"https:\/\/schema.org","@graph":[{"@type":"WebPage","@id":"https:\/\/www.mathematicus.it\/en\/prodotto\/am-scope-microscopio-bambini\/","url":"https:\/\/www.mathematicus.it\/en\/prodotto\/am-scope-microscopio-bambini\/","name":"AMScope Microscopio educativo composto per bambini - Mathematicus","isPartOf":{"@id":"https:\/\/www.mathematicus.it\/en\/#website"},"primaryImageOfPage":{"@id":"https:\/\/www.mathematicus.it\/en\/prodotto\/am-scope-microscopio-bambini\/#primaryimage"},"image":{"@id":"https:\/\/www.mathematicus.it\/en\/prodotto\/am-scope-microscopio-bambini\/#primaryimage"},"thumbnailUrl":"https:\/\/i0.wp.com\/www.mathematicus.it\/wp-content\/uploads\/2025\/09\/kids-microscope-m30-abs-kt1-1b_009c0dd0-8edd-4ab1-9b29-251fdf60860a_1800x.webp?fit=1500%2C1500&ssl=1","datePublished":"2025-09-09T16:03:23+00:00","dateModified":"2026-01-12T16:39:06+00:00","description":"Microscopi AMSCOPE-KIDS: con questo set di microscopi, i giovani scienziati possono studiare tutto, dalle cellule ai cristalli.","breadcrumb":{"@id":"https:\/\/www.mathematicus.it\/en\/prodotto\/am-scope-microscopio-bambini\/#breadcrumb"},"inLanguage":"en-US","potentialAction":[{"@type":"ReadAction","target":["https:\/\/www.mathematicus.it\/en\/prodotto\/am-scope-microscopio-bambini\/"]}]},{"@type":"ImageObject","inLanguage":"en-US","@id":"https:\/\/www.mathematicus.it\/en\/prodotto\/am-scope-microscopio-bambini\/#primaryimage","url":"https:\/\/i0.wp.com\/www.mathematicus.it\/wp-content\/uploads\/2025\/09\/kids-microscope-m30-abs-kt1-1b_009c0dd0-8edd-4ab1-9b29-251fdf60860a_1800x.webp?fit=1500%2C1500&ssl=1","contentUrl":"https:\/\/i0.wp.com\/www.mathematicus.it\/wp-content\/uploads\/2025\/09\/kids-microscope-m30-abs-kt1-1b_009c0dd0-8edd-4ab1-9b29-251fdf60860a_1800x.webp?fit=1500%2C1500&ssl=1","width":1500,"height":1500},{"@type":"BreadcrumbList","@id":"https:\/\/www.mathematicus.it\/en\/prodotto\/am-scope-microscopio-bambini\/#breadcrumb","itemListElement":[{"@type":"ListItem","position":1,"name":"Home","item":"https:\/\/www.mathematicus.it\/en\/"},{"@type":"ListItem","position":2,"name":"Shop","item":"https:\/\/www.mathematicus.it\/negozio\/"},{"@type":"ListItem","position":3,"name":"AMScope Microscopio educativo composto per bambini"}]},{"@type":"WebSite","@id":"https:\/\/www.mathematicus.it\/en\/#website","url":"https:\/\/www.mathematicus.it\/en\/","name":"Mathematicus","description":"Il gioco della Matematica","publisher":{"@id":"https:\/\/www.mathematicus.it\/en\/#organization"},"potentialAction":[{"@type":"SearchAction","target":{"@type":"EntryPoint","urlTemplate":"https:\/\/www.mathematicus.it\/en\/?s={search_term_string}"},"query-input":{"@type":"PropertyValueSpecification","valueRequired":true,"valueName":"search_term_string"}}],"inLanguage":"en-US"},{"@type":"Organization","@id":"https:\/\/www.mathematicus.it\/en\/#organization","name":"Mathematicus","url":"https:\/\/www.mathematicus.it\/en\/","logo":{"@type":"ImageObject","inLanguage":"en-US","@id":"https:\/\/www.mathematicus.it\/en\/#\/schema\/logo\/image\/","url":"https:\/\/i0.wp.com\/www.mathematicus.it\/wp-content\/uploads\/2020\/11\/logo.png?fit=500%2C49&ssl=1","contentUrl":"https:\/\/i0.wp.com\/www.mathematicus.it\/wp-content\/uploads\/2020\/11\/logo.png?fit=500%2C49&ssl=1","width":500,"height":49,"caption":"Mathematicus"},"image":{"@id":"https:\/\/www.mathematicus.it\/en\/#\/schema\/logo\/image\/"},"sameAs":["https:\/\/www.facebook.com\/mathematicusilgiocodellamatematica","https:\/\/www.instagram.com\/mathematicusgiocomatematica\/","https:\/\/www.linkedin.com\/company\/94868880","https:\/\/www.pinterest.it\/tomasobaj\/giochi-matematici\/"]}]},"product_brand":"AmScope-Micorscopi","product_price_amount":"68.00","product_price_currency":"EUR","og_availability":"instock","product_availability":"instock","product_retailer_item_id":"M30-ABS-KT1-W-3PL","product_condition":"new"},"jetpack_sharing_enabled":true,"_links":{"self":[{"href":"https:\/\/www.mathematicus.it\/en\/wp-json\/wp\/v2\/product\/18992","targetHints":{"allow":["GET"]}}],"collection":[{"href":"https:\/\/www.mathematicus.it\/en\/wp-json\/wp\/v2\/product"}],"about":[{"href":"https:\/\/www.mathematicus.it\/en\/wp-json\/wp\/v2\/types\/product"}],"replies":[{"embeddable":true,"href":"https:\/\/www.mathematicus.it\/en\/wp-json\/wp\/v2\/comments?post=18992"}],"wp:featuredmedia":[{"embeddable":true,"href":"https:\/\/www.mathematicus.it\/en\/wp-json\/wp\/v2\/media\/18993"}],"wp:attachment":[{"href":"https:\/\/www.mathematicus.it\/en\/wp-json\/wp\/v2\/media?parent=18992"}],"wp:term":[{"taxonomy":"product_brand","embeddable":true,"href":"https:\/\/www.mathematicus.it\/en\/wp-json\/wp\/v2\/product_brand?post=18992"},{"taxonomy":"product_cat","embeddable":true,"href":"https:\/\/www.mathematicus.it\/en\/wp-json\/wp\/v2\/product_cat?post=18992"},{"taxonomy":"product_tag","embeddable":true,"href":"https:\/\/www.mathematicus.it\/en\/wp-json\/wp\/v2\/product_tag?post=18992"},{"taxonomy":"berocket_brand","embeddable":true,"href":"https:\/\/www.mathematicus.it\/en\/wp-json\/wp\/v2\/berocket_brand?post=18992"}],"curies":[{"name":"wp","href":"https:\/\/api.w.org\/{rel}","templated":true}]}}