{"id":18981,"date":"2025-09-09T18:12:56","date_gmt":"2025-09-09T16:12:56","guid":{"rendered":"https:\/\/www.mathematicus.it\/?post_type=product&#038;p=18981"},"modified":"2026-01-12T17:37:02","modified_gmt":"2026-01-12T16:37:02","slug":"am-scope-set-per-principianti","status":"publish","type":"product","link":"https:\/\/www.mathematicus.it\/en\/prodotto\/am-scope-set-per-principianti\/","title":{"rendered":"Am Scope &#8211; Set di microscopi composti per principianti"},"content":{"rendered":"<h3 class=\"product-title\"><span class=\"product-title__variant active\" data-id=\"39798621339827\">Set di microscopi composti per principianti IQCrew By AmScope 100X-1200X Ingrandimento LED + Kit per la preparazione dei vetrini<\/span><\/h3>\n<h3 class=\"product-bulletpoints__title\">Caratteristiche principali<\/h3>\n<ul class=\"product-bulletpoints__text active\">\n<li>Microscopio per studenti principianti IQCrew con LED, ingrandimento 100X\/400X\/1200X, incluso set di accessori<\/li>\n<li>Il microscopio composto per principianti offre un elevato ingrandimento per le applicazioni didattiche, con ingrandimento 100X, 400x e 1200x.<\/li>\n<li>Il giocattolo super educativo include tutto il necessario per introdurre un bambino alla scienza e iniziare a studiare gli esemplari.<\/li>\n<li>Testa di osservazione monoculare con LED, fornita con kit di accessori multipezzo<\/li>\n<li>Richiede 2 batterie AA (non incluse)<\/li>\n<\/ul>\n<h3 class=\"product-bulletpoints__title\">Descrizione<\/h3>\n<p>La serie Early Explorer di IQCrew aiuta i bambini a sviluppare un interesse precoce per la scienza, fornendo strumenti facili da usare che rendono divertente l&#8217;apprendimento. I microscopi sono una parte importante di ogni laboratorio, perch\u00e9 gran parte della scienza si svolge a livello microscopico. Il nostro obiettivo non \u00e8 solo quello di fornire il fattore WOW, ma di guidare l&#8217;utente attraverso una vera e propria esplorazione scientifica.<\/p>\n<p>Il microscopio M29 \u00e8 un ottimo strumento per la didattica a livello elementare. Il tradizionale design monoculare utilizza un unico oculare, che semplifica la visione eliminando la difficolt\u00e0 di mettere a fuoco con entrambi gli occhi. Le tre lenti possono essere facilmente ruotate per ottenere tre diversi livelli di ingrandimento, mentre l&#8217;oculare regolabile pu\u00f2 essere ingrandito per ottenere ancora pi\u00f9 dettagli. Un LED integrato fornisce la luce necessaria per produrre immagini luminose. L&#8217;installazione \u00e8 semplice. Installare due batterie AA (non incluse), quindi accendere la luce LED. Posizionare il vetrino gi\u00e0 preparato in dotazione con il microscopio sul tavolo di osservazione. Iniziare con l&#8217;ingrandimento pi\u00f9 basso e utilizzare la manopola di messa a fuoco per mettere a fuoco l&#8217;immagine. Muovete il vetrino finch\u00e9 non trovate qualcosa di interessante. Ora potete cambiare l&#8217;ingrandimento per avvicinarvi sempre di pi\u00f9. Rimarrete stupiti da ci\u00f2 che vedrete!<\/p>\n<h3>Contenuto<\/h3>\n<ul>\n<li>Un microscopio<\/li>\n<li>Una pinzetta<\/li>\n<li>Una diapositiva preparata<\/li>\n<li>Quattro diapositive vuote<\/li>\n<li>Quattro etichette per le diapositive<\/li>\n<li>Due bottiglie da collezione<\/li>\n<\/ul>\n<p>Per et\u00e0 superiore ai 6 anni<\/p>\n<div class=\"video-shortcode\"><iframe class=\"lazyload\" title=\"Science MicroscopeKit for Children\" width=\"563\" height=\"1000\" src=\"data:image\/svg+xml,%3Csvg%20xmlns%3D%27http%3A%2F%2Fwww.w3.org%2F2000%2Fsvg%27%20width%3D%27563%27%20height%3D%271000%27%20viewBox%3D%270%200%20563%201000%27%3E%3Crect%20width%3D%27563%27%20height%3D%271000%27%20fill-opacity%3D%220%22%2F%3E%3C%2Fsvg%3E\" data-orig-src=\"https:\/\/www.youtube.com\/embed\/GL5NKLDhbF8?feature=oembed\" frameborder=\"0\" allow=\"accelerometer; autoplay; clipboard-write; encrypted-media; gyroscope; picture-in-picture; web-share\" referrerpolicy=\"strict-origin-when-cross-origin\" allowfullscreen><\/iframe><\/div>\n<h1><\/h1>\n","protected":false},"excerpt":{"rendered":"<p>Set di microscopi composti per principianti IQCrew By AmScope 100X-1200X  [&#8230;]<\/p>\n","protected":false},"featured_media":18982,"comment_status":"open","ping_status":"closed","template":"","meta":[],"product_brand":[],"product_cat":[620],"product_tag":[353,57,607,612,613,610,609,111,138,608,611,606],"berocket_brand":[],"class_list":{"0":"post-18981","1":"product","2":"type-product","3":"status-publish","4":"has-post-thumbnail","6":"product_cat-amscope-micorscopi","7":"product_tag-acquistabile-con-la-carta-del-docente","8":"product_tag-bambini","9":"product_tag-biologia","10":"product_tag-dettagli-invisibili","11":"product_tag-divulgazione-scientifica","12":"product_tag-laboratorio","13":"product_tag-microcosmo","14":"product_tag-microscopia","15":"product_tag-microscopio","16":"product_tag-natura-invisibile","17":"product_tag-ricerca-scientifica","18":"product_tag-scienza","20":"first","21":"instock","22":"taxable","23":"shipping-taxable","24":"purchasable","25":"product-type-simple"},"yoast_head":"<!-- This site is optimized with the Yoast SEO Premium plugin v27.3 (Yoast SEO v27.3) - https:\/\/yoast.com\/product\/yoast-seo-premium-wordpress\/ -->\n<title>Am Scope - Set di microscopi composti per principianti - Mathematicus<\/title>\n<meta name=\"description\" content=\"La serie Early Explorer di IQCrew aiuta i bambini a sviluppare un interesse precoce per la scienza, fornendo strumenti facili da usare.\" \/>\n<meta name=\"robots\" content=\"index, follow, max-snippet:-1, max-image-preview:large, max-video-preview:-1\" \/>\n<link rel=\"canonical\" href=\"https:\/\/www.mathematicus.it\/en\/prodotto\/am-scope-set-per-principianti\/\" \/>\n<meta property=\"og:locale\" content=\"en_US\" \/>\n<meta property=\"og:type\" content=\"article\" \/>\n<meta property=\"og:title\" content=\"Am Scope - Set di microscopi composti per principianti\" \/>\n<meta property=\"og:description\" content=\"La serie Early Explorer di IQCrew aiuta i bambini a sviluppare un interesse precoce per la scienza, fornendo strumenti facili da usare.\" \/>\n<meta property=\"og:url\" content=\"https:\/\/www.mathematicus.it\/en\/prodotto\/am-scope-set-per-principianti\/\" \/>\n<meta property=\"og:site_name\" content=\"Mathematicus\" \/>\n<meta property=\"article:publisher\" content=\"https:\/\/www.facebook.com\/mathematicusilgiocodellamatematica\" \/>\n<meta property=\"article:modified_time\" content=\"2026-01-12T16:37:02+00:00\" \/>\n<meta property=\"og:image\" content=\"https:\/\/www.mathematicus.it\/wp-content\/uploads\/2025\/09\/kids-microscope-m28-kt1-w-01v3_818e9e24-941e-4213-803e-fa07e53682a2_1800x.webp\" \/>\n\t<meta property=\"og:image:width\" content=\"1500\" \/>\n\t<meta property=\"og:image:height\" content=\"1500\" \/>\n\t<meta property=\"og:image:type\" content=\"image\/webp\" \/>\n<meta name=\"twitter:card\" content=\"summary_large_image\" \/>\n<meta name=\"twitter:label1\" content=\"Price\" \/>\n\t<meta name=\"twitter:data1\" content=\"&euro;36.00\" \/>\n\t<meta name=\"twitter:label2\" content=\"Availability\" \/>\n\t<meta name=\"twitter:data2\" content=\"In stock\" \/>\n<script type=\"application\/ld+json\" class=\"yoast-schema-graph\">{\"@context\":\"https:\\\/\\\/schema.org\",\"@graph\":[{\"@type\":\"WebPage\",\"@id\":\"https:\\\/\\\/www.mathematicus.it\\\/en\\\/prodotto\\\/am-scope-set-per-principianti\\\/\",\"url\":\"https:\\\/\\\/www.mathematicus.it\\\/en\\\/prodotto\\\/am-scope-set-per-principianti\\\/\",\"name\":\"Am Scope - Set di microscopi composti per principianti - Mathematicus\",\"isPartOf\":{\"@id\":\"https:\\\/\\\/www.mathematicus.it\\\/en\\\/#website\"},\"primaryImageOfPage\":{\"@id\":\"https:\\\/\\\/www.mathematicus.it\\\/en\\\/prodotto\\\/am-scope-set-per-principianti\\\/#primaryimage\"},\"image\":{\"@id\":\"https:\\\/\\\/www.mathematicus.it\\\/en\\\/prodotto\\\/am-scope-set-per-principianti\\\/#primaryimage\"},\"thumbnailUrl\":\"https:\\\/\\\/i0.wp.com\\\/www.mathematicus.it\\\/wp-content\\\/uploads\\\/2025\\\/09\\\/kids-microscope-m28-kt1-w-01v3_818e9e24-941e-4213-803e-fa07e53682a2_1800x.webp?fit=1500%2C1500&ssl=1\",\"datePublished\":\"2025-09-09T16:12:56+00:00\",\"dateModified\":\"2026-01-12T16:37:02+00:00\",\"description\":\"La serie Early Explorer di IQCrew aiuta i bambini a sviluppare un interesse precoce per la scienza, fornendo strumenti facili da usare.\",\"breadcrumb\":{\"@id\":\"https:\\\/\\\/www.mathematicus.it\\\/en\\\/prodotto\\\/am-scope-set-per-principianti\\\/#breadcrumb\"},\"inLanguage\":\"en-US\",\"potentialAction\":[{\"@type\":\"ReadAction\",\"target\":[\"https:\\\/\\\/www.mathematicus.it\\\/en\\\/prodotto\\\/am-scope-set-per-principianti\\\/\"]}]},{\"@type\":\"ImageObject\",\"inLanguage\":\"en-US\",\"@id\":\"https:\\\/\\\/www.mathematicus.it\\\/en\\\/prodotto\\\/am-scope-set-per-principianti\\\/#primaryimage\",\"url\":\"https:\\\/\\\/i0.wp.com\\\/www.mathematicus.it\\\/wp-content\\\/uploads\\\/2025\\\/09\\\/kids-microscope-m28-kt1-w-01v3_818e9e24-941e-4213-803e-fa07e53682a2_1800x.webp?fit=1500%2C1500&ssl=1\",\"contentUrl\":\"https:\\\/\\\/i0.wp.com\\\/www.mathematicus.it\\\/wp-content\\\/uploads\\\/2025\\\/09\\\/kids-microscope-m28-kt1-w-01v3_818e9e24-941e-4213-803e-fa07e53682a2_1800x.webp?fit=1500%2C1500&ssl=1\",\"width\":1500,\"height\":1500},{\"@type\":\"BreadcrumbList\",\"@id\":\"https:\\\/\\\/www.mathematicus.it\\\/en\\\/prodotto\\\/am-scope-set-per-principianti\\\/#breadcrumb\",\"itemListElement\":[{\"@type\":\"ListItem\",\"position\":1,\"name\":\"Home\",\"item\":\"https:\\\/\\\/www.mathematicus.it\\\/en\\\/\"},{\"@type\":\"ListItem\",\"position\":2,\"name\":\"Shop\",\"item\":\"https:\\\/\\\/www.mathematicus.it\\\/negozio\\\/\"},{\"@type\":\"ListItem\",\"position\":3,\"name\":\"Am Scope &#8211; Set di microscopi composti per principianti\"}]},{\"@type\":\"WebSite\",\"@id\":\"https:\\\/\\\/www.mathematicus.it\\\/en\\\/#website\",\"url\":\"https:\\\/\\\/www.mathematicus.it\\\/en\\\/\",\"name\":\"Mathematicus\",\"description\":\"Il gioco della Matematica\",\"publisher\":{\"@id\":\"https:\\\/\\\/www.mathematicus.it\\\/en\\\/#organization\"},\"potentialAction\":[{\"@type\":\"SearchAction\",\"target\":{\"@type\":\"EntryPoint\",\"urlTemplate\":\"https:\\\/\\\/www.mathematicus.it\\\/en\\\/?s={search_term_string}\"},\"query-input\":{\"@type\":\"PropertyValueSpecification\",\"valueRequired\":true,\"valueName\":\"search_term_string\"}}],\"inLanguage\":\"en-US\"},{\"@type\":\"Organization\",\"@id\":\"https:\\\/\\\/www.mathematicus.it\\\/en\\\/#organization\",\"name\":\"Mathematicus\",\"url\":\"https:\\\/\\\/www.mathematicus.it\\\/en\\\/\",\"logo\":{\"@type\":\"ImageObject\",\"inLanguage\":\"en-US\",\"@id\":\"https:\\\/\\\/www.mathematicus.it\\\/en\\\/#\\\/schema\\\/logo\\\/image\\\/\",\"url\":\"https:\\\/\\\/i0.wp.com\\\/www.mathematicus.it\\\/wp-content\\\/uploads\\\/2020\\\/11\\\/logo.png?fit=500%2C49&ssl=1\",\"contentUrl\":\"https:\\\/\\\/i0.wp.com\\\/www.mathematicus.it\\\/wp-content\\\/uploads\\\/2020\\\/11\\\/logo.png?fit=500%2C49&ssl=1\",\"width\":500,\"height\":49,\"caption\":\"Mathematicus\"},\"image\":{\"@id\":\"https:\\\/\\\/www.mathematicus.it\\\/en\\\/#\\\/schema\\\/logo\\\/image\\\/\"},\"sameAs\":[\"https:\\\/\\\/www.facebook.com\\\/mathematicusilgiocodellamatematica\",\"https:\\\/\\\/www.instagram.com\\\/mathematicusgiocomatematica\\\/\",\"https:\\\/\\\/www.linkedin.com\\\/company\\\/94868880\",\"https:\\\/\\\/www.pinterest.it\\\/tomasobaj\\\/giochi-matematici\\\/\"]}]}<\/script>\n<meta property=\"product:brand\" content=\"AmScope-Micorscopi\" \/>\n<meta property=\"product:price:amount\" content=\"36.00\" \/>\n<meta property=\"product:price:currency\" content=\"EUR\" \/>\n<meta property=\"og:availability\" content=\"instock\" \/>\n<meta property=\"product:availability\" content=\"instock\" \/>\n<meta property=\"product:retailer_item_id\" content=\"M28-KT1-W-3PL\" \/>\n<meta property=\"product:condition\" content=\"new\" \/>\n<!-- \/ Yoast SEO Premium plugin. -->","yoast_head_json":{"title":"Am Scope - Set di microscopi composti per principianti - Mathematicus","description":"La serie Early Explorer di IQCrew aiuta i bambini a sviluppare un interesse precoce per la scienza, fornendo strumenti facili da usare.","robots":{"index":"index","follow":"follow","max-snippet":"max-snippet:-1","max-image-preview":"max-image-preview:large","max-video-preview":"max-video-preview:-1"},"canonical":"https:\/\/www.mathematicus.it\/en\/prodotto\/am-scope-set-per-principianti\/","og_locale":"en_US","og_type":"article","og_title":"Am Scope - Set di microscopi composti per principianti","og_description":"La serie Early Explorer di IQCrew aiuta i bambini a sviluppare un interesse precoce per la scienza, fornendo strumenti facili da usare.","og_url":"https:\/\/www.mathematicus.it\/en\/prodotto\/am-scope-set-per-principianti\/","og_site_name":"Mathematicus","article_publisher":"https:\/\/www.facebook.com\/mathematicusilgiocodellamatematica","article_modified_time":"2026-01-12T16:37:02+00:00","og_image":[{"width":1500,"height":1500,"url":"https:\/\/www.mathematicus.it\/wp-content\/uploads\/2025\/09\/kids-microscope-m28-kt1-w-01v3_818e9e24-941e-4213-803e-fa07e53682a2_1800x.webp","type":"image\/webp"}],"twitter_card":"summary_large_image","twitter_misc":{"Price":"&euro;36.00","Availability":"In stock"},"schema":{"@context":"https:\/\/schema.org","@graph":[{"@type":"WebPage","@id":"https:\/\/www.mathematicus.it\/en\/prodotto\/am-scope-set-per-principianti\/","url":"https:\/\/www.mathematicus.it\/en\/prodotto\/am-scope-set-per-principianti\/","name":"Am Scope - Set di microscopi composti per principianti - Mathematicus","isPartOf":{"@id":"https:\/\/www.mathematicus.it\/en\/#website"},"primaryImageOfPage":{"@id":"https:\/\/www.mathematicus.it\/en\/prodotto\/am-scope-set-per-principianti\/#primaryimage"},"image":{"@id":"https:\/\/www.mathematicus.it\/en\/prodotto\/am-scope-set-per-principianti\/#primaryimage"},"thumbnailUrl":"https:\/\/i0.wp.com\/www.mathematicus.it\/wp-content\/uploads\/2025\/09\/kids-microscope-m28-kt1-w-01v3_818e9e24-941e-4213-803e-fa07e53682a2_1800x.webp?fit=1500%2C1500&ssl=1","datePublished":"2025-09-09T16:12:56+00:00","dateModified":"2026-01-12T16:37:02+00:00","description":"La serie Early Explorer di IQCrew aiuta i bambini a sviluppare un interesse precoce per la scienza, fornendo strumenti facili da usare.","breadcrumb":{"@id":"https:\/\/www.mathematicus.it\/en\/prodotto\/am-scope-set-per-principianti\/#breadcrumb"},"inLanguage":"en-US","potentialAction":[{"@type":"ReadAction","target":["https:\/\/www.mathematicus.it\/en\/prodotto\/am-scope-set-per-principianti\/"]}]},{"@type":"ImageObject","inLanguage":"en-US","@id":"https:\/\/www.mathematicus.it\/en\/prodotto\/am-scope-set-per-principianti\/#primaryimage","url":"https:\/\/i0.wp.com\/www.mathematicus.it\/wp-content\/uploads\/2025\/09\/kids-microscope-m28-kt1-w-01v3_818e9e24-941e-4213-803e-fa07e53682a2_1800x.webp?fit=1500%2C1500&ssl=1","contentUrl":"https:\/\/i0.wp.com\/www.mathematicus.it\/wp-content\/uploads\/2025\/09\/kids-microscope-m28-kt1-w-01v3_818e9e24-941e-4213-803e-fa07e53682a2_1800x.webp?fit=1500%2C1500&ssl=1","width":1500,"height":1500},{"@type":"BreadcrumbList","@id":"https:\/\/www.mathematicus.it\/en\/prodotto\/am-scope-set-per-principianti\/#breadcrumb","itemListElement":[{"@type":"ListItem","position":1,"name":"Home","item":"https:\/\/www.mathematicus.it\/en\/"},{"@type":"ListItem","position":2,"name":"Shop","item":"https:\/\/www.mathematicus.it\/negozio\/"},{"@type":"ListItem","position":3,"name":"Am Scope &#8211; Set di microscopi composti per principianti"}]},{"@type":"WebSite","@id":"https:\/\/www.mathematicus.it\/en\/#website","url":"https:\/\/www.mathematicus.it\/en\/","name":"Mathematicus","description":"Il gioco della Matematica","publisher":{"@id":"https:\/\/www.mathematicus.it\/en\/#organization"},"potentialAction":[{"@type":"SearchAction","target":{"@type":"EntryPoint","urlTemplate":"https:\/\/www.mathematicus.it\/en\/?s={search_term_string}"},"query-input":{"@type":"PropertyValueSpecification","valueRequired":true,"valueName":"search_term_string"}}],"inLanguage":"en-US"},{"@type":"Organization","@id":"https:\/\/www.mathematicus.it\/en\/#organization","name":"Mathematicus","url":"https:\/\/www.mathematicus.it\/en\/","logo":{"@type":"ImageObject","inLanguage":"en-US","@id":"https:\/\/www.mathematicus.it\/en\/#\/schema\/logo\/image\/","url":"https:\/\/i0.wp.com\/www.mathematicus.it\/wp-content\/uploads\/2020\/11\/logo.png?fit=500%2C49&ssl=1","contentUrl":"https:\/\/i0.wp.com\/www.mathematicus.it\/wp-content\/uploads\/2020\/11\/logo.png?fit=500%2C49&ssl=1","width":500,"height":49,"caption":"Mathematicus"},"image":{"@id":"https:\/\/www.mathematicus.it\/en\/#\/schema\/logo\/image\/"},"sameAs":["https:\/\/www.facebook.com\/mathematicusilgiocodellamatematica","https:\/\/www.instagram.com\/mathematicusgiocomatematica\/","https:\/\/www.linkedin.com\/company\/94868880","https:\/\/www.pinterest.it\/tomasobaj\/giochi-matematici\/"]}]},"product_brand":"AmScope-Micorscopi","product_price_amount":"36.00","product_price_currency":"EUR","og_availability":"instock","product_availability":"instock","product_retailer_item_id":"M28-KT1-W-3PL","product_condition":"new"},"jetpack_sharing_enabled":true,"_links":{"self":[{"href":"https:\/\/www.mathematicus.it\/en\/wp-json\/wp\/v2\/product\/18981","targetHints":{"allow":["GET"]}}],"collection":[{"href":"https:\/\/www.mathematicus.it\/en\/wp-json\/wp\/v2\/product"}],"about":[{"href":"https:\/\/www.mathematicus.it\/en\/wp-json\/wp\/v2\/types\/product"}],"replies":[{"embeddable":true,"href":"https:\/\/www.mathematicus.it\/en\/wp-json\/wp\/v2\/comments?post=18981"}],"wp:featuredmedia":[{"embeddable":true,"href":"https:\/\/www.mathematicus.it\/en\/wp-json\/wp\/v2\/media\/18982"}],"wp:attachment":[{"href":"https:\/\/www.mathematicus.it\/en\/wp-json\/wp\/v2\/media?parent=18981"}],"wp:term":[{"taxonomy":"product_brand","embeddable":true,"href":"https:\/\/www.mathematicus.it\/en\/wp-json\/wp\/v2\/product_brand?post=18981"},{"taxonomy":"product_cat","embeddable":true,"href":"https:\/\/www.mathematicus.it\/en\/wp-json\/wp\/v2\/product_cat?post=18981"},{"taxonomy":"product_tag","embeddable":true,"href":"https:\/\/www.mathematicus.it\/en\/wp-json\/wp\/v2\/product_tag?post=18981"},{"taxonomy":"berocket_brand","embeddable":true,"href":"https:\/\/www.mathematicus.it\/en\/wp-json\/wp\/v2\/berocket_brand?post=18981"}],"curies":[{"name":"wp","href":"https:\/\/api.w.org\/{rel}","templated":true}]}}