{"id":18970,"date":"2025-09-09T18:24:25","date_gmt":"2025-09-09T16:24:25","guid":{"rendered":"https:\/\/www.mathematicus.it\/?post_type=product&#038;p=18970"},"modified":"2026-01-12T17:35:07","modified_gmt":"2026-01-12T16:35:07","slug":"amscope-microscopio-doppia-luce","status":"publish","type":"product","link":"https:\/\/www.mathematicus.it\/en\/prodotto\/amscope-microscopio-doppia-luce\/","title":{"rendered":"AmScope &#8211; Microscopio monoculare composto a doppia luce"},"content":{"rendered":"<h3 class=\"product-title\"><span class=\"product-title__variant active\" data-id=\"39798514974899\">AmScope Serie M162 Microscopio monoculare composto a doppia luce con lente di vetro e struttura in metallo per studenti con ingrandimento 40X-1000X<\/span><\/h3>\n<h3 class=\"product-bulletpoints__title\">Caratteristiche principali<\/h3>\n<ul class=\"product-bulletpoints__text active\">\n<li>Microscopio monoculare in vetro ottico con luci LED superiori e inferiori<\/li>\n<li>40X-1000X Cinque ingrandimenti a campo largo<\/li>\n<li>Robusta struttura in metallo con messa a fuoco coassiale grossolana e fine<\/li>\n<li>Condensatore a lente singola con diaframma a disco a 6 fori<\/li>\n<li>Kit di cinque vetrini vergini e cinque preparati<\/li>\n<\/ul>\n<h3 class=\"product-bulletpoints__title\">Descrizione<\/h3>\n<p>Questo versatile microscopio a doppia luce funziona sia come microscopio a luce trasmessa ad alta potenza per l&#8217;osservazione di campioni microscopici, sia come microscopio a luce riflessa a bassa potenza per l&#8217;osservazione di oggetti pi\u00f9 grandi, come foglie e insetti. La luce pi\u00f9 bassa pu\u00f2 essere utilizzata per una visione incredibilmente dettagliata di campioni ultra-piccoli e traslucidi come le cellule o persino i sistemi vascolari di foglie sottili. Per gli oggetti pi\u00f9 opachi, come francobolli, sabbia o insetti, la luce superiore fornisce un&#8217;illuminazione riflessa. In tutto, il microscopio offre cinque impostazioni di ingrandimento: 40X, 100X, 250X, 400X e 1000X.<\/p>\n<p>\u00c8 incluso un kit di vetrini da 10 pezzi, con cinque campioni biologici e cinque vetrini vuoti, per dare all&#8217;utente un vantaggio. Progettato per l&#8217;apprendimento della scienza da parte degli studenti per anni di osservazioni continue, \u00e8 dotato di elementi in vetro ottico completo, struttura in metallo, due oculari (10X e 25X), testa monoculare ruotabile di 360 gradi e messa a fuoco grossolana e fine. Le fonti di luce utilizzano una presa di corrente (adattatore incluso) o tre batterie AA (incluse). Questo microscopio \u00e8 perfetto per le lezioni a casa degli studenti dalle elementari alle superiori.<\/p>\n<h2><b>Caratteristiche:<\/b><\/h2>\n<ul>\n<li>Un ottimo microscopio per studenti ad alta potenza con messa a fuoco grossolana e fine e luci superiori e inferiori!<\/li>\n<li>Kit di vetrini da 10 pezzi con cinque campioni biologici e cinque vetrini vuoti inclusi<\/li>\n<li>Testa monoculare inclinata di 45 gradi e girevole di 360 gradi con oculare bloccato<\/li>\n<li>Sistema di illuminazione LED incidente e trasmessa incorporato<\/li>\n<li>Palco liscio con clip e finitura antimacchia<\/li>\n<li>L&#8217;alta risoluzione offre immagini nitide<\/li>\n<li>Cinque ingrandimenti, 40X, 100X, 250X, 400X e 1000X<\/li>\n<li>Condensatore a lente singola e diaframma a disco<\/li>\n<li>Manopole di controllo della messa a fuoco su entrambi i lati<\/li>\n<li>Tutti gli elementi ottici rivestiti<\/li>\n<li>Lente di vetro smerigliato di precisione<\/li>\n<li>Componenti meccanici interamente in metallo<\/li>\n<li>Struttura in metallo massiccio con finitura smaltata antimacchia<\/li>\n<li>Prodotto secondo lo standard di controllo qualit\u00e0 ISO 9001<\/li>\n<li>Eccellente garanzia di fabbrica di cinque (5) anni<\/li>\n<\/ul>\n<h2><b>Specifiche tecniche<\/b><\/h2>\n<ul>\n<li>Testa: monoculare inclinata di 45 gradi<\/li>\n<li>Oculari: WF10X, WF25X<\/li>\n<li>Obiettivi: 4X, 10X, 40X (primavera)<\/li>\n<li>Condensatore: lente singola da 0,65 NA con diaframma a disco a 6 fori<\/li>\n<li>Dimensioni del palco: 3-1\/2&#8243; x 3-1\/2&#8243;<\/li>\n<li>Illuminazione: LED, 1W, superiore e inferiore<\/li>\n<li>Alimentazione: 220V\/60Hz (adattatore incluso) o batterie 3AA (non incluse)<\/li>\n<\/ul>\n<h2><b>Lista di imballaggio<\/b><\/h2>\n<ul>\n<li>Un microscopio monoculare con tre obiettivi e luci superiori e inferiori<\/li>\n<li>Un oculare grandangolare 10X<\/li>\n<li>Un oculare Widefield 25X<\/li>\n<li>Un coperchio antipolvere<\/li>\n<li>Due clip<\/li>\n<li>Adattatore di alimentazione a una presa<\/li>\n<li>Tre batterie AA<\/li>\n<li>Un kit di vetrini da 10 pezzi con cinque campioni e cinque campioni vuoti<\/li>\n<li>Scarica il manuale d&#8217;uso<\/li>\n<li>Dimensioni della confezione: 15&#8243; x 10&#8243; x 6,5&#8243;<\/li>\n<li>Peso di spedizione: 2,3 chilogrammi<\/li>\n<\/ul>\n<h1><iframe class=\"lazyload\" title=\"YouTube video player\" src=\"data:image\/svg+xml,%3Csvg%20xmlns%3D%27http%3A%2F%2Fwww.w3.org%2F2000%2Fsvg%27%20width%3D%27560%27%20height%3D%27315%27%20viewBox%3D%270%200%20560%20315%27%3E%3Crect%20width%3D%27560%27%20height%3D%27315%27%20fill-opacity%3D%220%22%2F%3E%3C%2Fsvg%3E\" data-orig-src=\"https:\/\/www.youtube.com\/embed\/tbM_JqUKhII?si=E1-HjITxOfFKXJid\" width=\"560\" height=\"315\" frameborder=\"0\" allowfullscreen=\"allowfullscreen\"><\/iframe><\/h1>\n","protected":false},"excerpt":{"rendered":"<p>AmScope Serie M162 Microscopio monoculare composto a doppia luce con  [&#8230;]<\/p>\n","protected":false},"featured_media":18971,"comment_status":"open","ping_status":"closed","template":"","meta":[],"product_brand":[],"product_cat":[620],"product_tag":[353,607,612,613,610,609,111,138,608,611,606,614],"berocket_brand":[396],"class_list":{"0":"post-18970","1":"product","2":"type-product","3":"status-publish","4":"has-post-thumbnail","6":"product_cat-amscope-micorscopi","7":"product_tag-acquistabile-con-la-carta-del-docente","8":"product_tag-biologia","9":"product_tag-dettagli-invisibili","10":"product_tag-divulgazione-scientifica","11":"product_tag-laboratorio","12":"product_tag-microcosmo","13":"product_tag-microscopia","14":"product_tag-microscopio","15":"product_tag-natura-invisibile","16":"product_tag-ricerca-scientifica","17":"product_tag-scienza","18":"product_tag-studenti","19":"berocket_brand-amscope","21":"first","22":"instock","23":"taxable","24":"shipping-taxable","25":"purchasable","26":"product-type-simple"},"yoast_head":"<!-- This site is optimized with the Yoast SEO Premium plugin v27.3 (Yoast SEO v27.3) - https:\/\/yoast.com\/product\/yoast-seo-premium-wordpress\/ -->\n<title>AmScope - Microscopio monoculare composto a doppia luce - Mathematicus<\/title>\n<meta name=\"description\" content=\"AmScope Serie M162 Microscopio monoculare composto a doppia luce con lente di vetro e struttura in metallo per studenti\" \/>\n<meta name=\"robots\" content=\"index, follow, max-snippet:-1, max-image-preview:large, max-video-preview:-1\" \/>\n<link rel=\"canonical\" href=\"https:\/\/www.mathematicus.it\/en\/prodotto\/amscope-microscopio-doppia-luce\/\" \/>\n<meta property=\"og:locale\" content=\"en_US\" \/>\n<meta property=\"og:type\" content=\"article\" \/>\n<meta property=\"og:title\" content=\"AmScope - Microscopio monoculare composto a doppia luce\" \/>\n<meta property=\"og:description\" content=\"AmScope Serie M162 Microscopio monoculare composto a doppia luce con lente di vetro e struttura in metallo per studenti\" \/>\n<meta property=\"og:url\" content=\"https:\/\/www.mathematicus.it\/en\/prodotto\/amscope-microscopio-doppia-luce\/\" \/>\n<meta property=\"og:site_name\" content=\"Mathematicus\" \/>\n<meta property=\"article:publisher\" content=\"https:\/\/www.facebook.com\/mathematicusilgiocodellamatematica\" \/>\n<meta property=\"article:modified_time\" content=\"2026-01-12T16:35:07+00:00\" \/>\n<meta property=\"og:image\" content=\"https:\/\/www.mathematicus.it\/wp-content\/uploads\/2025\/09\/student-microscope-M162-2L-PB10-V287-01-noAC_b637b98f-c610-4537-a999-fa9610da5105_1800x.webp\" \/>\n\t<meta property=\"og:image:width\" content=\"1800\" \/>\n\t<meta property=\"og:image:height\" content=\"1800\" \/>\n\t<meta property=\"og:image:type\" content=\"image\/webp\" \/>\n<meta name=\"twitter:card\" content=\"summary_large_image\" \/>\n<meta name=\"twitter:label1\" content=\"Price\" \/>\n\t<meta name=\"twitter:data1\" content=\"&euro;203.00\" \/>\n\t<meta name=\"twitter:label2\" content=\"Availability\" \/>\n\t<meta name=\"twitter:data2\" content=\"In stock\" \/>\n<script type=\"application\/ld+json\" class=\"yoast-schema-graph\">{\"@context\":\"https:\\\/\\\/schema.org\",\"@graph\":[{\"@type\":\"WebPage\",\"@id\":\"https:\\\/\\\/www.mathematicus.it\\\/en\\\/prodotto\\\/amscope-microscopio-doppia-luce\\\/\",\"url\":\"https:\\\/\\\/www.mathematicus.it\\\/en\\\/prodotto\\\/amscope-microscopio-doppia-luce\\\/\",\"name\":\"AmScope - Microscopio monoculare composto a doppia luce - Mathematicus\",\"isPartOf\":{\"@id\":\"https:\\\/\\\/www.mathematicus.it\\\/en\\\/#website\"},\"primaryImageOfPage\":{\"@id\":\"https:\\\/\\\/www.mathematicus.it\\\/en\\\/prodotto\\\/amscope-microscopio-doppia-luce\\\/#primaryimage\"},\"image\":{\"@id\":\"https:\\\/\\\/www.mathematicus.it\\\/en\\\/prodotto\\\/amscope-microscopio-doppia-luce\\\/#primaryimage\"},\"thumbnailUrl\":\"https:\\\/\\\/i0.wp.com\\\/www.mathematicus.it\\\/wp-content\\\/uploads\\\/2025\\\/09\\\/student-microscope-M162-2L-PB10-V287-01-noAC_b637b98f-c610-4537-a999-fa9610da5105_1800x.webp?fit=1800%2C1800&ssl=1\",\"datePublished\":\"2025-09-09T16:24:25+00:00\",\"dateModified\":\"2026-01-12T16:35:07+00:00\",\"description\":\"AmScope Serie M162 Microscopio monoculare composto a doppia luce con lente di vetro e struttura in metallo per studenti\",\"breadcrumb\":{\"@id\":\"https:\\\/\\\/www.mathematicus.it\\\/en\\\/prodotto\\\/amscope-microscopio-doppia-luce\\\/#breadcrumb\"},\"inLanguage\":\"en-US\",\"potentialAction\":[{\"@type\":\"ReadAction\",\"target\":[\"https:\\\/\\\/www.mathematicus.it\\\/en\\\/prodotto\\\/amscope-microscopio-doppia-luce\\\/\"]}]},{\"@type\":\"ImageObject\",\"inLanguage\":\"en-US\",\"@id\":\"https:\\\/\\\/www.mathematicus.it\\\/en\\\/prodotto\\\/amscope-microscopio-doppia-luce\\\/#primaryimage\",\"url\":\"https:\\\/\\\/i0.wp.com\\\/www.mathematicus.it\\\/wp-content\\\/uploads\\\/2025\\\/09\\\/student-microscope-M162-2L-PB10-V287-01-noAC_b637b98f-c610-4537-a999-fa9610da5105_1800x.webp?fit=1800%2C1800&ssl=1\",\"contentUrl\":\"https:\\\/\\\/i0.wp.com\\\/www.mathematicus.it\\\/wp-content\\\/uploads\\\/2025\\\/09\\\/student-microscope-M162-2L-PB10-V287-01-noAC_b637b98f-c610-4537-a999-fa9610da5105_1800x.webp?fit=1800%2C1800&ssl=1\",\"width\":1800,\"height\":1800},{\"@type\":\"BreadcrumbList\",\"@id\":\"https:\\\/\\\/www.mathematicus.it\\\/en\\\/prodotto\\\/amscope-microscopio-doppia-luce\\\/#breadcrumb\",\"itemListElement\":[{\"@type\":\"ListItem\",\"position\":1,\"name\":\"Home\",\"item\":\"https:\\\/\\\/www.mathematicus.it\\\/en\\\/\"},{\"@type\":\"ListItem\",\"position\":2,\"name\":\"Shop\",\"item\":\"https:\\\/\\\/www.mathematicus.it\\\/negozio\\\/\"},{\"@type\":\"ListItem\",\"position\":3,\"name\":\"AmScope &#8211; Microscopio monoculare composto a doppia luce\"}]},{\"@type\":\"WebSite\",\"@id\":\"https:\\\/\\\/www.mathematicus.it\\\/en\\\/#website\",\"url\":\"https:\\\/\\\/www.mathematicus.it\\\/en\\\/\",\"name\":\"Mathematicus\",\"description\":\"Il gioco della Matematica\",\"publisher\":{\"@id\":\"https:\\\/\\\/www.mathematicus.it\\\/en\\\/#organization\"},\"potentialAction\":[{\"@type\":\"SearchAction\",\"target\":{\"@type\":\"EntryPoint\",\"urlTemplate\":\"https:\\\/\\\/www.mathematicus.it\\\/en\\\/?s={search_term_string}\"},\"query-input\":{\"@type\":\"PropertyValueSpecification\",\"valueRequired\":true,\"valueName\":\"search_term_string\"}}],\"inLanguage\":\"en-US\"},{\"@type\":\"Organization\",\"@id\":\"https:\\\/\\\/www.mathematicus.it\\\/en\\\/#organization\",\"name\":\"Mathematicus\",\"url\":\"https:\\\/\\\/www.mathematicus.it\\\/en\\\/\",\"logo\":{\"@type\":\"ImageObject\",\"inLanguage\":\"en-US\",\"@id\":\"https:\\\/\\\/www.mathematicus.it\\\/en\\\/#\\\/schema\\\/logo\\\/image\\\/\",\"url\":\"https:\\\/\\\/i0.wp.com\\\/www.mathematicus.it\\\/wp-content\\\/uploads\\\/2020\\\/11\\\/logo.png?fit=500%2C49&ssl=1\",\"contentUrl\":\"https:\\\/\\\/i0.wp.com\\\/www.mathematicus.it\\\/wp-content\\\/uploads\\\/2020\\\/11\\\/logo.png?fit=500%2C49&ssl=1\",\"width\":500,\"height\":49,\"caption\":\"Mathematicus\"},\"image\":{\"@id\":\"https:\\\/\\\/www.mathematicus.it\\\/en\\\/#\\\/schema\\\/logo\\\/image\\\/\"},\"sameAs\":[\"https:\\\/\\\/www.facebook.com\\\/mathematicusilgiocodellamatematica\",\"https:\\\/\\\/www.instagram.com\\\/mathematicusgiocomatematica\\\/\",\"https:\\\/\\\/www.linkedin.com\\\/company\\\/94868880\",\"https:\\\/\\\/www.pinterest.it\\\/tomasobaj\\\/giochi-matematici\\\/\"]}]}<\/script>\n<meta property=\"product:brand\" content=\"AmScope-Micorscopi\" \/>\n<meta property=\"product:price:amount\" content=\"203.00\" \/>\n<meta property=\"product:price:currency\" content=\"EUR\" \/>\n<meta property=\"og:availability\" content=\"instock\" \/>\n<meta property=\"product:availability\" content=\"instock\" \/>\n<meta property=\"product:retailer_item_id\" content=\"M162C-2L-PB10-V287-3PL\" \/>\n<meta property=\"product:condition\" content=\"new\" \/>\n<!-- \/ Yoast SEO Premium plugin. -->","yoast_head_json":{"title":"AmScope - Microscopio monoculare composto a doppia luce - Mathematicus","description":"AmScope Serie M162 Microscopio monoculare composto a doppia luce con lente di vetro e struttura in metallo per studenti","robots":{"index":"index","follow":"follow","max-snippet":"max-snippet:-1","max-image-preview":"max-image-preview:large","max-video-preview":"max-video-preview:-1"},"canonical":"https:\/\/www.mathematicus.it\/en\/prodotto\/amscope-microscopio-doppia-luce\/","og_locale":"en_US","og_type":"article","og_title":"AmScope - Microscopio monoculare composto a doppia luce","og_description":"AmScope Serie M162 Microscopio monoculare composto a doppia luce con lente di vetro e struttura in metallo per studenti","og_url":"https:\/\/www.mathematicus.it\/en\/prodotto\/amscope-microscopio-doppia-luce\/","og_site_name":"Mathematicus","article_publisher":"https:\/\/www.facebook.com\/mathematicusilgiocodellamatematica","article_modified_time":"2026-01-12T16:35:07+00:00","og_image":[{"width":1800,"height":1800,"url":"https:\/\/www.mathematicus.it\/wp-content\/uploads\/2025\/09\/student-microscope-M162-2L-PB10-V287-01-noAC_b637b98f-c610-4537-a999-fa9610da5105_1800x.webp","type":"image\/webp"}],"twitter_card":"summary_large_image","twitter_misc":{"Price":"&euro;203.00","Availability":"In stock"},"schema":{"@context":"https:\/\/schema.org","@graph":[{"@type":"WebPage","@id":"https:\/\/www.mathematicus.it\/en\/prodotto\/amscope-microscopio-doppia-luce\/","url":"https:\/\/www.mathematicus.it\/en\/prodotto\/amscope-microscopio-doppia-luce\/","name":"AmScope - Microscopio monoculare composto a doppia luce - Mathematicus","isPartOf":{"@id":"https:\/\/www.mathematicus.it\/en\/#website"},"primaryImageOfPage":{"@id":"https:\/\/www.mathematicus.it\/en\/prodotto\/amscope-microscopio-doppia-luce\/#primaryimage"},"image":{"@id":"https:\/\/www.mathematicus.it\/en\/prodotto\/amscope-microscopio-doppia-luce\/#primaryimage"},"thumbnailUrl":"https:\/\/i0.wp.com\/www.mathematicus.it\/wp-content\/uploads\/2025\/09\/student-microscope-M162-2L-PB10-V287-01-noAC_b637b98f-c610-4537-a999-fa9610da5105_1800x.webp?fit=1800%2C1800&ssl=1","datePublished":"2025-09-09T16:24:25+00:00","dateModified":"2026-01-12T16:35:07+00:00","description":"AmScope Serie M162 Microscopio monoculare composto a doppia luce con lente di vetro e struttura in metallo per studenti","breadcrumb":{"@id":"https:\/\/www.mathematicus.it\/en\/prodotto\/amscope-microscopio-doppia-luce\/#breadcrumb"},"inLanguage":"en-US","potentialAction":[{"@type":"ReadAction","target":["https:\/\/www.mathematicus.it\/en\/prodotto\/amscope-microscopio-doppia-luce\/"]}]},{"@type":"ImageObject","inLanguage":"en-US","@id":"https:\/\/www.mathematicus.it\/en\/prodotto\/amscope-microscopio-doppia-luce\/#primaryimage","url":"https:\/\/i0.wp.com\/www.mathematicus.it\/wp-content\/uploads\/2025\/09\/student-microscope-M162-2L-PB10-V287-01-noAC_b637b98f-c610-4537-a999-fa9610da5105_1800x.webp?fit=1800%2C1800&ssl=1","contentUrl":"https:\/\/i0.wp.com\/www.mathematicus.it\/wp-content\/uploads\/2025\/09\/student-microscope-M162-2L-PB10-V287-01-noAC_b637b98f-c610-4537-a999-fa9610da5105_1800x.webp?fit=1800%2C1800&ssl=1","width":1800,"height":1800},{"@type":"BreadcrumbList","@id":"https:\/\/www.mathematicus.it\/en\/prodotto\/amscope-microscopio-doppia-luce\/#breadcrumb","itemListElement":[{"@type":"ListItem","position":1,"name":"Home","item":"https:\/\/www.mathematicus.it\/en\/"},{"@type":"ListItem","position":2,"name":"Shop","item":"https:\/\/www.mathematicus.it\/negozio\/"},{"@type":"ListItem","position":3,"name":"AmScope &#8211; Microscopio monoculare composto a doppia luce"}]},{"@type":"WebSite","@id":"https:\/\/www.mathematicus.it\/en\/#website","url":"https:\/\/www.mathematicus.it\/en\/","name":"Mathematicus","description":"Il gioco della Matematica","publisher":{"@id":"https:\/\/www.mathematicus.it\/en\/#organization"},"potentialAction":[{"@type":"SearchAction","target":{"@type":"EntryPoint","urlTemplate":"https:\/\/www.mathematicus.it\/en\/?s={search_term_string}"},"query-input":{"@type":"PropertyValueSpecification","valueRequired":true,"valueName":"search_term_string"}}],"inLanguage":"en-US"},{"@type":"Organization","@id":"https:\/\/www.mathematicus.it\/en\/#organization","name":"Mathematicus","url":"https:\/\/www.mathematicus.it\/en\/","logo":{"@type":"ImageObject","inLanguage":"en-US","@id":"https:\/\/www.mathematicus.it\/en\/#\/schema\/logo\/image\/","url":"https:\/\/i0.wp.com\/www.mathematicus.it\/wp-content\/uploads\/2020\/11\/logo.png?fit=500%2C49&ssl=1","contentUrl":"https:\/\/i0.wp.com\/www.mathematicus.it\/wp-content\/uploads\/2020\/11\/logo.png?fit=500%2C49&ssl=1","width":500,"height":49,"caption":"Mathematicus"},"image":{"@id":"https:\/\/www.mathematicus.it\/en\/#\/schema\/logo\/image\/"},"sameAs":["https:\/\/www.facebook.com\/mathematicusilgiocodellamatematica","https:\/\/www.instagram.com\/mathematicusgiocomatematica\/","https:\/\/www.linkedin.com\/company\/94868880","https:\/\/www.pinterest.it\/tomasobaj\/giochi-matematici\/"]}]},"product_brand":"AmScope-Micorscopi","product_price_amount":"203.00","product_price_currency":"EUR","og_availability":"instock","product_availability":"instock","product_retailer_item_id":"M162C-2L-PB10-V287-3PL","product_condition":"new"},"jetpack_sharing_enabled":true,"_links":{"self":[{"href":"https:\/\/www.mathematicus.it\/en\/wp-json\/wp\/v2\/product\/18970","targetHints":{"allow":["GET"]}}],"collection":[{"href":"https:\/\/www.mathematicus.it\/en\/wp-json\/wp\/v2\/product"}],"about":[{"href":"https:\/\/www.mathematicus.it\/en\/wp-json\/wp\/v2\/types\/product"}],"replies":[{"embeddable":true,"href":"https:\/\/www.mathematicus.it\/en\/wp-json\/wp\/v2\/comments?post=18970"}],"wp:featuredmedia":[{"embeddable":true,"href":"https:\/\/www.mathematicus.it\/en\/wp-json\/wp\/v2\/media\/18971"}],"wp:attachment":[{"href":"https:\/\/www.mathematicus.it\/en\/wp-json\/wp\/v2\/media?parent=18970"}],"wp:term":[{"taxonomy":"product_brand","embeddable":true,"href":"https:\/\/www.mathematicus.it\/en\/wp-json\/wp\/v2\/product_brand?post=18970"},{"taxonomy":"product_cat","embeddable":true,"href":"https:\/\/www.mathematicus.it\/en\/wp-json\/wp\/v2\/product_cat?post=18970"},{"taxonomy":"product_tag","embeddable":true,"href":"https:\/\/www.mathematicus.it\/en\/wp-json\/wp\/v2\/product_tag?post=18970"},{"taxonomy":"berocket_brand","embeddable":true,"href":"https:\/\/www.mathematicus.it\/en\/wp-json\/wp\/v2\/berocket_brand?post=18970"}],"curies":[{"name":"wp","href":"https:\/\/api.w.org\/{rel}","templated":true}]}}