{"id":18933,"date":"2025-09-09T18:55:19","date_gmt":"2025-09-09T16:55:19","guid":{"rendered":"https:\/\/www.mathematicus.it\/?post_type=product&#038;p=18933"},"modified":"2026-01-20T09:28:17","modified_gmt":"2026-01-20T08:28:17","slug":"am-scope-microscopio-binoculare","status":"publish","type":"product","link":"https:\/\/www.mathematicus.it\/en\/prodotto\/am-scope-microscopio-binoculare\/","title":{"rendered":"AmScope &#8211; Microscopio binoculare composto professionale"},"content":{"rendered":"<h3 class=\"product-title\"><span class=\"product-title__variant active\" data-id=\"39798594338995\">Microscopio binoculare composto professionale serie AmScope B490 con ingrandimento 40X-2000X e stadio meccanico 3D<\/span><\/h3>\n<h3 class=\"product-bulletpoints__title\">Caratteristiche principali<\/h3>\n<ul class=\"product-bulletpoints__text active\">\n<li>Gamma di ingrandimenti da 40X a 2000X per lo studio di una serie di campioni, tra cui follicoli piliferi, cellule e batteri. Gli oculari 10X e 20X forniscono 8 impostazioni di ingrandimento uniche.<\/li>\n<li>Scelta ideale per veterinari, cliniche e aule scolastiche, questo microscopio offre un&#8217;ottica di alta qualit\u00e0 e una meccanica di precisione.<\/li>\n<li>Le caratteristiche professionali includono una testa binoculare Siedentopf per regolazioni precise, un palcoscenico meccanico a due strati con controlli a bassa posizione e una messa a fuoco coassiale grossolana e fine per un&#8217;ergonomia e un flusso di lavoro efficiente.<\/li>\n<li>L&#8217;illuminazione alogena riduce l&#8217;affaticamento degli occhi per un uso prolungato.<\/li>\n<li>\u00c8 disponibile un&#8217;ampia gamma di accessori opzionali per il campo scuro e il contrasto di fase.<\/li>\n<\/ul>\n<h3 class=\"product-bulletpoints__title\">Descrizione<\/h3>\n<p>Il B490 \u00e8 il nostro microscopio pi\u00f9 affidabile. Scelto da veterinari, allevatori e cliniche, questo strumento ha dimostrato affidabilit\u00e0 e qualit\u00e0 ottica. Vanta caratteristiche come la testa Siedentopf senza compensazione, la traslazione fluida del palcoscenico e un sistema di messa a fuoco di precisione con facile regolazione della tensione e blocco verticale.<\/p>\n<p>La serie 490 offre un&#8217;ampia gamma di accessori opzionali che ne ampliano le funzionalit\u00e0. La gamma di ingrandimenti pu\u00f2 essere ampliata con un&#8217;ampia scelta di obiettivi e lenti oculari. Sono disponibili condensatori specializzati per applicazioni in campo oscuro e a contrasto di fase, ideali per l&#8217;analisi del sangue, dei fluidi e della patologia.<\/p>\n<p>Per personalizzare il microscopio in base al proprio comfort visivo, la distanza tra gli oculari pu\u00f2 essere facilmente regolata con un meccanismo Siedentopf di precisione. Su entrambi i tubi oculari \u00e8 disponibile una diottra per compensare l&#8217;asimmetria e i tubi oculari sono angolati a 30\u00b0 per adattarsi comodamente a una posizione seduta senza affaticare il collo.<\/p>\n<p>La torretta dell&#8217;obiettivo consente di accedere immediatamente a 4 livelli di ingrandimento per mettere a fuoco facilmente i dettagli pi\u00f9 minuti da 40X a 1000X. Ulteriori oculari 20X ampliano l&#8217;ingrandimento massimo a 2000X con 8 livelli unici. Questo copre gli ingrandimenti necessari per studiare follicoli piliferi, cellule e batteri. Queste lenti di alta qualit\u00e0 sono corrette acromaticamente per migliorare la risoluzione e la precisione dei colori.<\/p>\n<p>Lo stage meccanico a 2 strati offre un movimento fluido e preciso per l&#8217;esame dei vetrini dei campioni. I controlli a bassa posizione dello stage sono comodamente posizionati vicino alle manopole di messa a fuoco coassiali per un flusso di lavoro semplificato. L&#8217;esame dei vetrini \u00e8 intuitivo e preciso per gli utenti di qualsiasi livello.<\/p>\n<p>Il condensatore di luce di Abbe ha un&#8217;elevata apertura numerica di 1,25 per l&#8217;immersione in olio e un diaframma a iride per ottimizzare il contrasto e la profondit\u00e0 di campo. Il supporto del condensatore utilizza un movimento a cremagliera per una precisa regolazione dell&#8217;altezza.<\/p>\n<div>\n<h3>Specifiche tecniche<\/h3>\n<table>\n<tbody>\n<tr>\n<td>Sistema ottico<\/td>\n<td>Coniugato finito<\/td>\n<\/tr>\n<tr>\n<td colspan=\"2\"><\/td>\n<\/tr>\n<tr>\n<td>Lunghezza del tubo meccanico<\/td>\n<td>160 mm<\/td>\n<\/tr>\n<tr>\n<td colspan=\"2\"><\/td>\n<\/tr>\n<tr>\n<td>Testa<\/td>\n<td>Binoculare, inclinazione di 30\u00b0, ruotabile a 360\u00b0<\/td>\n<\/tr>\n<tr>\n<td colspan=\"2\"><\/td>\n<\/tr>\n<tr>\n<td>Regolazione interpupillare<\/td>\n<td>Gemma senza compensazione Siedentopf<\/td>\n<\/tr>\n<tr>\n<td colspan=\"2\"><\/td>\n<\/tr>\n<tr>\n<td>Diametro oculare<\/td>\n<td>23 mm<\/td>\n<\/tr>\n<tr>\n<td colspan=\"2\"><\/td>\n<\/tr>\n<tr>\n<td>Oculari<\/td>\n<td>10X, 20X<\/td>\n<\/tr>\n<tr>\n<td colspan=\"2\"><\/td>\n<\/tr>\n<tr>\n<td>Obiettivi<\/td>\n<td>Standard DIN<\/td>\n<\/tr>\n<tr>\n<td colspan=\"2\"><\/td>\n<\/tr>\n<tr>\n<td>Distanza parafocale dell&#8217;obiettivo<\/td>\n<td>45 mm<\/td>\n<\/tr>\n<tr>\n<td colspan=\"2\"><\/td>\n<\/tr>\n<tr>\n<td>Filettatura di montaggio dell&#8217;obiettivo<\/td>\n<td>RMS 20,32 mm<\/td>\n<\/tr>\n<tr>\n<td colspan=\"2\"><\/td>\n<\/tr>\n<tr>\n<td>Torretta obiettivo<\/td>\n<td>quadruplo<\/td>\n<\/tr>\n<tr>\n<td colspan=\"2\"><\/td>\n<\/tr>\n<tr>\n<td>Sistema di messa a fuoco<\/td>\n<td>Messa a fuoco coassiale grossolana e fine, arresto di fine corsa superiore, controllo della tensione<\/td>\n<\/tr>\n<tr>\n<td colspan=\"2\"><\/td>\n<\/tr>\n<tr>\n<td>Gamma di messa a fuoco<\/td>\n<td>30 mm<\/td>\n<\/tr>\n<tr>\n<td colspan=\"2\"><\/td>\n<\/tr>\n<tr>\n<td>Divisione di Fine Focus<\/td>\n<td>0,002 mm<\/td>\n<\/tr>\n<tr>\n<td colspan=\"2\"><\/td>\n<\/tr>\n<tr>\n<td>Design del palcoscenico<\/td>\n<td>Doppio strato con pinza<\/td>\n<\/tr>\n<tr>\n<td colspan=\"2\"><\/td>\n<\/tr>\n<tr>\n<td>Dimensioni del palco<\/td>\n<td>140 mm x 140 mm<\/td>\n<\/tr>\n<tr>\n<td colspan=\"2\"><\/td>\n<\/tr>\n<tr>\n<td>Intervallo di traslazione X-Y<\/td>\n<td>75 mm x 45 mm<\/td>\n<\/tr>\n<tr>\n<td colspan=\"2\"><\/td>\n<\/tr>\n<tr>\n<td>Illuminazione trasmessa<\/td>\n<td>1,4W LED<\/td>\n<\/tr>\n<tr>\n<td colspan=\"2\"><\/td>\n<\/tr>\n<tr>\n<td>Condensatore<\/td>\n<td>Condensatore di Abbe con diaframma a iride, NA1,25<\/td>\n<\/tr>\n<tr>\n<td colspan=\"2\"><\/td>\n<\/tr>\n<tr>\n<td>Sottostadio Portacondensatore<\/td>\n<td>cremagliera e pignone<\/td>\n<\/tr>\n<tr>\n<td colspan=\"2\"><\/td>\n<\/tr>\n<\/tbody>\n<\/table>\n<h3>Obiettivi<\/h3>\n<table class=\"objectives\" cellspacing=\"0\" cellpadding=\"0\">\n<tbody>\n<tr>\n<th>Ingrandimento<\/th>\n<th>Correzioni<\/th>\n<th>NA<\/th>\n<th>Mezzo di immersione<\/th>\n<th>Spessore del vetro di copertura<\/th>\n<\/tr>\n<tr>\n<td>4X<\/td>\n<td>acromatico<\/td>\n<td>0.10<\/td>\n<td>\u0097<\/td>\n<td>0,17 mm<\/td>\n<\/tr>\n<tr>\n<td>10X<\/td>\n<td>acromatico<\/td>\n<td>0.25<\/td>\n<td>\u0097<\/td>\n<td>0,17 mm<\/td>\n<\/tr>\n<tr>\n<td>40X<\/td>\n<td>acromatico<\/td>\n<td>0.65<\/td>\n<td>\u0097<\/td>\n<td>0,17 mm<\/td>\n<\/tr>\n<tr>\n<td>100X<\/td>\n<td>acromatico<\/td>\n<td>1.25<\/td>\n<td>olio<\/td>\n<td>0,17 mm<\/td>\n<\/tr>\n<\/tbody>\n<\/table>\n<\/div>\n<p>&nbsp;<\/p>\n<h3>Elenco degli imballaggi:<\/h3>\n<ul>\n<li>Una testa binoculare<\/li>\n<li>Un corpo del microscopio<\/li>\n<li>Quattro obiettivi: 4X, 10X, 40X, 100X<\/li>\n<li>Un paio di oculari 10X<\/li>\n<li>Una coppia di oculari 20X<\/li>\n<li>Un cavo di alimentazione (standard USA e Canada)<\/li>\n<li>Un coperchio antipolvere<\/li>\n<li>Filtro\/i colore\/i<\/li>\n<li>Un flacone campione di olio per immersione<\/li>\n<\/ul>\n<p><a class=\"fusion-no-lightbox\" href=\"https:\/\/www.mathematicus.it\/come-pagare-con-carta-docente-sul-sito-mathematicus\/\"><img decoding=\"async\" class=\"alignnone wp-image-2886 lazyautosizes lazyloaded\" src=\"https:\/\/i0.wp.com\/www.mathematicus.it\/wp-content\/uploads\/2024\/11\/Carta-del-docente-2.webp?resize=81%2C54&amp;ssl=1\" sizes=\"81px\" srcset=\"https:\/\/i0.wp.com\/www.mathematicus.it\/wp-content\/uploads\/2024\/11\/Carta-del-docente-2.webp?resize=200%2C133&amp;ssl=1 200w, https:\/\/i0.wp.com\/www.mathematicus.it\/wp-content\/uploads\/2024\/11\/Carta-del-docente-2.webp?resize=300%2C200&amp;ssl=1 300w, https:\/\/i0.wp.com\/www.mathematicus.it\/wp-content\/uploads\/2024\/11\/Carta-del-docente-2.webp?resize=400%2C267&amp;ssl=1 400w, https:\/\/i0.wp.com\/www.mathematicus.it\/wp-content\/uploads\/2024\/11\/Carta-del-docente-2.webp?resize=500%2C333&amp;ssl=1 500w, https:\/\/i0.wp.com\/www.mathematicus.it\/wp-content\/uploads\/2024\/11\/Carta-del-docente-2.webp?resize=600%2C400&amp;ssl=1 600w, https:\/\/i0.wp.com\/www.mathematicus.it\/wp-content\/uploads\/2024\/11\/Carta-del-docente-2.webp?resize=700%2C467&amp;ssl=1 700w, https:\/\/i0.wp.com\/www.mathematicus.it\/wp-content\/uploads\/2024\/11\/Carta-del-docente-2.webp?resize=768%2C512&amp;ssl=1 768w, https:\/\/i0.wp.com\/www.mathematicus.it\/wp-content\/uploads\/2024\/11\/Carta-del-docente-2.webp?resize=800%2C533&amp;ssl=1 800w, https:\/\/i0.wp.com\/www.mathematicus.it\/wp-content\/uploads\/2024\/11\/Carta-del-docente-2.webp?resize=1024%2C683&amp;ssl=1 1024w, https:\/\/i0.wp.com\/www.mathematicus.it\/wp-content\/uploads\/2024\/11\/Carta-del-docente-2.webp?w=1200&amp;ssl=1 1200w\" alt=\"\" width=\"81\" height=\"54\" data-recalc-dims=\"1\" data-orig-src=\"https:\/\/www.mathematicus.it\/wp-content\/uploads\/2024\/11\/Carta-del-docente-2-300x200.webp\" data-srcset=\"https:\/\/i0.wp.com\/www.mathematicus.it\/wp-content\/uploads\/2024\/11\/Carta-del-docente-2.webp?resize=200%2C133&amp;ssl=1 200w, https:\/\/i0.wp.com\/www.mathematicus.it\/wp-content\/uploads\/2024\/11\/Carta-del-docente-2.webp?resize=300%2C200&amp;ssl=1 300w, https:\/\/i0.wp.com\/www.mathematicus.it\/wp-content\/uploads\/2024\/11\/Carta-del-docente-2.webp?resize=400%2C267&amp;ssl=1 400w, https:\/\/i0.wp.com\/www.mathematicus.it\/wp-content\/uploads\/2024\/11\/Carta-del-docente-2.webp?resize=500%2C333&amp;ssl=1 500w, https:\/\/i0.wp.com\/www.mathematicus.it\/wp-content\/uploads\/2024\/11\/Carta-del-docente-2.webp?resize=600%2C400&amp;ssl=1 600w, https:\/\/i0.wp.com\/www.mathematicus.it\/wp-content\/uploads\/2024\/11\/Carta-del-docente-2.webp?resize=700%2C467&amp;ssl=1 700w, https:\/\/i0.wp.com\/www.mathematicus.it\/wp-content\/uploads\/2024\/11\/Carta-del-docente-2.webp?resize=768%2C512&amp;ssl=1 768w, https:\/\/i0.wp.com\/www.mathematicus.it\/wp-content\/uploads\/2024\/11\/Carta-del-docente-2.webp?resize=800%2C533&amp;ssl=1 800w, https:\/\/i0.wp.com\/www.mathematicus.it\/wp-content\/uploads\/2024\/11\/Carta-del-docente-2.webp?resize=1024%2C683&amp;ssl=1 1024w, https:\/\/i0.wp.com\/www.mathematicus.it\/wp-content\/uploads\/2024\/11\/Carta-del-docente-2.webp?w=1200&amp;ssl=1 1200w\" data-sizes=\"auto\" data-orig-sizes=\"(max-width: 81px) 100vw, 81px\" \/><\/a><br \/>\nScopri come acquistare con la\u00a0<a href=\"http:\/\/i%20modelli%20di%20dahimo%20vengono%20prodotti%20su%20richiesta.xn--%20il%20tuo%20collo%20sar%20spedito%20entro%20una%20settimana-14e.\/\" target=\"_blank\" rel=\"noopener\">Carta del Docente<\/a><\/p>\n<p><iframe class=\"lazyload\" title=\"YouTube video player\" src=\"data:image\/svg+xml,%3Csvg%20xmlns%3D%27http%3A%2F%2Fwww.w3.org%2F2000%2Fsvg%27%20width%3D%27560%27%20height%3D%27315%27%20viewBox%3D%270%200%20560%20315%27%3E%3Crect%20width%3D%27560%27%20height%3D%27315%27%20fill-opacity%3D%220%22%2F%3E%3C%2Fsvg%3E\" data-orig-src=\"https:\/\/www.youtube.com\/embed\/guhr7KuXntA?si=8Q6Cn_VgIGLsETuG\" width=\"560\" height=\"315\" frameborder=\"0\" allowfullscreen=\"allowfullscreen\"><\/iframe><\/p>\n","protected":false},"excerpt":{"rendered":"<p>Microscopio binoculare composto professionale serie AmScope B490 con ingrandimento 40X-2000X  [&#8230;]<\/p>\n","protected":false},"featured_media":18934,"comment_status":"open","ping_status":"closed","template":"","meta":[],"product_brand":[],"product_cat":[620],"product_tag":[353,607,612,613,610,609,111,138,608,611,606],"berocket_brand":[396],"class_list":{"0":"post-18933","1":"product","2":"type-product","3":"status-publish","4":"has-post-thumbnail","6":"product_cat-amscope-micorscopi","7":"product_tag-acquistabile-con-la-carta-del-docente","8":"product_tag-biologia","9":"product_tag-dettagli-invisibili","10":"product_tag-divulgazione-scientifica","11":"product_tag-laboratorio","12":"product_tag-microcosmo","13":"product_tag-microscopia","14":"product_tag-microscopio","15":"product_tag-natura-invisibile","16":"product_tag-ricerca-scientifica","17":"product_tag-scienza","18":"berocket_brand-amscope","20":"first","21":"instock","22":"taxable","23":"shipping-taxable","24":"purchasable","25":"product-type-simple"},"yoast_head":"<!-- This site is optimized with the Yoast SEO Premium plugin v27.3 (Yoast SEO v27.3) - https:\/\/yoast.com\/product\/yoast-seo-premium-wordpress\/ -->\n<title>AmScope - Microscopio binoculare composto professionale - Mathematicus<\/title>\n<meta name=\"description\" content=\"Il B490 \u00e8 il nostro microscopio pi\u00f9 affidabile. Scelto da veterinari, allevatori e cliniche, questo strumento ha dimostrato affidabilit\u00e0 e qualit\u00e0 ottica.\" \/>\n<meta name=\"robots\" content=\"index, follow, max-snippet:-1, max-image-preview:large, max-video-preview:-1\" \/>\n<link rel=\"canonical\" href=\"https:\/\/www.mathematicus.it\/en\/prodotto\/am-scope-microscopio-binoculare\/\" \/>\n<meta property=\"og:locale\" content=\"en_US\" \/>\n<meta property=\"og:type\" content=\"article\" \/>\n<meta property=\"og:title\" content=\"AmScope - Microscopio binoculare composto professionale\" \/>\n<meta property=\"og:description\" content=\"Il B490 \u00e8 il nostro microscopio pi\u00f9 affidabile. Scelto da veterinari, allevatori e cliniche, questo strumento ha dimostrato affidabilit\u00e0 e qualit\u00e0 ottica.\" \/>\n<meta property=\"og:url\" content=\"https:\/\/www.mathematicus.it\/en\/prodotto\/am-scope-microscopio-binoculare\/\" \/>\n<meta property=\"og:site_name\" content=\"Mathematicus\" \/>\n<meta property=\"article:publisher\" content=\"https:\/\/www.facebook.com\/mathematicusilgiocodellamatematica\" \/>\n<meta property=\"article:modified_time\" content=\"2026-01-20T08:28:17+00:00\" \/>\n<meta property=\"og:image\" content=\"https:\/\/www.mathematicus.it\/wp-content\/uploads\/2025\/09\/1-B490C-main-hero_1800x.webp\" \/>\n\t<meta property=\"og:image:width\" content=\"1500\" \/>\n\t<meta property=\"og:image:height\" content=\"1500\" \/>\n\t<meta property=\"og:image:type\" content=\"image\/webp\" \/>\n<meta name=\"twitter:card\" content=\"summary_large_image\" \/>\n<meta name=\"twitter:label1\" content=\"Price\" \/>\n\t<meta name=\"twitter:data1\" content=\"&euro;517.00\" \/>\n\t<meta name=\"twitter:label2\" content=\"Availability\" \/>\n\t<meta name=\"twitter:data2\" content=\"In stock\" \/>\n<script type=\"application\/ld+json\" class=\"yoast-schema-graph\">{\"@context\":\"https:\\\/\\\/schema.org\",\"@graph\":[{\"@type\":\"WebPage\",\"@id\":\"https:\\\/\\\/www.mathematicus.it\\\/en\\\/prodotto\\\/am-scope-microscopio-binoculare\\\/\",\"url\":\"https:\\\/\\\/www.mathematicus.it\\\/en\\\/prodotto\\\/am-scope-microscopio-binoculare\\\/\",\"name\":\"AmScope - Microscopio binoculare composto professionale - Mathematicus\",\"isPartOf\":{\"@id\":\"https:\\\/\\\/www.mathematicus.it\\\/en\\\/#website\"},\"primaryImageOfPage\":{\"@id\":\"https:\\\/\\\/www.mathematicus.it\\\/en\\\/prodotto\\\/am-scope-microscopio-binoculare\\\/#primaryimage\"},\"image\":{\"@id\":\"https:\\\/\\\/www.mathematicus.it\\\/en\\\/prodotto\\\/am-scope-microscopio-binoculare\\\/#primaryimage\"},\"thumbnailUrl\":\"https:\\\/\\\/i0.wp.com\\\/www.mathematicus.it\\\/wp-content\\\/uploads\\\/2025\\\/09\\\/1-B490C-main-hero_1800x.webp?fit=1500%2C1500&ssl=1\",\"datePublished\":\"2025-09-09T16:55:19+00:00\",\"dateModified\":\"2026-01-20T08:28:17+00:00\",\"description\":\"Il B490 \u00e8 il nostro microscopio pi\u00f9 affidabile. Scelto da veterinari, allevatori e cliniche, questo strumento ha dimostrato affidabilit\u00e0 e qualit\u00e0 ottica.\",\"breadcrumb\":{\"@id\":\"https:\\\/\\\/www.mathematicus.it\\\/en\\\/prodotto\\\/am-scope-microscopio-binoculare\\\/#breadcrumb\"},\"inLanguage\":\"en-US\",\"potentialAction\":[{\"@type\":\"ReadAction\",\"target\":[\"https:\\\/\\\/www.mathematicus.it\\\/en\\\/prodotto\\\/am-scope-microscopio-binoculare\\\/\"]}]},{\"@type\":\"ImageObject\",\"inLanguage\":\"en-US\",\"@id\":\"https:\\\/\\\/www.mathematicus.it\\\/en\\\/prodotto\\\/am-scope-microscopio-binoculare\\\/#primaryimage\",\"url\":\"https:\\\/\\\/i0.wp.com\\\/www.mathematicus.it\\\/wp-content\\\/uploads\\\/2025\\\/09\\\/1-B490C-main-hero_1800x.webp?fit=1500%2C1500&ssl=1\",\"contentUrl\":\"https:\\\/\\\/i0.wp.com\\\/www.mathematicus.it\\\/wp-content\\\/uploads\\\/2025\\\/09\\\/1-B490C-main-hero_1800x.webp?fit=1500%2C1500&ssl=1\",\"width\":1500,\"height\":1500},{\"@type\":\"BreadcrumbList\",\"@id\":\"https:\\\/\\\/www.mathematicus.it\\\/en\\\/prodotto\\\/am-scope-microscopio-binoculare\\\/#breadcrumb\",\"itemListElement\":[{\"@type\":\"ListItem\",\"position\":1,\"name\":\"Home\",\"item\":\"https:\\\/\\\/www.mathematicus.it\\\/en\\\/\"},{\"@type\":\"ListItem\",\"position\":2,\"name\":\"Shop\",\"item\":\"https:\\\/\\\/www.mathematicus.it\\\/negozio\\\/\"},{\"@type\":\"ListItem\",\"position\":3,\"name\":\"AmScope &#8211; Microscopio binoculare composto professionale\"}]},{\"@type\":\"WebSite\",\"@id\":\"https:\\\/\\\/www.mathematicus.it\\\/en\\\/#website\",\"url\":\"https:\\\/\\\/www.mathematicus.it\\\/en\\\/\",\"name\":\"Mathematicus\",\"description\":\"Il gioco della Matematica\",\"publisher\":{\"@id\":\"https:\\\/\\\/www.mathematicus.it\\\/en\\\/#organization\"},\"potentialAction\":[{\"@type\":\"SearchAction\",\"target\":{\"@type\":\"EntryPoint\",\"urlTemplate\":\"https:\\\/\\\/www.mathematicus.it\\\/en\\\/?s={search_term_string}\"},\"query-input\":{\"@type\":\"PropertyValueSpecification\",\"valueRequired\":true,\"valueName\":\"search_term_string\"}}],\"inLanguage\":\"en-US\"},{\"@type\":\"Organization\",\"@id\":\"https:\\\/\\\/www.mathematicus.it\\\/en\\\/#organization\",\"name\":\"Mathematicus\",\"url\":\"https:\\\/\\\/www.mathematicus.it\\\/en\\\/\",\"logo\":{\"@type\":\"ImageObject\",\"inLanguage\":\"en-US\",\"@id\":\"https:\\\/\\\/www.mathematicus.it\\\/en\\\/#\\\/schema\\\/logo\\\/image\\\/\",\"url\":\"https:\\\/\\\/i0.wp.com\\\/www.mathematicus.it\\\/wp-content\\\/uploads\\\/2020\\\/11\\\/logo.png?fit=500%2C49&ssl=1\",\"contentUrl\":\"https:\\\/\\\/i0.wp.com\\\/www.mathematicus.it\\\/wp-content\\\/uploads\\\/2020\\\/11\\\/logo.png?fit=500%2C49&ssl=1\",\"width\":500,\"height\":49,\"caption\":\"Mathematicus\"},\"image\":{\"@id\":\"https:\\\/\\\/www.mathematicus.it\\\/en\\\/#\\\/schema\\\/logo\\\/image\\\/\"},\"sameAs\":[\"https:\\\/\\\/www.facebook.com\\\/mathematicusilgiocodellamatematica\",\"https:\\\/\\\/www.instagram.com\\\/mathematicusgiocomatematica\\\/\",\"https:\\\/\\\/www.linkedin.com\\\/company\\\/94868880\",\"https:\\\/\\\/www.pinterest.it\\\/tomasobaj\\\/giochi-matematici\\\/\"]}]}<\/script>\n<meta property=\"product:brand\" content=\"AmScope-Micorscopi\" \/>\n<meta property=\"product:price:amount\" content=\"517.00\" \/>\n<meta property=\"product:price:currency\" content=\"EUR\" \/>\n<meta property=\"og:availability\" content=\"instock\" \/>\n<meta property=\"product:availability\" content=\"instock\" \/>\n<meta property=\"product:retailer_item_id\" content=\"B490B-3PL\" \/>\n<meta property=\"product:condition\" content=\"new\" \/>\n<!-- \/ Yoast SEO Premium plugin. -->","yoast_head_json":{"title":"AmScope - Microscopio binoculare composto professionale - Mathematicus","description":"Il B490 \u00e8 il nostro microscopio pi\u00f9 affidabile. Scelto da veterinari, allevatori e cliniche, questo strumento ha dimostrato affidabilit\u00e0 e qualit\u00e0 ottica.","robots":{"index":"index","follow":"follow","max-snippet":"max-snippet:-1","max-image-preview":"max-image-preview:large","max-video-preview":"max-video-preview:-1"},"canonical":"https:\/\/www.mathematicus.it\/en\/prodotto\/am-scope-microscopio-binoculare\/","og_locale":"en_US","og_type":"article","og_title":"AmScope - Microscopio binoculare composto professionale","og_description":"Il B490 \u00e8 il nostro microscopio pi\u00f9 affidabile. Scelto da veterinari, allevatori e cliniche, questo strumento ha dimostrato affidabilit\u00e0 e qualit\u00e0 ottica.","og_url":"https:\/\/www.mathematicus.it\/en\/prodotto\/am-scope-microscopio-binoculare\/","og_site_name":"Mathematicus","article_publisher":"https:\/\/www.facebook.com\/mathematicusilgiocodellamatematica","article_modified_time":"2026-01-20T08:28:17+00:00","og_image":[{"width":1500,"height":1500,"url":"https:\/\/www.mathematicus.it\/wp-content\/uploads\/2025\/09\/1-B490C-main-hero_1800x.webp","type":"image\/webp"}],"twitter_card":"summary_large_image","twitter_misc":{"Price":"&euro;517.00","Availability":"In stock"},"schema":{"@context":"https:\/\/schema.org","@graph":[{"@type":"WebPage","@id":"https:\/\/www.mathematicus.it\/en\/prodotto\/am-scope-microscopio-binoculare\/","url":"https:\/\/www.mathematicus.it\/en\/prodotto\/am-scope-microscopio-binoculare\/","name":"AmScope - Microscopio binoculare composto professionale - Mathematicus","isPartOf":{"@id":"https:\/\/www.mathematicus.it\/en\/#website"},"primaryImageOfPage":{"@id":"https:\/\/www.mathematicus.it\/en\/prodotto\/am-scope-microscopio-binoculare\/#primaryimage"},"image":{"@id":"https:\/\/www.mathematicus.it\/en\/prodotto\/am-scope-microscopio-binoculare\/#primaryimage"},"thumbnailUrl":"https:\/\/i0.wp.com\/www.mathematicus.it\/wp-content\/uploads\/2025\/09\/1-B490C-main-hero_1800x.webp?fit=1500%2C1500&ssl=1","datePublished":"2025-09-09T16:55:19+00:00","dateModified":"2026-01-20T08:28:17+00:00","description":"Il B490 \u00e8 il nostro microscopio pi\u00f9 affidabile. Scelto da veterinari, allevatori e cliniche, questo strumento ha dimostrato affidabilit\u00e0 e qualit\u00e0 ottica.","breadcrumb":{"@id":"https:\/\/www.mathematicus.it\/en\/prodotto\/am-scope-microscopio-binoculare\/#breadcrumb"},"inLanguage":"en-US","potentialAction":[{"@type":"ReadAction","target":["https:\/\/www.mathematicus.it\/en\/prodotto\/am-scope-microscopio-binoculare\/"]}]},{"@type":"ImageObject","inLanguage":"en-US","@id":"https:\/\/www.mathematicus.it\/en\/prodotto\/am-scope-microscopio-binoculare\/#primaryimage","url":"https:\/\/i0.wp.com\/www.mathematicus.it\/wp-content\/uploads\/2025\/09\/1-B490C-main-hero_1800x.webp?fit=1500%2C1500&ssl=1","contentUrl":"https:\/\/i0.wp.com\/www.mathematicus.it\/wp-content\/uploads\/2025\/09\/1-B490C-main-hero_1800x.webp?fit=1500%2C1500&ssl=1","width":1500,"height":1500},{"@type":"BreadcrumbList","@id":"https:\/\/www.mathematicus.it\/en\/prodotto\/am-scope-microscopio-binoculare\/#breadcrumb","itemListElement":[{"@type":"ListItem","position":1,"name":"Home","item":"https:\/\/www.mathematicus.it\/en\/"},{"@type":"ListItem","position":2,"name":"Shop","item":"https:\/\/www.mathematicus.it\/negozio\/"},{"@type":"ListItem","position":3,"name":"AmScope &#8211; Microscopio binoculare composto professionale"}]},{"@type":"WebSite","@id":"https:\/\/www.mathematicus.it\/en\/#website","url":"https:\/\/www.mathematicus.it\/en\/","name":"Mathematicus","description":"Il gioco della Matematica","publisher":{"@id":"https:\/\/www.mathematicus.it\/en\/#organization"},"potentialAction":[{"@type":"SearchAction","target":{"@type":"EntryPoint","urlTemplate":"https:\/\/www.mathematicus.it\/en\/?s={search_term_string}"},"query-input":{"@type":"PropertyValueSpecification","valueRequired":true,"valueName":"search_term_string"}}],"inLanguage":"en-US"},{"@type":"Organization","@id":"https:\/\/www.mathematicus.it\/en\/#organization","name":"Mathematicus","url":"https:\/\/www.mathematicus.it\/en\/","logo":{"@type":"ImageObject","inLanguage":"en-US","@id":"https:\/\/www.mathematicus.it\/en\/#\/schema\/logo\/image\/","url":"https:\/\/i0.wp.com\/www.mathematicus.it\/wp-content\/uploads\/2020\/11\/logo.png?fit=500%2C49&ssl=1","contentUrl":"https:\/\/i0.wp.com\/www.mathematicus.it\/wp-content\/uploads\/2020\/11\/logo.png?fit=500%2C49&ssl=1","width":500,"height":49,"caption":"Mathematicus"},"image":{"@id":"https:\/\/www.mathematicus.it\/en\/#\/schema\/logo\/image\/"},"sameAs":["https:\/\/www.facebook.com\/mathematicusilgiocodellamatematica","https:\/\/www.instagram.com\/mathematicusgiocomatematica\/","https:\/\/www.linkedin.com\/company\/94868880","https:\/\/www.pinterest.it\/tomasobaj\/giochi-matematici\/"]}]},"product_brand":"AmScope-Micorscopi","product_price_amount":"517.00","product_price_currency":"EUR","og_availability":"instock","product_availability":"instock","product_retailer_item_id":"B490B-3PL","product_condition":"new"},"jetpack_sharing_enabled":true,"_links":{"self":[{"href":"https:\/\/www.mathematicus.it\/en\/wp-json\/wp\/v2\/product\/18933","targetHints":{"allow":["GET"]}}],"collection":[{"href":"https:\/\/www.mathematicus.it\/en\/wp-json\/wp\/v2\/product"}],"about":[{"href":"https:\/\/www.mathematicus.it\/en\/wp-json\/wp\/v2\/types\/product"}],"replies":[{"embeddable":true,"href":"https:\/\/www.mathematicus.it\/en\/wp-json\/wp\/v2\/comments?post=18933"}],"wp:featuredmedia":[{"embeddable":true,"href":"https:\/\/www.mathematicus.it\/en\/wp-json\/wp\/v2\/media\/18934"}],"wp:attachment":[{"href":"https:\/\/www.mathematicus.it\/en\/wp-json\/wp\/v2\/media?parent=18933"}],"wp:term":[{"taxonomy":"product_brand","embeddable":true,"href":"https:\/\/www.mathematicus.it\/en\/wp-json\/wp\/v2\/product_brand?post=18933"},{"taxonomy":"product_cat","embeddable":true,"href":"https:\/\/www.mathematicus.it\/en\/wp-json\/wp\/v2\/product_cat?post=18933"},{"taxonomy":"product_tag","embeddable":true,"href":"https:\/\/www.mathematicus.it\/en\/wp-json\/wp\/v2\/product_tag?post=18933"},{"taxonomy":"berocket_brand","embeddable":true,"href":"https:\/\/www.mathematicus.it\/en\/wp-json\/wp\/v2\/berocket_brand?post=18933"}],"curies":[{"name":"wp","href":"https:\/\/api.w.org\/{rel}","templated":true}]}}