{"id":18903,"date":"2025-09-09T19:07:06","date_gmt":"2025-09-09T17:07:06","guid":{"rendered":"https:\/\/www.mathematicus.it\/?post_type=product&#038;p=18903"},"modified":"2026-02-24T09:37:28","modified_gmt":"2026-02-24T08:37:28","slug":"amscope-microscopio-binoculare-led","status":"publish","type":"product","link":"https:\/\/www.mathematicus.it\/en\/prodotto\/amscope-microscopio-binoculare-led\/","title":{"rendered":"AmScope &#8211; Microscopio binoculare a LED"},"content":{"rendered":"<h3>Microscopio binoculare binoculare a LED per studenti e professionisti della serie AmScope B120 con testa Siedentopf, palcoscenico meccanico 3D e fotocamera digitale opzionale<\/h3>\n<h3 class=\"product-bulletpoints__title\">Caratteristiche principali<\/h3>\n<ul class=\"product-bulletpoints__text active\" data-id=\"50254375551307\">\n<li>Gamma di ingrandimento estesa da 40X a 2500X con lenti obiettive di alta qualit\u00e0 codificate a colori e oculari 10X e 25X per sei impostazioni uniche ideali per l&#8217;osservazione di strutture cellulari e microrganismi.<\/li>\n<li>Microscopio economico per studenti e professionisti, il B120 racchiude in una forma compatta ottiche di alta qualit\u00e0 e una meccanica raffinata.<\/li>\n<li>La serie 120 offre una serie di accessori opzionali per ampliare le funzionalit\u00e0, come i kit per campo scuro e contrasto di fase.<\/li>\n<li>La testa binoculare Siedentopf ha una comoda inclinazione di 30\u00b0, pu\u00f2 essere ruotata di 360\u00b0 e offre regolazioni interpupillari e diottriche adatte a qualsiasi utente.<\/li>\n<li>Studenti e professionisti apprezzeranno lo stage meccanico a 3 assi con controlli a bassa posizione e la messa a fuoco coassiale grossolana e fine per la loro ergonomia ed efficienza.<\/li>\n<li>L&#8217;illuminazione a LED, luminosa e bilanciata alla luce del giorno, utilizza la nostra lente fly-eye specializzata per migliorare l&#8217;uniformit\u00e0 e il contrasto, mentre il condensatore centrabile assicura un allineamento corretto.<\/li>\n<\/ul>\n<p>Il microscopio composto binoculare B120 \u00e8 progettato per dimostrazioni didattiche, esami clinici e applicazioni di laboratorio. \u00c8 un microscopio ideale per insegnanti e studenti, compresi quelli che frequentano la facolt\u00e0 di medicina o si specializzano in biologia. Rispetto ad altri microscopi della sua categoria, presenta una serie di funzionalit\u00e0 avanzate, come l&#8217;illuminazione LED potenziata, il condensatore centrabile e le regolazioni della testa Siedentopf. Il microscopio pu\u00f2 essere utilizzato per lo studio di cellule fisse o vive, batteri, piante, terreno o campioni d&#8217;acqua.<\/p>\n<h3>Testa di visualizzazione<\/h3>\n<p>Per personalizzare il microscopio in base al proprio comfort visivo, la distanza tra gli oculari pu\u00f2 essere facilmente regolata con un meccanismo Siedentopf di precisione. Sul tubo oculare sinistro \u00e8 disponibile una diottra per compensare l&#8217;asimmetria e i tubi oculari sono angolati a 30\u00b0 per adattarsi comodamente a una posizione seduta senza affaticare il collo. \u00c8 possibile utilizzare diversi oculari per aumentare l&#8217;ingrandimento ottico complessivo.<\/p>\n<h3>Ottica<\/h3>\n<p>La torretta dell&#8217;obiettivo consente di accedere immediatamente a 4 livelli di ingrandimento per mettere a fuoco facilmente i dettagli pi\u00f9 minuti da 40X a 1000X. Gli oculari aggiuntivi da 25X ampliano l&#8217;ingrandimento massimo a 2500X con 6 livelli unici. Questo copre gli ingrandimenti necessari per studiare follicoli piliferi, cellule e batteri. Queste lenti di alta qualit\u00e0 sono corrette acromaticamente per migliorare la risoluzione e la precisione dei colori.<\/p>\n<h3>Il palcoscenico<\/h3>\n<p>Lo stage meccanico a 3 strati offre un movimento fluido e preciso per l&#8217;esame dei vetrini dei campioni. I controlli a bassa posizione dello stage sono comodamente posizionati vicino alle manopole di messa a fuoco coassiali per un flusso di lavoro semplificato. L&#8217;esame dei vetrini \u00e8 intuitivo e preciso per gli utenti di qualsiasi livello.<\/p>\n<h3>Illuminazione trasmessa<\/h3>\n<p>L&#8217;illuminazione a LED del sottopalco fornisce un&#8217;illuminazione fredda ed efficiente dal punto di vista energetico. La sorgente luminosa \u00e8 bilanciata alla luce del giorno per produrre colori naturali per l&#8217;imaging. Grazie alla lente fly-eye appositamente sviluppata, la luce viene distribuita uniformemente alla massima luminosit\u00e0 per migliorare il contrasto e la risoluzione. L&#8217;illuminazione \u00e8 ulteriormente migliorata da un condensatore di Abbe centrabile, che pu\u00f2 essere riallineato per qualsiasi ingrandimento per garantire una corretta illuminazione.<\/p>\n<div>\n<h3>Specifiche tecniche<\/h3>\n<table>\n<tbody>\n<tr>\n<td>Sistema ottico<\/td>\n<td>Coniugato finito<\/td>\n<\/tr>\n<tr>\n<td colspan=\"2\"><\/td>\n<\/tr>\n<tr>\n<td>Lunghezza del tubo meccanico<\/td>\n<td>160 mm<\/td>\n<\/tr>\n<tr>\n<td colspan=\"2\"><\/td>\n<\/tr>\n<tr>\n<td>Testa<\/td>\n<td>Binoculare, inclinazione di 30\u00b0, ruotabile a 360\u00b0<\/td>\n<\/tr>\n<tr>\n<td colspan=\"2\"><\/td>\n<\/tr>\n<tr>\n<td>Regolazione interpupillare<\/td>\n<td>Siedentopf, 53-77 mm<\/td>\n<\/tr>\n<tr>\n<td colspan=\"2\"><\/td>\n<\/tr>\n<tr>\n<td>Diametro oculare<\/td>\n<td>23 mm<\/td>\n<\/tr>\n<tr>\n<td colspan=\"2\"><\/td>\n<\/tr>\n<tr>\n<td>Oculari<\/td>\n<td>10X, 25X<\/td>\n<\/tr>\n<tr>\n<td colspan=\"2\"><\/td>\n<\/tr>\n<tr>\n<td>Obiettivi<\/td>\n<td>Standard DIN<\/td>\n<\/tr>\n<tr>\n<td colspan=\"2\"><\/td>\n<\/tr>\n<tr>\n<td>Distanza parafocale dell&#8217;obiettivo<\/td>\n<td>45 mm<\/td>\n<\/tr>\n<tr>\n<td colspan=\"2\"><\/td>\n<\/tr>\n<tr>\n<td>Filettatura di montaggio dell&#8217;obiettivo<\/td>\n<td>RMS 20,32 mm<\/td>\n<\/tr>\n<tr>\n<td colspan=\"2\"><\/td>\n<\/tr>\n<tr>\n<td>Torretta obiettivo<\/td>\n<td>quadruplo<\/td>\n<\/tr>\n<tr>\n<td colspan=\"2\"><\/td>\n<\/tr>\n<tr>\n<td>Sistema di messa a fuoco<\/td>\n<td>Messa a fuoco coassiale grossolana e fine<\/td>\n<\/tr>\n<tr>\n<td colspan=\"2\"><\/td>\n<\/tr>\n<tr>\n<td>Divisione di Fine Focus<\/td>\n<td>0,002 mm<\/td>\n<\/tr>\n<tr>\n<td colspan=\"2\"><\/td>\n<\/tr>\n<tr>\n<td>Design del palcoscenico<\/td>\n<td>Doppio strato con pinza<\/td>\n<\/tr>\n<tr>\n<td colspan=\"2\"><\/td>\n<\/tr>\n<tr>\n<td>Dimensioni del palco<\/td>\n<td>118 mm x 127 mm<\/td>\n<\/tr>\n<tr>\n<td colspan=\"2\"><\/td>\n<\/tr>\n<tr>\n<td>Intervallo di traslazione X-Y<\/td>\n<td>70 mm x 21 mm<\/td>\n<\/tr>\n<tr>\n<td colspan=\"2\"><\/td>\n<\/tr>\n<tr>\n<td>Illuminazione trasmessa<\/td>\n<td>LED da 1W a intensit\u00e0 variabile, lente fly-eye<\/td>\n<\/tr>\n<tr>\n<td colspan=\"2\"><\/td>\n<\/tr>\n<tr>\n<td>Condensatore<\/td>\n<td>Condensatore di Abbe NA1,25 con diaframma a iride<\/td>\n<\/tr>\n<tr>\n<td colspan=\"2\"><\/td>\n<\/tr>\n<tr>\n<td>Sottostadio Portacondensatore<\/td>\n<td>cremagliera e pignone, centrabile<\/td>\n<\/tr>\n<tr>\n<td colspan=\"2\"><\/td>\n<\/tr>\n<tr>\n<td>Potenza<\/td>\n<td>100-240VAC 50\/60Hz a banda larga<\/td>\n<\/tr>\n<tr>\n<td colspan=\"2\"><\/td>\n<\/tr>\n<tr>\n<td>Dimensioni<\/td>\n<td>11&#8243; x 7&#8243; x 13-3\/4&#8243; (28cm x 17,8cm x 35cm)<\/td>\n<\/tr>\n<tr>\n<td colspan=\"2\"><\/td>\n<\/tr>\n<\/tbody>\n<\/table>\n<h3>Obiettivi<\/h3>\n<table class=\"objectives\" cellspacing=\"0\" cellpadding=\"0\">\n<tbody>\n<tr>\n<th>Ingrandimento<\/th>\n<th>Correzioni<\/th>\n<th>NA<\/th>\n<th>Mezzo di immersione<\/th>\n<th>Spessore del vetro di copertura<\/th>\n<\/tr>\n<tr>\n<td>4X<\/td>\n<td>acromatico<\/td>\n<td>0.10<\/td>\n<td>&#8211;<\/td>\n<td>0,17 mm<\/td>\n<\/tr>\n<tr>\n<td>10X<\/td>\n<td>acromatico<\/td>\n<td>0.25<\/td>\n<td>&#8211;<\/td>\n<td>0,17 mm<\/td>\n<\/tr>\n<tr>\n<td>40X<\/td>\n<td>acromatico<\/td>\n<td>0.65<\/td>\n<td>&#8211;<\/td>\n<td>0,17 mm<\/td>\n<\/tr>\n<tr>\n<td>100X<\/td>\n<td>acromatico<\/td>\n<td>1.25<\/td>\n<td>olio<\/td>\n<td>0,17 mm<\/td>\n<\/tr>\n<\/tbody>\n<\/table>\n<\/div>\n<p>&nbsp;<\/p>\n<h3>Elenco degli imballaggi:<\/h3>\n<ul>\n<li>Una testa di microscopio binoculare<\/li>\n<li>Un corpo del microscopio<\/li>\n<li>Quattro obiettivi: 4X, 10X, 40X, 100X<\/li>\n<li>Un paio di oculari 10X<\/li>\n<li>Una coppia di oculari 25X<\/li>\n<li>Un filtro di colore blu<\/li>\n<li>Un coperchio antipolvere<\/li>\n<li>Un campione di olio per immersione<\/li>\n<\/ul>\n<p><strong><a href=\"https:\/\/www.mathematicus.it\/come-pagare-con-carta-docente-sul-sito-mathematicus\/\"><img data-recalc-dims=\"1\" decoding=\"async\" class=\"lazyload alignnone wp-image-2886\" src=\"https:\/\/i0.wp.com\/www.mathematicus.it\/wp-content\/uploads\/2024\/11\/Carta-del-docente-2.webp?resize=81%2C54&#038;ssl=1\" data-orig-src=\"https:\/\/www.mathematicus.it\/wp-content\/uploads\/2024\/11\/Carta-del-docente-2-300x200.webp\" alt=\"\" width=\"81\" height=\"54\" srcset=\"data:image\/svg+xml,%3Csvg%20xmlns%3D%27http%3A%2F%2Fwww.w3.org%2F2000%2Fsvg%27%20width%3D%2781%27%20height%3D%2754%27%20viewBox%3D%270%200%2081%2054%27%3E%3Crect%20width%3D%2781%27%20height%3D%2754%27%20fill-opacity%3D%220%22%2F%3E%3C%2Fsvg%3E\" data-srcset=\"https:\/\/i0.wp.com\/www.mathematicus.it\/wp-content\/uploads\/2024\/11\/Carta-del-docente-2.webp?resize=200%2C133&amp;ssl=1 200w, https:\/\/i0.wp.com\/www.mathematicus.it\/wp-content\/uploads\/2024\/11\/Carta-del-docente-2.webp?resize=300%2C200&amp;ssl=1 300w, https:\/\/i0.wp.com\/www.mathematicus.it\/wp-content\/uploads\/2024\/11\/Carta-del-docente-2.webp?resize=400%2C267&amp;ssl=1 400w, https:\/\/i0.wp.com\/www.mathematicus.it\/wp-content\/uploads\/2024\/11\/Carta-del-docente-2.webp?resize=500%2C333&amp;ssl=1 500w, https:\/\/i0.wp.com\/www.mathematicus.it\/wp-content\/uploads\/2024\/11\/Carta-del-docente-2.webp?resize=600%2C400&amp;ssl=1 600w, https:\/\/i0.wp.com\/www.mathematicus.it\/wp-content\/uploads\/2024\/11\/Carta-del-docente-2.webp?resize=700%2C467&amp;ssl=1 700w, https:\/\/i0.wp.com\/www.mathematicus.it\/wp-content\/uploads\/2024\/11\/Carta-del-docente-2.webp?resize=768%2C512&amp;ssl=1 768w, https:\/\/i0.wp.com\/www.mathematicus.it\/wp-content\/uploads\/2024\/11\/Carta-del-docente-2.webp?resize=800%2C533&amp;ssl=1 800w, https:\/\/i0.wp.com\/www.mathematicus.it\/wp-content\/uploads\/2024\/11\/Carta-del-docente-2.webp?resize=1024%2C683&amp;ssl=1 1024w, https:\/\/i0.wp.com\/www.mathematicus.it\/wp-content\/uploads\/2024\/11\/Carta-del-docente-2.webp?w=1200&amp;ssl=1 1200w\" data-sizes=\"auto\" data-orig-sizes=\"(max-width: 81px) 100vw, 81px\" \/><\/a><br \/>\nScopri come acquistare con la <a href=\"https:\/\/www.mathematicus.it\/acquista-giochi-didattici-e-strumenti-con-la-carta-del-docente\/\" target=\"_blank\" rel=\"noopener\">Carta del Docente<\/a><\/strong><\/p>\n<p>&nbsp;<\/p>\n<p><iframe class=\"lazyload\" title=\"YouTube video player\" src=\"data:image\/svg+xml,%3Csvg%20xmlns%3D%27http%3A%2F%2Fwww.w3.org%2F2000%2Fsvg%27%20width%3D%27560%27%20height%3D%27315%27%20viewBox%3D%270%200%20560%20315%27%3E%3Crect%20width%3D%27560%27%20height%3D%27315%27%20fill-opacity%3D%220%22%2F%3E%3C%2Fsvg%3E\" data-orig-src=\"https:\/\/www.youtube.com\/embed\/wwMxjdehQ4o?si=HSaZtBCCxkGQlscs\" width=\"560\" height=\"315\" frameborder=\"0\" allowfullscreen=\"allowfullscreen\"><\/iframe><\/p>\n","protected":false},"excerpt":{"rendered":"<p>Microscopio binoculare binoculare a LED per studenti e professionisti della  [&#8230;]<\/p>\n","protected":false},"featured_media":18904,"comment_status":"open","ping_status":"closed","template":"","meta":[],"product_brand":[],"product_cat":[620],"product_tag":[615,614],"berocket_brand":[396],"class_list":{"0":"post-18903","1":"product","2":"type-product","3":"status-publish","4":"has-post-thumbnail","6":"product_cat-amscope-micorscopi","7":"product_tag-insegnanti","8":"product_tag-studenti","9":"berocket_brand-amscope","11":"first","12":"instock","13":"taxable","14":"shipping-taxable","15":"purchasable","16":"product-type-simple"},"yoast_head":"<!-- This site is optimized with the Yoast SEO Premium plugin v27.3 (Yoast SEO v27.3) - https:\/\/yoast.com\/product\/yoast-seo-premium-wordpress\/ -->\n<title>AmScope - Microscopio binoculare a LED - Mathematicus<\/title>\n<meta name=\"description\" content=\"Il microscopio composto binoculare B120 \u00e8 progettato per dimostrazioni didattiche, applicazioni di laboratorio, ideale per insegnanti e studenti.\" \/>\n<meta name=\"robots\" content=\"index, follow, max-snippet:-1, max-image-preview:large, max-video-preview:-1\" \/>\n<link rel=\"canonical\" href=\"https:\/\/www.mathematicus.it\/en\/prodotto\/amscope-microscopio-binoculare-led\/\" \/>\n<meta property=\"og:locale\" content=\"en_US\" \/>\n<meta property=\"og:type\" content=\"article\" \/>\n<meta property=\"og:title\" content=\"AmScope - Microscopio binoculare a LED\" \/>\n<meta property=\"og:description\" content=\"Il microscopio composto binoculare B120 \u00e8 progettato per dimostrazioni didattiche, applicazioni di laboratorio, ideale per insegnanti e studenti.\" \/>\n<meta property=\"og:url\" content=\"https:\/\/www.mathematicus.it\/en\/prodotto\/amscope-microscopio-binoculare-led\/\" \/>\n<meta property=\"og:site_name\" content=\"Mathematicus\" \/>\n<meta property=\"article:publisher\" content=\"https:\/\/www.facebook.com\/mathematicusilgiocodellamatematica\" \/>\n<meta property=\"article:modified_time\" content=\"2026-02-24T08:37:28+00:00\" \/>\n<meta property=\"og:image\" content=\"https:\/\/www.mathematicus.it\/wp-content\/uploads\/2025\/09\/compound-microscope-b120-01_3_b07020ee-1d70-4685-aa2f-5678063f8c6c_1800x.jpg\" \/>\n\t<meta property=\"og:image:width\" content=\"1500\" \/>\n\t<meta property=\"og:image:height\" content=\"1500\" \/>\n\t<meta property=\"og:image:type\" content=\"image\/jpeg\" \/>\n<meta name=\"twitter:card\" content=\"summary_large_image\" \/>\n<meta name=\"twitter:label1\" content=\"Price\" \/>\n\t<meta name=\"twitter:data1\" content=\"&euro;403.00\" \/>\n\t<meta name=\"twitter:label2\" content=\"Availability\" \/>\n\t<meta name=\"twitter:data2\" content=\"In stock\" \/>\n<script type=\"application\/ld+json\" class=\"yoast-schema-graph\">{\"@context\":\"https:\\\/\\\/schema.org\",\"@graph\":[{\"@type\":\"WebPage\",\"@id\":\"https:\\\/\\\/www.mathematicus.it\\\/en\\\/prodotto\\\/amscope-microscopio-binoculare-led\\\/\",\"url\":\"https:\\\/\\\/www.mathematicus.it\\\/en\\\/prodotto\\\/amscope-microscopio-binoculare-led\\\/\",\"name\":\"AmScope - Microscopio binoculare a LED - Mathematicus\",\"isPartOf\":{\"@id\":\"https:\\\/\\\/www.mathematicus.it\\\/en\\\/#website\"},\"primaryImageOfPage\":{\"@id\":\"https:\\\/\\\/www.mathematicus.it\\\/en\\\/prodotto\\\/amscope-microscopio-binoculare-led\\\/#primaryimage\"},\"image\":{\"@id\":\"https:\\\/\\\/www.mathematicus.it\\\/en\\\/prodotto\\\/amscope-microscopio-binoculare-led\\\/#primaryimage\"},\"thumbnailUrl\":\"https:\\\/\\\/i0.wp.com\\\/www.mathematicus.it\\\/wp-content\\\/uploads\\\/2025\\\/09\\\/compound-microscope-b120-01_3_b07020ee-1d70-4685-aa2f-5678063f8c6c_1800x.jpg?fit=1500%2C1500&ssl=1\",\"datePublished\":\"2025-09-09T17:07:06+00:00\",\"dateModified\":\"2026-02-24T08:37:28+00:00\",\"description\":\"Il microscopio composto binoculare B120 \u00e8 progettato per dimostrazioni didattiche, applicazioni di laboratorio, ideale per insegnanti e studenti.\",\"breadcrumb\":{\"@id\":\"https:\\\/\\\/www.mathematicus.it\\\/en\\\/prodotto\\\/amscope-microscopio-binoculare-led\\\/#breadcrumb\"},\"inLanguage\":\"en-US\",\"potentialAction\":[{\"@type\":\"ReadAction\",\"target\":[\"https:\\\/\\\/www.mathematicus.it\\\/en\\\/prodotto\\\/amscope-microscopio-binoculare-led\\\/\"]}]},{\"@type\":\"ImageObject\",\"inLanguage\":\"en-US\",\"@id\":\"https:\\\/\\\/www.mathematicus.it\\\/en\\\/prodotto\\\/amscope-microscopio-binoculare-led\\\/#primaryimage\",\"url\":\"https:\\\/\\\/i0.wp.com\\\/www.mathematicus.it\\\/wp-content\\\/uploads\\\/2025\\\/09\\\/compound-microscope-b120-01_3_b07020ee-1d70-4685-aa2f-5678063f8c6c_1800x.jpg?fit=1500%2C1500&ssl=1\",\"contentUrl\":\"https:\\\/\\\/i0.wp.com\\\/www.mathematicus.it\\\/wp-content\\\/uploads\\\/2025\\\/09\\\/compound-microscope-b120-01_3_b07020ee-1d70-4685-aa2f-5678063f8c6c_1800x.jpg?fit=1500%2C1500&ssl=1\",\"width\":1500,\"height\":1500},{\"@type\":\"BreadcrumbList\",\"@id\":\"https:\\\/\\\/www.mathematicus.it\\\/en\\\/prodotto\\\/amscope-microscopio-binoculare-led\\\/#breadcrumb\",\"itemListElement\":[{\"@type\":\"ListItem\",\"position\":1,\"name\":\"Home\",\"item\":\"https:\\\/\\\/www.mathematicus.it\\\/en\\\/\"},{\"@type\":\"ListItem\",\"position\":2,\"name\":\"Shop\",\"item\":\"https:\\\/\\\/www.mathematicus.it\\\/negozio\\\/\"},{\"@type\":\"ListItem\",\"position\":3,\"name\":\"AmScope &#8211; Microscopio binoculare a LED\"}]},{\"@type\":\"WebSite\",\"@id\":\"https:\\\/\\\/www.mathematicus.it\\\/en\\\/#website\",\"url\":\"https:\\\/\\\/www.mathematicus.it\\\/en\\\/\",\"name\":\"Mathematicus\",\"description\":\"Il gioco della Matematica\",\"publisher\":{\"@id\":\"https:\\\/\\\/www.mathematicus.it\\\/en\\\/#organization\"},\"potentialAction\":[{\"@type\":\"SearchAction\",\"target\":{\"@type\":\"EntryPoint\",\"urlTemplate\":\"https:\\\/\\\/www.mathematicus.it\\\/en\\\/?s={search_term_string}\"},\"query-input\":{\"@type\":\"PropertyValueSpecification\",\"valueRequired\":true,\"valueName\":\"search_term_string\"}}],\"inLanguage\":\"en-US\"},{\"@type\":\"Organization\",\"@id\":\"https:\\\/\\\/www.mathematicus.it\\\/en\\\/#organization\",\"name\":\"Mathematicus\",\"url\":\"https:\\\/\\\/www.mathematicus.it\\\/en\\\/\",\"logo\":{\"@type\":\"ImageObject\",\"inLanguage\":\"en-US\",\"@id\":\"https:\\\/\\\/www.mathematicus.it\\\/en\\\/#\\\/schema\\\/logo\\\/image\\\/\",\"url\":\"https:\\\/\\\/i0.wp.com\\\/www.mathematicus.it\\\/wp-content\\\/uploads\\\/2020\\\/11\\\/logo.png?fit=500%2C49&ssl=1\",\"contentUrl\":\"https:\\\/\\\/i0.wp.com\\\/www.mathematicus.it\\\/wp-content\\\/uploads\\\/2020\\\/11\\\/logo.png?fit=500%2C49&ssl=1\",\"width\":500,\"height\":49,\"caption\":\"Mathematicus\"},\"image\":{\"@id\":\"https:\\\/\\\/www.mathematicus.it\\\/en\\\/#\\\/schema\\\/logo\\\/image\\\/\"},\"sameAs\":[\"https:\\\/\\\/www.facebook.com\\\/mathematicusilgiocodellamatematica\",\"https:\\\/\\\/www.instagram.com\\\/mathematicusgiocomatematica\\\/\",\"https:\\\/\\\/www.linkedin.com\\\/company\\\/94868880\",\"https:\\\/\\\/www.pinterest.it\\\/tomasobaj\\\/giochi-matematici\\\/\"]}]}<\/script>\n<meta property=\"product:brand\" content=\"AmScope-Micorscopi\" \/>\n<meta property=\"product:price:amount\" content=\"403.00\" \/>\n<meta property=\"product:price:currency\" content=\"EUR\" \/>\n<meta property=\"og:availability\" content=\"instock\" \/>\n<meta property=\"product:availability\" content=\"instock\" \/>\n<meta property=\"product:retailer_item_id\" content=\"B120C-72P100S22-3PL\" \/>\n<meta property=\"product:condition\" content=\"new\" \/>\n<!-- \/ Yoast SEO Premium plugin. -->","yoast_head_json":{"title":"AmScope - Microscopio binoculare a LED - Mathematicus","description":"Il microscopio composto binoculare B120 \u00e8 progettato per dimostrazioni didattiche, applicazioni di laboratorio, ideale per insegnanti e studenti.","robots":{"index":"index","follow":"follow","max-snippet":"max-snippet:-1","max-image-preview":"max-image-preview:large","max-video-preview":"max-video-preview:-1"},"canonical":"https:\/\/www.mathematicus.it\/en\/prodotto\/amscope-microscopio-binoculare-led\/","og_locale":"en_US","og_type":"article","og_title":"AmScope - Microscopio binoculare a LED","og_description":"Il microscopio composto binoculare B120 \u00e8 progettato per dimostrazioni didattiche, applicazioni di laboratorio, ideale per insegnanti e studenti.","og_url":"https:\/\/www.mathematicus.it\/en\/prodotto\/amscope-microscopio-binoculare-led\/","og_site_name":"Mathematicus","article_publisher":"https:\/\/www.facebook.com\/mathematicusilgiocodellamatematica","article_modified_time":"2026-02-24T08:37:28+00:00","og_image":[{"width":1500,"height":1500,"url":"https:\/\/www.mathematicus.it\/wp-content\/uploads\/2025\/09\/compound-microscope-b120-01_3_b07020ee-1d70-4685-aa2f-5678063f8c6c_1800x.jpg","type":"image\/jpeg"}],"twitter_card":"summary_large_image","twitter_misc":{"Price":"&euro;403.00","Availability":"In stock"},"schema":{"@context":"https:\/\/schema.org","@graph":[{"@type":"WebPage","@id":"https:\/\/www.mathematicus.it\/en\/prodotto\/amscope-microscopio-binoculare-led\/","url":"https:\/\/www.mathematicus.it\/en\/prodotto\/amscope-microscopio-binoculare-led\/","name":"AmScope - Microscopio binoculare a LED - Mathematicus","isPartOf":{"@id":"https:\/\/www.mathematicus.it\/en\/#website"},"primaryImageOfPage":{"@id":"https:\/\/www.mathematicus.it\/en\/prodotto\/amscope-microscopio-binoculare-led\/#primaryimage"},"image":{"@id":"https:\/\/www.mathematicus.it\/en\/prodotto\/amscope-microscopio-binoculare-led\/#primaryimage"},"thumbnailUrl":"https:\/\/i0.wp.com\/www.mathematicus.it\/wp-content\/uploads\/2025\/09\/compound-microscope-b120-01_3_b07020ee-1d70-4685-aa2f-5678063f8c6c_1800x.jpg?fit=1500%2C1500&ssl=1","datePublished":"2025-09-09T17:07:06+00:00","dateModified":"2026-02-24T08:37:28+00:00","description":"Il microscopio composto binoculare B120 \u00e8 progettato per dimostrazioni didattiche, applicazioni di laboratorio, ideale per insegnanti e studenti.","breadcrumb":{"@id":"https:\/\/www.mathematicus.it\/en\/prodotto\/amscope-microscopio-binoculare-led\/#breadcrumb"},"inLanguage":"en-US","potentialAction":[{"@type":"ReadAction","target":["https:\/\/www.mathematicus.it\/en\/prodotto\/amscope-microscopio-binoculare-led\/"]}]},{"@type":"ImageObject","inLanguage":"en-US","@id":"https:\/\/www.mathematicus.it\/en\/prodotto\/amscope-microscopio-binoculare-led\/#primaryimage","url":"https:\/\/i0.wp.com\/www.mathematicus.it\/wp-content\/uploads\/2025\/09\/compound-microscope-b120-01_3_b07020ee-1d70-4685-aa2f-5678063f8c6c_1800x.jpg?fit=1500%2C1500&ssl=1","contentUrl":"https:\/\/i0.wp.com\/www.mathematicus.it\/wp-content\/uploads\/2025\/09\/compound-microscope-b120-01_3_b07020ee-1d70-4685-aa2f-5678063f8c6c_1800x.jpg?fit=1500%2C1500&ssl=1","width":1500,"height":1500},{"@type":"BreadcrumbList","@id":"https:\/\/www.mathematicus.it\/en\/prodotto\/amscope-microscopio-binoculare-led\/#breadcrumb","itemListElement":[{"@type":"ListItem","position":1,"name":"Home","item":"https:\/\/www.mathematicus.it\/en\/"},{"@type":"ListItem","position":2,"name":"Shop","item":"https:\/\/www.mathematicus.it\/negozio\/"},{"@type":"ListItem","position":3,"name":"AmScope &#8211; Microscopio binoculare a LED"}]},{"@type":"WebSite","@id":"https:\/\/www.mathematicus.it\/en\/#website","url":"https:\/\/www.mathematicus.it\/en\/","name":"Mathematicus","description":"Il gioco della Matematica","publisher":{"@id":"https:\/\/www.mathematicus.it\/en\/#organization"},"potentialAction":[{"@type":"SearchAction","target":{"@type":"EntryPoint","urlTemplate":"https:\/\/www.mathematicus.it\/en\/?s={search_term_string}"},"query-input":{"@type":"PropertyValueSpecification","valueRequired":true,"valueName":"search_term_string"}}],"inLanguage":"en-US"},{"@type":"Organization","@id":"https:\/\/www.mathematicus.it\/en\/#organization","name":"Mathematicus","url":"https:\/\/www.mathematicus.it\/en\/","logo":{"@type":"ImageObject","inLanguage":"en-US","@id":"https:\/\/www.mathematicus.it\/en\/#\/schema\/logo\/image\/","url":"https:\/\/i0.wp.com\/www.mathematicus.it\/wp-content\/uploads\/2020\/11\/logo.png?fit=500%2C49&ssl=1","contentUrl":"https:\/\/i0.wp.com\/www.mathematicus.it\/wp-content\/uploads\/2020\/11\/logo.png?fit=500%2C49&ssl=1","width":500,"height":49,"caption":"Mathematicus"},"image":{"@id":"https:\/\/www.mathematicus.it\/en\/#\/schema\/logo\/image\/"},"sameAs":["https:\/\/www.facebook.com\/mathematicusilgiocodellamatematica","https:\/\/www.instagram.com\/mathematicusgiocomatematica\/","https:\/\/www.linkedin.com\/company\/94868880","https:\/\/www.pinterest.it\/tomasobaj\/giochi-matematici\/"]}]},"product_brand":"AmScope-Micorscopi","product_price_amount":"403.00","product_price_currency":"EUR","og_availability":"instock","product_availability":"instock","product_retailer_item_id":"B120C-72P100S22-3PL","product_condition":"new"},"jetpack_sharing_enabled":true,"_links":{"self":[{"href":"https:\/\/www.mathematicus.it\/en\/wp-json\/wp\/v2\/product\/18903","targetHints":{"allow":["GET"]}}],"collection":[{"href":"https:\/\/www.mathematicus.it\/en\/wp-json\/wp\/v2\/product"}],"about":[{"href":"https:\/\/www.mathematicus.it\/en\/wp-json\/wp\/v2\/types\/product"}],"replies":[{"embeddable":true,"href":"https:\/\/www.mathematicus.it\/en\/wp-json\/wp\/v2\/comments?post=18903"}],"wp:featuredmedia":[{"embeddable":true,"href":"https:\/\/www.mathematicus.it\/en\/wp-json\/wp\/v2\/media\/18904"}],"wp:attachment":[{"href":"https:\/\/www.mathematicus.it\/en\/wp-json\/wp\/v2\/media?parent=18903"}],"wp:term":[{"taxonomy":"product_brand","embeddable":true,"href":"https:\/\/www.mathematicus.it\/en\/wp-json\/wp\/v2\/product_brand?post=18903"},{"taxonomy":"product_cat","embeddable":true,"href":"https:\/\/www.mathematicus.it\/en\/wp-json\/wp\/v2\/product_cat?post=18903"},{"taxonomy":"product_tag","embeddable":true,"href":"https:\/\/www.mathematicus.it\/en\/wp-json\/wp\/v2\/product_tag?post=18903"},{"taxonomy":"berocket_brand","embeddable":true,"href":"https:\/\/www.mathematicus.it\/en\/wp-json\/wp\/v2\/berocket_brand?post=18903"}],"curies":[{"name":"wp","href":"https:\/\/api.w.org\/{rel}","templated":true}]}}